{"id":66025,"date":"2022-01-24T10:35:28","date_gmt":"2022-01-24T08:35:28","guid":{"rendered":"https:\/\/www.michaud-export.com\/group?post_type=product&#038;p=66025"},"modified":"2022-01-24T10:38:38","modified_gmt":"2022-01-24T08:38:38","slug":"manchon-de-jonction","status":"publish","type":"product","link":"https:\/\/www.michaud-export.com\/group\/produit\/manchon-de-jonction","title":{"rendered":"Manchon de jonction"},"content":{"rendered":"<div class=\"video-shortcode\"><iframe title=\"Manchons Michaud (FR)\" width=\"200\" height=\"113\" src=\"https:\/\/www.youtube.com\/embed\/JaTkC5_eCxg?feature=oembed\" frameborder=\"0\" allow=\"accelerometer; autoplay; clipboard-write; encrypted-media; gyroscope; picture-in-picture; web-share\" referrerpolicy=\"strict-origin-when-cross-origin\" allowfullscreen><\/iframe><\/div>\n","protected":false},"excerpt":{"rendered":"<p>Ces manchons pr\u00e9isol\u00e9s servent au raccordement des conducteurs isol\u00e9s a\u00e9riens basse tension entre eux. <\/p>\n<p>La jonction peut se r\u00e9aliser entre deux conducteurs de sections \u00e9gales ou in\u00e9gales, toutes les combinaisons de sections sont possibles. [fusion_builder_container type=\"flex\" hundred_percent=\"no\" hundred_percent_height=\"no\" hundred_percent_height_scroll=\"no\" align_content=\"stretch\" flex_align_items=\"flex-start\" flex_justify_content=\"flex-start\" hundred_percent_height_center_content=\"yes\" equal_height_columns=\"no\" container_tag=\"div\" hide_on_mobile=\"small-visibility,medium-visibility,large-visibility\" status=\"published\" spacing_medium=\"\" spacing_small=\"\" padding_dimensions_medium=\"\" padding_dimensions_small=\"\" border_sizes=\"\" border_style=\"solid\" box_shadow=\"no\" box_shadow_blur=\"0\" box_shadow_spread=\"0\" gradient_start_color=\"\" gradient_end_color=\"\" gradient_start_position=\"0\" gradient_end_position=\"100\" gradient_type=\"linear\" radial_direction=\"center center\" linear_angle=\"180\" background_position=\"center center\" background_repeat=\"no-repeat\" fade=\"no\" background_parallax=\"none\" enable_mobile=\"no\" parallax_speed=\"0.3\" background_blend_mode=\"none\" video_aspect_ratio=\"16:9\" video_loop=\"yes\" video_mute=\"yes\" render_logics=\"\" absolute=\"off\" absolute_devices=\"small,medium,large\" sticky=\"off\" sticky_devices=\"small-visibility,medium-visibility,large-visibility\" sticky_transition_offset=\"0\" scroll_offset=\"0\" animation_direction=\"left\" animation_speed=\"0.3\" filter_hue=\"0\" filter_saturation=\"100\" filter_brightness=\"100\" filter_contrast=\"100\" filter_invert=\"0\" filter_sepia=\"0\" filter_opacity=\"100\" filter_blur=\"0\" filter_hue_hover=\"0\" filter_saturation_hover=\"100\" filter_brightness_hover=\"100\" filter_contrast_hover=\"100\" filter_invert_hover=\"0\" filter_sepia_hover=\"0\" filter_opacity_hover=\"100\" filter_blur_hover=\"0\"][fusion_builder_row][fusion_builder_column type=\"1_1\" layout=\"1_3\" align_self=\"auto\" content_layout=\"column\" align_content=\"flex-start\" valign_content=\"flex-start\" content_wrap=\"wrap\" spacing=\"\" center_content=\"no\" link=\"\" target=\"_self\" min_height=\"\" hide_on_mobile=\"small-visibility,medium-visibility,large-visibility\" sticky_display=\"normal,sticky\" class=\"\" id=\"\" type_medium=\"\" type_small=\"\" order_medium=\"0\" order_small=\"0\" dimension_spacing_medium=\"\" dimension_spacing_small=\"\" dimension_spacing=\"\" dimension_margin_medium=\"\" dimension_margin_small=\"\" margin_top=\"\" margin_bottom=\"\" padding_medium=\"\" padding_small=\"\" padding_top=\"\" padding_right=\"\" padding_bottom=\"\" padding_left=\"\" hover_type=\"none\" border_sizes=\"\" border_color=\"\" border_style=\"solid\" border_radius=\"\" box_shadow=\"no\" dimension_box_shadow=\"\" box_shadow_blur=\"0\" box_shadow_spread=\"0\" box_shadow_color=\"\" box_shadow_style=\"\" background_type=\"single\" gradient_start_color=\"\" gradient_end_color=\"\" gradient_start_position=\"0\" gradient_end_position=\"100\" gradient_type=\"linear\" radial_direction=\"center center\" linear_angle=\"180\" background_color=\"\" background_image=\"\" background_image_id=\"\" background_position=\"left top\" background_repeat=\"no-repeat\" background_blend_mode=\"none\" render_logics=\"\" filter_type=\"regular\" filter_hue=\"0\" filter_saturation=\"100\" filter_brightness=\"100\" filter_contrast=\"100\" filter_invert=\"0\" filter_sepia=\"0\" filter_opacity=\"100\" filter_blur=\"0\" filter_hue_hover=\"0\" filter_saturation_hover=\"100\" filter_brightness_hover=\"100\" filter_contrast_hover=\"100\" filter_invert_hover=\"0\" filter_sepia_hover=\"0\" filter_opacity_hover=\"100\" filter_blur_hover=\"0\" animation_type=\"\" animation_direction=\"left\" animation_speed=\"0.3\" animation_offset=\"\" last=\"true\" border_position=\"all\" first=\"false\"][fusion_button link=\"https:\/\/www.michaud-export.com\/group\/1 - CATALOGUES\/Mdle\/1-FR\/2-Acc\u00e8s \u00e0 l'\u00e9nergie\/2-Distribution\/Manchon_de_jonction.pdf\" text_transform=\"\" title=\"\" target=\"_blank\" link_attributes=\"\" alignment_medium=\"\" alignment_small=\"\" alignment=\"left\" modal=\"\" hide_on_mobile=\"small-visibility,medium-visibility,large-visibility\" sticky_display=\"normal,sticky\" class=\"\" id=\"\" color=\"custom\" button_gradient_top_color=\"#eb690b\" button_gradient_bottom_color=\"eb690b\" button_gradient_top_color_hover=\"\" button_gradient_bottom_color_hover=\"\" accent_color=\"\" accent_hover_color=\"\" type=\"\" bevel_color=\"\" border_width=\"\" border_radius=\"\" border_color=\"\" border_hover_color=\"\" size=\"\" stretch=\"default\" margin_top=\"\" margin_right=\"\" margin_bottom=\"\" margin_left=\"\" icon=\"fa-arrow-circle-down fas\" icon_position=\"left\" icon_divider=\"no\" animation_type=\"\" animation_direction=\"left\" animation_speed=\"0.3\" animation_offset=\"\"]Visualiser la fiche technique[\/fusion_button][\/fusion_builder_column][\/fusion_builder_row][\/fusion_builder_container]<\/p>\n","protected":false},"featured_media":111639,"comment_status":"closed","ping_status":"open","template":"","meta":[],"product_brand":[],"product_cat":[1168,1219,1158],"product_tag":[],"class_list":{"0":"post-66025","1":"product","2":"type-product","3":"status-publish","4":"has-post-thumbnail","6":"product_cat-acces-a-lenergie-produit","7":"product_cat-distribution","8":"product_cat-produit","9":"pa_votre-choix-manchon-mjpb-10-10-u509_10-10","10":"pa_votre-choix-manchon-mjpb-10-16-k031-u509_10-16","11":"pa_votre-choix-manchon-mjpb-10-25-u509_10-25","12":"pa_votre-choix-manchon-mjpb-10-35-u509_10-35","13":"pa_votre-choix-manchon-mjpb-16-16-k039-u509_16-16","14":"pa_votre-choix-manchon-mjpb-16-25-u509_16-25","15":"pa_votre-choix-manchon-mjpb-16-35-u509_16-35","16":"pa_votre-choix-manchon-mjpb-16-50-u509_16-50","17":"pa_votre-choix-manchon-mjpb-25-25-k042-u509_25-25","18":"pa_votre-choix-manchon-mjpb-25-35-u509_25-35","19":"pa_votre-choix-manchon-mjpb-25-50-u509_25-50","20":"pa_votre-choix-manchon-mjpb-35-35-k055-u509_35-35","21":"pa_votre-choix-manchon-mjpb-35-50-u509_35-50","22":"pa_votre-choix-manchon-mjpb-4-10-u509_4-10","23":"pa_votre-choix-manchon-mjpb-4-16-u509_4-16","24":"pa_votre-choix-manchon-mjpb-4-25-u509_4-25","25":"pa_votre-choix-manchon-mjpb-4-4-u509_4-4","26":"pa_votre-choix-manchon-mjpb-4-6-u509_4-6","27":"pa_votre-choix-manchon-mjpb-6-10-u509_6-10","28":"pa_votre-choix-manchon-mjpb-6-16-k032-u509_6-16","29":"pa_votre-choix-manchon-mjpb-6-25-u509_6-25","30":"pa_votre-choix-manchon-mjpb-6-35-u509_6-35","31":"pa_votre-choix-manchon-mjpb-6-6-u509_6-6","32":"pa_votre-choix-manchon-mjpt-120-120-k188-u507_120-120","33":"pa_votre-choix-manchon-mjpt-150-150-k175-u507_150-150","34":"pa_votre-choix-manchon-mjpt-150-70-k174-u507_150-70","35":"pa_votre-choix-manchon-mjpt-150-95-k176-u507_150-95","36":"pa_votre-choix-manchon-mjpt-16-16-k101-u507_16-16","37":"pa_votre-choix-manchon-mjpt-25-25-k103-u507_25-25","38":"pa_votre-choix-manchon-mjpt-35-25-u507_35-25","39":"pa_votre-choix-manchon-mjpt-35-35-k106-u507_35-35","40":"pa_votre-choix-manchon-mjpt-50-25-k108-u507_50-25","41":"pa_votre-choix-manchon-mjpt-50-35-k109-u507_50-35","42":"pa_votre-choix-manchon-mjpt-50-50-k110-u507_50-50","43":"pa_votre-choix-manchon-mjpt-70-25-u507_70-25","44":"pa_votre-choix-manchon-mjpt-70-35-k118-u507_70-35","45":"pa_votre-choix-manchon-mjpt-70-50-k119-u507_70-50","46":"pa_votre-choix-manchon-mjpt-70-70-k121-u507_70-70","47":"pa_votre-choix-manchon-mjpt-95-35-u507_95-35","48":"pa_votre-choix-manchon-mjpt-95-50-u507_95-50","49":"pa_votre-choix-manchon-mjpt-95-70-k122-u507_95-70","50":"pa_votre-choix-manchon-mjpt-95-95-k123-u507_95-95","51":"pa_votre-choix-manchon-mjpt-neutre-54-54-k115-u507_54n-54n","52":"pa_votre-choix-manchon-mjpt-neutre-54-70-k117-u507_54n-70n","53":"pa_votre-choix-manchon-mjpt-neutre-70-70-k116-u507_70n-70n","54":"pa_votre-choix-manchon-mjpt-neutre-95-95-u507_95n-95n","56":"first","57":"instock","58":"purchasable","59":"product-type-variable"},"aioseo_notices":[],"_links":{"self":[{"href":"https:\/\/www.michaud-export.com\/group\/wp-json\/wp\/v2\/product\/66025","targetHints":{"allow":["GET"]}}],"collection":[{"href":"https:\/\/www.michaud-export.com\/group\/wp-json\/wp\/v2\/product"}],"about":[{"href":"https:\/\/www.michaud-export.com\/group\/wp-json\/wp\/v2\/types\/product"}],"replies":[{"embeddable":true,"href":"https:\/\/www.michaud-export.com\/group\/wp-json\/wp\/v2\/comments?post=66025"}],"wp:featuredmedia":[{"embeddable":true,"href":"https:\/\/www.michaud-export.com\/group\/wp-json\/wp\/v2\/media\/111639"}],"wp:attachment":[{"href":"https:\/\/www.michaud-export.com\/group\/wp-json\/wp\/v2\/media?parent=66025"}],"wp:term":[{"taxonomy":"product_brand","embeddable":true,"href":"https:\/\/www.michaud-export.com\/group\/wp-json\/wp\/v2\/product_brand?post=66025"},{"taxonomy":"product_cat","embeddable":true,"href":"https:\/\/www.michaud-export.com\/group\/wp-json\/wp\/v2\/product_cat?post=66025"},{"taxonomy":"product_tag","embeddable":true,"href":"https:\/\/www.michaud-export.com\/group\/wp-json\/wp\/v2\/product_tag?post=66025"}],"curies":[{"name":"wp","href":"https:\/\/api.w.org\/{rel}","templated":true}]}}