{"id":65476,"date":"2022-01-20T09:26:30","date_gmt":"2022-01-20T07:26:30","guid":{"rendered":"https:\/\/www.michaud-export.com\/group?post_type=product&#038;p=65476"},"modified":"2022-01-20T09:29:52","modified_gmt":"2022-01-20T07:29:52","slug":"boulonnerie-galvanisee-a-chaud","status":"publish","type":"product","link":"https:\/\/www.michaud-export.com\/group\/produit\/boulonnerie-galvanisee-a-chaud","title":{"rendered":"Boulonnerie galvanis\u00e9e \u00e0 chaud"},"content":{"rendered":"","protected":false},"excerpt":{"rendered":"<p>Cette boulonnerie est utilis\u00e9e pour la fixation des accessoires HTA\/BT. [fusion_builder_container type=\"flex\" hundred_percent=\"no\" hundred_percent_height=\"no\" hundred_percent_height_scroll=\"no\" align_content=\"stretch\" flex_align_items=\"flex-start\" flex_justify_content=\"flex-start\" hundred_percent_height_center_content=\"yes\" equal_height_columns=\"no\" container_tag=\"div\" hide_on_mobile=\"small-visibility,medium-visibility,large-visibility\" status=\"published\" spacing_medium=\"\" spacing_small=\"\" padding_dimensions_medium=\"\" padding_dimensions_small=\"\" border_sizes=\"\" border_style=\"solid\" box_shadow=\"no\" box_shadow_blur=\"0\" box_shadow_spread=\"0\" gradient_start_color=\"\" gradient_end_color=\"\" gradient_start_position=\"0\" gradient_end_position=\"100\" gradient_type=\"linear\" radial_direction=\"center center\" linear_angle=\"180\" background_position=\"center center\" background_repeat=\"no-repeat\" fade=\"no\" background_parallax=\"none\" enable_mobile=\"no\" parallax_speed=\"0.3\" background_blend_mode=\"none\" video_aspect_ratio=\"16:9\" video_loop=\"yes\" video_mute=\"yes\" render_logics=\"\" absolute=\"off\" absolute_devices=\"small,medium,large\" sticky=\"off\" sticky_devices=\"small-visibility,medium-visibility,large-visibility\" sticky_transition_offset=\"0\" scroll_offset=\"0\" animation_direction=\"left\" animation_speed=\"0.3\" filter_hue=\"0\" filter_saturation=\"100\" filter_brightness=\"100\" filter_contrast=\"100\" filter_invert=\"0\" filter_sepia=\"0\" filter_opacity=\"100\" filter_blur=\"0\" filter_hue_hover=\"0\" filter_saturation_hover=\"100\" filter_brightness_hover=\"100\" filter_contrast_hover=\"100\" filter_invert_hover=\"0\" filter_sepia_hover=\"0\" filter_opacity_hover=\"100\" filter_blur_hover=\"0\"][fusion_builder_row][fusion_builder_column type=\"1_1\" layout=\"1_3\" align_self=\"auto\" content_layout=\"column\" align_content=\"flex-start\" valign_content=\"flex-start\" content_wrap=\"wrap\" spacing=\"\" center_content=\"no\" link=\"\" target=\"_self\" min_height=\"\" hide_on_mobile=\"small-visibility,medium-visibility,large-visibility\" sticky_display=\"normal,sticky\" class=\"\" id=\"\" type_medium=\"\" type_small=\"\" order_medium=\"0\" order_small=\"0\" dimension_spacing_medium=\"\" dimension_spacing_small=\"\" dimension_spacing=\"\" dimension_margin_medium=\"\" dimension_margin_small=\"\" margin_top=\"\" margin_bottom=\"\" padding_medium=\"\" padding_small=\"\" padding_top=\"\" padding_right=\"\" padding_bottom=\"\" padding_left=\"\" hover_type=\"none\" border_sizes=\"\" border_color=\"\" border_style=\"solid\" border_radius=\"\" box_shadow=\"no\" dimension_box_shadow=\"\" box_shadow_blur=\"0\" box_shadow_spread=\"0\" box_shadow_color=\"\" box_shadow_style=\"\" background_type=\"single\" gradient_start_color=\"\" gradient_end_color=\"\" gradient_start_position=\"0\" gradient_end_position=\"100\" gradient_type=\"linear\" radial_direction=\"center center\" linear_angle=\"180\" background_color=\"\" background_image=\"\" background_image_id=\"\" background_position=\"left top\" background_repeat=\"no-repeat\" background_blend_mode=\"none\" render_logics=\"\" filter_type=\"regular\" filter_hue=\"0\" filter_saturation=\"100\" filter_brightness=\"100\" filter_contrast=\"100\" filter_invert=\"0\" filter_sepia=\"0\" filter_opacity=\"100\" filter_blur=\"0\" filter_hue_hover=\"0\" filter_saturation_hover=\"100\" filter_brightness_hover=\"100\" filter_contrast_hover=\"100\" filter_invert_hover=\"0\" filter_sepia_hover=\"0\" filter_opacity_hover=\"100\" filter_blur_hover=\"0\" animation_type=\"\" animation_direction=\"left\" animation_speed=\"0.3\" animation_offset=\"\" last=\"true\" border_position=\"all\" first=\"false\"][fusion_button link=\"https:\/\/www.michaud-export.com\/group\/1 - CATALOGUES\/BT\/1-FR\/1-AERIEN\/6-Fixation m\u00e9canique BT\/Boulonnerie_galvanisee_a_chaud.pdf\" text_transform=\"\" title=\"\" target=\"_blank\" link_attributes=\"\" alignment_medium=\"\" alignment_small=\"\" alignment=\"left\" modal=\"\" hide_on_mobile=\"small-visibility,medium-visibility,large-visibility\" sticky_display=\"normal,sticky\" class=\"\" id=\"\" color=\"custom\" button_gradient_top_color=\"#eb690b\" button_gradient_bottom_color=\"eb690b\" button_gradient_top_color_hover=\"\" button_gradient_bottom_color_hover=\"\" accent_color=\"\" accent_hover_color=\"\" type=\"\" bevel_color=\"\" border_width=\"\" border_radius=\"\" border_color=\"\" border_hover_color=\"\" size=\"\" stretch=\"default\" margin_top=\"\" margin_right=\"\" margin_bottom=\"\" margin_left=\"\" icon=\"fa-arrow-circle-down fas\" icon_position=\"left\" icon_divider=\"no\" animation_type=\"\" animation_direction=\"left\" animation_speed=\"0.3\" animation_offset=\"\"]Visualiser la fiche technique[\/fusion_button][\/fusion_builder_column][\/fusion_builder_row][\/fusion_builder_container]<\/p>\n","protected":false},"featured_media":107846,"comment_status":"closed","ping_status":"open","template":"","meta":[],"product_brand":[],"product_cat":[1159,1160,1158],"product_tag":[],"class_list":{"0":"post-65476","1":"product","2":"type-product","3":"status-publish","4":"has-post-thumbnail","6":"product_cat-aerien-produit","7":"product_cat-fixation-mecanique-bt-aerien-produit","8":"product_cat-produit","9":"pa_votre-choix-boulons-bh-10x20-lot-de-100-u435_10-20","10":"pa_votre-choix-boulons-bh-10x30-lot-de-100-u435_10-30","11":"pa_votre-choix-boulons-bh-12x100-lot-de-100-u435_12-100","12":"pa_votre-choix-boulons-bh-12x150-lot-de-100-u435_12-150","13":"pa_votre-choix-boulons-bh-12x200-lot-de-100-u435_12-200","14":"pa_votre-choix-boulons-bh-12x250-lot-de-100-u435_12-250","15":"pa_votre-choix-boulons-bh-12x30-lot-de-100-u435_12-30","16":"pa_votre-choix-boulons-bh-12x300-lot-de-100-u435_12-300","17":"pa_votre-choix-boulons-bh-12x50-lot-de-100-u435_12-50","18":"pa_votre-choix-boulons-bh-14x100-lot-de-100-u435_14-100","19":"pa_votre-choix-boulons-bh-14x150-lot-de-100-u435_14-150","20":"pa_votre-choix-boulons-bh-14x200-lot-de-100-u435_14-200","21":"pa_votre-choix-boulons-bh-14x250-lot-de-100-u435_14-250","22":"pa_votre-choix-boulons-bh-14x30-lot-de-100-u435_14-30","23":"pa_votre-choix-boulons-bh-14x300-lot-de-100-u435_14-300","24":"pa_votre-choix-boulons-bh-14x350-lot-de-100-u435_14-350","25":"pa_votre-choix-boulons-bh-14x40-lot-de-100-u435_14-40","26":"pa_votre-choix-boulons-bh-14x400-lot-de-100-u435_14-400","27":"pa_votre-choix-boulons-bh-14x450-lot-de-100-u435_14-450","28":"pa_votre-choix-boulons-bh-14x50-lot-de-100-u435_14-50","29":"pa_votre-choix-boulons-bh-14x500-lot-de-100-u435_14-500","30":"pa_votre-choix-boulons-bh-14x600-lot-de-100-u435_14-600","31":"pa_votre-choix-boulons-bh-16x200-lot-de-100-u435_16-200","32":"pa_votre-choix-boulons-bh-16x250-lot-de-100-u435_16-250","33":"pa_votre-choix-boulons-bh-16x300-lot-de-100-u435_16-300","34":"pa_votre-choix-boulons-bh-16x350-lot-de-100-u435_16-350","35":"pa_votre-choix-boulons-bh-16x400-lot-de-100-u435_16-400","36":"pa_votre-choix-boulons-bh-20x100-lot-de-100-u435_20-100","37":"pa_votre-choix-boulons-bh-20x140-lot-de-100-u435_20-140","38":"pa_votre-choix-boulons-bh-20x160-lot-de-100-u435_20-160","39":"pa_votre-choix-boulons-bh-8x30-lot-de-200-u435_8-30","40":"pa_votre-choix-ecrous-hm10-lot-de-100-u438_hm10","41":"pa_votre-choix-ecrous-hm12-lot-de-100-u438_hm12","42":"pa_votre-choix-ecrous-hm14-lot-de-100-u438_hm14","43":"pa_votre-choix-ecrous-hm16-lot-de-100-u438_hm16","44":"pa_votre-choix-ecrous-hm20-lot-de-100-u438_hm20","45":"pa_votre-choix-ecrous-hm8-lot-de-100-u438_hm8","46":"pa_votre-choix-rondelles-l10-lot-de-100-u437_l10","47":"pa_votre-choix-rondelles-l12-lot-de-100-u437_l12","48":"pa_votre-choix-rondelles-l14-lot-de-100-u437_l14","49":"pa_votre-choix-rondelles-l16-lot-de-100-u437_l16","50":"pa_votre-choix-rondelles-m10-lot-de-100-u437_m10","51":"pa_votre-choix-rondelles-m12-lot-de-100-u437_m12","52":"pa_votre-choix-rondelles-m14-lot-de-100-u437_m14","53":"pa_votre-choix-rondelles-m16-lot-de-100-u437_m16","54":"pa_votre-choix-rondelles-m20-lot-de-100-u437_m20","55":"pa_votre-choix-rondelles-m8-lot-de-100-u437_m8","56":"pa_votre-choix-tiges-filetees-tf-12x1000-lot-de-100-u439_12-1000","57":"pa_votre-choix-tiges-filetees-tf-14x1000-lot-de-100-5-boites-de-20-u439_14-1000","58":"pa_votre-choix-tiges-filetees-tf-16x1000-lot-de-100-u439_16-1000","59":"pa_votre-choix-tiges-filetees-tf-20x1000-lot-de-100-u439_20-1000","60":"pa_votre-choix-tiges-filetees-tf-8x1000-lot-de-100-u439_8-1000","61":"pa_votre-choix-tirefond-galva-din571-dxl-lot-de-xxx-u434","63":"first","64":"instock","65":"purchasable","66":"product-type-variable"},"aioseo_notices":[],"_links":{"self":[{"href":"https:\/\/www.michaud-export.com\/group\/wp-json\/wp\/v2\/product\/65476","targetHints":{"allow":["GET"]}}],"collection":[{"href":"https:\/\/www.michaud-export.com\/group\/wp-json\/wp\/v2\/product"}],"about":[{"href":"https:\/\/www.michaud-export.com\/group\/wp-json\/wp\/v2\/types\/product"}],"replies":[{"embeddable":true,"href":"https:\/\/www.michaud-export.com\/group\/wp-json\/wp\/v2\/comments?post=65476"}],"wp:featuredmedia":[{"embeddable":true,"href":"https:\/\/www.michaud-export.com\/group\/wp-json\/wp\/v2\/media\/107846"}],"wp:attachment":[{"href":"https:\/\/www.michaud-export.com\/group\/wp-json\/wp\/v2\/media?parent=65476"}],"wp:term":[{"taxonomy":"product_brand","embeddable":true,"href":"https:\/\/www.michaud-export.com\/group\/wp-json\/wp\/v2\/product_brand?post=65476"},{"taxonomy":"product_cat","embeddable":true,"href":"https:\/\/www.michaud-export.com\/group\/wp-json\/wp\/v2\/product_cat?post=65476"},{"taxonomy":"product_tag","embeddable":true,"href":"https:\/\/www.michaud-export.com\/group\/wp-json\/wp\/v2\/product_tag?post=65476"}],"curies":[{"name":"wp","href":"https:\/\/api.w.org\/{rel}","templated":true}]}}