{"id":65072,"date":"2021-10-04T12:02:29","date_gmt":"2021-10-04T10:02:29","guid":{"rendered":"https:\/\/www.michaud-export.com\/group?post_type=product&#038;p=65072"},"modified":"2022-02-03T15:09:15","modified_gmt":"2022-02-03T13:09:15","slug":"gaine-tpc","status":"publish","type":"product","link":"https:\/\/www.michaud-export.com\/group\/produit\/gaine-tpc","title":{"rendered":"Gaine TPC"},"content":{"rendered":"","protected":false},"excerpt":{"rendered":"<p>Cette gaine est utilis\u00e9e pour la protection des c\u00e2bles enterr\u00e9s.<br \/>\nElle est disponible en couronne (avec aiguille de tirage) ou en barre. <\/p>\n<p>Le manchon de jonction permet d&rsquo;effectuer une connexion entre deux extr\u00e9mit\u00e9s de gaine. <\/p>\n<p>Le s\u00e9parateur permet de faciliter l&rsquo;installation de gaines et de les s\u00e9parer. <\/p>\n<p>Le bouchon obturateur permet d&rsquo;assurer l&rsquo;\u00e9tanch\u00e9it\u00e9 de la gaine en bouchant son extr\u00e9mit\u00e9. [fusion_builder_container type=\"flex\" hundred_percent=\"no\" hundred_percent_height=\"no\" hundred_percent_height_scroll=\"no\" align_content=\"stretch\" flex_align_items=\"flex-start\" flex_justify_content=\"flex-start\" hundred_percent_height_center_content=\"yes\" equal_height_columns=\"no\" container_tag=\"div\" hide_on_mobile=\"small-visibility,medium-visibility,large-visibility\" status=\"published\" spacing_medium=\"\" spacing_small=\"\" padding_dimensions_medium=\"\" padding_dimensions_small=\"\" border_sizes=\"\" border_style=\"solid\" box_shadow=\"no\" box_shadow_blur=\"0\" box_shadow_spread=\"0\" gradient_start_color=\"\" gradient_end_color=\"\" gradient_start_position=\"0\" gradient_end_position=\"100\" gradient_type=\"linear\" radial_direction=\"center center\" linear_angle=\"180\" background_position=\"center center\" background_repeat=\"no-repeat\" fade=\"no\" background_parallax=\"none\" enable_mobile=\"no\" parallax_speed=\"0.3\" background_blend_mode=\"none\" video_aspect_ratio=\"16:9\" video_loop=\"yes\" video_mute=\"yes\" render_logics=\"\" absolute=\"off\" absolute_devices=\"small,medium,large\" sticky=\"off\" sticky_devices=\"small-visibility,medium-visibility,large-visibility\" sticky_transition_offset=\"0\" scroll_offset=\"0\" animation_direction=\"left\" animation_speed=\"0.3\" filter_hue=\"0\" filter_saturation=\"100\" filter_brightness=\"100\" filter_contrast=\"100\" filter_invert=\"0\" filter_sepia=\"0\" filter_opacity=\"100\" filter_blur=\"0\" filter_hue_hover=\"0\" filter_saturation_hover=\"100\" filter_brightness_hover=\"100\" filter_contrast_hover=\"100\" filter_invert_hover=\"0\" filter_sepia_hover=\"0\" filter_opacity_hover=\"100\" filter_blur_hover=\"0\"][fusion_builder_row][fusion_builder_column type=\"1_1\" layout=\"1_3\" align_self=\"auto\" content_layout=\"column\" align_content=\"flex-start\" valign_content=\"flex-start\" content_wrap=\"wrap\" spacing=\"\" center_content=\"no\" link=\"\" target=\"_self\" min_height=\"\" hide_on_mobile=\"small-visibility,medium-visibility,large-visibility\" sticky_display=\"normal,sticky\" class=\"\" id=\"\" type_medium=\"\" type_small=\"\" order_medium=\"0\" order_small=\"0\" dimension_spacing_medium=\"\" dimension_spacing_small=\"\" dimension_spacing=\"\" dimension_margin_medium=\"\" dimension_margin_small=\"\" margin_top=\"\" margin_bottom=\"\" padding_medium=\"\" padding_small=\"\" padding_top=\"\" padding_right=\"\" padding_bottom=\"\" padding_left=\"\" hover_type=\"none\" border_sizes=\"\" border_color=\"\" border_style=\"solid\" border_radius=\"\" box_shadow=\"no\" dimension_box_shadow=\"\" box_shadow_blur=\"0\" box_shadow_spread=\"0\" box_shadow_color=\"\" box_shadow_style=\"\" background_type=\"single\" gradient_start_color=\"\" gradient_end_color=\"\" gradient_start_position=\"0\" gradient_end_position=\"100\" gradient_type=\"linear\" radial_direction=\"center center\" linear_angle=\"180\" background_color=\"\" background_image=\"\" background_image_id=\"\" background_position=\"left top\" background_repeat=\"no-repeat\" background_blend_mode=\"none\" render_logics=\"\" filter_type=\"regular\" filter_hue=\"0\" filter_saturation=\"100\" filter_brightness=\"100\" filter_contrast=\"100\" filter_invert=\"0\" filter_sepia=\"0\" filter_opacity=\"100\" filter_blur=\"0\" filter_hue_hover=\"0\" filter_saturation_hover=\"100\" filter_brightness_hover=\"100\" filter_contrast_hover=\"100\" filter_invert_hover=\"0\" filter_sepia_hover=\"0\" filter_opacity_hover=\"100\" filter_blur_hover=\"0\" animation_type=\"\" animation_direction=\"left\" animation_speed=\"0.3\" animation_offset=\"\" last=\"true\" border_position=\"all\" first=\"false\"][fusion_button link=\"https:\/\/www.michaud-export.com\/group\/1 - CATALOGUES\/BT\/1-FR\/4-SOUTERRAIN\/4-Accessoires\/Gaine_TPC.pdf\" text_transform=\"\" title=\"\" target=\"_blank\" link_attributes=\"\" alignment_medium=\"\" alignment_small=\"\" alignment=\"left\" modal=\"\" hide_on_mobile=\"small-visibility,medium-visibility,large-visibility\" sticky_display=\"normal,sticky\" class=\"\" id=\"\" color=\"custom\" button_gradient_top_color=\"#eb690b\" button_gradient_bottom_color=\"eb690b\" button_gradient_top_color_hover=\"\" button_gradient_bottom_color_hover=\"\" accent_color=\"\" accent_hover_color=\"\" type=\"\" bevel_color=\"\" border_width=\"\" border_radius=\"\" border_color=\"\" border_hover_color=\"\" size=\"\" stretch=\"default\" margin_top=\"\" margin_right=\"\" margin_bottom=\"\" margin_left=\"\" icon=\"fa-arrow-circle-down fas\" icon_position=\"left\" icon_divider=\"no\" animation_type=\"\" animation_direction=\"left\" animation_speed=\"0.3\" animation_offset=\"\"]Visualiser la fiche technique[\/fusion_button][\/fusion_builder_column][\/fusion_builder_row][\/fusion_builder_container]<\/p>\n","protected":false},"featured_media":100292,"comment_status":"closed","ping_status":"open","template":"","meta":[],"product_brand":[],"product_cat":[1959,1158,1187],"product_tag":[],"class_list":{"0":"post-65072","1":"product","2":"type-product","3":"status-publish","4":"has-post-thumbnail","6":"product_cat-accessoires-souterrain","7":"product_cat-produit","8":"product_cat-souterrain","9":"pa_votre-choix-bouchon-obturateur-gaine-tpc-diam-110-u349_110","10":"pa_votre-choix-bouchon-obturateur-gaine-tpc-diam-125-u349_125","11":"pa_votre-choix-bouchon-obturateur-gaine-tpc-diam-160-u349_160","12":"pa_votre-choix-bouchon-obturateur-gaine-tpc-diam-200-u349_200","13":"pa_votre-choix-bouchon-obturateur-gaine-tpc-diam-250-u349_250","14":"pa_votre-choix-bouchon-obturateur-gaine-tpc-diam-40-u349_40","15":"pa_votre-choix-bouchon-obturateur-gaine-tpc-diam-50-u349_50","16":"pa_votre-choix-bouchon-obturateur-gaine-tpc-diam-63-u349_63","17":"pa_votre-choix-bouchon-obturateur-gaine-tpc-diam-75-u349_75","18":"pa_votre-choix-gaine-tpc-barre-de-6m-diam-110-u346_110","19":"pa_votre-choix-gaine-tpc-barre-de-6m-diam-125-u346_125","20":"pa_votre-choix-gaine-tpc-barre-de-6m-diam-160-u346_160","21":"pa_votre-choix-gaine-tpc-barre-de-6m-diam-200-u346_200","22":"pa_votre-choix-gaine-tpc-barre-de-6m-diam-250-u346_250","23":"pa_votre-choix-gaine-tpc-barre-de-6m-diam-90-u346_90","24":"pa_votre-choix-gaine-tpc-couronne-de-25m-diam-160-u345_160","25":"pa_votre-choix-gaine-tpc-couronne-de-25m-diam-200-u345_200","26":"pa_votre-choix-gaine-tpc-couronne-de-50m-diam-110-u345_110","27":"pa_votre-choix-gaine-tpc-couronne-de-50m-diam-125-u345_125","28":"pa_votre-choix-gaine-tpc-couronne-de-50m-diam-40-u345_40","29":"pa_votre-choix-gaine-tpc-couronne-de-50m-diam-50-u345_50","30":"pa_votre-choix-gaine-tpc-couronne-de-50m-diam-63-u345_63","31":"pa_votre-choix-gaine-tpc-couronne-de-50m-diam-75-u345_75","32":"pa_votre-choix-gaine-tpc-couronne-de-50m-diam-90-u345_90","33":"pa_votre-choix-manchon-de-jonction-gaine-tpc-diam-110-u347_110","34":"pa_votre-choix-manchon-de-jonction-gaine-tpc-diam-125-u347_125","35":"pa_votre-choix-manchon-de-jonction-gaine-tpc-diam-160-u347_160","36":"pa_votre-choix-manchon-de-jonction-gaine-tpc-diam-200-u347_200","37":"pa_votre-choix-manchon-de-jonction-gaine-tpc-diam-250-u347_250","38":"pa_votre-choix-manchon-de-jonction-gaine-tpc-diam-40-u347_40","39":"pa_votre-choix-manchon-de-jonction-gaine-tpc-diam-50-u347_50","40":"pa_votre-choix-manchon-de-jonction-gaine-tpc-diam-63-u347_63","41":"pa_votre-choix-manchon-de-jonction-gaine-tpc-diam-75-u347_75","42":"pa_votre-choix-manchon-de-jonction-gaine-tpc-diam-90-u347_90","43":"pa_votre-choix-separateur-gaine-tpc-diam-110-4-u348_110-4","44":"pa_votre-choix-separateur-gaine-tpc-diam-110-8-u348_110-8","45":"pa_votre-choix-separateur-gaine-tpc-diam-125-4-u348_125-4","46":"pa_votre-choix-separateur-gaine-tpc-diam-160-4-u348_160-4","47":"pa_votre-choix-separateur-gaine-tpc-diam-200-4-u348_200-4","48":"pa_votre-choix-separateur-gaine-tpc-diam-200-8-u348_200-8","49":"pa_votre-choix-separateur-gaine-tpc-diam-63-4-u348_63-4","50":"pa_votre-choix-separateur-gaine-tpc-diam-63-8-u348_63-8","51":"pa_votre-choix-separateur-gaine-tpc-diam-75-4-u348_75-4","52":"pa_votre-choix-separateur-gaine-tpc-diam-90-4-u348_90-4","54":"first","55":"instock","56":"purchasable","57":"product-type-variable"},"aioseo_notices":[],"_links":{"self":[{"href":"https:\/\/www.michaud-export.com\/group\/wp-json\/wp\/v2\/product\/65072","targetHints":{"allow":["GET"]}}],"collection":[{"href":"https:\/\/www.michaud-export.com\/group\/wp-json\/wp\/v2\/product"}],"about":[{"href":"https:\/\/www.michaud-export.com\/group\/wp-json\/wp\/v2\/types\/product"}],"replies":[{"embeddable":true,"href":"https:\/\/www.michaud-export.com\/group\/wp-json\/wp\/v2\/comments?post=65072"}],"wp:featuredmedia":[{"embeddable":true,"href":"https:\/\/www.michaud-export.com\/group\/wp-json\/wp\/v2\/media\/100292"}],"wp:attachment":[{"href":"https:\/\/www.michaud-export.com\/group\/wp-json\/wp\/v2\/media?parent=65072"}],"wp:term":[{"taxonomy":"product_brand","embeddable":true,"href":"https:\/\/www.michaud-export.com\/group\/wp-json\/wp\/v2\/product_brand?post=65072"},{"taxonomy":"product_cat","embeddable":true,"href":"https:\/\/www.michaud-export.com\/group\/wp-json\/wp\/v2\/product_cat?post=65072"},{"taxonomy":"product_tag","embeddable":true,"href":"https:\/\/www.michaud-export.com\/group\/wp-json\/wp\/v2\/product_tag?post=65072"}],"curies":[{"name":"wp","href":"https:\/\/api.w.org\/{rel}","templated":true}]}}