{"id":63574,"date":"2021-09-30T08:22:12","date_gmt":"2021-09-30T06:22:12","guid":{"rendered":"https:\/\/www.michaud-export.com\/group?post_type=product&#038;p=63574"},"modified":"2021-09-30T08:26:13","modified_gmt":"2021-09-30T06:26:13","slug":"coffret-modulaire","status":"publish","type":"product","link":"https:\/\/www.michaud-export.com\/group\/produit\/coffret-modulaire","title":{"rendered":"Coffret modulaire"},"content":{"rendered":"","protected":false},"excerpt":{"rendered":"<p>Le coffret modulaire est destin\u00e9 \u00e0 recevoir l&rsquo;appareillage modulaire assurant la protection de l&rsquo;installation du client. <\/p>\n<p>Les interrupteurs diff\u00e9rentiels bipolaires 30 mA sont destin\u00e9s \u00e0 assurer la protection des personnes par la d\u00e9tection des d\u00e9fauts d\u2019isolement. Le type AC d\u00e9tecte les d\u00e9fauts \u00e0 composante alternative et le type A d\u00e9tecte en plus les d\u00e9fauts \u00e0 composante continue qui peuvent \u00eatre g\u00e9n\u00e9r\u00e9s par certains appareils \u00e9lectriques. L&rsquo;encombrement de l&rsquo;interrupteurs diff\u00e9rentiels est de 2 modules.  <\/p>\n<p>Les disjoncteurs divisionnaires sont destin\u00e9s \u00e0 assurer la protection des circuits de l&rsquo;installation.<br \/>\nLes mat\u00e9riels propos\u00e9s sont :<br \/>\n&#8211; Phase Neutre 230V,<br \/>\n&#8211; Une courbe de d\u00e9clenchement de type C selon la norme EN 60898-1. [fusion_builder_container type=\"flex\" hundred_percent=\"no\" hundred_percent_height=\"no\" hundred_percent_height_scroll=\"no\" align_content=\"stretch\" flex_align_items=\"flex-start\" flex_justify_content=\"flex-start\" hundred_percent_height_center_content=\"yes\" equal_height_columns=\"no\" container_tag=\"div\" hide_on_mobile=\"small-visibility,medium-visibility,large-visibility\" status=\"published\" spacing_medium=\"\" spacing_small=\"\" padding_dimensions_medium=\"\" padding_dimensions_small=\"\" border_sizes=\"\" border_style=\"solid\" box_shadow=\"no\" box_shadow_blur=\"0\" box_shadow_spread=\"0\" gradient_start_color=\"\" gradient_end_color=\"\" gradient_start_position=\"0\" gradient_end_position=\"100\" gradient_type=\"linear\" radial_direction=\"center center\" linear_angle=\"180\" background_position=\"center center\" background_repeat=\"no-repeat\" fade=\"no\" background_parallax=\"none\" enable_mobile=\"no\" parallax_speed=\"0.3\" background_blend_mode=\"none\" video_aspect_ratio=\"16:9\" video_loop=\"yes\" video_mute=\"yes\" render_logics=\"\" absolute=\"off\" absolute_devices=\"small,medium,large\" sticky=\"off\" sticky_devices=\"small-visibility,medium-visibility,large-visibility\" sticky_transition_offset=\"0\" scroll_offset=\"0\" animation_direction=\"left\" animation_speed=\"0.3\" filter_hue=\"0\" filter_saturation=\"100\" filter_brightness=\"100\" filter_contrast=\"100\" filter_invert=\"0\" filter_sepia=\"0\" filter_opacity=\"100\" filter_blur=\"0\" filter_hue_hover=\"0\" filter_saturation_hover=\"100\" filter_brightness_hover=\"100\" filter_contrast_hover=\"100\" filter_invert_hover=\"0\" filter_sepia_hover=\"0\" filter_opacity_hover=\"100\" filter_blur_hover=\"0\"][fusion_builder_row][fusion_builder_column type=\"1_1\" layout=\"1_3\" align_self=\"auto\" content_layout=\"column\" align_content=\"flex-start\" valign_content=\"flex-start\" content_wrap=\"wrap\" spacing=\"\" center_content=\"no\" link=\"\" target=\"_self\" min_height=\"\" hide_on_mobile=\"small-visibility,medium-visibility,large-visibility\" sticky_display=\"normal,sticky\" class=\"\" id=\"\" type_medium=\"\" type_small=\"\" order_medium=\"0\" order_small=\"0\" dimension_spacing_medium=\"\" dimension_spacing_small=\"\" dimension_spacing=\"\" dimension_margin_medium=\"\" dimension_margin_small=\"\" margin_top=\"\" margin_bottom=\"\" padding_medium=\"\" padding_small=\"\" padding_top=\"\" padding_right=\"\" padding_bottom=\"\" padding_left=\"\" hover_type=\"none\" border_sizes=\"\" border_color=\"\" border_style=\"solid\" border_radius=\"\" box_shadow=\"no\" dimension_box_shadow=\"\" box_shadow_blur=\"0\" box_shadow_spread=\"0\" box_shadow_color=\"\" box_shadow_style=\"\" background_type=\"single\" gradient_start_color=\"\" gradient_end_color=\"\" gradient_start_position=\"0\" gradient_end_position=\"100\" gradient_type=\"linear\" radial_direction=\"center center\" linear_angle=\"180\" background_color=\"\" background_image=\"\" background_image_id=\"\" background_position=\"left top\" background_repeat=\"no-repeat\" background_blend_mode=\"none\" render_logics=\"\" filter_type=\"regular\" filter_hue=\"0\" filter_saturation=\"100\" filter_brightness=\"100\" filter_contrast=\"100\" filter_invert=\"0\" filter_sepia=\"0\" filter_opacity=\"100\" filter_blur=\"0\" filter_hue_hover=\"0\" filter_saturation_hover=\"100\" filter_brightness_hover=\"100\" filter_contrast_hover=\"100\" filter_invert_hover=\"0\" filter_sepia_hover=\"0\" filter_opacity_hover=\"100\" filter_blur_hover=\"0\" animation_type=\"\" animation_direction=\"left\" animation_speed=\"0.3\" animation_offset=\"\" last=\"true\" border_position=\"all\" first=\"false\"][fusion_button link=\"https:\/\/www.michaud-export.com\/group\/1 - CATALOGUES\/BT\/1-FR\/5-HABITAT\/2-Equipement smart meter\/Coffret_modulaire.pdf\" text_transform=\"\" title=\"\" target=\"_blank\" link_attributes=\"\" alignment_medium=\"\" alignment_small=\"\" alignment=\"left\" modal=\"\" hide_on_mobile=\"small-visibility,medium-visibility,large-visibility\" sticky_display=\"normal,sticky\" class=\"\" id=\"\" color=\"custom\" button_gradient_top_color=\"#eb690b\" button_gradient_bottom_color=\"eb690b\" button_gradient_top_color_hover=\"\" button_gradient_bottom_color_hover=\"\" accent_color=\"\" accent_hover_color=\"\" type=\"\" bevel_color=\"\" border_width=\"\" border_radius=\"\" border_color=\"\" border_hover_color=\"\" size=\"\" stretch=\"default\" margin_top=\"\" margin_right=\"\" margin_bottom=\"\" margin_left=\"\" icon=\"fa-arrow-circle-down fas\" icon_position=\"left\" icon_divider=\"no\" animation_type=\"\" animation_direction=\"left\" animation_speed=\"0.3\" animation_offset=\"\"]Visualiser la fiche technique[\/fusion_button][\/fusion_builder_column][\/fusion_builder_row][\/fusion_builder_container]<\/p>\n","protected":false},"featured_media":93228,"comment_status":"closed","ping_status":"open","template":"","meta":[],"product_brand":[],"product_cat":[1223,1162,1158],"product_tag":[],"class_list":{"0":"post-63574","1":"product","2":"type-product","3":"status-publish","4":"has-post-thumbnail","6":"product_cat-equipement-smart-meter","7":"product_cat-habitat-produit","8":"product_cat-produit","9":"pa_votre-choix-coffret-1-module-q591","10":"pa_votre-choix-coffret-2-modules-q592","11":"pa_votre-choix-coffret-4-modules-q594","12":"pa_votre-choix-coffret-6-modules-q596","13":"pa_votre-choix-coffret-9-modules-q599","14":"pa_votre-choix-coffret-modulaire-encastre-12-modules-u636","15":"pa_votre-choix-coffret-modulaire-encastre-24-modules-122-u637","16":"pa_votre-choix-coffret-modulaire-encastre-36-modules-123-u638","17":"pa_votre-choix-coffret-modulaire-encastre-8-modules-u635","18":"pa_votre-choix-disjoncteur-pn-10a-nf-3ka-mod-q531","19":"pa_votre-choix-disjoncteur-pn-16a-nf-3ka-mod-q532","20":"pa_votre-choix-disjoncteur-pn-20a-nf-3ka-mod-q533","21":"pa_votre-choix-disjoncteur-pn-2a-nf-3ka-mod-q530","22":"pa_votre-choix-disjoncteur-pn-32a-nf-3ka-mod-q534","23":"pa_votre-choix-disjoncteur-pn-3a-4-5ka-mod-q535","24":"pa_votre-choix-inter-diff-bipo-ac-30-ma-40a-nf-mod-q541","25":"pa_votre-choix-inter-diff-bipo-ac-30-ma-63a-nf-mod-q542","26":"pa_votre-choix-inter-diff-bipo-ac-30ma-25a-nf-mod-q540","27":"pa_votre-choix-inter-diff-bipo-a-40a-nf-mhd-q543","28":"pa_votre-choix-inter-diff-bipo-a-63a-nf-mhd-q544","30":"first","31":"instock","32":"purchasable","33":"product-type-variable"},"aioseo_notices":[],"_links":{"self":[{"href":"https:\/\/www.michaud-export.com\/group\/wp-json\/wp\/v2\/product\/63574","targetHints":{"allow":["GET"]}}],"collection":[{"href":"https:\/\/www.michaud-export.com\/group\/wp-json\/wp\/v2\/product"}],"about":[{"href":"https:\/\/www.michaud-export.com\/group\/wp-json\/wp\/v2\/types\/product"}],"replies":[{"embeddable":true,"href":"https:\/\/www.michaud-export.com\/group\/wp-json\/wp\/v2\/comments?post=63574"}],"wp:featuredmedia":[{"embeddable":true,"href":"https:\/\/www.michaud-export.com\/group\/wp-json\/wp\/v2\/media\/93228"}],"wp:attachment":[{"href":"https:\/\/www.michaud-export.com\/group\/wp-json\/wp\/v2\/media?parent=63574"}],"wp:term":[{"taxonomy":"product_brand","embeddable":true,"href":"https:\/\/www.michaud-export.com\/group\/wp-json\/wp\/v2\/product_brand?post=63574"},{"taxonomy":"product_cat","embeddable":true,"href":"https:\/\/www.michaud-export.com\/group\/wp-json\/wp\/v2\/product_cat?post=63574"},{"taxonomy":"product_tag","embeddable":true,"href":"https:\/\/www.michaud-export.com\/group\/wp-json\/wp\/v2\/product_tag?post=63574"}],"curies":[{"name":"wp","href":"https:\/\/api.w.org\/{rel}","templated":true}]}}