{"id":62888,"date":"2022-04-04T15:26:39","date_gmt":"2022-04-04T13:26:39","guid":{"rendered":"https:\/\/www.michaud-export.com\/group?post_type=product&#038;p=62888"},"modified":"2022-04-04T15:29:20","modified_gmt":"2022-04-04T13:29:20","slug":"connecteur-de-terre","status":"publish","type":"product","link":"https:\/\/www.michaud-export.com\/group\/produit\/connecteur-de-terre","title":{"rendered":"Connecteur de terre"},"content":{"rendered":"","protected":false},"excerpt":{"rendered":"<p>Les connecteurs en C et raccords \u00e0 griffes servent \u00e0 raccorder des conducteurs de terre. La liaison m\u00e9canique et \u00e9lectrique est assur\u00e9e gr\u00e2ce au sertissage (U009) ou gr\u00e2ce \u00e0 une vis d\u00e9montable (U020). <\/p>\n<p>Le connecteur en cuivre est utilis\u00e9 pour r\u00e9parer une installation en cas de sectionnement du c\u00e2ble.<br \/>\nLa visserie \u00e9tant en inox, le produit peut \u00eatre enterr\u00e9.<br \/>\nLe connecteur L260 est pourvu d&rsquo;une t\u00eate fusible. <\/p>\n<p>Le kit point de mesure en inox est constitu\u00e9 de deux cosses tubulaires (U030) et d&rsquo;un boulon. Il permet de d\u00e9connecter la prise de terre afin de r\u00e9aliser une mesure de la r\u00e9sistance de terre. <\/p>\n<p>La barrette de terre permet l&rsquo;ouverture du circuit ce terre lors d&rsquo;une mesure de la r\u00e9sistance ce terre. Leur utilisation est r\u00e9serv\u00e9e \u00e0 un usage r\u00e9sidentiel int\u00e9rieur. <\/p>\n<p>La cosse \u00e0 bride pour conducteur cuivre est utilis\u00e9e pour le raccordement de conducteurs nus en cuivre sur des bornes d&rsquo;appareillage cuivre. [fusion_builder_container type=\"flex\" hundred_percent=\"no\" hundred_percent_height=\"no\" hundred_percent_height_scroll=\"no\" align_content=\"stretch\" flex_align_items=\"flex-start\" flex_justify_content=\"flex-start\" hundred_percent_height_center_content=\"yes\" equal_height_columns=\"no\" container_tag=\"div\" hide_on_mobile=\"small-visibility,medium-visibility,large-visibility\" status=\"published\" spacing_medium=\"\" spacing_small=\"\" padding_dimensions_medium=\"\" padding_dimensions_small=\"\" border_sizes=\"\" border_style=\"solid\" box_shadow=\"no\" box_shadow_blur=\"0\" box_shadow_spread=\"0\" gradient_start_color=\"\" gradient_end_color=\"\" gradient_start_position=\"0\" gradient_end_position=\"100\" gradient_type=\"linear\" radial_direction=\"center center\" linear_angle=\"180\" background_position=\"center center\" background_repeat=\"no-repeat\" fade=\"no\" background_parallax=\"none\" enable_mobile=\"no\" parallax_speed=\"0.3\" background_blend_mode=\"none\" video_aspect_ratio=\"16:9\" video_loop=\"yes\" video_mute=\"yes\" render_logics=\"\" absolute=\"off\" absolute_devices=\"small,medium,large\" sticky=\"off\" sticky_devices=\"small-visibility,medium-visibility,large-visibility\" sticky_transition_offset=\"0\" scroll_offset=\"0\" animation_direction=\"left\" animation_speed=\"0.3\" filter_hue=\"0\" filter_saturation=\"100\" filter_brightness=\"100\" filter_contrast=\"100\" filter_invert=\"0\" filter_sepia=\"0\" filter_opacity=\"100\" filter_blur=\"0\" filter_hue_hover=\"0\" filter_saturation_hover=\"100\" filter_brightness_hover=\"100\" filter_contrast_hover=\"100\" filter_invert_hover=\"0\" filter_sepia_hover=\"0\" filter_opacity_hover=\"100\" filter_blur_hover=\"0\"][fusion_builder_row][fusion_builder_column type=\"1_1\" layout=\"1_3\" align_self=\"auto\" content_layout=\"column\" align_content=\"flex-start\" valign_content=\"flex-start\" content_wrap=\"wrap\" spacing=\"\" center_content=\"no\" link=\"\" target=\"_self\" min_height=\"\" hide_on_mobile=\"small-visibility,medium-visibility,large-visibility\" sticky_display=\"normal,sticky\" class=\"\" id=\"\" type_medium=\"\" type_small=\"\" order_medium=\"0\" order_small=\"0\" dimension_spacing_medium=\"\" dimension_spacing_small=\"\" dimension_spacing=\"\" dimension_margin_medium=\"\" dimension_margin_small=\"\" margin_top=\"\" margin_bottom=\"\" padding_medium=\"\" padding_small=\"\" padding_top=\"\" padding_right=\"\" padding_bottom=\"\" padding_left=\"\" hover_type=\"none\" border_sizes=\"\" border_color=\"\" border_style=\"solid\" border_radius=\"\" box_shadow=\"no\" dimension_box_shadow=\"\" box_shadow_blur=\"0\" box_shadow_spread=\"0\" box_shadow_color=\"\" box_shadow_style=\"\" background_type=\"single\" gradient_start_color=\"\" gradient_end_color=\"\" gradient_start_position=\"0\" gradient_end_position=\"100\" gradient_type=\"linear\" radial_direction=\"center center\" linear_angle=\"180\" background_color=\"\" background_image=\"\" background_image_id=\"\" background_position=\"left top\" background_repeat=\"no-repeat\" background_blend_mode=\"none\" render_logics=\"\" filter_type=\"regular\" filter_hue=\"0\" filter_saturation=\"100\" filter_brightness=\"100\" filter_contrast=\"100\" filter_invert=\"0\" filter_sepia=\"0\" filter_opacity=\"100\" filter_blur=\"0\" filter_hue_hover=\"0\" filter_saturation_hover=\"100\" filter_brightness_hover=\"100\" filter_contrast_hover=\"100\" filter_invert_hover=\"0\" filter_sepia_hover=\"0\" filter_opacity_hover=\"100\" filter_blur_hover=\"0\" animation_type=\"\" animation_direction=\"left\" animation_speed=\"0.3\" animation_offset=\"\" last=\"true\" border_position=\"all\" first=\"false\"][fusion_button link=\"https:\/\/www.michaud-export.com\/group\/1 - CATALOGUES\/BT\/1-FR\/3-MISE A LA TERRE\/2-Connecteurs de terre\/Connecteur_de_terre.pdf\" text_transform=\"\" title=\"\" target=\"_blank\" link_attributes=\"\" alignment_medium=\"\" alignment_small=\"\" alignment=\"left\" modal=\"\" hide_on_mobile=\"small-visibility,medium-visibility,large-visibility\" sticky_display=\"normal,sticky\" class=\"\" id=\"\" color=\"custom\" button_gradient_top_color=\"#eb690b\" button_gradient_bottom_color=\"eb690b\" button_gradient_top_color_hover=\"\" button_gradient_bottom_color_hover=\"\" accent_color=\"\" accent_hover_color=\"\" type=\"\" bevel_color=\"\" border_width=\"\" border_radius=\"\" border_color=\"\" border_hover_color=\"\" size=\"\" stretch=\"default\" margin_top=\"\" margin_right=\"\" margin_bottom=\"\" margin_left=\"\" icon=\"fa-arrow-circle-down fas\" icon_position=\"left\" icon_divider=\"no\" animation_type=\"\" animation_direction=\"left\" animation_speed=\"0.3\" animation_offset=\"\"]Visualiser la fiche technique[\/fusion_button][\/fusion_builder_column][\/fusion_builder_row][\/fusion_builder_container]<\/p>\n","protected":false},"featured_media":112834,"comment_status":"closed","ping_status":"open","template":"","meta":[],"product_brand":[],"product_cat":[1270,1190,1158],"product_tag":[],"class_list":{"0":"post-62888","1":"product","2":"type-product","3":"status-publish","4":"has-post-thumbnail","6":"product_cat-connecteurs-de-terre","7":"product_cat-mise-a-la-terre","8":"product_cat-produit","9":"pa_votre-choix-barrette-de-coupure-de-terre-basse-u036","10":"pa_votre-choix-barrette-de-coupure-de-terre-en-t-u034","11":"pa_votre-choix-barrette-de-coupure-de-terre-haute-u035","12":"pa_votre-choix-connecteur-cu-10-70-vi-tf-l260","13":"pa_votre-choix-connecteur-cu-10-70-vi-l261","14":"pa_votre-choix-connecteur-en-c-10-6-u002","15":"pa_votre-choix-connecteur-en-c-120-120-u013","16":"pa_votre-choix-connecteur-en-c-150-150-u015","17":"pa_votre-choix-connecteur-en-c-185-185-u016","18":"pa_votre-choix-connecteur-en-c-185-95-u014","19":"pa_votre-choix-connecteur-en-c-25-10-u004","20":"pa_votre-choix-connecteur-en-c-25-25-u005","21":"pa_votre-choix-connecteur-en-c-25-6-u003","22":"pa_votre-choix-connecteur-en-c-35-25-u006","23":"pa_votre-choix-connecteur-en-c-35-35-u007","24":"pa_votre-choix-connecteur-en-c-4-4-u001","25":"pa_votre-choix-connecteur-en-c-70-35-u008","26":"pa_votre-choix-connecteur-en-c-70-70-u009","27":"pa_votre-choix-connecteur-en-c-95-35-u010","28":"pa_votre-choix-connecteur-en-c-95-70-u011","29":"pa_votre-choix-connecteur-en-c-95-95-u012","30":"pa_votre-choix-cosse-a-bride-a-plage-ronde-deportee-10-70-u018","31":"pa_votre-choix-cosse-a-bride-a-plage-ronde-deportee-25-120-u019","32":"pa_votre-choix-cosse-tubulaire-25-29-u030","33":"pa_votre-choix-kit-point-de-coupure-25-29-u031","34":"pa_votre-choix-raccord-a-griffe-150-240-mm-u025","35":"pa_votre-choix-raccord-a-griffe-16-50-mm-u021","36":"pa_votre-choix-raccord-a-griffe-50-70-mm-u022","37":"pa_votre-choix-raccord-a-griffe-6-16-mm-u020","38":"pa_votre-choix-raccord-a-griffe-70-95-mm-u023","39":"pa_votre-choix-raccord-a-griffe-95-150-mm-u024","41":"first","42":"instock","43":"purchasable","44":"product-type-variable"},"aioseo_notices":[],"_links":{"self":[{"href":"https:\/\/www.michaud-export.com\/group\/wp-json\/wp\/v2\/product\/62888","targetHints":{"allow":["GET"]}}],"collection":[{"href":"https:\/\/www.michaud-export.com\/group\/wp-json\/wp\/v2\/product"}],"about":[{"href":"https:\/\/www.michaud-export.com\/group\/wp-json\/wp\/v2\/types\/product"}],"replies":[{"embeddable":true,"href":"https:\/\/www.michaud-export.com\/group\/wp-json\/wp\/v2\/comments?post=62888"}],"wp:featuredmedia":[{"embeddable":true,"href":"https:\/\/www.michaud-export.com\/group\/wp-json\/wp\/v2\/media\/112834"}],"wp:attachment":[{"href":"https:\/\/www.michaud-export.com\/group\/wp-json\/wp\/v2\/media?parent=62888"}],"wp:term":[{"taxonomy":"product_brand","embeddable":true,"href":"https:\/\/www.michaud-export.com\/group\/wp-json\/wp\/v2\/product_brand?post=62888"},{"taxonomy":"product_cat","embeddable":true,"href":"https:\/\/www.michaud-export.com\/group\/wp-json\/wp\/v2\/product_cat?post=62888"},{"taxonomy":"product_tag","embeddable":true,"href":"https:\/\/www.michaud-export.com\/group\/wp-json\/wp\/v2\/product_tag?post=62888"}],"curies":[{"name":"wp","href":"https:\/\/api.w.org\/{rel}","templated":true}]}}