{"id":62857,"date":"2021-09-30T09:11:33","date_gmt":"2021-09-30T07:11:33","guid":{"rendered":"https:\/\/www.michaud-export.com\/group?post_type=product&#038;p=62857"},"modified":"2021-09-30T09:12:49","modified_gmt":"2021-09-30T07:12:49","slug":"embout-a-perforation-disolant-ebcp-16-50-classe-ii","status":"publish","type":"product","link":"https:\/\/www.michaud-export.com\/group\/produit\/embout-a-perforation-disolant-ebcp-16-50-classe-ii","title":{"rendered":"Embout \u00e0 perforation d&rsquo;isolant EBCP 16-50 Classe II"},"content":{"rendered":"","protected":false},"excerpt":{"rendered":"<p>Cette gamme d\u2019embouts \u00e0 perforation d\u2019isolant s\u2019utilise pour le raccordement des c\u00e2bles arriv\u00e9e aux bornes de l\u2019appareillage (coupe-circuit, compteurs \u00e9lectroniques,\u2026). <\/p>\n<p>C\u2019est une solution de raccordement universelle entre le c\u00e2ble de branchement et les bornes du compteur quelle que soit la nature du m\u00e9tal ou du bornier. <\/p>\n<p>L&#8217;embout s\u2019installe sur des conducteurs cuivre ou aluminium \u00e0 \u00e2me c\u00e2bl\u00e9e et massive de forme sectorale ou circulaire. <\/p>\n<p>Il offre une protection de classe II gr\u00e2ce au fouet color\u00e9 double isolation, lorsqu&rsquo;il est \u00e9quip\u00e9 de la coque. [fusion_builder_container type=\"flex\" hundred_percent=\"no\" hundred_percent_height=\"no\" hundred_percent_height_scroll=\"no\" align_content=\"stretch\" flex_align_items=\"flex-start\" flex_justify_content=\"flex-start\" hundred_percent_height_center_content=\"yes\" equal_height_columns=\"no\" container_tag=\"div\" hide_on_mobile=\"small-visibility,medium-visibility,large-visibility\" status=\"published\" spacing_medium=\"\" spacing_small=\"\" padding_dimensions_medium=\"\" padding_dimensions_small=\"\" border_sizes=\"\" border_style=\"solid\" box_shadow=\"no\" box_shadow_blur=\"0\" box_shadow_spread=\"0\" gradient_start_color=\"\" gradient_end_color=\"\" gradient_start_position=\"0\" gradient_end_position=\"100\" gradient_type=\"linear\" radial_direction=\"center center\" linear_angle=\"180\" background_position=\"center center\" background_repeat=\"no-repeat\" fade=\"no\" background_parallax=\"none\" enable_mobile=\"no\" parallax_speed=\"0.3\" background_blend_mode=\"none\" video_aspect_ratio=\"16:9\" video_loop=\"yes\" video_mute=\"yes\" render_logics=\"\" absolute=\"off\" absolute_devices=\"small,medium,large\" sticky=\"off\" sticky_devices=\"small-visibility,medium-visibility,large-visibility\" sticky_transition_offset=\"0\" scroll_offset=\"0\" animation_direction=\"left\" animation_speed=\"0.3\" filter_hue=\"0\" filter_saturation=\"100\" filter_brightness=\"100\" filter_contrast=\"100\" filter_invert=\"0\" filter_sepia=\"0\" filter_opacity=\"100\" filter_blur=\"0\" filter_hue_hover=\"0\" filter_saturation_hover=\"100\" filter_brightness_hover=\"100\" filter_contrast_hover=\"100\" filter_invert_hover=\"0\" filter_sepia_hover=\"0\" filter_opacity_hover=\"100\" filter_blur_hover=\"0\"][fusion_builder_row][fusion_builder_column type=\"1_1\" layout=\"1_3\" align_self=\"auto\" content_layout=\"column\" align_content=\"flex-start\" valign_content=\"flex-start\" content_wrap=\"wrap\" spacing=\"\" center_content=\"no\" link=\"\" target=\"_self\" min_height=\"\" hide_on_mobile=\"small-visibility,medium-visibility,large-visibility\" sticky_display=\"normal,sticky\" class=\"\" id=\"\" type_medium=\"\" type_small=\"\" order_medium=\"0\" order_small=\"0\" dimension_spacing_medium=\"\" dimension_spacing_small=\"\" dimension_spacing=\"\" dimension_margin_medium=\"\" dimension_margin_small=\"\" margin_top=\"\" margin_bottom=\"\" padding_medium=\"\" padding_small=\"\" padding_top=\"\" padding_right=\"\" padding_bottom=\"\" padding_left=\"\" hover_type=\"none\" border_sizes=\"\" border_color=\"\" border_style=\"solid\" border_radius=\"\" box_shadow=\"no\" dimension_box_shadow=\"\" box_shadow_blur=\"0\" box_shadow_spread=\"0\" box_shadow_color=\"\" box_shadow_style=\"\" background_type=\"single\" gradient_start_color=\"\" gradient_end_color=\"\" gradient_start_position=\"0\" gradient_end_position=\"100\" gradient_type=\"linear\" radial_direction=\"center center\" linear_angle=\"180\" background_color=\"\" background_image=\"\" background_image_id=\"\" background_position=\"left top\" background_repeat=\"no-repeat\" background_blend_mode=\"none\" render_logics=\"\" filter_type=\"regular\" filter_hue=\"0\" filter_saturation=\"100\" filter_brightness=\"100\" filter_contrast=\"100\" filter_invert=\"0\" filter_sepia=\"0\" filter_opacity=\"100\" filter_blur=\"0\" filter_hue_hover=\"0\" filter_saturation_hover=\"100\" filter_brightness_hover=\"100\" filter_contrast_hover=\"100\" filter_invert_hover=\"0\" filter_sepia_hover=\"0\" filter_opacity_hover=\"100\" filter_blur_hover=\"0\" animation_type=\"\" animation_direction=\"left\" animation_speed=\"0.3\" animation_offset=\"\" last=\"true\" border_position=\"all\" first=\"false\"][fusion_button link=\"https:\/\/www.michaud-export.com\/group\/1 - CATALOGUES\/BT\/1-FR\/5-HABITAT\/3-Liaison souple universelle\/Embout_a_perforation_d_isolant_EBCP_16-50_classe_II.pdf\" text_transform=\"\" title=\"\" target=\"_blank\" link_attributes=\"\" alignment_medium=\"\" alignment_small=\"\" alignment=\"left\" modal=\"\" hide_on_mobile=\"small-visibility,medium-visibility,large-visibility\" sticky_display=\"normal,sticky\" class=\"\" id=\"\" color=\"custom\" button_gradient_top_color=\"#eb690b\" button_gradient_bottom_color=\"eb690b\" button_gradient_top_color_hover=\"\" button_gradient_bottom_color_hover=\"\" accent_color=\"\" accent_hover_color=\"\" type=\"\" bevel_color=\"\" border_width=\"\" border_radius=\"\" border_color=\"\" border_hover_color=\"\" size=\"\" stretch=\"default\" margin_top=\"\" margin_right=\"\" margin_bottom=\"\" margin_left=\"\" icon=\"fa-arrow-circle-down fas\" icon_position=\"left\" icon_divider=\"no\" animation_type=\"\" animation_direction=\"left\" animation_speed=\"0.3\" animation_offset=\"\"]Visualiser la fiche technique[\/fusion_button][\/fusion_builder_column][\/fusion_builder_row][\/fusion_builder_container]<\/p>\n","protected":false},"featured_media":95323,"comment_status":"closed","ping_status":"open","template":"","meta":[],"product_brand":[],"product_cat":[1162,1170,1158],"product_tag":[],"class_list":{"0":"post-62857","1":"product","2":"type-product","3":"status-publish","4":"has-post-thumbnail","6":"product_cat-habitat-produit","7":"product_cat-liaison-souple-universelle-habitat-produit","8":"product_cat-produit","9":"pa_votre-choix-coque-classe-ii-pour-embout-a-perforation-disolant-ebcp-l220","10":"pa_votre-choix-embout-ebcp-50-sect-16-bleu-l375-classe-ii-p221","11":"pa_votre-choix-embout-ebcp-50-sect-16-gris-l375-classe-ii-p732","12":"pa_votre-choix-embout-ebcp-50-sect-16-jaune-vert-l800-p228","13":"pa_votre-choix-embout-ebcp-50-sect-16-marron-l375-classe-ii-p733","14":"pa_votre-choix-embout-ebcp-50-sect-16-noir-l375-classe-ii-p731","15":"pa_votre-choix-embout-ebcp-50-sect-16-noir-l700-classe-ii-p219","16":"pa_votre-choix-embout-ebcp-p-221-malt-jaune-vert-l345-p226","17":"pa_votre-choix-embout-ebcp-p-221-malt-jaune-vert-l800-p227","18":"pa_votre-choix-kit-3-ebcp-50-sect-16-n-m-gr-l375-p220","20":"first","21":"instock","22":"purchasable","23":"product-type-variable"},"aioseo_notices":[],"_links":{"self":[{"href":"https:\/\/www.michaud-export.com\/group\/wp-json\/wp\/v2\/product\/62857","targetHints":{"allow":["GET"]}}],"collection":[{"href":"https:\/\/www.michaud-export.com\/group\/wp-json\/wp\/v2\/product"}],"about":[{"href":"https:\/\/www.michaud-export.com\/group\/wp-json\/wp\/v2\/types\/product"}],"replies":[{"embeddable":true,"href":"https:\/\/www.michaud-export.com\/group\/wp-json\/wp\/v2\/comments?post=62857"}],"wp:featuredmedia":[{"embeddable":true,"href":"https:\/\/www.michaud-export.com\/group\/wp-json\/wp\/v2\/media\/95323"}],"wp:attachment":[{"href":"https:\/\/www.michaud-export.com\/group\/wp-json\/wp\/v2\/media?parent=62857"}],"wp:term":[{"taxonomy":"product_brand","embeddable":true,"href":"https:\/\/www.michaud-export.com\/group\/wp-json\/wp\/v2\/product_brand?post=62857"},{"taxonomy":"product_cat","embeddable":true,"href":"https:\/\/www.michaud-export.com\/group\/wp-json\/wp\/v2\/product_cat?post=62857"},{"taxonomy":"product_tag","embeddable":true,"href":"https:\/\/www.michaud-export.com\/group\/wp-json\/wp\/v2\/product_tag?post=62857"}],"curies":[{"name":"wp","href":"https:\/\/api.w.org\/{rel}","templated":true}]}}