{"id":61383,"date":"2022-01-20T09:24:30","date_gmt":"2022-01-20T07:24:30","guid":{"rendered":"https:\/\/www.michaud-export.com\/group?post_type=product&#038;p=61383"},"modified":"2022-04-23T11:38:09","modified_gmt":"2022-04-23T09:38:09","slug":"cable-de-branchement-antifraude","status":"publish","type":"product","link":"https:\/\/www.michaud-export.com\/group\/produit\/cable-de-branchement-antifraude","title":{"rendered":"C\u00e2ble de branchement antifraude"},"content":{"rendered":"","protected":false},"excerpt":{"rendered":"<p>Ce c\u00e2ble a\u00e9rien isol\u00e9 concentrique est utilis\u00e9 pour r\u00e9aliser un branchement entre le r\u00e9seau BT et l&rsquo;habitation.<br \/>\nIl est con\u00e7u pour limiter la fraude et ainsi r\u00e9duire les pertes non techniques gr\u00e2ce au neutre p\u00e9riph\u00e9rique.<br \/>\nEn effet, tout branchement non autoris\u00e9 sur ce c\u00e2ble va cr\u00e9er un court circuit et coupera automatiquement le service \u00e9lectrique de l&rsquo;abonn\u00e9.<br \/>\nIl s&rsquo;utilise en a\u00e9rien avec une port\u00e9e de 40m maximum.<\/p>\n<p>Les accessoires permettent de r\u00e9aliser l&rsquo;\u00e9panouissement du c\u00e2ble concentrique monophas\u00e9 ou triphas\u00e9 en vue d&rsquo;un raccordement dans une application haut de poteau ou dans le coffret raccordement. <\/p>\n<p>Les kits assurent l&rsquo;isolation et l&rsquo;\u00e9tanch\u00e9it\u00e9 du c\u00e2ble antifraude. <\/p>\n<p>Les embouts re\u00e7oivent l\u2019\u00e9panouissement du c\u00e2ble concentrique et permettent le raccordement des conducteurs d&rsquo;arriv\u00e9e aux bornes de l\u2019appareillage.  <\/p>\n<p>L&rsquo;outil pour d\u00e9gainer permet de d\u00e9nuder le c\u00e2ble concentrique afin de proc\u00e9der \u00e0 la reconstitution et \u00e0 l&rsquo;isolation du neutre en vue d&rsquo;un raccordement. [fusion_builder_container type=\"flex\" hundred_percent=\"no\" hundred_percent_height=\"no\" hundred_percent_height_scroll=\"no\" align_content=\"stretch\" flex_align_items=\"flex-start\" flex_justify_content=\"flex-start\" hundred_percent_height_center_content=\"yes\" equal_height_columns=\"no\" container_tag=\"div\" hide_on_mobile=\"small-visibility,medium-visibility,large-visibility\" status=\"published\" spacing_medium=\"\" spacing_small=\"\" padding_dimensions_medium=\"\" padding_dimensions_small=\"\" border_sizes=\"\" border_style=\"solid\" box_shadow=\"no\" box_shadow_blur=\"0\" box_shadow_spread=\"0\" gradient_start_color=\"\" gradient_end_color=\"\" gradient_start_position=\"0\" gradient_end_position=\"100\" gradient_type=\"linear\" radial_direction=\"center center\" linear_angle=\"180\" background_position=\"center center\" background_repeat=\"no-repeat\" fade=\"no\" background_parallax=\"none\" enable_mobile=\"no\" parallax_speed=\"0.3\" background_blend_mode=\"none\" video_aspect_ratio=\"16:9\" video_loop=\"yes\" video_mute=\"yes\" render_logics=\"\" absolute=\"off\" absolute_devices=\"small,medium,large\" sticky=\"off\" sticky_devices=\"small-visibility,medium-visibility,large-visibility\" sticky_transition_offset=\"0\" scroll_offset=\"0\" animation_direction=\"left\" animation_speed=\"0.3\" filter_hue=\"0\" filter_saturation=\"100\" filter_brightness=\"100\" filter_contrast=\"100\" filter_invert=\"0\" filter_sepia=\"0\" filter_opacity=\"100\" filter_blur=\"0\" filter_hue_hover=\"0\" filter_saturation_hover=\"100\" filter_brightness_hover=\"100\" filter_contrast_hover=\"100\" filter_invert_hover=\"0\" filter_sepia_hover=\"0\" filter_opacity_hover=\"100\" filter_blur_hover=\"0\"][fusion_builder_row][fusion_builder_column type=\"1_1\" layout=\"1_3\" align_self=\"auto\" content_layout=\"column\" align_content=\"flex-start\" valign_content=\"flex-start\" content_wrap=\"wrap\" spacing=\"\" center_content=\"no\" link=\"\" target=\"_self\" min_height=\"\" hide_on_mobile=\"small-visibility,medium-visibility,large-visibility\" sticky_display=\"normal,sticky\" class=\"\" id=\"\" type_medium=\"\" type_small=\"\" order_medium=\"0\" order_small=\"0\" dimension_spacing_medium=\"\" dimension_spacing_small=\"\" dimension_spacing=\"\" dimension_margin_medium=\"\" dimension_margin_small=\"\" margin_top=\"\" margin_bottom=\"\" padding_medium=\"\" padding_small=\"\" padding_top=\"\" padding_right=\"\" padding_bottom=\"\" padding_left=\"\" hover_type=\"none\" border_sizes=\"\" border_color=\"\" border_style=\"solid\" border_radius=\"\" box_shadow=\"no\" dimension_box_shadow=\"\" box_shadow_blur=\"0\" box_shadow_spread=\"0\" box_shadow_color=\"\" box_shadow_style=\"\" background_type=\"single\" gradient_start_color=\"\" gradient_end_color=\"\" gradient_start_position=\"0\" gradient_end_position=\"100\" gradient_type=\"linear\" radial_direction=\"center center\" linear_angle=\"180\" background_color=\"\" background_image=\"\" background_image_id=\"\" background_position=\"left top\" background_repeat=\"no-repeat\" background_blend_mode=\"none\" render_logics=\"\" filter_type=\"regular\" filter_hue=\"0\" filter_saturation=\"100\" filter_brightness=\"100\" filter_contrast=\"100\" filter_invert=\"0\" filter_sepia=\"0\" filter_opacity=\"100\" filter_blur=\"0\" filter_hue_hover=\"0\" filter_saturation_hover=\"100\" filter_brightness_hover=\"100\" filter_contrast_hover=\"100\" filter_invert_hover=\"0\" filter_sepia_hover=\"0\" filter_opacity_hover=\"100\" filter_blur_hover=\"0\" animation_type=\"\" animation_direction=\"left\" animation_speed=\"0.3\" animation_offset=\"\" last=\"true\" border_position=\"all\" first=\"false\"][fusion_button link=\"https:\/\/www.michaud-export.com\/group\/1 - CATALOGUES\/Mdle\/1-FR\/1-Lutte contre la fraude\/1-Extension de r\u00e9seau\/Cable_de_branchement_antifraude.pdf\" text_transform=\"\" title=\"\" target=\"_blank\" link_attributes=\"\" alignment_medium=\"\" alignment_small=\"\" alignment=\"left\" modal=\"\" hide_on_mobile=\"small-visibility,medium-visibility,large-visibility\" sticky_display=\"normal,sticky\" class=\"\" id=\"\" color=\"custom\" button_gradient_top_color=\"#eb690b\" button_gradient_bottom_color=\"eb690b\" button_gradient_top_color_hover=\"\" button_gradient_bottom_color_hover=\"\" accent_color=\"\" accent_hover_color=\"\" type=\"\" bevel_color=\"\" border_width=\"\" border_radius=\"\" border_color=\"\" border_hover_color=\"\" size=\"\" stretch=\"default\" margin_top=\"\" margin_right=\"\" margin_bottom=\"\" margin_left=\"\" icon=\"fa-arrow-circle-down fas\" icon_position=\"left\" icon_divider=\"no\" animation_type=\"\" animation_direction=\"left\" animation_speed=\"0.3\" animation_offset=\"\"]Visualiser la fiche technique[\/fusion_button][\/fusion_builder_column][\/fusion_builder_row][\/fusion_builder_container]<\/p>\n","protected":false},"featured_media":107671,"comment_status":"closed","ping_status":"open","template":"","meta":[],"product_brand":[],"product_cat":[1213,1212,1158],"product_tag":[],"class_list":{"0":"post-61383","1":"product","2":"type-product","3":"status-publish","4":"has-post-thumbnail","6":"product_cat-extension-de-reseau","7":"product_cat-lutte-contre-la-fraude","8":"product_cat-produit","9":"pa_votre-choix-cable-branchement-aerien-concentrique-13-mm-monophase-ml-u301","10":"pa_votre-choix-cable-branchement-aerien-concentrique-16-mm-monophase-ml-u307","11":"pa_votre-choix-cable-branchement-aerien-concentrique-20-mm-triphase-ml-u302","12":"pa_votre-choix-cable-branchement-aerien-concentrique-25-mm-triphase-ml-u308","13":"pa_votre-choix-kit-depanouissement-cable-antifraude-k248","14":"pa_votre-choix-kit-depanouissement-cable-antifraude-tri-k249","15":"pa_votre-choix-kit-depanouissement-ebcd-cable-antifraude-mono-k238","16":"pa_votre-choix-kit-depanouissement-ebcd-cable-antifraude-tri-k239","17":"pa_votre-choix-outil-de-degainage-mono-13-k311-13","18":"pa_votre-choix-outil-de-degainage-mono-16-k311-16","19":"pa_votre-choix-outil-de-degainage-tri-21-25-k311-25","20":"pa_votre-choix-pince-degainage-concentrique-k311","22":"first","23":"instock","24":"purchasable","25":"product-type-variable"},"aioseo_notices":[],"_links":{"self":[{"href":"https:\/\/www.michaud-export.com\/group\/wp-json\/wp\/v2\/product\/61383","targetHints":{"allow":["GET"]}}],"collection":[{"href":"https:\/\/www.michaud-export.com\/group\/wp-json\/wp\/v2\/product"}],"about":[{"href":"https:\/\/www.michaud-export.com\/group\/wp-json\/wp\/v2\/types\/product"}],"replies":[{"embeddable":true,"href":"https:\/\/www.michaud-export.com\/group\/wp-json\/wp\/v2\/comments?post=61383"}],"wp:featuredmedia":[{"embeddable":true,"href":"https:\/\/www.michaud-export.com\/group\/wp-json\/wp\/v2\/media\/107671"}],"wp:attachment":[{"href":"https:\/\/www.michaud-export.com\/group\/wp-json\/wp\/v2\/media?parent=61383"}],"wp:term":[{"taxonomy":"product_brand","embeddable":true,"href":"https:\/\/www.michaud-export.com\/group\/wp-json\/wp\/v2\/product_brand?post=61383"},{"taxonomy":"product_cat","embeddable":true,"href":"https:\/\/www.michaud-export.com\/group\/wp-json\/wp\/v2\/product_cat?post=61383"},{"taxonomy":"product_tag","embeddable":true,"href":"https:\/\/www.michaud-export.com\/group\/wp-json\/wp\/v2\/product_tag?post=61383"}],"curies":[{"name":"wp","href":"https:\/\/api.w.org\/{rel}","templated":true}]}}