{"id":61286,"date":"2022-01-21T14:04:45","date_gmt":"2022-01-21T12:04:45","guid":{"rendered":"https:\/\/www.michaud-export.com\/group?post_type=product&#038;p=61286"},"modified":"2022-04-14T15:26:25","modified_gmt":"2022-04-14T13:26:25","slug":"manchon-preisole-de-reseau-a-serrage-mecanique","status":"publish","type":"product","link":"https:\/\/www.michaud-export.com\/group\/produit\/manchon-preisole-de-reseau-a-serrage-mecanique","title":{"rendered":"Manchon pr\u00e9isol\u00e9 de r\u00e9seau \u00e0 serrage mecanique"},"content":{"rendered":"<div class=\"video-shortcode\"><iframe title=\"Manchons Michaud (FR)\" width=\"200\" height=\"113\" src=\"https:\/\/www.youtube.com\/embed\/JaTkC5_eCxg?feature=oembed\" frameborder=\"0\" allow=\"accelerometer; autoplay; clipboard-write; encrypted-media; gyroscope; picture-in-picture; web-share\" referrerpolicy=\"strict-origin-when-cross-origin\" allowfullscreen><\/iframe><\/div>\n","protected":false},"excerpt":{"rendered":"<p>Ce manchon sert au raccordement des conducteurs aluminium ou cuivre. <\/p>\n<p>Il ne n\u00e9cessite pas la mise au rond pr\u00e9alable des \u00e2mes sectorales.<\/p>\n<p>Il se met en oeuvre avec une cl\u00e9 6 pans de 13 ou 17mm. <\/p>\n<p>La capacit\u00e9 \u00e9lectrique est respectivement de 300mm\u00b2 (K569), de 240mm\u00b2 (K191, K192), de 150mm\u00b2 Al ou Cu (K193) et de 95mm\u00b2 Al ou Cu (K189). [fusion_builder_container type=\"flex\" hundred_percent=\"no\" hundred_percent_height=\"no\" hundred_percent_height_scroll=\"no\" align_content=\"stretch\" flex_align_items=\"flex-start\" flex_justify_content=\"flex-start\" hundred_percent_height_center_content=\"yes\" equal_height_columns=\"no\" container_tag=\"div\" hide_on_mobile=\"small-visibility,medium-visibility,large-visibility\" status=\"published\" spacing_medium=\"\" spacing_small=\"\" padding_dimensions_medium=\"\" padding_dimensions_small=\"\" border_sizes=\"\" border_style=\"solid\" box_shadow=\"no\" box_shadow_blur=\"0\" box_shadow_spread=\"0\" gradient_start_color=\"\" gradient_end_color=\"\" gradient_start_position=\"0\" gradient_end_position=\"100\" gradient_type=\"linear\" radial_direction=\"center center\" linear_angle=\"180\" background_position=\"center center\" background_repeat=\"no-repeat\" fade=\"no\" background_parallax=\"none\" enable_mobile=\"no\" parallax_speed=\"0.3\" background_blend_mode=\"none\" video_aspect_ratio=\"16:9\" video_loop=\"yes\" video_mute=\"yes\" render_logics=\"\" absolute=\"off\" absolute_devices=\"small,medium,large\" sticky=\"off\" sticky_devices=\"small-visibility,medium-visibility,large-visibility\" sticky_transition_offset=\"0\" scroll_offset=\"0\" animation_direction=\"left\" animation_speed=\"0.3\" filter_hue=\"0\" filter_saturation=\"100\" filter_brightness=\"100\" filter_contrast=\"100\" filter_invert=\"0\" filter_sepia=\"0\" filter_opacity=\"100\" filter_blur=\"0\" filter_hue_hover=\"0\" filter_saturation_hover=\"100\" filter_brightness_hover=\"100\" filter_contrast_hover=\"100\" filter_invert_hover=\"0\" filter_sepia_hover=\"0\" filter_opacity_hover=\"100\" filter_blur_hover=\"0\"][fusion_builder_row][fusion_builder_column type=\"1_1\" layout=\"1_3\" align_self=\"auto\" content_layout=\"column\" align_content=\"flex-start\" valign_content=\"flex-start\" content_wrap=\"wrap\" spacing=\"\" center_content=\"no\" link=\"\" target=\"_self\" min_height=\"\" hide_on_mobile=\"small-visibility,medium-visibility,large-visibility\" sticky_display=\"normal,sticky\" class=\"\" id=\"\" type_medium=\"\" type_small=\"\" order_medium=\"0\" order_small=\"0\" dimension_spacing_medium=\"\" dimension_spacing_small=\"\" dimension_spacing=\"\" dimension_margin_medium=\"\" dimension_margin_small=\"\" margin_top=\"\" margin_bottom=\"\" padding_medium=\"\" padding_small=\"\" padding_top=\"\" padding_right=\"\" padding_bottom=\"\" padding_left=\"\" hover_type=\"none\" border_sizes=\"\" border_color=\"\" border_style=\"solid\" border_radius=\"\" box_shadow=\"no\" dimension_box_shadow=\"\" box_shadow_blur=\"0\" box_shadow_spread=\"0\" box_shadow_color=\"\" box_shadow_style=\"\" background_type=\"single\" gradient_start_color=\"\" gradient_end_color=\"\" gradient_start_position=\"0\" gradient_end_position=\"100\" gradient_type=\"linear\" radial_direction=\"center center\" linear_angle=\"180\" background_color=\"\" background_image=\"\" background_image_id=\"\" background_position=\"left top\" background_repeat=\"no-repeat\" background_blend_mode=\"none\" render_logics=\"\" filter_type=\"regular\" filter_hue=\"0\" filter_saturation=\"100\" filter_brightness=\"100\" filter_contrast=\"100\" filter_invert=\"0\" filter_sepia=\"0\" filter_opacity=\"100\" filter_blur=\"0\" filter_hue_hover=\"0\" filter_saturation_hover=\"100\" filter_brightness_hover=\"100\" filter_contrast_hover=\"100\" filter_invert_hover=\"0\" filter_sepia_hover=\"0\" filter_opacity_hover=\"100\" filter_blur_hover=\"0\" animation_type=\"\" animation_direction=\"left\" animation_speed=\"0.3\" animation_offset=\"\" last=\"true\" border_position=\"all\" first=\"false\"][fusion_button link=\"https:\/\/www.michaud-export.com\/group\/1 - CATALOGUES\/BT\/1-FR\/1-AERIEN\/4-Jonction BT\/Manchon_preisole_de_reseau_a_serrage_mecanique.pdf\" text_transform=\"\" title=\"\" target=\"_blank\" link_attributes=\"\" alignment_medium=\"\" alignment_small=\"\" alignment=\"left\" modal=\"\" hide_on_mobile=\"small-visibility,medium-visibility,large-visibility\" sticky_display=\"normal,sticky\" class=\"\" id=\"\" color=\"custom\" button_gradient_top_color=\"#eb690b\" button_gradient_bottom_color=\"eb690b\" button_gradient_top_color_hover=\"\" button_gradient_bottom_color_hover=\"\" accent_color=\"\" accent_hover_color=\"\" type=\"\" bevel_color=\"\" border_width=\"\" border_radius=\"\" border_color=\"\" border_hover_color=\"\" size=\"\" stretch=\"default\" margin_top=\"\" margin_right=\"\" margin_bottom=\"\" margin_left=\"\" icon=\"fa-arrow-circle-down fas\" icon_position=\"left\" icon_divider=\"no\" animation_type=\"\" animation_direction=\"left\" animation_speed=\"0.3\" animation_offset=\"\"]Visualiser la fiche technique[\/fusion_button][\/fusion_builder_column][\/fusion_builder_row][\/fusion_builder_container]<\/p>\n","protected":false},"featured_media":109385,"comment_status":"closed","ping_status":"open","template":"","meta":[],"product_brand":[],"product_cat":[1159,1171,1158],"product_tag":[],"class_list":{"0":"post-61286","1":"product","2":"type-product","3":"status-publish","4":"has-post-thumbnail","6":"product_cat-aerien-produit","7":"product_cat-jonction-bt-aerien-produit","8":"product_cat-produit","9":"pa_votre-choix-manchon-preisole-mecanique-150-300-k569","10":"pa_votre-choix-manchon-preisole-mecanique-25-95-k189","11":"pa_votre-choix-manchon-preisole-mecanique-50-185-k573","12":"pa_votre-choix-manchon-preisole-mecanique-95-240-mm2-k191","13":"pa_votre-choix-manchon-preisole-mecanique-rond-150-sectoral-240-k192","14":"pa_votre-choix-manchon-preisole-mecanique-rond-50-150-k193","16":"first","17":"instock","18":"purchasable","19":"product-type-variable"},"aioseo_notices":[],"_links":{"self":[{"href":"https:\/\/www.michaud-export.com\/group\/wp-json\/wp\/v2\/product\/61286","targetHints":{"allow":["GET"]}}],"collection":[{"href":"https:\/\/www.michaud-export.com\/group\/wp-json\/wp\/v2\/product"}],"about":[{"href":"https:\/\/www.michaud-export.com\/group\/wp-json\/wp\/v2\/types\/product"}],"replies":[{"embeddable":true,"href":"https:\/\/www.michaud-export.com\/group\/wp-json\/wp\/v2\/comments?post=61286"}],"wp:featuredmedia":[{"embeddable":true,"href":"https:\/\/www.michaud-export.com\/group\/wp-json\/wp\/v2\/media\/109385"}],"wp:attachment":[{"href":"https:\/\/www.michaud-export.com\/group\/wp-json\/wp\/v2\/media?parent=61286"}],"wp:term":[{"taxonomy":"product_brand","embeddable":true,"href":"https:\/\/www.michaud-export.com\/group\/wp-json\/wp\/v2\/product_brand?post=61286"},{"taxonomy":"product_cat","embeddable":true,"href":"https:\/\/www.michaud-export.com\/group\/wp-json\/wp\/v2\/product_cat?post=61286"},{"taxonomy":"product_tag","embeddable":true,"href":"https:\/\/www.michaud-export.com\/group\/wp-json\/wp\/v2\/product_tag?post=61286"}],"curies":[{"name":"wp","href":"https:\/\/api.w.org\/{rel}","templated":true}]}}