{"id":61035,"date":"2022-04-04T15:23:48","date_gmt":"2022-04-04T13:23:48","guid":{"rendered":"https:\/\/www.michaud-export.com\/group?post_type=product&#038;p=61035"},"modified":"2022-04-04T15:27:00","modified_gmt":"2022-04-04T13:27:00","slug":"manchon-de-branchement-demontable-et-boitier-de-connexion","status":"publish","type":"product","link":"https:\/\/www.michaud-export.com\/group\/produit\/manchon-de-branchement-demontable-et-boitier-de-connexion","title":{"rendered":"Manchon de branchement d\u00e9montable et boitier de connexion"},"content":{"rendered":"<div class=\"video-shortcode\"><iframe title=\"Manchons Michaud (FR)\" width=\"200\" height=\"113\" src=\"https:\/\/www.youtube.com\/embed\/JaTkC5_eCxg?feature=oembed\" frameborder=\"0\" allow=\"accelerometer; autoplay; clipboard-write; encrypted-media; gyroscope; picture-in-picture; web-share\" referrerpolicy=\"strict-origin-when-cross-origin\" allowfullscreen><\/iframe><\/div>\n","protected":false},"excerpt":{"rendered":"<p>Le manchon de branchement d\u00e9montable s\u2019utilise pour \u00e9tablir la connexion entre le branchement a\u00e9rien et le client avec des conducteurs Al ou Cu. Ce manchon est utilis\u00e9 hors traction m\u00e9canique. <\/p>\n<p>Le bo\u00eetier est install\u00e9 sur la fa\u00e7ade du b\u00e2timent client. Il comprend des manchons de branchement d\u00e9montables afin de r\u00e9aliser la jonction entre le branchement a\u00e9rien et le client. [fusion_builder_container type=\"flex\" hundred_percent=\"no\" hundred_percent_height=\"no\" hundred_percent_height_scroll=\"no\" align_content=\"stretch\" flex_align_items=\"flex-start\" flex_justify_content=\"flex-start\" hundred_percent_height_center_content=\"yes\" equal_height_columns=\"no\" container_tag=\"div\" hide_on_mobile=\"small-visibility,medium-visibility,large-visibility\" status=\"published\" spacing_medium=\"\" spacing_small=\"\" padding_dimensions_medium=\"\" padding_dimensions_small=\"\" border_sizes=\"\" border_style=\"solid\" box_shadow=\"no\" box_shadow_blur=\"0\" box_shadow_spread=\"0\" gradient_start_color=\"\" gradient_end_color=\"\" gradient_start_position=\"0\" gradient_end_position=\"100\" gradient_type=\"linear\" radial_direction=\"center center\" linear_angle=\"180\" background_position=\"center center\" background_repeat=\"no-repeat\" fade=\"no\" background_parallax=\"none\" enable_mobile=\"no\" parallax_speed=\"0.3\" background_blend_mode=\"none\" video_aspect_ratio=\"16:9\" video_loop=\"yes\" video_mute=\"yes\" render_logics=\"\" absolute=\"off\" absolute_devices=\"small,medium,large\" sticky=\"off\" sticky_devices=\"small-visibility,medium-visibility,large-visibility\" sticky_transition_offset=\"0\" scroll_offset=\"0\" animation_direction=\"left\" animation_speed=\"0.3\" filter_hue=\"0\" filter_saturation=\"100\" filter_brightness=\"100\" filter_contrast=\"100\" filter_invert=\"0\" filter_sepia=\"0\" filter_opacity=\"100\" filter_blur=\"0\" filter_hue_hover=\"0\" filter_saturation_hover=\"100\" filter_brightness_hover=\"100\" filter_contrast_hover=\"100\" filter_invert_hover=\"0\" filter_sepia_hover=\"0\" filter_opacity_hover=\"100\" filter_blur_hover=\"0\"][fusion_builder_row][fusion_builder_column type=\"1_1\" layout=\"1_3\" align_self=\"auto\" content_layout=\"column\" align_content=\"flex-start\" valign_content=\"flex-start\" content_wrap=\"wrap\" spacing=\"\" center_content=\"no\" link=\"\" target=\"_self\" min_height=\"\" hide_on_mobile=\"small-visibility,medium-visibility,large-visibility\" sticky_display=\"normal,sticky\" class=\"\" id=\"\" type_medium=\"\" type_small=\"\" order_medium=\"0\" order_small=\"0\" dimension_spacing_medium=\"\" dimension_spacing_small=\"\" dimension_spacing=\"\" dimension_margin_medium=\"\" dimension_margin_small=\"\" margin_top=\"\" margin_bottom=\"\" padding_medium=\"\" padding_small=\"\" padding_top=\"\" padding_right=\"\" padding_bottom=\"\" padding_left=\"\" hover_type=\"none\" border_sizes=\"\" border_color=\"\" border_style=\"solid\" border_radius=\"\" box_shadow=\"no\" dimension_box_shadow=\"\" box_shadow_blur=\"0\" box_shadow_spread=\"0\" box_shadow_color=\"\" box_shadow_style=\"\" background_type=\"single\" gradient_start_color=\"\" gradient_end_color=\"\" gradient_start_position=\"0\" gradient_end_position=\"100\" gradient_type=\"linear\" radial_direction=\"center center\" linear_angle=\"180\" background_color=\"\" background_image=\"\" background_image_id=\"\" background_position=\"left top\" background_repeat=\"no-repeat\" background_blend_mode=\"none\" render_logics=\"\" filter_type=\"regular\" filter_hue=\"0\" filter_saturation=\"100\" filter_brightness=\"100\" filter_contrast=\"100\" filter_invert=\"0\" filter_sepia=\"0\" filter_opacity=\"100\" filter_blur=\"0\" filter_hue_hover=\"0\" filter_saturation_hover=\"100\" filter_brightness_hover=\"100\" filter_contrast_hover=\"100\" filter_invert_hover=\"0\" filter_sepia_hover=\"0\" filter_opacity_hover=\"100\" filter_blur_hover=\"0\" animation_type=\"\" animation_direction=\"left\" animation_speed=\"0.3\" animation_offset=\"\" last=\"true\" border_position=\"all\" first=\"false\"][fusion_button link=\"https:\/\/www.michaud-export.com\/group\/1 - CATALOGUES\/BT\/1-FR\/1-AERIEN\/4-Jonction BT\/Manchon_de_branchement_demontable_et_boitier_de_connexion.pdf\" text_transform=\"\" title=\"\" target=\"_blank\" link_attributes=\"\" alignment_medium=\"\" alignment_small=\"\" alignment=\"left\" modal=\"\" hide_on_mobile=\"small-visibility,medium-visibility,large-visibility\" sticky_display=\"normal,sticky\" class=\"\" id=\"\" color=\"custom\" button_gradient_top_color=\"#eb690b\" button_gradient_bottom_color=\"eb690b\" button_gradient_top_color_hover=\"\" button_gradient_bottom_color_hover=\"\" accent_color=\"\" accent_hover_color=\"\" type=\"\" bevel_color=\"\" border_width=\"\" border_radius=\"\" border_color=\"\" border_hover_color=\"\" size=\"\" stretch=\"default\" margin_top=\"\" margin_right=\"\" margin_bottom=\"\" margin_left=\"\" icon=\"fa-arrow-circle-down fas\" icon_position=\"left\" icon_divider=\"no\" animation_type=\"\" animation_direction=\"left\" animation_speed=\"0.3\" animation_offset=\"\"]Visualiser la fiche technique[\/fusion_button][\/fusion_builder_column][\/fusion_builder_row][\/fusion_builder_container]<\/p>\n","protected":false},"featured_media":112608,"comment_status":"closed","ping_status":"open","template":"","meta":[],"product_brand":[],"product_cat":[1159,1171,1158],"product_tag":[],"class_list":{"0":"post-61035","1":"product","2":"type-product","3":"status-publish","4":"has-post-thumbnail","6":"product_cat-aerien-produit","7":"product_cat-jonction-bt-aerien-produit","8":"product_cat-produit","9":"pa_votre-choix-boitier-de-connexion-mcb-monophase-2-k096-k451","10":"pa_votre-choix-boitier-de-connexion-mcb-triphase-4-k096-k455","11":"pa_votre-choix-manchon-de-branchement-perfo-6-35-denud-4-35-k096","12":"pa_votre-choix-manchon-demontable-perfo-6-50m-denud-6-50m-k092","13":"pa_votre-choix-mbs-perfo-4-50-perfo-4-50-k091","14":"pa_votre-choix-mbs-perfo-6-35-denud-4-35-4-vis-g2-k099","15":"pa_votre-choix-vis-fusible-blanche-pour-k099-l307","17":"first","18":"instock","19":"purchasable","20":"product-type-variable"},"aioseo_notices":[],"_links":{"self":[{"href":"https:\/\/www.michaud-export.com\/group\/wp-json\/wp\/v2\/product\/61035","targetHints":{"allow":["GET"]}}],"collection":[{"href":"https:\/\/www.michaud-export.com\/group\/wp-json\/wp\/v2\/product"}],"about":[{"href":"https:\/\/www.michaud-export.com\/group\/wp-json\/wp\/v2\/types\/product"}],"replies":[{"embeddable":true,"href":"https:\/\/www.michaud-export.com\/group\/wp-json\/wp\/v2\/comments?post=61035"}],"wp:featuredmedia":[{"embeddable":true,"href":"https:\/\/www.michaud-export.com\/group\/wp-json\/wp\/v2\/media\/112608"}],"wp:attachment":[{"href":"https:\/\/www.michaud-export.com\/group\/wp-json\/wp\/v2\/media?parent=61035"}],"wp:term":[{"taxonomy":"product_brand","embeddable":true,"href":"https:\/\/www.michaud-export.com\/group\/wp-json\/wp\/v2\/product_brand?post=61035"},{"taxonomy":"product_cat","embeddable":true,"href":"https:\/\/www.michaud-export.com\/group\/wp-json\/wp\/v2\/product_cat?post=61035"},{"taxonomy":"product_tag","embeddable":true,"href":"https:\/\/www.michaud-export.com\/group\/wp-json\/wp\/v2\/product_tag?post=61035"}],"curies":[{"name":"wp","href":"https:\/\/api.w.org\/{rel}","templated":true}]}}