{"id":60754,"date":"2021-10-01T08:31:53","date_gmt":"2021-10-01T06:31:53","guid":{"rendered":"https:\/\/www.michaud-export.com\/group?post_type=product&#038;p=60754"},"modified":"2021-10-01T08:32:26","modified_gmt":"2021-10-01T06:32:26","slug":"dispositif-de-mise-en-court-circuit-et-de-mise-a-la-terre","status":"publish","type":"product","link":"https:\/\/www.michaud-export.com\/group\/produit\/dispositif-de-mise-en-court-circuit-et-de-mise-a-la-terre","title":{"rendered":"Dispositif de mise en court-circuit et de mise \u00e0 la terre"},"content":{"rendered":"","protected":false},"excerpt":{"rendered":"<p>Ce dispositif permet la mise en court-circuit et la mise \u00e0 la terre d\u2019un r\u00e9seau a\u00e9rien basse tension en conducteur isol\u00e9 torsad\u00e9. Il est raccord\u00e9 \u00e0 un connecteur de mesure et de mise en court-circuit (type CMCC). <\/p>\n<p>L&rsquo;\u00e9quipement de mise \u00e0 la terre permet la mise \u00e0 la terre d\u2019un r\u00e9seau a\u00e9rien basse tension en conducteur isol\u00e9 torsad\u00e9. Il se connecte au dispositif de mise en court-circuit reli\u00e9 \u00e0 des connecteurs CMCC (connecteurs de mesure et de mise en court-circuit). [fusion_builder_container type=\"flex\" hundred_percent=\"no\" hundred_percent_height=\"no\" hundred_percent_height_scroll=\"no\" align_content=\"stretch\" flex_align_items=\"flex-start\" flex_justify_content=\"flex-start\" hundred_percent_height_center_content=\"yes\" equal_height_columns=\"no\" container_tag=\"div\" hide_on_mobile=\"small-visibility,medium-visibility,large-visibility\" status=\"published\" spacing_medium=\"\" spacing_small=\"\" padding_dimensions_medium=\"\" padding_dimensions_small=\"\" border_sizes=\"\" border_style=\"solid\" box_shadow=\"no\" box_shadow_blur=\"0\" box_shadow_spread=\"0\" gradient_start_color=\"\" gradient_end_color=\"\" gradient_start_position=\"0\" gradient_end_position=\"100\" gradient_type=\"linear\" radial_direction=\"center center\" linear_angle=\"180\" background_position=\"center center\" background_repeat=\"no-repeat\" fade=\"no\" background_parallax=\"none\" enable_mobile=\"no\" parallax_speed=\"0.3\" background_blend_mode=\"none\" video_aspect_ratio=\"16:9\" video_loop=\"yes\" video_mute=\"yes\" render_logics=\"\" absolute=\"off\" absolute_devices=\"small,medium,large\" sticky=\"off\" sticky_devices=\"small-visibility,medium-visibility,large-visibility\" sticky_transition_offset=\"0\" scroll_offset=\"0\" animation_direction=\"left\" animation_speed=\"0.3\" filter_hue=\"0\" filter_saturation=\"100\" filter_brightness=\"100\" filter_contrast=\"100\" filter_invert=\"0\" filter_sepia=\"0\" filter_opacity=\"100\" filter_blur=\"0\" filter_hue_hover=\"0\" filter_saturation_hover=\"100\" filter_brightness_hover=\"100\" filter_contrast_hover=\"100\" filter_invert_hover=\"0\" filter_sepia_hover=\"0\" filter_opacity_hover=\"100\" filter_blur_hover=\"0\"][fusion_builder_row][fusion_builder_column type=\"1_1\" layout=\"1_3\" align_self=\"auto\" content_layout=\"column\" align_content=\"flex-start\" valign_content=\"flex-start\" content_wrap=\"wrap\" spacing=\"\" center_content=\"no\" link=\"\" target=\"_self\" min_height=\"\" hide_on_mobile=\"small-visibility,medium-visibility,large-visibility\" sticky_display=\"normal,sticky\" class=\"\" id=\"\" type_medium=\"\" type_small=\"\" order_medium=\"0\" order_small=\"0\" dimension_spacing_medium=\"\" dimension_spacing_small=\"\" dimension_spacing=\"\" dimension_margin_medium=\"\" dimension_margin_small=\"\" margin_top=\"\" margin_bottom=\"\" padding_medium=\"\" padding_small=\"\" padding_top=\"\" padding_right=\"\" padding_bottom=\"\" padding_left=\"\" hover_type=\"none\" border_sizes=\"\" border_color=\"\" border_style=\"solid\" border_radius=\"\" box_shadow=\"no\" dimension_box_shadow=\"\" box_shadow_blur=\"0\" box_shadow_spread=\"0\" box_shadow_color=\"\" box_shadow_style=\"\" background_type=\"single\" gradient_start_color=\"\" gradient_end_color=\"\" gradient_start_position=\"0\" gradient_end_position=\"100\" gradient_type=\"linear\" radial_direction=\"center center\" linear_angle=\"180\" background_color=\"\" background_image=\"\" background_image_id=\"\" background_position=\"left top\" background_repeat=\"no-repeat\" background_blend_mode=\"none\" render_logics=\"\" filter_type=\"regular\" filter_hue=\"0\" filter_saturation=\"100\" filter_brightness=\"100\" filter_contrast=\"100\" filter_invert=\"0\" filter_sepia=\"0\" filter_opacity=\"100\" filter_blur=\"0\" filter_hue_hover=\"0\" filter_saturation_hover=\"100\" filter_brightness_hover=\"100\" filter_contrast_hover=\"100\" filter_invert_hover=\"0\" filter_sepia_hover=\"0\" filter_opacity_hover=\"100\" filter_blur_hover=\"0\" animation_type=\"\" animation_direction=\"left\" animation_speed=\"0.3\" animation_offset=\"\" last=\"true\" border_position=\"all\" first=\"false\"][fusion_button link=\"https:\/\/www.michaud-export.com\/group\/1 - CATALOGUES\/BT\/1-FR\/3-MISE A LA TERRE\/3-Conducteurs de terre\/Dispositif_de_mise_en_CC_et_de_MALT.pdf\" text_transform=\"\" title=\"\" target=\"_blank\" link_attributes=\"\" alignment_medium=\"\" alignment_small=\"\" alignment=\"left\" modal=\"\" hide_on_mobile=\"small-visibility,medium-visibility,large-visibility\" sticky_display=\"normal,sticky\" class=\"\" id=\"\" color=\"custom\" button_gradient_top_color=\"#eb690b\" button_gradient_bottom_color=\"eb690b\" button_gradient_top_color_hover=\"\" button_gradient_bottom_color_hover=\"\" accent_color=\"\" accent_hover_color=\"\" type=\"\" bevel_color=\"\" border_width=\"\" border_radius=\"\" border_color=\"\" border_hover_color=\"\" size=\"\" stretch=\"default\" margin_top=\"\" margin_right=\"\" margin_bottom=\"\" margin_left=\"\" icon=\"fa-arrow-circle-down fas\" icon_position=\"left\" icon_divider=\"no\" animation_type=\"\" animation_direction=\"left\" animation_speed=\"0.3\" animation_offset=\"\"]Visualiser la fiche technique[\/fusion_button][\/fusion_builder_column][\/fusion_builder_row][\/fusion_builder_container]<\/p>\n","protected":false},"featured_media":97912,"comment_status":"closed","ping_status":"open","template":"","meta":[],"product_brand":[],"product_cat":[1191,1190,1158],"product_tag":[],"class_list":{"0":"post-60754","1":"product","2":"type-product","3":"status-publish","4":"has-post-thumbnail","6":"product_cat-conducteurs-de-terre","7":"product_cat-mise-a-la-terre","8":"product_cat-produit","9":"pa_votre-choix-dispositif-de-mise-en-court-circuit-5-douilles-16-mm-k016-5","10":"pa_votre-choix-dispositif-de-mise-en-court-circuit-6-douilles-k008","11":"pa_votre-choix-dispositif-de-mise-en-court-circuit-6-douilles-16-mm-k016-6","12":"pa_votre-choix-dispositif-de-mise-en-court-circuit-7-douilles-k009","13":"pa_votre-choix-dispositif-de-mise-en-court-circuit-7-douilles-16-mm-k016-7","14":"pa_votre-choix-equipement-de-la-mise-a-la-terre-16mm-15m-k006-16_15","15":"pa_votre-choix-equipement-de-la-mise-en-terre-16-mm-10m-k006-16_10","16":"pa_votre-choix-equipement-de-mise-a-la-terre-25-mm-10m-k006","18":"first","19":"instock","20":"purchasable","21":"product-type-variable"},"aioseo_notices":[],"_links":{"self":[{"href":"https:\/\/www.michaud-export.com\/group\/wp-json\/wp\/v2\/product\/60754","targetHints":{"allow":["GET"]}}],"collection":[{"href":"https:\/\/www.michaud-export.com\/group\/wp-json\/wp\/v2\/product"}],"about":[{"href":"https:\/\/www.michaud-export.com\/group\/wp-json\/wp\/v2\/types\/product"}],"replies":[{"embeddable":true,"href":"https:\/\/www.michaud-export.com\/group\/wp-json\/wp\/v2\/comments?post=60754"}],"wp:featuredmedia":[{"embeddable":true,"href":"https:\/\/www.michaud-export.com\/group\/wp-json\/wp\/v2\/media\/97912"}],"wp:attachment":[{"href":"https:\/\/www.michaud-export.com\/group\/wp-json\/wp\/v2\/media?parent=60754"}],"wp:term":[{"taxonomy":"product_brand","embeddable":true,"href":"https:\/\/www.michaud-export.com\/group\/wp-json\/wp\/v2\/product_brand?post=60754"},{"taxonomy":"product_cat","embeddable":true,"href":"https:\/\/www.michaud-export.com\/group\/wp-json\/wp\/v2\/product_cat?post=60754"},{"taxonomy":"product_tag","embeddable":true,"href":"https:\/\/www.michaud-export.com\/group\/wp-json\/wp\/v2\/product_tag?post=60754"}],"curies":[{"name":"wp","href":"https:\/\/api.w.org\/{rel}","templated":true}]}}