{"id":60476,"date":"2022-04-04T15:23:30","date_gmt":"2022-04-04T13:23:30","guid":{"rendered":"https:\/\/www.michaud-export.com\/group?post_type=product&#038;p=60476"},"modified":"2022-04-04T15:36:04","modified_gmt":"2022-04-04T13:36:04","slug":"outillages-isoles-bt","status":"publish","type":"product","link":"https:\/\/www.michaud-export.com\/group\/produit\/outillages-isoles-bt","title":{"rendered":"Outillages isol\u00e9s BT"},"content":{"rendered":"","protected":false},"excerpt":{"rendered":"<p>Ces outillages servent \u00e0 la mise en \u0153uvre des connexions. [fusion_builder_container type=\"flex\" hundred_percent=\"no\" hundred_percent_height=\"no\" hundred_percent_height_scroll=\"no\" align_content=\"stretch\" flex_align_items=\"flex-start\" flex_justify_content=\"flex-start\" hundred_percent_height_center_content=\"yes\" equal_height_columns=\"no\" container_tag=\"div\" hide_on_mobile=\"small-visibility,medium-visibility,large-visibility\" status=\"published\" spacing_medium=\"\" spacing_small=\"\" padding_dimensions_medium=\"\" padding_dimensions_small=\"\" border_sizes=\"\" border_style=\"solid\" box_shadow=\"no\" box_shadow_blur=\"0\" box_shadow_spread=\"0\" gradient_start_color=\"\" gradient_end_color=\"\" gradient_start_position=\"0\" gradient_end_position=\"100\" gradient_type=\"linear\" radial_direction=\"center center\" linear_angle=\"180\" background_position=\"center center\" background_repeat=\"no-repeat\" fade=\"no\" background_parallax=\"none\" enable_mobile=\"no\" parallax_speed=\"0.3\" background_blend_mode=\"none\" video_aspect_ratio=\"16:9\" video_loop=\"yes\" video_mute=\"yes\" render_logics=\"\" absolute=\"off\" absolute_devices=\"small,medium,large\" sticky=\"off\" sticky_devices=\"small-visibility,medium-visibility,large-visibility\" sticky_transition_offset=\"0\" scroll_offset=\"0\" animation_direction=\"left\" animation_speed=\"0.3\" filter_hue=\"0\" filter_saturation=\"100\" filter_brightness=\"100\" filter_contrast=\"100\" filter_invert=\"0\" filter_sepia=\"0\" filter_opacity=\"100\" filter_blur=\"0\" filter_hue_hover=\"0\" filter_saturation_hover=\"100\" filter_brightness_hover=\"100\" filter_contrast_hover=\"100\" filter_invert_hover=\"0\" filter_sepia_hover=\"0\" filter_opacity_hover=\"100\" filter_blur_hover=\"0\"][fusion_builder_row][fusion_builder_column type=\"1_1\" layout=\"1_3\" align_self=\"auto\" content_layout=\"column\" align_content=\"flex-start\" valign_content=\"flex-start\" content_wrap=\"wrap\" spacing=\"\" center_content=\"no\" link=\"\" target=\"_self\" min_height=\"\" hide_on_mobile=\"small-visibility,medium-visibility,large-visibility\" sticky_display=\"normal,sticky\" class=\"\" id=\"\" type_medium=\"\" type_small=\"\" order_medium=\"0\" order_small=\"0\" dimension_spacing_medium=\"\" dimension_spacing_small=\"\" dimension_spacing=\"\" dimension_margin_medium=\"\" dimension_margin_small=\"\" margin_top=\"\" margin_bottom=\"\" padding_medium=\"\" padding_small=\"\" padding_top=\"\" padding_right=\"\" padding_bottom=\"\" padding_left=\"\" hover_type=\"none\" border_sizes=\"\" border_color=\"\" border_style=\"solid\" border_radius=\"\" box_shadow=\"no\" dimension_box_shadow=\"\" box_shadow_blur=\"0\" box_shadow_spread=\"0\" box_shadow_color=\"\" box_shadow_style=\"\" background_type=\"single\" gradient_start_color=\"\" gradient_end_color=\"\" gradient_start_position=\"0\" gradient_end_position=\"100\" gradient_type=\"linear\" radial_direction=\"center center\" linear_angle=\"180\" background_color=\"\" background_image=\"\" background_image_id=\"\" background_position=\"left top\" background_repeat=\"no-repeat\" background_blend_mode=\"none\" render_logics=\"\" filter_type=\"regular\" filter_hue=\"0\" filter_saturation=\"100\" filter_brightness=\"100\" filter_contrast=\"100\" filter_invert=\"0\" filter_sepia=\"0\" filter_opacity=\"100\" filter_blur=\"0\" filter_hue_hover=\"0\" filter_saturation_hover=\"100\" filter_brightness_hover=\"100\" filter_contrast_hover=\"100\" filter_invert_hover=\"0\" filter_sepia_hover=\"0\" filter_opacity_hover=\"100\" filter_blur_hover=\"0\" animation_type=\"\" animation_direction=\"left\" animation_speed=\"0.3\" animation_offset=\"\" last=\"true\" border_position=\"all\" first=\"false\"][fusion_button link=\"https:\/\/www.michaud-export.com\/group\/1 - CATALOGUES\/BT\/1-FR\/6-INSTALLATION\/2-Outillages\/Outillage_isoles_BT_cles.pdf\" text_transform=\"\" title=\"\" target=\"_blank\" link_attributes=\"\" alignment_medium=\"\" alignment_small=\"\" alignment=\"left\" modal=\"\" hide_on_mobile=\"small-visibility,medium-visibility,large-visibility\" sticky_display=\"normal,sticky\" class=\"\" id=\"\" color=\"custom\" button_gradient_top_color=\"#eb690b\" button_gradient_bottom_color=\"eb690b\" button_gradient_top_color_hover=\"\" button_gradient_bottom_color_hover=\"\" accent_color=\"\" accent_hover_color=\"\" type=\"\" bevel_color=\"\" border_width=\"\" border_radius=\"\" border_color=\"\" border_hover_color=\"\" size=\"\" stretch=\"default\" margin_top=\"\" margin_right=\"\" margin_bottom=\"\" margin_left=\"\" icon=\"fa-arrow-circle-down fas\" icon_position=\"left\" icon_divider=\"no\" animation_type=\"\" animation_direction=\"left\" animation_speed=\"0.3\" animation_offset=\"\"]Visualiser la fiche technique[\/fusion_button][\/fusion_builder_column][\/fusion_builder_row][\/fusion_builder_container]<\/p>\n","protected":false},"featured_media":112578,"comment_status":"closed","ping_status":"open","template":"","meta":[],"product_brand":[],"product_cat":[1166,1167,1158],"product_tag":[],"class_list":{"0":"post-60476","1":"product","2":"type-product","3":"status-publish","4":"has-post-thumbnail","6":"product_cat-installation-produit","7":"product_cat-outillages-installation-produit","8":"product_cat-produit","9":"pa_votre-choix-assortiment-10-cles-males-a-tete-spherique-u814-3","10":"pa_votre-choix-brosse-pour-conducteur-avec-etui-f450","11":"pa_votre-choix-ceinture-porte-outils-double-u839-2","12":"pa_votre-choix-ceinture-porte-outils-simple-u839-1","13":"pa_votre-choix-ciseaux-grande-breche-1000v-u811-5","14":"pa_votre-choix-cle-a-molette-10-1000v-u814-1","15":"pa_votre-choix-cle-a-molette-12-1000v-u814-2","16":"pa_votre-choix-cle-de-maintien-cbs-rdp-k004","17":"pa_votre-choix-cle-en-croix-8-10-13-17mm-f460","18":"pa_votre-choix-cle-isolee-a-cliquet-hexagonal-13-17mm-f445","19":"pa_votre-choix-coupe-cable-a-cliquet-diam-52-1000v-u811-3","20":"pa_votre-choix-coupe-cable-a-cliquet-diam-70-1000v-u811-4","21":"pa_votre-choix-coupe-cables-1000v-u811-1","22":"pa_votre-choix-coupe-cables-a-cliquet-diam-32-1000v-u811-2","23":"pa_votre-choix-coupe-tube-plastique-1000v-u811-8","24":"pa_votre-choix-couteau-coude-1000v-u811-6","25":"pa_votre-choix-ecarteur-a-coins-k005","26":"pa_votre-choix-ecarteur-coin-200x15x9mm-k007","27":"pa_votre-choix-graisse-neutre-n190-tube-de-100g-l024","28":"pa_votre-choix-jeu-de-3-pinces-1000v-u810-12","29":"pa_votre-choix-jeu-de-6-tournevis-u815-2","30":"pa_votre-choix-jeu-de-6-tournevis-1000v-u815-1","31":"pa_votre-choix-jeu-de-7-tournevis-torx-u815-3","32":"pa_votre-choix-jeu-de-douilles-3-8-10-pcs-1000v-u812-5","33":"pa_votre-choix-jeu-electricien-17-pcs-1000v-u812-1","34":"pa_votre-choix-jeu-electricien-26-pcs-1000v-u812-2","35":"pa_votre-choix-jeu-electricien-37-pcs-1000v-u812-3","36":"pa_votre-choix-multimetre-digital-u813-1","37":"pa_votre-choix-pince-a-denuder-1000v-u810-9","38":"pa_votre-choix-pince-coupante-diagonale-1000v-u810-7","39":"pa_votre-choix-pince-coupante-renforcee-1000v-u810-8","40":"pa_votre-choix-pince-coupe-colliers-plastiques-u811-7","41":"pa_votre-choix-pince-multimetre-1000a-u813-21","42":"pa_votre-choix-pince-multimetre-400a-u813-2","43":"pa_votre-choix-pince-multiprise-u810-11","44":"pa_votre-choix-pince-pour-terminaux-isoles-u810-10","45":"pa_votre-choix-pince-telephone-1000v-u810-5","46":"pa_votre-choix-pince-telephone-bec-coude-1000v-u810-6","47":"pa_votre-choix-pince-universelle-l165mm-1000v-u810-1","48":"pa_votre-choix-pince-universelle-l180mm-1000v-u810-2","49":"pa_votre-choix-pince-universelle-l200mm-1000v-u810-3","50":"pa_votre-choix-pince-universelle-l210mm-1000v-u810-4","51":"pa_votre-choix-set-outillage-electricien-5-pcs-1000v-u812-4","52":"pa_votre-choix-testeur-digital-220v-u813-3","53":"pa_votre-choix-tournevis-cruciforme-ph-1-u815-5","54":"pa_votre-choix-tournevis-plat-1000v-6-5150-u815-4","56":"first","57":"instock","58":"purchasable","59":"product-type-variable"},"aioseo_notices":[],"_links":{"self":[{"href":"https:\/\/www.michaud-export.com\/group\/wp-json\/wp\/v2\/product\/60476","targetHints":{"allow":["GET"]}}],"collection":[{"href":"https:\/\/www.michaud-export.com\/group\/wp-json\/wp\/v2\/product"}],"about":[{"href":"https:\/\/www.michaud-export.com\/group\/wp-json\/wp\/v2\/types\/product"}],"replies":[{"embeddable":true,"href":"https:\/\/www.michaud-export.com\/group\/wp-json\/wp\/v2\/comments?post=60476"}],"wp:featuredmedia":[{"embeddable":true,"href":"https:\/\/www.michaud-export.com\/group\/wp-json\/wp\/v2\/media\/112578"}],"wp:attachment":[{"href":"https:\/\/www.michaud-export.com\/group\/wp-json\/wp\/v2\/media?parent=60476"}],"wp:term":[{"taxonomy":"product_brand","embeddable":true,"href":"https:\/\/www.michaud-export.com\/group\/wp-json\/wp\/v2\/product_brand?post=60476"},{"taxonomy":"product_cat","embeddable":true,"href":"https:\/\/www.michaud-export.com\/group\/wp-json\/wp\/v2\/product_cat?post=60476"},{"taxonomy":"product_tag","embeddable":true,"href":"https:\/\/www.michaud-export.com\/group\/wp-json\/wp\/v2\/product_tag?post=60476"}],"curies":[{"name":"wp","href":"https:\/\/api.w.org\/{rel}","templated":true}]}}