{"id":60335,"date":"2022-04-06T13:55:38","date_gmt":"2022-04-06T11:55:38","guid":{"rendered":"https:\/\/www.michaud-export.com\/group?post_type=product&#038;p=60335"},"modified":"2022-04-06T13:58:16","modified_gmt":"2022-04-06T11:58:16","slug":"boulon-queue-de-cochon","status":"publish","type":"product","link":"https:\/\/www.michaud-export.com\/group\/produit\/boulon-queue-de-cochon","title":{"rendered":"Boulon queue de cochon"},"content":{"rendered":"","protected":false},"excerpt":{"rendered":"<p>Ce mat\u00e9riel en acier galvanis\u00e9 \u00e0 chaud s&rsquo;utilise pour fixer les pinces d&rsquo;ancrage et de suspension. [fusion_builder_container type=\"flex\" hundred_percent=\"no\" hundred_percent_height=\"no\" hundred_percent_height_scroll=\"no\" align_content=\"stretch\" flex_align_items=\"flex-start\" flex_justify_content=\"flex-start\" hundred_percent_height_center_content=\"yes\" equal_height_columns=\"no\" container_tag=\"div\" hide_on_mobile=\"small-visibility,medium-visibility,large-visibility\" status=\"published\" spacing_medium=\"\" spacing_small=\"\" padding_dimensions_medium=\"\" padding_dimensions_small=\"\" border_sizes=\"\" border_style=\"solid\" box_shadow=\"no\" box_shadow_blur=\"0\" box_shadow_spread=\"0\" gradient_start_color=\"\" gradient_end_color=\"\" gradient_start_position=\"0\" gradient_end_position=\"100\" gradient_type=\"linear\" radial_direction=\"center center\" linear_angle=\"180\" background_position=\"center center\" background_repeat=\"no-repeat\" fade=\"no\" background_parallax=\"none\" enable_mobile=\"no\" parallax_speed=\"0.3\" background_blend_mode=\"none\" video_aspect_ratio=\"16:9\" video_loop=\"yes\" video_mute=\"yes\" render_logics=\"\" absolute=\"off\" absolute_devices=\"small,medium,large\" sticky=\"off\" sticky_devices=\"small-visibility,medium-visibility,large-visibility\" sticky_transition_offset=\"0\" scroll_offset=\"0\" animation_direction=\"left\" animation_speed=\"0.3\" filter_hue=\"0\" filter_saturation=\"100\" filter_brightness=\"100\" filter_contrast=\"100\" filter_invert=\"0\" filter_sepia=\"0\" filter_opacity=\"100\" filter_blur=\"0\" filter_hue_hover=\"0\" filter_saturation_hover=\"100\" filter_brightness_hover=\"100\" filter_contrast_hover=\"100\" filter_invert_hover=\"0\" filter_sepia_hover=\"0\" filter_opacity_hover=\"100\" filter_blur_hover=\"0\"][fusion_builder_row][fusion_builder_column type=\"1_1\" layout=\"1_3\" align_self=\"auto\" content_layout=\"column\" align_content=\"flex-start\" valign_content=\"flex-start\" content_wrap=\"wrap\" spacing=\"\" center_content=\"no\" link=\"\" target=\"_self\" min_height=\"\" hide_on_mobile=\"small-visibility,medium-visibility,large-visibility\" sticky_display=\"normal,sticky\" class=\"\" id=\"\" type_medium=\"\" type_small=\"\" order_medium=\"0\" order_small=\"0\" dimension_spacing_medium=\"\" dimension_spacing_small=\"\" dimension_spacing=\"\" dimension_margin_medium=\"\" dimension_margin_small=\"\" margin_top=\"\" margin_bottom=\"\" padding_medium=\"\" padding_small=\"\" padding_top=\"\" padding_right=\"\" padding_bottom=\"\" padding_left=\"\" hover_type=\"none\" border_sizes=\"\" border_color=\"\" border_style=\"solid\" border_radius=\"\" box_shadow=\"no\" dimension_box_shadow=\"\" box_shadow_blur=\"0\" box_shadow_spread=\"0\" box_shadow_color=\"\" box_shadow_style=\"\" background_type=\"single\" gradient_start_color=\"\" gradient_end_color=\"\" gradient_start_position=\"0\" gradient_end_position=\"100\" gradient_type=\"linear\" radial_direction=\"center center\" linear_angle=\"180\" background_color=\"\" background_image=\"\" background_image_id=\"\" background_position=\"left top\" background_repeat=\"no-repeat\" background_blend_mode=\"none\" render_logics=\"\" filter_type=\"regular\" filter_hue=\"0\" filter_saturation=\"100\" filter_brightness=\"100\" filter_contrast=\"100\" filter_invert=\"0\" filter_sepia=\"0\" filter_opacity=\"100\" filter_blur=\"0\" filter_hue_hover=\"0\" filter_saturation_hover=\"100\" filter_brightness_hover=\"100\" filter_contrast_hover=\"100\" filter_invert_hover=\"0\" filter_sepia_hover=\"0\" filter_opacity_hover=\"100\" filter_blur_hover=\"0\" animation_type=\"\" animation_direction=\"left\" animation_speed=\"0.3\" animation_offset=\"\" last=\"true\" border_position=\"all\" first=\"false\"][fusion_button link=\"https:\/\/www.michaud-export.com\/group\/1 - CATALOGUES\/BT\/1-FR\/1-AERIEN\/6-Fixation m\u00e9canique BT\/Boulon_queue_de_cochon.pdf\" text_transform=\"\" title=\"\" target=\"_blank\" link_attributes=\"\" alignment_medium=\"\" alignment_small=\"\" alignment=\"left\" modal=\"\" hide_on_mobile=\"small-visibility,medium-visibility,large-visibility\" sticky_display=\"normal,sticky\" class=\"\" id=\"\" color=\"custom\" button_gradient_top_color=\"#eb690b\" button_gradient_bottom_color=\"eb690b\" button_gradient_top_color_hover=\"\" button_gradient_bottom_color_hover=\"\" accent_color=\"\" accent_hover_color=\"\" type=\"\" bevel_color=\"\" border_width=\"\" border_radius=\"\" border_color=\"\" border_hover_color=\"\" size=\"\" stretch=\"default\" margin_top=\"\" margin_right=\"\" margin_bottom=\"\" margin_left=\"\" icon=\"fa-arrow-circle-down fas\" icon_position=\"left\" icon_divider=\"no\" animation_type=\"\" animation_direction=\"left\" animation_speed=\"0.3\" animation_offset=\"\"]Visualiser la fiche technique[\/fusion_button][\/fusion_builder_column][\/fusion_builder_row][\/fusion_builder_container]<\/p>\n","protected":false},"featured_media":115666,"comment_status":"closed","ping_status":"open","template":"","meta":[],"product_brand":[],"product_cat":[1159,1160,1158],"product_tag":[],"class_list":{"0":"post-60335","1":"product","2":"type-product","3":"status-publish","4":"has-post-thumbnail","6":"product_cat-aerien-produit","7":"product_cat-fixation-mecanique-bt-aerien-produit","8":"product_cat-produit","9":"pa_votre-choix-boulon-queue-de-cochon-bqc-12x110-avec-1-cheville-u480_12-110-ch","10":"pa_votre-choix-boulon-queue-de-cochon-bqc-12x110-avec-2-ecrous-u480_12-110","11":"pa_votre-choix-boulon-queue-de-cochon-bqc-12x200-avec-2-ecrous-u480_12-200","12":"pa_votre-choix-boulon-queue-de-cochon-bqc-12x250-avec-2-ecrous-u480_12-250","13":"pa_votre-choix-boulon-queue-de-cochon-bqc-12x300-avec-2-ecrous-u480_12-300","14":"pa_votre-choix-boulon-queue-de-cochon-bqc-12x350-avec-2-ecrous-u480_12-350","15":"pa_votre-choix-boulon-queue-de-cochon-bqc-12x55-avec-une-plaquette-filetage-40-u480_12-55-40","16":"pa_votre-choix-boulon-queue-de-cochon-bqc-14x250-avec-2-ecrous-u480_14-250","17":"pa_votre-choix-boulon-queue-de-cochon-bqc-14x300-avec-2-ecrous-u480_14-300","18":"pa_votre-choix-boulon-queue-de-cochon-bqc-14x350-avec-2-ecrous-u480_14-350","19":"pa_votre-choix-bras-de-fixation-a-fixer-1100-u496-1100","20":"pa_votre-choix-bras-de-scellement-a-fixer-350-u496-350","21":"pa_votre-choix-bride-en-rond-50-u497-50","22":"pa_votre-choix-crochet-d-ancrage-queue-cochon-tqc-12x150-f344","23":"pa_votre-choix-crochet-dancrage-queue-cochon-tqc-12x200-f345","24":"pa_votre-choix-crochet-dancrage-queue-cochon-tqc-12x250-f346","25":"pa_votre-choix-crochet-plaque-queue-de-cochon-pqc-f340","26":"pa_votre-choix-potelet-45x45x4000-u495_45-45-4000","27":"pa_votre-choix-potelet-50x50x1500-u495-1500","28":"pa_votre-choix-potelet-50x50x2000-u495-2000","29":"pa_votre-choix-potelet-50x50x2500-u495-2500","30":"pa_votre-choix-potelet-50x50x3000-u495-3000","32":"first","33":"instock","34":"purchasable","35":"product-type-variable"},"aioseo_notices":[],"_links":{"self":[{"href":"https:\/\/www.michaud-export.com\/group\/wp-json\/wp\/v2\/product\/60335","targetHints":{"allow":["GET"]}}],"collection":[{"href":"https:\/\/www.michaud-export.com\/group\/wp-json\/wp\/v2\/product"}],"about":[{"href":"https:\/\/www.michaud-export.com\/group\/wp-json\/wp\/v2\/types\/product"}],"replies":[{"embeddable":true,"href":"https:\/\/www.michaud-export.com\/group\/wp-json\/wp\/v2\/comments?post=60335"}],"wp:featuredmedia":[{"embeddable":true,"href":"https:\/\/www.michaud-export.com\/group\/wp-json\/wp\/v2\/media\/115666"}],"wp:attachment":[{"href":"https:\/\/www.michaud-export.com\/group\/wp-json\/wp\/v2\/media?parent=60335"}],"wp:term":[{"taxonomy":"product_brand","embeddable":true,"href":"https:\/\/www.michaud-export.com\/group\/wp-json\/wp\/v2\/product_brand?post=60335"},{"taxonomy":"product_cat","embeddable":true,"href":"https:\/\/www.michaud-export.com\/group\/wp-json\/wp\/v2\/product_cat?post=60335"},{"taxonomy":"product_tag","embeddable":true,"href":"https:\/\/www.michaud-export.com\/group\/wp-json\/wp\/v2\/product_tag?post=60335"}],"curies":[{"name":"wp","href":"https:\/\/api.w.org\/{rel}","templated":true}]}}