{"id":60157,"date":"2021-11-09T11:52:00","date_gmt":"2021-11-09T09:52:00","guid":{"rendered":"https:\/\/www.michaud-export.com\/group?post_type=product&#038;p=60157"},"modified":"2021-11-09T11:55:20","modified_gmt":"2021-11-09T09:55:20","slug":"piquet-de-terre-acier-cuivre-lisse","status":"publish","type":"product","link":"https:\/\/www.michaud-export.com\/group\/produit\/piquet-de-terre-acier-cuivre-lisse","title":{"rendered":"Piquet de terre acier cuivr\u00e9 lisse"},"content":{"rendered":"","protected":false},"excerpt":{"rendered":"<p>Ce piquet de terre est utilis\u00e9 pour r\u00e9aliser les mises \u00e0 la terre sur les r\u00e9seaux \u00e9lectriques. Le rev\u00eatement en cuivre r\u00e9alis\u00e9 par proc\u00e9d\u00e9 \u00e9lectrolytique conf\u00e8re une bonne conductivit\u00e9 et une protection contre l&rsquo;oxydation. Les normes de r\u00e9f\u00e9rence sont EN 50 164-2 et EN 62 561-2.<\/p>\n<p>La cosse en laiton et boulonnerie inox permet d&rsquo;\u00e9tablir une connexion entre le piquet de terre et le conducteur.<\/p>\n<p>La cosse \u00e0 \u00e9trier offre la possibilit\u00e9 au c\u00e2ble de passer de mani\u00e8re radiale ou axiale.<\/p>\n<p>La cosse de raccordement ronde est \u00e9galement disponible en bronze. <\/p>\n<p>Les pointes et accessoires \u00e0 frapper en laiton sont destin\u00e9s \u00e0 prot\u00e9ger le piquet de terre durant la mise en oeuvre. Ils permettent de pr\u00e9server la couche de cuivre et ses caract\u00e9ristiques techniques.<\/p>\n<p>Le manchon \u00e0 coincement conique est en laiton. Il permet de faire la jonction entre deux piquets de terre lisses de diam\u00e8tre nominal 16mm. [fusion_builder_container type=\"flex\" hundred_percent=\"no\" hundred_percent_height=\"no\" hundred_percent_height_scroll=\"no\" align_content=\"stretch\" flex_align_items=\"flex-start\" flex_justify_content=\"flex-start\" hundred_percent_height_center_content=\"yes\" equal_height_columns=\"no\" container_tag=\"div\" hide_on_mobile=\"small-visibility,medium-visibility,large-visibility\" status=\"published\" spacing_medium=\"\" spacing_small=\"\" padding_dimensions_medium=\"\" padding_dimensions_small=\"\" border_sizes=\"\" border_style=\"solid\" box_shadow=\"no\" box_shadow_blur=\"0\" box_shadow_spread=\"0\" gradient_start_color=\"\" gradient_end_color=\"\" gradient_start_position=\"0\" gradient_end_position=\"100\" gradient_type=\"linear\" radial_direction=\"center center\" linear_angle=\"180\" background_position=\"center center\" background_repeat=\"no-repeat\" fade=\"no\" background_parallax=\"none\" enable_mobile=\"no\" parallax_speed=\"0.3\" background_blend_mode=\"none\" video_aspect_ratio=\"16:9\" video_loop=\"yes\" video_mute=\"yes\" render_logics=\"\" absolute=\"off\" absolute_devices=\"small,medium,large\" sticky=\"off\" sticky_devices=\"small-visibility,medium-visibility,large-visibility\" sticky_transition_offset=\"0\" scroll_offset=\"0\" animation_direction=\"left\" animation_speed=\"0.3\" filter_hue=\"0\" filter_saturation=\"100\" filter_brightness=\"100\" filter_contrast=\"100\" filter_invert=\"0\" filter_sepia=\"0\" filter_opacity=\"100\" filter_blur=\"0\" filter_hue_hover=\"0\" filter_saturation_hover=\"100\" filter_brightness_hover=\"100\" filter_contrast_hover=\"100\" filter_invert_hover=\"0\" filter_sepia_hover=\"0\" filter_opacity_hover=\"100\" filter_blur_hover=\"0\"][fusion_builder_row][fusion_builder_column type=\"1_1\" layout=\"1_3\" align_self=\"auto\" content_layout=\"column\" align_content=\"flex-start\" valign_content=\"flex-start\" content_wrap=\"wrap\" spacing=\"\" center_content=\"no\" link=\"\" target=\"_self\" min_height=\"\" hide_on_mobile=\"small-visibility,medium-visibility,large-visibility\" sticky_display=\"normal,sticky\" class=\"\" id=\"\" type_medium=\"\" type_small=\"\" order_medium=\"0\" order_small=\"0\" dimension_spacing_medium=\"\" dimension_spacing_small=\"\" dimension_spacing=\"\" dimension_margin_medium=\"\" dimension_margin_small=\"\" margin_top=\"\" margin_bottom=\"\" padding_medium=\"\" padding_small=\"\" padding_top=\"\" padding_right=\"\" padding_bottom=\"\" padding_left=\"\" hover_type=\"none\" border_sizes=\"\" border_color=\"\" border_style=\"solid\" border_radius=\"\" box_shadow=\"no\" dimension_box_shadow=\"\" box_shadow_blur=\"0\" box_shadow_spread=\"0\" box_shadow_color=\"\" box_shadow_style=\"\" background_type=\"single\" gradient_start_color=\"\" gradient_end_color=\"\" gradient_start_position=\"0\" gradient_end_position=\"100\" gradient_type=\"linear\" radial_direction=\"center center\" linear_angle=\"180\" background_color=\"\" background_image=\"\" background_image_id=\"\" background_position=\"left top\" background_repeat=\"no-repeat\" background_blend_mode=\"none\" render_logics=\"\" filter_type=\"regular\" filter_hue=\"0\" filter_saturation=\"100\" filter_brightness=\"100\" filter_contrast=\"100\" filter_invert=\"0\" filter_sepia=\"0\" filter_opacity=\"100\" filter_blur=\"0\" filter_hue_hover=\"0\" filter_saturation_hover=\"100\" filter_brightness_hover=\"100\" filter_contrast_hover=\"100\" filter_invert_hover=\"0\" filter_sepia_hover=\"0\" filter_opacity_hover=\"100\" filter_blur_hover=\"0\" animation_type=\"\" animation_direction=\"left\" animation_speed=\"0.3\" animation_offset=\"\" last=\"true\" border_position=\"all\" first=\"false\"][fusion_button link=\"https:\/\/www.michaud-export.com\/group\/1 - CATALOGUES\/BT\/1-FR\/3-MISE A LA TERRE\/1-Electrodes de terre\/Piquet_acier_de_terre_cuivre_lisse.pdf\" text_transform=\"\" title=\"\" target=\"_blank\" link_attributes=\"\" alignment_medium=\"\" alignment_small=\"\" alignment=\"left\" modal=\"\" hide_on_mobile=\"small-visibility,medium-visibility,large-visibility\" sticky_display=\"normal,sticky\" class=\"\" id=\"\" color=\"custom\" button_gradient_top_color=\"#eb690b\" button_gradient_bottom_color=\"eb690b\" button_gradient_top_color_hover=\"\" button_gradient_bottom_color_hover=\"\" accent_color=\"\" accent_hover_color=\"\" type=\"\" bevel_color=\"\" border_width=\"\" border_radius=\"\" border_color=\"\" border_hover_color=\"\" size=\"\" stretch=\"default\" margin_top=\"\" margin_right=\"\" margin_bottom=\"\" margin_left=\"\" icon=\"fa-arrow-circle-down fas\" icon_position=\"left\" icon_divider=\"no\" animation_type=\"\" animation_direction=\"left\" animation_speed=\"0.3\" animation_offset=\"\"]Visualiser la fiche technique[\/fusion_button][\/fusion_builder_column][\/fusion_builder_row][\/fusion_builder_container]<\/p>\n","protected":false},"featured_media":103077,"comment_status":"closed","ping_status":"open","template":"","meta":[],"product_brand":[],"product_cat":[1926,1190,1158],"product_tag":[],"class_list":{"0":"post-60157","1":"product","2":"type-product","3":"status-publish","4":"has-post-thumbnail","6":"product_cat-electrodes-de-terre","7":"product_cat-mise-a-la-terre","8":"product_cat-produit","9":"pa_votre-choix-accessoire-a-frapper-pdt-diam-12-7-u227","10":"pa_votre-choix-accessoire-a-frapper-pdt-diam-14-f238","11":"pa_votre-choix-cosse-de-raccordement-etrier-150-pdt-diam-127-a-172-f224","12":"pa_votre-choix-cosse-de-raccordement-etrier-50-pdt-diam-127-a-14-f233","13":"pa_votre-choix-cosse-raccord-pdt-diam-127-et-14mm-f234","14":"pa_votre-choix-cosse-raccord-pdt-diam-127-et-14mm-bronze-f234-b","15":"pa_votre-choix-cosse-raccord-pdt-diam-172mm-f246","16":"pa_votre-choix-manchon-de-jonction-a-coincement-5-8-50m-l268","17":"pa_votre-choix-manchon-de-jonction-a-coincement-5-8-250m-l267","18":"pa_votre-choix-piquet-de-terre-cuivre-100m-l-1-5m-diam-14-u231","19":"pa_votre-choix-piquet-de-terre-cuivre-100m-l-1-5m-diam-17-2-u234","20":"pa_votre-choix-piquet-de-terre-cuivre-100m-l-1m-diam-14-u230","21":"pa_votre-choix-piquet-de-terre-cuivre-100m-l-1m-diam-17-2-u233","22":"pa_votre-choix-piquet-de-terre-cuivre-100m-l-2m-diam-14-u232","23":"pa_votre-choix-piquet-de-terre-cuivre-100m-l-2m-diam-17-2-u235","24":"pa_votre-choix-piquet-de-terre-cuivre-254m-l-15m-diam-172-u209","25":"pa_votre-choix-piquet-de-terre-cuivre-254m-l-1m-diam-14-u206","26":"pa_votre-choix-piquet-de-terre-cuivre-254m-l-1m-diam-172-u208","27":"pa_votre-choix-piquet-de-terre-cuivre-254m-l-2m-diam-172-u210","28":"pa_votre-choix-piquet-de-terre-cuivre-254m-l-3m-diam-14-u207","29":"pa_votre-choix-piquet-de-terre-cuivre-254m-l-3m-diam-172-u211","30":"pa_votre-choix-piquet-de-terre-cuivre-254m-l15m-diam-14-f249","31":"pa_votre-choix-piquet-de-terre-cuivre-254m-l2m-diam-14-f227","32":"pa_votre-choix-piquet-de-terre-cuivre-350m-l-15m-diam-172-u213","33":"pa_votre-choix-piquet-de-terre-cuivre-350m-l-1m-diam-173-u212","34":"pa_votre-choix-piquet-de-terre-cuivre-350m-l-2m-diam-172-u214","35":"pa_votre-choix-piquet-de-terre-cuivre-50m-l-15m-diam-127-u204","36":"pa_votre-choix-piquet-de-terre-cuivre-50m-l-1m-diam-127-u203","37":"pa_votre-choix-piquet-de-terre-cuivre-50m-l-2m-diam-127-u205","38":"pa_votre-choix-piquet-de-terre-cuivre-50m-l15m-diam-14-f244","39":"pa_votre-choix-piquet-de-terre-cuivre-50m-l1m-diam-14-f226","40":"pa_votre-choix-piquet-de-terre-cuivre-50m-l2m-diam-14-f245","41":"pa_votre-choix-pointe-de-protection-pdt-diam-127-lisse-127-filete-14-lisse-f229","42":"pa_votre-choix-pointe-de-protection-pdt-diam-14-filete-172-lisse-f239","44":"first","45":"instock","46":"purchasable","47":"product-type-variable"},"aioseo_notices":[],"_links":{"self":[{"href":"https:\/\/www.michaud-export.com\/group\/wp-json\/wp\/v2\/product\/60157","targetHints":{"allow":["GET"]}}],"collection":[{"href":"https:\/\/www.michaud-export.com\/group\/wp-json\/wp\/v2\/product"}],"about":[{"href":"https:\/\/www.michaud-export.com\/group\/wp-json\/wp\/v2\/types\/product"}],"replies":[{"embeddable":true,"href":"https:\/\/www.michaud-export.com\/group\/wp-json\/wp\/v2\/comments?post=60157"}],"wp:featuredmedia":[{"embeddable":true,"href":"https:\/\/www.michaud-export.com\/group\/wp-json\/wp\/v2\/media\/103077"}],"wp:attachment":[{"href":"https:\/\/www.michaud-export.com\/group\/wp-json\/wp\/v2\/media?parent=60157"}],"wp:term":[{"taxonomy":"product_brand","embeddable":true,"href":"https:\/\/www.michaud-export.com\/group\/wp-json\/wp\/v2\/product_brand?post=60157"},{"taxonomy":"product_cat","embeddable":true,"href":"https:\/\/www.michaud-export.com\/group\/wp-json\/wp\/v2\/product_cat?post=60157"},{"taxonomy":"product_tag","embeddable":true,"href":"https:\/\/www.michaud-export.com\/group\/wp-json\/wp\/v2\/product_tag?post=60157"}],"curies":[{"name":"wp","href":"https:\/\/api.w.org\/{rel}","templated":true}]}}