{"id":60126,"date":"2021-10-01T08:29:50","date_gmt":"2021-10-01T06:29:50","guid":{"rendered":"https:\/\/www.michaud-export.com\/group?post_type=product&#038;p=60126"},"modified":"2021-10-01T08:39:55","modified_gmt":"2021-10-01T06:39:55","slug":"piquet-de-terre-acier-cuivre-filete","status":"publish","type":"product","link":"https:\/\/www.michaud-export.com\/group\/produit\/piquet-de-terre-acier-cuivre-filete","title":{"rendered":"Piquet de terre acier cuivr\u00e9 filet\u00e9"},"content":{"rendered":"","protected":false},"excerpt":{"rendered":"<p>Ce piquet de terre est utilis\u00e9 pour r\u00e9aliser les mises \u00e0 la terre sur les r\u00e9seaux \u00e9lectriques. Le filetage pr\u00e9sent aux deux extr\u00e9mit\u00e9s permet d&rsquo;allonger le piquet de terre. Le rev\u00eatement en cuivre r\u00e9alis\u00e9 par proc\u00e9d\u00e9 \u00e9lectrolytique conf\u00e8re une bonne conductivit\u00e9 et une protection contre l&rsquo;oxydation. Les normes de r\u00e9f\u00e9rence sont EN 50 164-2 et EN 62 561-2. <\/p>\n<p>La cosse en laiton et boulonnerie inox permet d&rsquo;\u00e9tablir une connexion entre le piquet de terre et le conducteur.<\/p>\n<p>La cosse \u00e0 \u00e9trier offre la possibilit\u00e9 au c\u00e2ble de passer de mani\u00e8re radiale ou axiale.<\/p>\n<p>Les pointes et accessoires \u00e0 frapper en laiton sont destin\u00e9s \u00e0 prot\u00e9ger le piquet de terre durant la mise en oeuvre. Ils permettent de pr\u00e9server la couche de cuivre et ses caract\u00e9ristiques techniques.<\/p>\n<p>Les manchons filet\u00e9s en laiton permettent de raccorder deux piquets et d&rsquo;obtenir une mise \u00e0 la terre plus profonde. [fusion_builder_container type=\"flex\" hundred_percent=\"no\" hundred_percent_height=\"no\" hundred_percent_height_scroll=\"no\" align_content=\"stretch\" flex_align_items=\"flex-start\" flex_justify_content=\"flex-start\" hundred_percent_height_center_content=\"yes\" equal_height_columns=\"no\" container_tag=\"div\" hide_on_mobile=\"small-visibility,medium-visibility,large-visibility\" status=\"published\" spacing_medium=\"\" spacing_small=\"\" padding_dimensions_medium=\"\" padding_dimensions_small=\"\" border_sizes=\"\" border_style=\"solid\" box_shadow=\"no\" box_shadow_blur=\"0\" box_shadow_spread=\"0\" gradient_start_color=\"\" gradient_end_color=\"\" gradient_start_position=\"0\" gradient_end_position=\"100\" gradient_type=\"linear\" radial_direction=\"center center\" linear_angle=\"180\" background_position=\"center center\" background_repeat=\"no-repeat\" fade=\"no\" background_parallax=\"none\" enable_mobile=\"no\" parallax_speed=\"0.3\" background_blend_mode=\"none\" video_aspect_ratio=\"16:9\" video_loop=\"yes\" video_mute=\"yes\" render_logics=\"\" absolute=\"off\" absolute_devices=\"small,medium,large\" sticky=\"off\" sticky_devices=\"small-visibility,medium-visibility,large-visibility\" sticky_transition_offset=\"0\" scroll_offset=\"0\" animation_direction=\"left\" animation_speed=\"0.3\" filter_hue=\"0\" filter_saturation=\"100\" filter_brightness=\"100\" filter_contrast=\"100\" filter_invert=\"0\" filter_sepia=\"0\" filter_opacity=\"100\" filter_blur=\"0\" filter_hue_hover=\"0\" filter_saturation_hover=\"100\" filter_brightness_hover=\"100\" filter_contrast_hover=\"100\" filter_invert_hover=\"0\" filter_sepia_hover=\"0\" filter_opacity_hover=\"100\" filter_blur_hover=\"0\"][fusion_builder_row][fusion_builder_column type=\"1_1\" layout=\"1_3\" align_self=\"auto\" content_layout=\"column\" align_content=\"flex-start\" valign_content=\"flex-start\" content_wrap=\"wrap\" spacing=\"\" center_content=\"no\" link=\"\" target=\"_self\" min_height=\"\" hide_on_mobile=\"small-visibility,medium-visibility,large-visibility\" sticky_display=\"normal,sticky\" class=\"\" id=\"\" type_medium=\"\" type_small=\"\" order_medium=\"0\" order_small=\"0\" dimension_spacing_medium=\"\" dimension_spacing_small=\"\" dimension_spacing=\"\" dimension_margin_medium=\"\" dimension_margin_small=\"\" margin_top=\"\" margin_bottom=\"\" padding_medium=\"\" padding_small=\"\" padding_top=\"\" padding_right=\"\" padding_bottom=\"\" padding_left=\"\" hover_type=\"none\" border_sizes=\"\" border_color=\"\" border_style=\"solid\" border_radius=\"\" box_shadow=\"no\" dimension_box_shadow=\"\" box_shadow_blur=\"0\" box_shadow_spread=\"0\" box_shadow_color=\"\" box_shadow_style=\"\" background_type=\"single\" gradient_start_color=\"\" gradient_end_color=\"\" gradient_start_position=\"0\" gradient_end_position=\"100\" gradient_type=\"linear\" radial_direction=\"center center\" linear_angle=\"180\" background_color=\"\" background_image=\"\" background_image_id=\"\" background_position=\"left top\" background_repeat=\"no-repeat\" background_blend_mode=\"none\" render_logics=\"\" filter_type=\"regular\" filter_hue=\"0\" filter_saturation=\"100\" filter_brightness=\"100\" filter_contrast=\"100\" filter_invert=\"0\" filter_sepia=\"0\" filter_opacity=\"100\" filter_blur=\"0\" filter_hue_hover=\"0\" filter_saturation_hover=\"100\" filter_brightness_hover=\"100\" filter_contrast_hover=\"100\" filter_invert_hover=\"0\" filter_sepia_hover=\"0\" filter_opacity_hover=\"100\" filter_blur_hover=\"0\" animation_type=\"\" animation_direction=\"left\" animation_speed=\"0.3\" animation_offset=\"\" last=\"true\" border_position=\"all\" first=\"false\"][fusion_button link=\"https:\/\/www.michaud-export.com\/group\/1 - CATALOGUES\/BT\/1-FR\/3-MISE A LA TERRE\/1-Electrodes de terre\/Piquet_de_terre_acier_cuivre_filete.pdf\" text_transform=\"\" title=\"\" target=\"_blank\" link_attributes=\"\" alignment_medium=\"\" alignment_small=\"\" alignment=\"left\" modal=\"\" hide_on_mobile=\"small-visibility,medium-visibility,large-visibility\" sticky_display=\"normal,sticky\" class=\"\" id=\"\" color=\"custom\" button_gradient_top_color=\"#eb690b\" button_gradient_bottom_color=\"eb690b\" button_gradient_top_color_hover=\"\" button_gradient_bottom_color_hover=\"\" accent_color=\"\" accent_hover_color=\"\" type=\"\" bevel_color=\"\" border_width=\"\" border_radius=\"\" border_color=\"\" border_hover_color=\"\" size=\"\" stretch=\"default\" margin_top=\"\" margin_right=\"\" margin_bottom=\"\" margin_left=\"\" icon=\"fa-arrow-circle-down fas\" icon_position=\"left\" icon_divider=\"no\" animation_type=\"\" animation_direction=\"left\" animation_speed=\"0.3\" animation_offset=\"\"]Visualiser la fiche technique[\/fusion_button][\/fusion_builder_column][\/fusion_builder_row][\/fusion_builder_container]<\/p>\n","protected":false},"featured_media":97767,"comment_status":"closed","ping_status":"open","template":"","meta":[],"product_brand":[],"product_cat":[1926,1190,1158],"product_tag":[],"class_list":{"0":"post-60126","1":"product","2":"type-product","3":"status-publish","4":"has-post-thumbnail","6":"product_cat-electrodes-de-terre","7":"product_cat-mise-a-la-terre","8":"product_cat-produit","9":"pa_votre-choix-manchon-de-jonction-a-visser-diam-127-fil-1-2-f298","10":"pa_votre-choix-manchon-de-jonction-a-visser-diam-14-fil-5-8-f236","11":"pa_votre-choix-manchon-de-jonction-a-visser-diam-172-fil-3-4-f265","12":"pa_votre-choix-piquet-de-terre-cuivre-100m-l-1m-diam-14-2-filetages-5-8-u236","13":"pa_votre-choix-piquet-de-terre-cuivre-100m-l-1m-diam-17-2-2-filetages-3-4-u237","14":"pa_votre-choix-piquet-de-terre-cuivre-100m-l-2-m-diam-17-2-2-filetages-3-4-u239","15":"pa_votre-choix-piquet-de-terre-cuivre-100m-l15m-diam-14-2-filetages-5-8-f216","16":"pa_votre-choix-piquet-de-terre-cuivre-100m-l1-5-m-diam-17-2-2-filetages-3-4-u238","17":"pa_votre-choix-piquet-de-terre-cuivre-100m-l20m-diam-14-2-filetages-5-8-f217","18":"pa_votre-choix-piquet-de-terre-cuivre-254m-l-1m-diam-14-2-filetages-5-8-u218","19":"pa_votre-choix-piquet-de-terre-cuivre-254m-l-1m-diam-172-2-filetages-3-4-u220","20":"pa_votre-choix-piquet-de-terre-cuivre-254m-l-2m-diam-172-2-filetages-3-4-u221","21":"pa_votre-choix-piquet-de-terre-cuivre-254m-l-3m-diam-14-2-filetages-5-8-u219","22":"pa_votre-choix-piquet-de-terre-cuivre-254m-l-3m-diam-172-2-filetages-3-4-u222","23":"pa_votre-choix-piquet-de-terre-cuivre-254m-l15m-diam-172-2-filetages-3-4-f262","24":"pa_votre-choix-piquet-de-terre-cuivre-254m-l1-5-m-diam-14-2-filetages-5-8-f222","25":"pa_votre-choix-piquet-de-terre-cuivre-254m-l2m-diam-14-2-filetages-5-8-f221","26":"pa_votre-choix-piquet-de-terre-cuivre-350m-l-15m-diam-172-2-filetages-3-4-u224","27":"pa_votre-choix-piquet-de-terre-cuivre-350m-l-1m-diam-173-2-filetages-3-4-u223","28":"pa_votre-choix-piquet-de-terre-cuivre-350m-l-2m-diam-172-2-filetages-3-4-u225","29":"pa_votre-choix-piquet-de-terre-cuivre-50-m-l1m-diam-14-2-filetages-5-8-u217","30":"pa_votre-choix-piquet-de-terre-cuivre-50m-l-1m-diam-127-2-filetages-1-2-u215","31":"pa_votre-choix-piquet-de-terre-cuivre-50m-l-2m-diam-127-2-filetages-1-2-u216","32":"pa_votre-choix-piquet-de-terre-cuivre-50m-l15m-diam-127-2-filetages-1-2-f296","33":"pa_votre-choix-piquet-de-terre-cuivre-50m-l15m-diam-14-2-filetages-5-8-f235","34":"pa_votre-choix-piquet-de-terre-cuivre-50m-l2m-diam-14-2-filetages-5-8-f223","35":"pa_votre-choix-pointe-de-protection-pdt-diam-172-filete-u226","36":"pa_votre-choix-vis-pour-manchon-pdt-diam-127-fil-1-2-u228","37":"pa_votre-choix-vis-pour-manchon-pdt-diam-14-fil-5-8-f228","38":"pa_votre-choix-vis-pour-manchon-pdt-diam-172-fil-3-4-u229","40":"first","41":"instock","42":"purchasable","43":"product-type-variable"},"aioseo_notices":[],"_links":{"self":[{"href":"https:\/\/www.michaud-export.com\/group\/wp-json\/wp\/v2\/product\/60126","targetHints":{"allow":["GET"]}}],"collection":[{"href":"https:\/\/www.michaud-export.com\/group\/wp-json\/wp\/v2\/product"}],"about":[{"href":"https:\/\/www.michaud-export.com\/group\/wp-json\/wp\/v2\/types\/product"}],"replies":[{"embeddable":true,"href":"https:\/\/www.michaud-export.com\/group\/wp-json\/wp\/v2\/comments?post=60126"}],"wp:featuredmedia":[{"embeddable":true,"href":"https:\/\/www.michaud-export.com\/group\/wp-json\/wp\/v2\/media\/97767"}],"wp:attachment":[{"href":"https:\/\/www.michaud-export.com\/group\/wp-json\/wp\/v2\/media?parent=60126"}],"wp:term":[{"taxonomy":"product_brand","embeddable":true,"href":"https:\/\/www.michaud-export.com\/group\/wp-json\/wp\/v2\/product_brand?post=60126"},{"taxonomy":"product_cat","embeddable":true,"href":"https:\/\/www.michaud-export.com\/group\/wp-json\/wp\/v2\/product_cat?post=60126"},{"taxonomy":"product_tag","embeddable":true,"href":"https:\/\/www.michaud-export.com\/group\/wp-json\/wp\/v2\/product_tag?post=60126"}],"curies":[{"name":"wp","href":"https:\/\/api.w.org\/{rel}","templated":true}]}}