{"id":59774,"date":"2022-04-05T17:31:23","date_gmt":"2022-04-05T15:31:23","guid":{"rendered":"https:\/\/www.michaud-export.com\/group?post_type=product&#038;p=59774"},"modified":"2022-04-05T17:32:49","modified_gmt":"2022-04-05T15:32:49","slug":"materiel-thermoretractable","status":"publish","type":"product","link":"https:\/\/www.michaud-export.com\/group\/produit\/materiel-thermoretractable","title":{"rendered":"Mat\u00e9riel thermor\u00e9tractable"},"content":{"rendered":"","protected":false},"excerpt":{"rendered":"<p>Ce mat\u00e9riel thermor\u00e9tractable s\u2019utilise pour des applications basse tension afin de prot\u00e9ger et rendre \u00e9tanches les conducteurs. <\/p>\n<p>Il se distingue par ses performances en mati\u00e8res d\u2019isolation ainsi que par sa grande r\u00e9sistance \u00e0 la pollution et aux UV. <\/p>\n<p>Il se r\u00e9tracte par chauffage \u00e0 l\u2019aide d\u2019un chalumeau. [fusion_builder_container type=\"flex\" hundred_percent=\"no\" hundred_percent_height=\"no\" hundred_percent_height_scroll=\"no\" align_content=\"stretch\" flex_align_items=\"flex-start\" flex_justify_content=\"flex-start\" hundred_percent_height_center_content=\"yes\" equal_height_columns=\"no\" container_tag=\"div\" hide_on_mobile=\"small-visibility,medium-visibility,large-visibility\" status=\"published\" spacing_medium=\"\" spacing_small=\"\" padding_dimensions_medium=\"\" padding_dimensions_small=\"\" border_sizes=\"\" border_style=\"solid\" box_shadow=\"no\" box_shadow_blur=\"0\" box_shadow_spread=\"0\" gradient_start_color=\"\" gradient_end_color=\"\" gradient_start_position=\"0\" gradient_end_position=\"100\" gradient_type=\"linear\" radial_direction=\"center center\" linear_angle=\"180\" background_position=\"center center\" background_repeat=\"no-repeat\" fade=\"no\" background_parallax=\"none\" enable_mobile=\"no\" parallax_speed=\"0.3\" background_blend_mode=\"none\" video_aspect_ratio=\"16:9\" video_loop=\"yes\" video_mute=\"yes\" render_logics=\"\" absolute=\"off\" absolute_devices=\"small,medium,large\" sticky=\"off\" sticky_devices=\"small-visibility,medium-visibility,large-visibility\" sticky_transition_offset=\"0\" scroll_offset=\"0\" animation_direction=\"left\" animation_speed=\"0.3\" filter_hue=\"0\" filter_saturation=\"100\" filter_brightness=\"100\" filter_contrast=\"100\" filter_invert=\"0\" filter_sepia=\"0\" filter_opacity=\"100\" filter_blur=\"0\" filter_hue_hover=\"0\" filter_saturation_hover=\"100\" filter_brightness_hover=\"100\" filter_contrast_hover=\"100\" filter_invert_hover=\"0\" filter_sepia_hover=\"0\" filter_opacity_hover=\"100\" filter_blur_hover=\"0\"][fusion_builder_row][fusion_builder_column type=\"1_1\" layout=\"1_3\" align_self=\"auto\" content_layout=\"column\" align_content=\"flex-start\" valign_content=\"flex-start\" content_wrap=\"wrap\" spacing=\"\" center_content=\"no\" link=\"\" target=\"_self\" min_height=\"\" hide_on_mobile=\"small-visibility,medium-visibility,large-visibility\" sticky_display=\"normal,sticky\" class=\"\" id=\"\" type_medium=\"\" type_small=\"\" order_medium=\"0\" order_small=\"0\" dimension_spacing_medium=\"\" dimension_spacing_small=\"\" dimension_spacing=\"\" dimension_margin_medium=\"\" dimension_margin_small=\"\" margin_top=\"\" margin_bottom=\"\" padding_medium=\"\" padding_small=\"\" padding_top=\"\" padding_right=\"\" padding_bottom=\"\" padding_left=\"\" hover_type=\"none\" border_sizes=\"\" border_color=\"\" border_style=\"solid\" border_radius=\"\" box_shadow=\"no\" dimension_box_shadow=\"\" box_shadow_blur=\"0\" box_shadow_spread=\"0\" box_shadow_color=\"\" box_shadow_style=\"\" background_type=\"single\" gradient_start_color=\"\" gradient_end_color=\"\" gradient_start_position=\"0\" gradient_end_position=\"100\" gradient_type=\"linear\" radial_direction=\"center center\" linear_angle=\"180\" background_color=\"\" background_image=\"\" background_image_id=\"\" background_position=\"left top\" background_repeat=\"no-repeat\" background_blend_mode=\"none\" render_logics=\"\" filter_type=\"regular\" filter_hue=\"0\" filter_saturation=\"100\" filter_brightness=\"100\" filter_contrast=\"100\" filter_invert=\"0\" filter_sepia=\"0\" filter_opacity=\"100\" filter_blur=\"0\" filter_hue_hover=\"0\" filter_saturation_hover=\"100\" filter_brightness_hover=\"100\" filter_contrast_hover=\"100\" filter_invert_hover=\"0\" filter_sepia_hover=\"0\" filter_opacity_hover=\"100\" filter_blur_hover=\"0\" animation_type=\"\" animation_direction=\"left\" animation_speed=\"0.3\" animation_offset=\"\" last=\"true\" border_position=\"all\" first=\"false\"][fusion_button link=\"https:\/\/www.michaud-export.com\/group\/1 - CATALOGUES\/BT\/1-FR\/1-AERIEN\/5-Terminaison BT\/Materiel_thermoretractable.pdf\" text_transform=\"\" title=\"\" target=\"_blank\" link_attributes=\"\" alignment_medium=\"\" alignment_small=\"\" alignment=\"left\" modal=\"\" hide_on_mobile=\"small-visibility,medium-visibility,large-visibility\" sticky_display=\"normal,sticky\" class=\"\" id=\"\" color=\"custom\" button_gradient_top_color=\"#eb690b\" button_gradient_bottom_color=\"eb690b\" button_gradient_top_color_hover=\"\" button_gradient_bottom_color_hover=\"\" accent_color=\"\" accent_hover_color=\"\" type=\"\" bevel_color=\"\" border_width=\"\" border_radius=\"\" border_color=\"\" border_hover_color=\"\" size=\"\" stretch=\"default\" margin_top=\"\" margin_right=\"\" margin_bottom=\"\" margin_left=\"\" icon=\"fa-arrow-circle-down fas\" icon_position=\"left\" icon_divider=\"no\" animation_type=\"\" animation_direction=\"left\" animation_speed=\"0.3\" animation_offset=\"\"]Visualiser la fiche technique[\/fusion_button][\/fusion_builder_column][\/fusion_builder_row][\/fusion_builder_container]<\/p>\n","protected":false},"featured_media":115111,"comment_status":"closed","ping_status":"open","template":"","meta":[],"product_brand":[],"product_cat":[1159,1158,1161],"product_tag":[],"class_list":{"0":"post-59774","1":"product","2":"type-product","3":"status-publish","4":"has-post-thumbnail","6":"product_cat-aerien-produit","7":"product_cat-produit","8":"product_cat-terminaison-bt-aerien-produit","9":"pa_votre-choix-capuchon-dextremite-thermoretractable-crb-1-5-10-f109","10":"pa_votre-choix-capuchon-dextremite-thermoretractable-crb-10-25-f110","11":"pa_votre-choix-capuchon-dextremite-thermoretractable-crc-16-27-f113","12":"pa_votre-choix-capuchon-dextremite-thermoretractable-crc-26-48-f114","13":"pa_votre-choix-capuchon-dextremite-thermoretractable-crc-46-80-f115","14":"pa_votre-choix-capuchon-dextremite-thermoretractable-crr-150-f112","15":"pa_votre-choix-capuchon-dextremite-thermoretractable-crr-16-70-f111","16":"pa_votre-choix-capuchon-dextremite-thermoretractable-crr-240-f116","17":"pa_votre-choix-extremite-thermoretractable-e2r-10-35-f100","18":"pa_votre-choix-extremite-thermoretractable-e4r-10-35-f101","19":"pa_votre-choix-extremite-thermoretractable-e4r-240-f103","20":"pa_votre-choix-extremite-thermoretractable-e4r-240-fr-f104","21":"pa_votre-choix-extremite-thermoretractable-e4r-50-150-f102","22":"pa_votre-choix-fourreau-thermoretractable-frm-16-100-f130","23":"pa_votre-choix-fourreau-thermoretractable-frm-25-100-f131","24":"pa_votre-choix-fourreau-thermoretractable-frm-25-200-f132","25":"pa_votre-choix-fourreau-thermoretractable-frm-30-150-f129","26":"pa_votre-choix-fourreau-thermoretractable-frm-30-200-f134","27":"pa_votre-choix-fourreau-thermoretractable-frm-30-250-f133","28":"pa_votre-choix-fourreau-thermoretractable-frm-35-150-f135","29":"pa_votre-choix-fourreau-thermoretractable-frm-35-250-f136","30":"pa_votre-choix-gaine-thermoretractable-gr-10-35-10m-f120","31":"pa_votre-choix-gaine-thermoretractable-gr-240-10m-f122","32":"pa_votre-choix-gaine-thermoretractable-gr-35-95-10m-f119","33":"pa_votre-choix-gaine-thermoretractable-gr-495-10m-f123","34":"pa_votre-choix-gaine-thermoretractable-gr-50-150-10m-f121","36":"first","37":"instock","38":"purchasable","39":"product-type-variable"},"aioseo_notices":[],"_links":{"self":[{"href":"https:\/\/www.michaud-export.com\/group\/wp-json\/wp\/v2\/product\/59774","targetHints":{"allow":["GET"]}}],"collection":[{"href":"https:\/\/www.michaud-export.com\/group\/wp-json\/wp\/v2\/product"}],"about":[{"href":"https:\/\/www.michaud-export.com\/group\/wp-json\/wp\/v2\/types\/product"}],"replies":[{"embeddable":true,"href":"https:\/\/www.michaud-export.com\/group\/wp-json\/wp\/v2\/comments?post=59774"}],"wp:featuredmedia":[{"embeddable":true,"href":"https:\/\/www.michaud-export.com\/group\/wp-json\/wp\/v2\/media\/115111"}],"wp:attachment":[{"href":"https:\/\/www.michaud-export.com\/group\/wp-json\/wp\/v2\/media?parent=59774"}],"wp:term":[{"taxonomy":"product_brand","embeddable":true,"href":"https:\/\/www.michaud-export.com\/group\/wp-json\/wp\/v2\/product_brand?post=59774"},{"taxonomy":"product_cat","embeddable":true,"href":"https:\/\/www.michaud-export.com\/group\/wp-json\/wp\/v2\/product_cat?post=59774"},{"taxonomy":"product_tag","embeddable":true,"href":"https:\/\/www.michaud-export.com\/group\/wp-json\/wp\/v2\/product_tag?post=59774"}],"curies":[{"name":"wp","href":"https:\/\/api.w.org\/{rel}","templated":true}]}}