{"id":65,"date":"2018-10-28T17:02:03","date_gmt":"2018-10-28T17:02:03","guid":{"rendered":"http:\/\/modele.guigout.fr?page_id=65"},"modified":"2018-10-28T17:16:00","modified_gmt":"2018-10-28T17:16:00","slug":"cookie","status":"publish","type":"page","link":"https:\/\/www.michaud-export.com\/group\/cookie","title":{"rendered":"Cookie"},"content":{"rendered":"<p><div class=\"fusion-fullwidth fullwidth-box fusion-builder-row-1 nonhundred-percent-fullwidth non-hundred-percent-height-scrolling\" style=\"--awb-border-radius-top-left:0px;--awb-border-radius-top-right:0px;--awb-border-radius-bottom-right:0px;--awb-border-radius-bottom-left:0px;--awb-flex-wrap:wrap;\" ><div class=\"fusion-builder-row fusion-row\"><div class=\"fusion-layout-column fusion_builder_column fusion-builder-column-0 fusion_builder_column_1_1 1_1 fusion-one-full fusion-column-first fusion-column-last\" style=\"--awb-bg-size:cover;\"><div class=\"fusion-column-wrapper fusion-flex-column-wrapper-legacy\"><div class=\"fusion-text fusion-text-1\"><h3>Cette rubrique est consacr\u00e9e \u00e0 notre politique de gestion des cookies sur notre site MICHAUD EXPORT<\/h3>\n<p>Elle vous permet d\u2019en savoir plus sur l\u2019origine et l\u2019usage des informations de navigation trait\u00e9es \u00e0 l\u2019occasion de votre consultation de notre site internet et sur vos droits.<\/p>\n<p>Un cookie est une information d\u00e9pos\u00e9e sur le disque dur d\u2019un internaute, sous la forme d\u2019un fichier, par le serveur du site que vous visitez. Il contient plusieurs donn\u00e9es :<\/p>\n<p>\u2022 Un identifiant sous la forme d\u2019une cha\u00eene de caract\u00e8res<br \/>\n\u2022 La date d\u2019expiration du cookie<br \/>\n\u2022 Le nom de domaine du serveur l\u2019ayant d\u00e9pos\u00e9<\/p>\n<p>Ce fichier texte \u00ab\u00a0cookie\u00a0\u00bb va permettre \u00e0 MICHAUD EXPORT, pendant la dur\u00e9e de validit\u00e9 ou d\u2019enregistrement du cookie, d\u2019identifier votre terminal lors de vos prochaines visites.\u00a0\u00a0Seul l\u2019\u00e9metteur d\u2019un cookie est susceptible de lire ou de modifier les informations contenues dans ce cookie.<\/p>\n<p>Vous trouverez ci-dessous les informations relatives aux cookies susceptibles d\u2019\u00eatre d\u00e9pos\u00e9s sur votre terminal lorsque vous visitez des pages du site https:\/\/www.michaud-export.com, soit par MICHAUD EXPORT, soit par des tiers, ainsi que les moyens vous permettant de supprimer\/refuser l\u2019inscription de ces cookies sur votre terminal.<\/p>\n<\/div><div class=\"fusion-clearfix\"><\/div><\/div><\/div><\/div><\/div><div class=\"fusion-fullwidth fullwidth-box fusion-builder-row-2 nonhundred-percent-fullwidth non-hundred-percent-height-scrolling\" style=\"--awb-border-radius-top-left:0px;--awb-border-radius-top-right:0px;--awb-border-radius-bottom-right:0px;--awb-border-radius-bottom-left:0px;--awb-flex-wrap:wrap;\" ><div class=\"fusion-builder-row fusion-row\"><div class=\"fusion-layout-column fusion_builder_column fusion-builder-column-1 fusion_builder_column_1_1 1_1 fusion-one-full fusion-column-first fusion-column-last\" style=\"--awb-bg-size:cover;\"><div class=\"fusion-column-wrapper fusion-flex-column-wrapper-legacy\"><div class=\"fusion-text fusion-text-2\"><h3>Il existe plusieurs cat\u00e9gories de cookies<\/h3>\n<h4>Les cookies \u00ab Essentiels \u00bb<\/h4>\n<p>Ces cookies sont indispensables \u00e0 la navigation sur notre site, notamment \u00e0 la bonne ex\u00e9cution du processus de commande. Leur surpression peut entra\u00eener des difficult\u00e9s de navigation sur notre site ainsi que l\u2019impossibilit\u00e9 de passer commande. Ces cookies sont \u00e9galement n\u00e9cessaires au suivi de l\u2019activit\u00e9 de MICHAUD EXPORT. Ces cookies peuvent \u00eatre install\u00e9s sur votre terminal par MICHAUD EXPORT ou par ses prestataires.<\/p>\n<h4>Les cookies \u00ab Analytiques \u00bb<\/h4>\n<p>Ces cookies ne sont pas indispensables \u00e0 la navigation sur notre site mais peuvent permettre, par exemple, pour vous : de faciliter vos recherches, d\u2019optimiser votre exp\u00e9rience d\u2019achat, et pour nous : de mieux cibler vos attentes, d\u2019am\u00e9liorer notre offre, ou encore d\u2019optimiser le fonctionnement de notre site.<\/p>\n<h4>Les cookies \u00ab Publicitaires \u00bb<\/h4>\n<p>Des cookies sont \u00e9galement susceptibles d\u2019\u00eatre utilis\u00e9s dans les espaces publicitaires de notre site. Quel est l\u2019int\u00e9r\u00eat de voir s\u2019afficher des offres promotionnelles et des publicit\u00e9s adapt\u00e9es \u00e0 votre navigation ? Notre objectif est de vous pr\u00e9senter les offres et les publicit\u00e9s les plus pertinentes possibles.<\/p>\n<p>\u00c0 cette fin, la technologie des cookies permet d\u2019afficher, en temps r\u00e9el, le contenu le plus adapt\u00e9 \u00e0 vos centres d\u2019int\u00e9r\u00eat d\u00e9duits de votre navigation r\u00e9cente sur un ou plusieurs sites. Vous pr\u00e9f\u00e9rez sans doute voir s\u2019afficher des offres et publicit\u00e9s qui vous int\u00e9ressent plut\u00f4t que des contenus qui n\u2019ont aucun int\u00e9r\u00eat pour vous. De m\u00eame, MICHAUD EXPORT comme les annonceurs, souhaitent voir leurs offres et publicit\u00e9s diffus\u00e9es, aupr\u00e8s d\u2019internautes susceptibles d\u2019\u00eatre int\u00e9ress\u00e9s par celles-ci.<\/p>\n<p>Ces contenus publicitaires (graphismes, animations, vid\u00e9os, etc.) sont susceptibles de contenir des cookies \u00e9mis par MICHAUD EXPORT, par ses prestataires ou par des tiers (pour ces derniers) qui ont associ\u00e9 un cookie au contenu publicitaire d\u2019un annonceur.<\/p>\n<p>Les cookies \u00e9mis par des applications tierces int\u00e9gr\u00e9es \u00e0 notre site<br \/>\nNous sommes susceptibles d\u2019inclure sur notre site, des applications informatiques \u00e9manant de tiers, qui vous permettent de partager des contenus de notre site avec d\u2019autres personnes ou de faire conna\u00eetre \u00e0 ces autres personnes votre consultation ou votre opinion concernant un contenu de notre site. Tel est notamment le cas des boutons \u00ab\u00a0Partager\u00a0\u00bb, \u00ab\u00a0J\u2019aime\u00a0\u00bb, issus de r\u00e9seaux sociaux tels que Facebook, \u00ab\u00a0Twitter\u00a0\u00bb, Google +, etc.<\/p>\n<p>Le r\u00e9seau social fournissant un tel bouton applicatif est susceptible de vous identifier gr\u00e2ce \u00e0 ce bouton, m\u00eame si vous n\u2019avez pas utilis\u00e9 ce bouton lors de votre consultation de notre site.<\/p>\n<p>En effet, ce type de bouton applicatif peut permettre au r\u00e9seau social concern\u00e9 de suivre votre navigation sur notre site, du seul fait que votre compte au r\u00e9seau social concern\u00e9 \u00e9tait activ\u00e9 sur votre terminal (session ouverte) durant votre navigation sur notre site.<\/p>\n<p>Nous ne contr\u00f4lons pas le processus employ\u00e9 par les r\u00e9seaux sociaux pour collecter des informations relatives \u00e0 votre navigation sur notre site et associ\u00e9es aux Donn\u00e9es dont ils disposent.<\/p>\n<p>Nous vous invitons \u00e0 consulter les politiques de protection de la vie priv\u00e9e de ces r\u00e9seaux sociaux afin de prendre connaissance des finalit\u00e9s d\u2019utilisation, notamment publicitaires, des informations de navigation qu\u2019ils peuvent recueillir gr\u00e2ce \u00e0 ces boutons applicatifs.<\/p>\n<p>Ces politiques de protection doivent notamment vous permettre d\u2019exercer vos choix aupr\u00e8s de ces r\u00e9seaux sociaux, notamment en param\u00e9trant vos comptes d\u2019utilisation de chacun de ces r\u00e9seaux.<\/p>\n<p>Pour connaitre la politique de protection de vie priv\u00e9e des r\u00e9seaux sociaux pr\u00e9cit\u00e9s cliquez sur le nom du r\u00e9seau social de votre choix :<\/p>\n<p>Facebook<br \/>\nTwitter<br \/>\nGoogle +<\/p>\n<p>L\u2019\u00e9mission et l\u2019utilisation de cookies par des tiers sur notre site, sont soumises aux politiques de protection de la vie priv\u00e9e de ces tiers. Ces cookies ne sont pas indispensables \u00e0 la navigation sur notre site.<\/p>\n<\/div><div class=\"fusion-clearfix\"><\/div><\/div><\/div><\/div><\/div><div class=\"fusion-fullwidth fullwidth-box fusion-builder-row-3 nonhundred-percent-fullwidth non-hundred-percent-height-scrolling\" style=\"--awb-border-radius-top-left:0px;--awb-border-radius-top-right:0px;--awb-border-radius-bottom-right:0px;--awb-border-radius-bottom-left:0px;--awb-flex-wrap:wrap;\" ><div class=\"fusion-builder-row fusion-row\"><div class=\"fusion-layout-column fusion_builder_column fusion-builder-column-2 fusion_builder_column_1_1 1_1 fusion-one-full fusion-column-first fusion-column-last\" style=\"--awb-bg-size:cover;\"><div class=\"fusion-column-wrapper fusion-flex-column-wrapper-legacy\"><div class=\"fusion-text fusion-text-3\"><h3>Comment puis-je g\u00e9rer ou supprimer les cookies ?<\/h3>\n<p>L\u2019enregistrement d\u2019un cookie dans votre terminal est subordonn\u00e9 \u00e0 votre volont\u00e9. Gr\u00e2ce \u00e0 l\u2019outil Cookie Notice disponible en bas de page ou\u00a0 aux param\u00e9trages de votre logiciel de navigation, vous pouvez, \u00e0 tout moment, simplement et gratuitement, choisir d\u2019accepter ou non l\u2019enregistrement de cookies non essentiels sur votre terminal.<\/p>\n<h3>Comment exercer vos choix selon le navigateur que vous utilisez ?<\/h3>\n<p>La configuration de chaque logiciel de navigation est diff\u00e9rente. Elle est g\u00e9n\u00e9ralement d\u00e9crite dans le menu d\u2019aide de votre logiciel de navigation. Nous vous invitons donc \u00e0 en prendre connaissance. Vous pourrez ainsi savoir de quelle mani\u00e8re modifier vos souhaits en mati\u00e8re de cookies.<\/p>\n<p>Pour Internet Explorer\u2122 :\u00a0http:\/\/windows.microsoft.com\/fr-FR\/windows-vista\/Block-or-allow-cookies<br \/>\nPour\u00a0Safari\u2122 :\u00a0https:\/\/support.apple.com\/kb\/PH19214?locale=fr_FR&amp;viewlocale=fr_FR<br \/>\nPour Chrome\u2122 :\u00a0http:\/\/support.google.com\/chrome\/bin\/answer.py?hl=fr&amp;hlrm=en&amp;answer=95647<br \/>\nPour Firefox\u2122\u00a0:\u00a0http:\/\/support.mozilla.org\/fr\/kb\/Activer%20et%20d%C3%A9sactiver%20les%20cookies<br \/>\nPour Opera\u2122 :\u00a0http:\/\/help.opera.com\/Windows\/10.20\/fr\/cookies.html<\/p>\n<\/div><div class=\"fusion-clearfix\"><\/div><\/div><\/div><\/div><\/div><\/p>\n","protected":false},"excerpt":{"rendered":"","protected":false},"author":1,"featured_media":0,"parent":0,"menu_order":0,"comment_status":"closed","ping_status":"closed","template":"","meta":{"footnotes":""},"class_list":["post-65","page","type-page","status-publish","hentry"],"aioseo_notices":[],"_links":{"self":[{"href":"https:\/\/www.michaud-export.com\/group\/wp-json\/wp\/v2\/pages\/65","targetHints":{"allow":["GET"]}}],"collection":[{"href":"https:\/\/www.michaud-export.com\/group\/wp-json\/wp\/v2\/pages"}],"about":[{"href":"https:\/\/www.michaud-export.com\/group\/wp-json\/wp\/v2\/types\/page"}],"author":[{"embeddable":true,"href":"https:\/\/www.michaud-export.com\/group\/wp-json\/wp\/v2\/users\/1"}],"replies":[{"embeddable":true,"href":"https:\/\/www.michaud-export.com\/group\/wp-json\/wp\/v2\/comments?post=65"}],"version-history":[{"count":6,"href":"https:\/\/www.michaud-export.com\/group\/wp-json\/wp\/v2\/pages\/65\/revisions"}],"predecessor-version":[{"id":71,"href":"https:\/\/www.michaud-export.com\/group\/wp-json\/wp\/v2\/pages\/65\/revisions\/71"}],"wp:attachment":[{"href":"https:\/\/www.michaud-export.com\/group\/wp-json\/wp\/v2\/media?parent=65"}],"curies":[{"name":"wp","href":"https:\/\/api.w.org\/{rel}","templated":true}]}}