{"id":2559,"date":"2020-05-06T04:10:10","date_gmt":"2020-05-06T04:10:10","guid":{"rendered":"https:\/\/www.michaud-export.com\/group?page_id=2559"},"modified":"2021-06-21T11:26:28","modified_gmt":"2021-06-21T09:26:28","slug":"evenements","status":"publish","type":"page","link":"https:\/\/www.michaud-export.com\/group\/evenements","title":{"rendered":"\u00c9v\u00e8nements"},"content":{"rendered":"<div class=\"fusion-fullwidth fullwidth-box fusion-builder-row-1 nonhundred-percent-fullwidth non-hundred-percent-height-scrolling\" style=\"--awb-border-radius-top-left:0px;--awb-border-radius-top-right:0px;--awb-border-radius-bottom-right:0px;--awb-border-radius-bottom-left:0px;--awb-flex-wrap:wrap;\" ><div class=\"fusion-builder-row fusion-row\"><div class=\"fusion-layout-column fusion_builder_column fusion-builder-column-0 fusion_builder_column_1_1 1_1 fusion-one-full fusion-column-first fusion-column-last\" style=\"--awb-bg-size:cover;\"><div class=\"fusion-column-wrapper fusion-column-has-shadow fusion-flex-column-wrapper-legacy\"><div class=\"fusion-blog-shortcode fusion-blog-shortcode-1 fusion-blog-archive fusion-blog-layout-grid-wrapper fusion-blog-pagination\"><style type=\"text\/css\">.fusion-blog-shortcode-1 .fusion-blog-layout-grid .fusion-post-grid{padding:30px;}.fusion-blog-shortcode-1 .fusion-posts-container{margin-left: -30px !important; margin-right:-30px !important;}<\/style><div class=\"fusion-posts-container fusion-posts-container-pagination fusion-no-meta-info fusion-blog-rollover fusion-blog-layout-grid fusion-blog-layout-grid-3 isotope\" data-pages=\"1\" data-grid-col-space=\"60\" style=\"margin: -30px -30px 0;min-height:500px;\"><article id=\"blog-1-post-122626\" class=\"fusion-post-grid post-122626 post type-post status-publish format-standard has-post-thumbnail hentry category-evenements\">\n<div class=\"fusion-post-wrapper\" style=\"background-color:rgba(255,255,255,0);border:none;\">\n\n\t\t\t<div class=\"fusion-flexslider flexslider fusion-flexslider-loading fusion-post-slideshow\" style=\"border-color:rgba(235,234,234,0);\">\n\t\t<ul class=\"slides\">\n\t\t\t\n\t\t\t\t\t\t\t\t\t\t\t\t\t\t<li><div  class=\"fusion-image-wrapper\" aria-haspopup=\"true\">\n\t\t\t\t<img decoding=\"async\" width=\"800\" height=\"350\" src=\"https:\/\/www.michaud-export.com\/group\/wp-content\/uploads\/2025\/09\/SIGNATURE-MAIL-ENERGETAB-2025.jpg\" class=\"attachment-full size-full lazyload wp-post-image\" alt=\"\" srcset=\"data:image\/svg+xml,%3Csvg%20xmlns%3D%27http%3A%2F%2Fwww.w3.org%2F2000%2Fsvg%27%20width%3D%27800%27%20height%3D%27350%27%20viewBox%3D%270%200%20800%20350%27%3E%3Crect%20width%3D%27800%27%20height%3D%27350%27%20fill-opacity%3D%220%22%2F%3E%3C%2Fsvg%3E\" data-orig-src=\"https:\/\/www.michaud-export.com\/group\/wp-content\/uploads\/2025\/09\/SIGNATURE-MAIL-ENERGETAB-2025.jpg\" data-srcset=\"https:\/\/www.michaud-export.com\/group\/wp-content\/uploads\/2025\/09\/SIGNATURE-MAIL-ENERGETAB-2025-200x88.jpg 200w, https:\/\/www.michaud-export.com\/group\/wp-content\/uploads\/2025\/09\/SIGNATURE-MAIL-ENERGETAB-2025-400x175.jpg 400w, https:\/\/www.michaud-export.com\/group\/wp-content\/uploads\/2025\/09\/SIGNATURE-MAIL-ENERGETAB-2025-600x263.jpg 600w, https:\/\/www.michaud-export.com\/group\/wp-content\/uploads\/2025\/09\/SIGNATURE-MAIL-ENERGETAB-2025.jpg 800w\" data-sizes=\"auto\" \/><div class=\"fusion-rollover\">\n\t<div class=\"fusion-rollover-content\">\n\n\t\t\t\t\n\t\t\n\t\t\t\t\t\t\t\t\n\t\t\t\t\t\t\t\t\n\t\t\n\t\t\t\t\t\t<a class=\"fusion-link-wrapper\" href=\"https:\/\/www.michaud-export.com\/group\/de-retour-a-energetab-2025\" aria-label=\"MICHAUD de retour \u00e0 ENERGETAB en 2025 !\"><\/a>\n\t<\/div>\n<\/div>\n<\/div>\n<\/li>\n\t\t\t\n\t\t\t\n\t\t\t\t\t\t\t\t\t\t\t\t\t\t\t\t\t\t\t\t\t\t\t\t\t\t\t\t\t\t\t\t\t\t\t\t\t\t\t\t\t\t\t\t\t\t\t\t\t\t\t\t\t\t\t\t\t\t\t\t\t\t\t\t\t\t\t\t<\/ul>\n\t<\/div>\n\t<div class=\"fusion-post-content-wrapper\" style=\"padding:30px 0px 0px 0px;\"><div class=\"fusion-post-content post-content\"><h2 class=\"blog-shortcode-post-title entry-title\"><a href=\"https:\/\/www.michaud-export.com\/group\/de-retour-a-energetab-2025\">MICHAUD de retour \u00e0 ENERGETAB en 2025 !<\/a><\/h2><div class=\"fusion-post-content-container\"><p> Nous sommes tr\u00e8s heureux de vous annoncer notre participation<\/p><\/div><\/div><\/div><div class=\"fusion-clearfix\"><\/div><\/div>\n<\/article>\n<article id=\"blog-1-post-122153\" class=\"fusion-post-grid post-122153 post type-post status-publish format-standard has-post-thumbnail hentry category-evenements\">\n<div class=\"fusion-post-wrapper\" style=\"background-color:rgba(255,255,255,0);border:none;\">\n\n\t\t\t<div class=\"fusion-flexslider flexslider fusion-flexslider-loading fusion-post-slideshow\" style=\"border-color:rgba(235,234,234,0);\">\n\t\t<ul class=\"slides\">\n\t\t\t\n\t\t\t\t\t\t\t\t\t\t\t\t\t\t<li><div  class=\"fusion-image-wrapper\" aria-haspopup=\"true\">\n\t\t\t\t<img decoding=\"async\" width=\"2560\" height=\"1024\" src=\"https:\/\/www.michaud-export.com\/group\/wp-content\/uploads\/2024\/08\/Bandeau-article-scaled.jpg\" class=\"attachment-full size-full lazyload wp-post-image\" alt=\"ENERGETAB, 17-19 Septembre 2024\" srcset=\"data:image\/svg+xml,%3Csvg%20xmlns%3D%27http%3A%2F%2Fwww.w3.org%2F2000%2Fsvg%27%20width%3D%272560%27%20height%3D%271024%27%20viewBox%3D%270%200%202560%201024%27%3E%3Crect%20width%3D%272560%27%20height%3D%271024%27%20fill-opacity%3D%220%22%2F%3E%3C%2Fsvg%3E\" data-orig-src=\"https:\/\/www.michaud-export.com\/group\/wp-content\/uploads\/2024\/08\/Bandeau-article-scaled.jpg\" data-srcset=\"https:\/\/www.michaud-export.com\/group\/wp-content\/uploads\/2024\/08\/Bandeau-article-200x80.jpg 200w, https:\/\/www.michaud-export.com\/group\/wp-content\/uploads\/2024\/08\/Bandeau-article-400x160.jpg 400w, https:\/\/www.michaud-export.com\/group\/wp-content\/uploads\/2024\/08\/Bandeau-article-600x240.jpg 600w, https:\/\/www.michaud-export.com\/group\/wp-content\/uploads\/2024\/08\/Bandeau-article-800x320.jpg 800w, https:\/\/www.michaud-export.com\/group\/wp-content\/uploads\/2024\/08\/Bandeau-article-1200x480.jpg 1200w, https:\/\/www.michaud-export.com\/group\/wp-content\/uploads\/2024\/08\/Bandeau-article-scaled.jpg 2560w\" data-sizes=\"auto\" \/><div class=\"fusion-rollover\">\n\t<div class=\"fusion-rollover-content\">\n\n\t\t\t\t\n\t\t\n\t\t\t\t\t\t\t\t\n\t\t\t\t\t\t\t\t\n\t\t\n\t\t\t\t\t\t<a class=\"fusion-link-wrapper\" href=\"https:\/\/www.michaud-export.com\/group\/energetab-2024\" aria-label=\"Rendez-vous \u00e0 ENERGETAB 2024 !\"><\/a>\n\t<\/div>\n<\/div>\n<\/div>\n<\/li>\n\t\t\t\n\t\t\t\n\t\t\t\t\t\t\t\t\t\t\t\t\t\t\t\t\t\t\t\t\t\t\t\t\t\t\t\t\t\t\t\t\t\t\t\t\t\t\t\t\t\t\t\t\t\t\t\t\t\t\t\t\t\t\t\t\t\t\t\t\t\t\t\t\t\t\t\t<\/ul>\n\t<\/div>\n\t<div class=\"fusion-post-content-wrapper\" style=\"padding:30px 0px 0px 0px;\"><div class=\"fusion-post-content post-content\"><h2 class=\"blog-shortcode-post-title entry-title\"><a href=\"https:\/\/www.michaud-export.com\/group\/energetab-2024\">Rendez-vous \u00e0 ENERGETAB 2024 !<\/a><\/h2><div class=\"fusion-post-content-container\"><p> Nous sommes tr\u00e8s heureux de vous annoncer notre participation<\/p><\/div><\/div><\/div><div class=\"fusion-clearfix\"><\/div><\/div>\n<\/article>\n<article id=\"blog-1-post-121889\" class=\"fusion-post-grid post-121889 post type-post status-publish format-standard has-post-thumbnail hentry category-evenements\">\n<div class=\"fusion-post-wrapper\" style=\"background-color:rgba(255,255,255,0);border:none;\">\n\n\t\t\t<div class=\"fusion-flexslider flexslider fusion-flexslider-loading fusion-post-slideshow\" style=\"border-color:rgba(235,234,234,0);\">\n\t\t<ul class=\"slides\">\n\t\t\t\n\t\t\t\t\t\t\t\t\t\t\t\t\t\t<li><div  class=\"fusion-image-wrapper\" aria-haspopup=\"true\">\n\t\t\t\t<img decoding=\"async\" width=\"1867\" height=\"567\" src=\"https:\/\/www.michaud-export.com\/group\/wp-content\/uploads\/2024\/02\/BANDEAU-WEB-MEE-2024.jpg\" class=\"attachment-full size-full lazyload wp-post-image\" alt=\"bandeau avec visuel institutionnel et \u00e9l\u00e9ments de pr\u00e9sence du salon\" srcset=\"data:image\/svg+xml,%3Csvg%20xmlns%3D%27http%3A%2F%2Fwww.w3.org%2F2000%2Fsvg%27%20width%3D%271867%27%20height%3D%27567%27%20viewBox%3D%270%200%201867%20567%27%3E%3Crect%20width%3D%271867%27%20height%3D%27567%27%20fill-opacity%3D%220%22%2F%3E%3C%2Fsvg%3E\" data-orig-src=\"https:\/\/www.michaud-export.com\/group\/wp-content\/uploads\/2024\/02\/BANDEAU-WEB-MEE-2024.jpg\" data-srcset=\"https:\/\/www.michaud-export.com\/group\/wp-content\/uploads\/2024\/02\/BANDEAU-WEB-MEE-2024-200x61.jpg 200w, https:\/\/www.michaud-export.com\/group\/wp-content\/uploads\/2024\/02\/BANDEAU-WEB-MEE-2024-400x121.jpg 400w, https:\/\/www.michaud-export.com\/group\/wp-content\/uploads\/2024\/02\/BANDEAU-WEB-MEE-2024-600x182.jpg 600w, https:\/\/www.michaud-export.com\/group\/wp-content\/uploads\/2024\/02\/BANDEAU-WEB-MEE-2024-800x243.jpg 800w, https:\/\/www.michaud-export.com\/group\/wp-content\/uploads\/2024\/02\/BANDEAU-WEB-MEE-2024-1200x364.jpg 1200w, https:\/\/www.michaud-export.com\/group\/wp-content\/uploads\/2024\/02\/BANDEAU-WEB-MEE-2024.jpg 1867w\" data-sizes=\"auto\" \/><div class=\"fusion-rollover\">\n\t<div class=\"fusion-rollover-content\">\n\n\t\t\t\t\n\t\t\n\t\t\t\t\t\t\t\t\n\t\t\t\t\t\t\t\t\n\t\t\n\t\t\t\t\t\t<a class=\"fusion-link-wrapper\" href=\"https:\/\/www.michaud-export.com\/group\/michaud-de-retour-au-dubai-middle-east-energy\" aria-label=\"MICHAUD est de retour au Duba\u00ef Middle East Energy en 2024 !\"><\/a>\n\t<\/div>\n<\/div>\n<\/div>\n<\/li>\n\t\t\t\n\t\t\t\n\t\t\t\t\t\t\t\t\t\t\t\t\t\t\t\t\t\t\t\t\t\t\t\t\t\t\t\t\t\t\t\t\t\t\t\t\t\t\t\t\t\t\t\t\t\t\t\t\t\t\t\t\t\t\t\t\t\t\t\t\t\t\t\t\t\t\t\t<\/ul>\n\t<\/div>\n\t<div class=\"fusion-post-content-wrapper\" style=\"padding:30px 0px 0px 0px;\"><div class=\"fusion-post-content post-content\"><h2 class=\"blog-shortcode-post-title entry-title\"><a href=\"https:\/\/www.michaud-export.com\/group\/michaud-de-retour-au-dubai-middle-east-energy\">MICHAUD est de retour au Duba\u00ef Middle East Energy en 2024 !<\/a><\/h2><div class=\"fusion-post-content-container\"><p> MICHAUD EXPORT participe au salon de l'\u00e9nergie de Duba\u00ef<\/p><\/div><\/div><\/div><div class=\"fusion-clearfix\"><\/div><\/div>\n<\/article>\n<article id=\"blog-1-post-12452\" class=\"fusion-post-grid post-12452 post type-post status-publish format-standard has-post-thumbnail hentry category-evenements\">\n<div class=\"fusion-post-wrapper\" style=\"background-color:rgba(255,255,255,0);border:none;\">\n\n\t\t\t<div class=\"fusion-flexslider flexslider fusion-flexslider-loading fusion-post-slideshow\" style=\"border-color:rgba(235,234,234,0);\">\n\t\t<ul class=\"slides\">\n\t\t\t\n\t\t\t\t\t\t\t\t\t\t\t\t\t\t<li><div  class=\"fusion-image-wrapper\" aria-haspopup=\"true\">\n\t\t\t\t<img decoding=\"async\" width=\"1400\" height=\"425\" src=\"https:\/\/www.michaud-export.com\/group\/wp-content\/uploads\/2021\/07\/ENERGETAB-2.png\" class=\"attachment-full size-full lazyload wp-post-image\" alt=\"\" srcset=\"data:image\/svg+xml,%3Csvg%20xmlns%3D%27http%3A%2F%2Fwww.w3.org%2F2000%2Fsvg%27%20width%3D%271400%27%20height%3D%27425%27%20viewBox%3D%270%200%201400%20425%27%3E%3Crect%20width%3D%271400%27%20height%3D%27425%27%20fill-opacity%3D%220%22%2F%3E%3C%2Fsvg%3E\" data-orig-src=\"https:\/\/www.michaud-export.com\/group\/wp-content\/uploads\/2021\/07\/ENERGETAB-2.png\" data-srcset=\"https:\/\/www.michaud-export.com\/group\/wp-content\/uploads\/2021\/07\/ENERGETAB-2-200x61.png 200w, https:\/\/www.michaud-export.com\/group\/wp-content\/uploads\/2021\/07\/ENERGETAB-2-400x121.png 400w, https:\/\/www.michaud-export.com\/group\/wp-content\/uploads\/2021\/07\/ENERGETAB-2-600x182.png 600w, https:\/\/www.michaud-export.com\/group\/wp-content\/uploads\/2021\/07\/ENERGETAB-2-800x243.png 800w, https:\/\/www.michaud-export.com\/group\/wp-content\/uploads\/2021\/07\/ENERGETAB-2-1200x364.png 1200w, https:\/\/www.michaud-export.com\/group\/wp-content\/uploads\/2021\/07\/ENERGETAB-2.png 1400w\" data-sizes=\"auto\" \/><div class=\"fusion-rollover\">\n\t<div class=\"fusion-rollover-content\">\n\n\t\t\t\t\n\t\t\n\t\t\t\t\t\t\t\t\n\t\t\t\t\t\t\t\t\n\t\t\n\t\t\t\t\t\t<a class=\"fusion-link-wrapper\" href=\"https:\/\/www.michaud-export.com\/group\/michaud-present-au-salon-energetab-2021\" aria-label=\"MICHAUD pr\u00e9sent au salon ENERGETAB 2021\"><\/a>\n\t<\/div>\n<\/div>\n<\/div>\n<\/li>\n\t\t\t\n\t\t\t\n\t\t\t\t\t\t\t\t\t\t\t\t\t\t\t\t\t\t\t\t\t\t\t\t\t\t\t\t\t\t\t\t\t\t\t\t\t\t\t\t\t\t\t\t\t\t\t\t\t\t\t\t\t\t\t\t\t\t\t\t\t\t\t\t\t\t\t\t<\/ul>\n\t<\/div>\n\t<div class=\"fusion-post-content-wrapper\" style=\"padding:30px 0px 0px 0px;\"><div class=\"fusion-post-content post-content\"><h2 class=\"blog-shortcode-post-title entry-title\"><a href=\"https:\/\/www.michaud-export.com\/group\/michaud-present-au-salon-energetab-2021\">MICHAUD pr\u00e9sent au salon ENERGETAB 2021<\/a><\/h2><div class=\"fusion-post-content-container\"><p> MICHAUD participera au salon ENERGETAB \u00e0 Bielsko-Bia\u0142a, du 14<\/p><\/div><\/div><\/div><div class=\"fusion-clearfix\"><\/div><\/div>\n<\/article>\n<article id=\"blog-1-post-2531\" class=\"fusion-post-grid post-2531 post type-post status-publish format-standard has-post-thumbnail hentry category-evenements\">\n<div class=\"fusion-post-wrapper\" style=\"background-color:rgba(255,255,255,0);border:none;\">\n\n\t\t\t<div class=\"fusion-flexslider flexslider fusion-flexslider-loading fusion-post-slideshow\" style=\"border-color:rgba(235,234,234,0);\">\n\t\t<ul class=\"slides\">\n\t\t\t\n\t\t\t\t\t\t\t\t\t\t\t\t\t\t<li><div  class=\"fusion-image-wrapper\" aria-haspopup=\"true\">\n\t\t\t\t<img decoding=\"async\" width=\"2560\" height=\"909\" src=\"https:\/\/www.michaud-export.com\/group\/wp-content\/uploads\/2020\/04\/DSC02029-e1595937013115-scaled.jpg\" class=\"attachment-full size-full lazyload wp-post-image\" alt=\"Stand Michaud salon Middle Electricty 2019\" srcset=\"data:image\/svg+xml,%3Csvg%20xmlns%3D%27http%3A%2F%2Fwww.w3.org%2F2000%2Fsvg%27%20width%3D%272560%27%20height%3D%27909%27%20viewBox%3D%270%200%202560%20909%27%3E%3Crect%20width%3D%272560%27%20height%3D%27909%27%20fill-opacity%3D%220%22%2F%3E%3C%2Fsvg%3E\" data-orig-src=\"https:\/\/www.michaud-export.com\/group\/wp-content\/uploads\/2020\/04\/DSC02029-e1595937013115-scaled.jpg\" data-srcset=\"https:\/\/www.michaud-export.com\/group\/wp-content\/uploads\/2020\/04\/DSC02029-e1595937013115-200x71.jpg 200w, https:\/\/www.michaud-export.com\/group\/wp-content\/uploads\/2020\/04\/DSC02029-e1595937013115-400x142.jpg 400w, https:\/\/www.michaud-export.com\/group\/wp-content\/uploads\/2020\/04\/DSC02029-e1595937013115-600x213.jpg 600w, https:\/\/www.michaud-export.com\/group\/wp-content\/uploads\/2020\/04\/DSC02029-e1595937013115-800x284.jpg 800w, https:\/\/www.michaud-export.com\/group\/wp-content\/uploads\/2020\/04\/DSC02029-e1595937013115-1200x426.jpg 1200w, https:\/\/www.michaud-export.com\/group\/wp-content\/uploads\/2020\/04\/DSC02029-e1595937013115-scaled.jpg 2560w\" data-sizes=\"auto\" \/><div class=\"fusion-rollover\">\n\t<div class=\"fusion-rollover-content\">\n\n\t\t\t\t\n\t\t\n\t\t\t\t\t\t\t\t\n\t\t\t\t\t\t\t\t\n\t\t\n\t\t\t\t\t\t<a class=\"fusion-link-wrapper\" href=\"https:\/\/www.michaud-export.com\/group\/retour-sur-notre-participation-au-middle-east-electricity-2019\" aria-label=\"Retour sur notre participation au Middle East Electricity 2019\"><\/a>\n\t<\/div>\n<\/div>\n<\/div>\n<\/li>\n\t\t\t\n\t\t\t\n\t\t\t\t\t\t\t\t\t\t\t\t\t\t\t\t\t\t\t\t\t\t\t\t\t\t\t\t\t\t\t\t\t\t\t\t\t\t\t\t\t\t\t\t\t\t\t\t\t\t\t\t\t\t\t\t\t\t\t\t\t\t\t\t\t\t\t\t<\/ul>\n\t<\/div>\n\t<div class=\"fusion-post-content-wrapper\" style=\"padding:30px 0px 0px 0px;\"><div class=\"fusion-post-content post-content\"><h2 class=\"blog-shortcode-post-title entry-title\"><a href=\"https:\/\/www.michaud-export.com\/group\/retour-sur-notre-participation-au-middle-east-electricity-2019\">Retour sur notre participation au Middle East Electricity 2019<\/a><\/h2><div class=\"fusion-post-content-container\"><p> Pr\u00e9sent pour la premi\u00e8re fois au Middle East Electricity<\/p><\/div><\/div><\/div><div class=\"fusion-clearfix\"><\/div><\/div>\n<\/article>\n<article id=\"blog-1-post-3640\" class=\"fusion-post-grid post-3640 post type-post status-publish format-standard has-post-thumbnail hentry category-evenements\">\n<div class=\"fusion-post-wrapper\" style=\"background-color:rgba(255,255,255,0);border:none;\">\n\n\t\t\t<div class=\"fusion-flexslider flexslider fusion-flexslider-loading fusion-post-slideshow\" style=\"border-color:rgba(235,234,234,0);\">\n\t\t<ul class=\"slides\">\n\t\t\t\n\t\t\t\t\t\t\t\t\t\t\t\t\t\t<li><div  class=\"fusion-image-wrapper\" aria-haspopup=\"true\">\n\t\t\t\t<img decoding=\"async\" width=\"950\" height=\"331\" src=\"https:\/\/www.michaud-export.com\/group\/wp-content\/uploads\/2020\/11\/tektonica-banner-950x330.jpg\" class=\"attachment-full size-full lazyload wp-post-image\" alt=\"\" srcset=\"data:image\/svg+xml,%3Csvg%20xmlns%3D%27http%3A%2F%2Fwww.w3.org%2F2000%2Fsvg%27%20width%3D%27950%27%20height%3D%27331%27%20viewBox%3D%270%200%20950%20331%27%3E%3Crect%20width%3D%27950%27%20height%3D%27331%27%20fill-opacity%3D%220%22%2F%3E%3C%2Fsvg%3E\" data-orig-src=\"https:\/\/www.michaud-export.com\/group\/wp-content\/uploads\/2020\/11\/tektonica-banner-950x330.jpg\" data-srcset=\"https:\/\/www.michaud-export.com\/group\/wp-content\/uploads\/2020\/11\/tektonica-banner-950x330-200x70.jpg 200w, https:\/\/www.michaud-export.com\/group\/wp-content\/uploads\/2020\/11\/tektonica-banner-950x330-400x139.jpg 400w, https:\/\/www.michaud-export.com\/group\/wp-content\/uploads\/2020\/11\/tektonica-banner-950x330-600x209.jpg 600w, https:\/\/www.michaud-export.com\/group\/wp-content\/uploads\/2020\/11\/tektonica-banner-950x330-800x279.jpg 800w\" data-sizes=\"auto\" \/><div class=\"fusion-rollover\">\n\t<div class=\"fusion-rollover-content\">\n\n\t\t\t\t\n\t\t\n\t\t\t\t\t\t\t\t\n\t\t\t\t\t\t\t\t\n\t\t\n\t\t\t\t\t\t<a class=\"fusion-link-wrapper\" href=\"https:\/\/www.michaud-export.com\/group\/retour-sur-notre-participation-a-la-foire-tektonica\" aria-label=\"Retour sur notre participation \u00e0 la foire Tekt\u00f3nica\"><\/a>\n\t<\/div>\n<\/div>\n<\/div>\n<\/li>\n\t\t\t\n\t\t\t\n\t\t\t\t\t\t\t\t\t\t\t\t\t\t\t\t\t\t\t\t\t\t\t\t\t\t\t\t\t\t\t\t\t\t\t\t\t\t\t\t\t\t\t\t\t\t\t\t\t\t\t\t\t\t\t\t\t\t\t\t\t\t\t\t\t\t\t\t<\/ul>\n\t<\/div>\n\t<div class=\"fusion-post-content-wrapper\" style=\"padding:30px 0px 0px 0px;\"><div class=\"fusion-post-content post-content\"><h2 class=\"blog-shortcode-post-title entry-title\"><a href=\"https:\/\/www.michaud-export.com\/group\/retour-sur-notre-participation-a-la-foire-tektonica\">Retour sur notre participation \u00e0 la foire Tekt\u00f3nica<\/a><\/h2><div class=\"fusion-post-content-container\"><p>  En mai 2019, nos commerciaux se sont r\u00e9unis<\/p><\/div><\/div><\/div><div class=\"fusion-clearfix\"><\/div><\/div>\n<\/article>\n<div class=\"fusion-clearfix\"><\/div><\/div><\/div><div class=\"fusion-clearfix\"><\/div><\/div><\/div><\/div><\/div>\n","protected":false},"excerpt":{"rendered":"","protected":false},"author":7,"featured_media":0,"parent":0,"menu_order":0,"comment_status":"closed","ping_status":"closed","template":"","meta":{"footnotes":""},"class_list":["post-2559","page","type-page","status-publish","hentry"],"aioseo_notices":[],"_links":{"self":[{"href":"https:\/\/www.michaud-export.com\/group\/wp-json\/wp\/v2\/pages\/2559","targetHints":{"allow":["GET"]}}],"collection":[{"href":"https:\/\/www.michaud-export.com\/group\/wp-json\/wp\/v2\/pages"}],"about":[{"href":"https:\/\/www.michaud-export.com\/group\/wp-json\/wp\/v2\/types\/page"}],"author":[{"embeddable":true,"href":"https:\/\/www.michaud-export.com\/group\/wp-json\/wp\/v2\/users\/7"}],"replies":[{"embeddable":true,"href":"https:\/\/www.michaud-export.com\/group\/wp-json\/wp\/v2\/comments?post=2559"}],"version-history":[{"count":4,"href":"https:\/\/www.michaud-export.com\/group\/wp-json\/wp\/v2\/pages\/2559\/revisions"}],"predecessor-version":[{"id":7195,"href":"https:\/\/www.michaud-export.com\/group\/wp-json\/wp\/v2\/pages\/2559\/revisions\/7195"}],"wp:attachment":[{"href":"https:\/\/www.michaud-export.com\/group\/wp-json\/wp\/v2\/media?parent=2559"}],"curies":[{"name":"wp","href":"https:\/\/api.w.org\/{rel}","templated":true}]}}