{"id":2150,"date":"2020-03-25T06:04:11","date_gmt":"2020-03-25T06:04:11","guid":{"rendered":"https:\/\/www.michaud-export.com\/group?page_id=2150"},"modified":"2025-04-17T09:55:30","modified_gmt":"2025-04-17T07:55:30","slug":"valeurs","status":"publish","type":"page","link":"https:\/\/www.michaud-export.com\/group\/valeurs","title":{"rendered":"Valeurs"},"content":{"rendered":"<p><div class=\"fusion-fullwidth fullwidth-box fusion-builder-row-1 nonhundred-percent-fullwidth non-hundred-percent-height-scrolling\" style=\"--awb-border-radius-top-left:0px;--awb-border-radius-top-right:0px;--awb-border-radius-bottom-right:0px;--awb-border-radius-bottom-left:0px;--awb-flex-wrap:wrap;\" ><div class=\"fusion-builder-row fusion-row\"><div class=\"fusion-layout-column fusion_builder_column fusion-builder-column-0 fusion_builder_column_1_1 1_1 fusion-one-full fusion-column-first fusion-column-last\" style=\"--awb-bg-blend:overlay;--awb-bg-size:cover;\"><div class=\"fusion-column-wrapper fusion-column-has-shadow fusion-flex-column-wrapper-legacy\"><div class=\"fusion-image-element fusion-image-align-center in-legacy-container\" style=\"text-align:center;--awb-caption-title-font-family:var(--h2_typography-font-family);--awb-caption-title-font-weight:var(--h2_typography-font-weight);--awb-caption-title-font-style:var(--h2_typography-font-style);--awb-caption-title-size:var(--h2_typography-font-size);--awb-caption-title-transform:var(--h2_typography-text-transform);--awb-caption-title-line-height:var(--h2_typography-line-height);--awb-caption-title-letter-spacing:var(--h2_typography-letter-spacing);\"><div class=\"imageframe-align-center\"><span class=\" fusion-imageframe imageframe-dropshadow imageframe-1 hover-type-zoomin\" style=\"-webkit-box-shadow: 3px 3px 7px rgba(0,0,0,0.3);box-shadow: 3px 3px 7px rgba(0,0,0,0.3);\"><img decoding=\"async\" width=\"2560\" height=\"691\" title=\"support our customers\" src=\"data:image\/svg+xml,%3Csvg%20xmlns%3D%27http%3A%2F%2Fwww.w3.org%2F2000%2Fsvg%27%20width%3D%272560%27%20height%3D%27691%27%20viewBox%3D%270%200%202560%20691%27%3E%3Crect%20width%3D%272560%27%20height%3D%27691%27%20fill-opacity%3D%220%22%2F%3E%3C%2Fsvg%3E\" data-orig-src=\"https:\/\/www.michaud-export.com\/group\/wp-content\/uploads\/2020\/03\/DSC_1040-Copie-e1595930133143.jpg\" alt class=\"lazyload img-responsive wp-image-2484\"\/><\/span><\/div><\/div><div class=\"fusion-title title fusion-title-1 fusion-sep-none fusion-title-text fusion-title-size-one\" style=\"--awb-margin-right:50px;--awb-margin-left:50px;--awb-margin-top-small:0px;--awb-margin-right-small:0px;--awb-margin-bottom-small:20px;--awb-margin-left-small:0px;\"><h1 class=\"fusion-title-heading title-heading-left fusion-responsive-typography-calculated\" style=\"margin:0;--fontSize:60;line-height:1.2;\"><h1><span style=\"color: #ff6600;\">Notre exigence : vous apporter le meilleur<\/span><\/h1><\/h1><\/div><div class=\"fusion-text fusion-text-1\" style=\"--awb-margin-right:50px;--awb-margin-left:50px;\"><p>Entreprise \u00e0 taille humaine, nous recherchons la satisfaction de nos clients par un service de qualit\u00e9 adapt\u00e9 \u00e0 vos besoins. Notre culture tourn\u00e9e vers la qualit\u00e9, l\u2019innovation, l\u2019\u00e9coute, l\u2019\u00e9change nous pousse \u00e0 \u00eatre au plus proche de nos partenaires garantissant une solution globale et personnalis\u00e9e.<\/p>\n<\/div><div class=\"fusion-clearfix\"><\/div><\/div><\/div><\/div><\/div><div class=\"fusion-fullwidth fullwidth-box fusion-builder-row-2 nonhundred-percent-fullwidth non-hundred-percent-height-scrolling\" style=\"--awb-border-radius-top-left:0px;--awb-border-radius-top-right:0px;--awb-border-radius-bottom-right:0px;--awb-border-radius-bottom-left:0px;--awb-flex-wrap:wrap;\" ><div class=\"fusion-builder-row fusion-row\"><div class=\"fusion-layout-column fusion_builder_column fusion-builder-column-1 fusion_builder_column_1_6 1_6 fusion-one-sixth fusion-column-first\" style=\"--awb-bg-blend:overlay;--awb-bg-size:cover;width:16.666666666667%;width:calc(16.666666666667% - ( ( 0% ) * 0.16666666666667 ) );margin-right: 0%;\"><div class=\"fusion-column-wrapper fusion-column-has-shadow fusion-flex-column-wrapper-legacy\"><div class=\"fusion-image-element fusion-image-align-center in-legacy-container\" style=\"text-align:center;--awb-max-width:200px;--awb-caption-title-font-family:var(--h2_typography-font-family);--awb-caption-title-font-weight:var(--h2_typography-font-weight);--awb-caption-title-font-style:var(--h2_typography-font-style);--awb-caption-title-size:var(--h2_typography-font-size);--awb-caption-title-transform:var(--h2_typography-text-transform);--awb-caption-title-line-height:var(--h2_typography-line-height);--awb-caption-title-letter-spacing:var(--h2_typography-letter-spacing);\"><div class=\"imageframe-align-center\"><span class=\" fusion-imageframe imageframe-none imageframe-2 hover-type-none\"><img decoding=\"async\" width=\"512\" height=\"512\" title=\"Innovation\" src=\"https:\/\/www.michaud-export.com\/group\/wp-content\/uploads\/2021\/03\/lamp2.png\" data-orig-src=\"https:\/\/www.michaud-export.com\/group\/wp-content\/uploads\/2021\/03\/lamp2.png\" alt class=\"lazyload img-responsive wp-image-4386\" srcset=\"data:image\/svg+xml,%3Csvg%20xmlns%3D%27http%3A%2F%2Fwww.w3.org%2F2000%2Fsvg%27%20width%3D%27512%27%20height%3D%27512%27%20viewBox%3D%270%200%20512%20512%27%3E%3Crect%20width%3D%27512%27%20height%3D%27512%27%20fill-opacity%3D%220%22%2F%3E%3C%2Fsvg%3E\" data-srcset=\"https:\/\/www.michaud-export.com\/group\/wp-content\/uploads\/2021\/03\/lamp2-200x200.png 200w, https:\/\/www.michaud-export.com\/group\/wp-content\/uploads\/2021\/03\/lamp2-400x400.png 400w, https:\/\/www.michaud-export.com\/group\/wp-content\/uploads\/2021\/03\/lamp2.png 512w\" data-sizes=\"auto\" data-orig-sizes=\"(max-width: 1160px) 100vw, 512px\" \/><\/span><\/div><\/div><div class=\"fusion-clearfix\"><\/div><\/div><\/div><div class=\"fusion-layout-column fusion_builder_column fusion-builder-column-2 fusion_builder_column_3_4 3_4 fusion-three-fourth fusion-column-last\" style=\"--awb-bg-blend:overlay;--awb-bg-size:cover;width:75%;width:calc(75% - ( ( 0% ) * 0.75 ) );\"><div class=\"fusion-column-wrapper fusion-column-has-shadow fusion-flex-column-wrapper-legacy\"><div class=\"fusion-title title fusion-title-2 fusion-sep-none fusion-title-text fusion-title-size-two\" style=\"--awb-margin-top-small:0px;--awb-margin-right-small:0px;--awb-margin-bottom-small:20px;--awb-margin-left-small:0px;--awb-font-size:25px;\"><h2 class=\"fusion-title-heading title-heading-left fusion-responsive-typography-calculated\" style=\"margin:0;font-size:1em;--fontSize:25;--minFontSize:25;line-height:1.28;\"><h2><strong>Innovation et cr\u00e9ativit\u00e9<\/strong><\/h2><\/h2><\/div><div class=\"fusion-text fusion-text-2\"><p>Dot\u00e9e d\u2019un d\u00e9partement R&amp;D performant, l\u2019entreprise a toujours mis\u00e9 sur l\u2019\u00e9lan cr\u00e9atif de ses \u00e9quipes pour correspondre aux besoins du march\u00e9 et faire \u00e9voluer son offre. Avec une forte capacit\u00e9 d\u2019ing\u00e9nierie MICHAUD co-d\u00e9veloppe avec ses clients pour une solution adapt\u00e9e.<\/p>\n<\/div><div class=\"fusion-clearfix\"><\/div><\/div><\/div><div class=\"fusion-layout-column fusion_builder_column fusion-builder-column-3 fusion_builder_column_1_6 1_6 fusion-one-sixth fusion-column-first\" style=\"--awb-bg-blend:overlay;--awb-bg-size:cover;width:16.666666666667%;width:calc(16.666666666667% - ( ( 0% ) * 0.16666666666667 ) );margin-right: 0%;\"><div class=\"fusion-column-wrapper fusion-column-has-shadow fusion-flex-column-wrapper-legacy\"><div class=\"fusion-image-element fusion-image-align-center in-legacy-container\" style=\"text-align:center;--awb-max-width:200px;--awb-caption-title-font-family:var(--h2_typography-font-family);--awb-caption-title-font-weight:var(--h2_typography-font-weight);--awb-caption-title-font-style:var(--h2_typography-font-style);--awb-caption-title-size:var(--h2_typography-font-size);--awb-caption-title-transform:var(--h2_typography-text-transform);--awb-caption-title-line-height:var(--h2_typography-line-height);--awb-caption-title-letter-spacing:var(--h2_typography-letter-spacing);\"><div class=\"imageframe-align-center\"><span class=\" fusion-imageframe imageframe-none imageframe-3 hover-type-none\"><img decoding=\"async\" width=\"512\" height=\"512\" title=\"Collabration\" src=\"https:\/\/www.michaud-export.com\/group\/wp-content\/uploads\/2021\/03\/hand-shake2.png\" data-orig-src=\"https:\/\/www.michaud-export.com\/group\/wp-content\/uploads\/2021\/03\/hand-shake2.png\" alt class=\"lazyload img-responsive wp-image-4376\" srcset=\"data:image\/svg+xml,%3Csvg%20xmlns%3D%27http%3A%2F%2Fwww.w3.org%2F2000%2Fsvg%27%20width%3D%27512%27%20height%3D%27512%27%20viewBox%3D%270%200%20512%20512%27%3E%3Crect%20width%3D%27512%27%20height%3D%27512%27%20fill-opacity%3D%220%22%2F%3E%3C%2Fsvg%3E\" data-srcset=\"https:\/\/www.michaud-export.com\/group\/wp-content\/uploads\/2021\/03\/hand-shake2-200x200.png 200w, https:\/\/www.michaud-export.com\/group\/wp-content\/uploads\/2021\/03\/hand-shake2-400x400.png 400w, https:\/\/www.michaud-export.com\/group\/wp-content\/uploads\/2021\/03\/hand-shake2.png 512w\" data-sizes=\"auto\" data-orig-sizes=\"(max-width: 1160px) 100vw, 512px\" \/><\/span><\/div><\/div><div class=\"fusion-clearfix\"><\/div><\/div><\/div><div class=\"fusion-layout-column fusion_builder_column fusion-builder-column-4 fusion_builder_column_3_4 3_4 fusion-three-fourth fusion-column-last\" style=\"--awb-bg-blend:overlay;--awb-bg-size:cover;width:75%;width:calc(75% - ( ( 0% ) * 0.75 ) );\"><div class=\"fusion-column-wrapper fusion-column-has-shadow fusion-flex-column-wrapper-legacy\"><div class=\"fusion-title title fusion-title-3 fusion-sep-none fusion-title-text fusion-title-size-two\" style=\"--awb-margin-top-small:0px;--awb-margin-right-small:0px;--awb-margin-bottom-small:20px;--awb-margin-left-small:0px;--awb-font-size:25px;\"><h2 class=\"fusion-title-heading title-heading-left fusion-responsive-typography-calculated\" style=\"margin:0;font-size:1em;--fontSize:25;--minFontSize:25;line-height:1.28;\"><h2><strong>Service personnalis\u00e9<\/strong><\/h2><\/h2><\/div><div class=\"fusion-text fusion-text-3\"><p>Parce que chaque projet a ses sp\u00e9cificit\u00e9s et diff\u00e8re selon les standards nationaux, MICHAUD se veut l\u2019architecte de votre solution. De la conception \u00e0 la livraison, l\u2019entreprise accompagne ses clients et offre un service personnalis\u00e9.<\/p>\n<\/div><div class=\"fusion-clearfix\"><\/div><\/div><\/div><div class=\"fusion-layout-column fusion_builder_column fusion-builder-column-5 fusion_builder_column_1_6 1_6 fusion-one-sixth fusion-column-first\" style=\"--awb-bg-blend:overlay;--awb-bg-size:cover;width:16.666666666667%;width:calc(16.666666666667% - ( ( 1% ) * 0.16666666666667 ) );margin-right: 1%;\"><div class=\"fusion-column-wrapper fusion-column-has-shadow fusion-flex-column-wrapper-legacy\"><div class=\"fusion-image-element fusion-image-align-center in-legacy-container\" style=\"text-align:center;--awb-max-width:200px;--awb-caption-title-font-family:var(--h2_typography-font-family);--awb-caption-title-font-weight:var(--h2_typography-font-weight);--awb-caption-title-font-style:var(--h2_typography-font-style);--awb-caption-title-size:var(--h2_typography-font-size);--awb-caption-title-transform:var(--h2_typography-text-transform);--awb-caption-title-line-height:var(--h2_typography-line-height);--awb-caption-title-letter-spacing:var(--h2_typography-letter-spacing);\"><div class=\"imageframe-align-center\"><span class=\" fusion-imageframe imageframe-none imageframe-4 hover-type-none\"><img decoding=\"async\" width=\"512\" height=\"512\" title=\"Quality\" src=\"https:\/\/www.michaud-export.com\/group\/wp-content\/uploads\/2021\/03\/Approuve2.png\" data-orig-src=\"https:\/\/www.michaud-export.com\/group\/wp-content\/uploads\/2021\/03\/Approuve2.png\" alt class=\"lazyload img-responsive wp-image-4366\" srcset=\"data:image\/svg+xml,%3Csvg%20xmlns%3D%27http%3A%2F%2Fwww.w3.org%2F2000%2Fsvg%27%20width%3D%27512%27%20height%3D%27512%27%20viewBox%3D%270%200%20512%20512%27%3E%3Crect%20width%3D%27512%27%20height%3D%27512%27%20fill-opacity%3D%220%22%2F%3E%3C%2Fsvg%3E\" data-srcset=\"https:\/\/www.michaud-export.com\/group\/wp-content\/uploads\/2021\/03\/Approuve2-200x200.png 200w, https:\/\/www.michaud-export.com\/group\/wp-content\/uploads\/2021\/03\/Approuve2-400x400.png 400w, https:\/\/www.michaud-export.com\/group\/wp-content\/uploads\/2021\/03\/Approuve2.png 512w\" data-sizes=\"auto\" data-orig-sizes=\"(max-width: 1160px) 100vw, 512px\" \/><\/span><\/div><\/div><div class=\"fusion-clearfix\"><\/div><\/div><\/div><div class=\"fusion-layout-column fusion_builder_column fusion-builder-column-6 fusion_builder_column_3_4 3_4 fusion-three-fourth fusion-column-last\" style=\"--awb-bg-blend:overlay;--awb-bg-size:cover;width:75%;width:calc(75% - ( ( 1% ) * 0.75 ) );\"><div class=\"fusion-column-wrapper fusion-column-has-shadow fusion-flex-column-wrapper-legacy\"><div class=\"fusion-title title fusion-title-4 fusion-sep-none fusion-title-text fusion-title-size-two\" style=\"--awb-margin-top-small:0px;--awb-margin-right-small:0px;--awb-margin-bottom-small:20px;--awb-margin-left-small:0px;--awb-font-size:25px;\"><h2 class=\"fusion-title-heading title-heading-left fusion-responsive-typography-calculated\" style=\"margin:0;font-size:1em;--fontSize:25;--minFontSize:25;line-height:1.28;\"><h2><strong>Qualit\u00e9<\/strong><\/h2><\/h2><\/div><div class=\"fusion-text fusion-text-4\"><p>Valeur forte qui fait aujourd\u2019hui la reconnaissance du groupe \u00e0 l\u2019international, le d\u00e9veloppement dans cet axe doit rester une priorit\u00e9 pour notre \u00e9quipe. Dans un domaine o\u00f9 la s\u00e9curit\u00e9 des personnes prime, MICHAUD accorde une importance particuli\u00e8re \u00e0 concevoir de produits de qualit\u00e9 et \u00e0 s\u00e9lectionner soigneusement ses partenaires.<\/p>\n<\/div><div class=\"fusion-clearfix\"><\/div><\/div><\/div><div class=\"fusion-layout-column fusion_builder_column fusion-builder-column-7 fusion_builder_column_1_6 1_6 fusion-one-sixth fusion-column-first\" style=\"--awb-bg-blend:overlay;--awb-bg-size:cover;width:16.666666666667%;width:calc(16.666666666667% - ( ( 0% ) * 0.16666666666667 ) );margin-right: 0%;\"><div class=\"fusion-column-wrapper fusion-column-has-shadow fusion-flex-column-wrapper-legacy\"><div class=\"fusion-image-element fusion-image-align-center in-legacy-container\" style=\"text-align:center;--awb-max-width:200px;--awb-caption-title-font-family:var(--h2_typography-font-family);--awb-caption-title-font-weight:var(--h2_typography-font-weight);--awb-caption-title-font-style:var(--h2_typography-font-style);--awb-caption-title-size:var(--h2_typography-font-size);--awb-caption-title-transform:var(--h2_typography-text-transform);--awb-caption-title-line-height:var(--h2_typography-line-height);--awb-caption-title-letter-spacing:var(--h2_typography-letter-spacing);\"><div class=\"imageframe-align-center\"><span class=\" fusion-imageframe imageframe-none imageframe-5 hover-type-none\"><img decoding=\"async\" width=\"512\" height=\"512\" title=\"Discussion\" src=\"https:\/\/www.michaud-export.com\/group\/wp-content\/uploads\/2021\/03\/chat2.png\" data-orig-src=\"https:\/\/www.michaud-export.com\/group\/wp-content\/uploads\/2021\/03\/chat2.png\" alt class=\"lazyload img-responsive wp-image-4371\" srcset=\"data:image\/svg+xml,%3Csvg%20xmlns%3D%27http%3A%2F%2Fwww.w3.org%2F2000%2Fsvg%27%20width%3D%27512%27%20height%3D%27512%27%20viewBox%3D%270%200%20512%20512%27%3E%3Crect%20width%3D%27512%27%20height%3D%27512%27%20fill-opacity%3D%220%22%2F%3E%3C%2Fsvg%3E\" data-srcset=\"https:\/\/www.michaud-export.com\/group\/wp-content\/uploads\/2021\/03\/chat2-200x200.png 200w, https:\/\/www.michaud-export.com\/group\/wp-content\/uploads\/2021\/03\/chat2-400x400.png 400w, https:\/\/www.michaud-export.com\/group\/wp-content\/uploads\/2021\/03\/chat2.png 512w\" data-sizes=\"auto\" data-orig-sizes=\"(max-width: 1160px) 100vw, 512px\" \/><\/span><\/div><\/div><div class=\"fusion-clearfix\"><\/div><\/div><\/div><div class=\"fusion-layout-column fusion_builder_column fusion-builder-column-8 fusion_builder_column_3_4 3_4 fusion-three-fourth fusion-column-last\" style=\"--awb-bg-blend:overlay;--awb-bg-size:cover;width:75%;width:calc(75% - ( ( 0% ) * 0.75 ) );\"><div class=\"fusion-column-wrapper fusion-column-has-shadow fusion-flex-column-wrapper-legacy\"><div class=\"fusion-title title fusion-title-5 fusion-sep-none fusion-title-text fusion-title-size-two\" style=\"--awb-margin-top-small:0px;--awb-margin-right-small:0px;--awb-margin-bottom-small:20px;--awb-margin-left-small:0px;--awb-font-size:25px;\"><h2 class=\"fusion-title-heading title-heading-left fusion-responsive-typography-calculated\" style=\"margin:0;font-size:1em;--fontSize:25;--minFontSize:25;line-height:1.28;\"><h2><strong>Ecoute<\/strong><\/h2><\/h2><\/div><div class=\"fusion-text fusion-text-5\"><p>Avec son \u00e9quipe commerciale dynamique et implant\u00e9e sur diff\u00e9rents continents, l&rsquo;entreprise poss\u00e8de une capacit\u00e9 d\u2019\u00e9coute et d\u2019appr\u00e9hension des contextes locaux pour apporter la meilleure r\u00e9ponse aux besoins.<\/p>\n<\/div><div class=\"fusion-clearfix\"><\/div><\/div><\/div><div class=\"fusion-layout-column fusion_builder_column fusion-builder-column-9 fusion_builder_column_1_6 1_6 fusion-one-sixth fusion-column-first\" style=\"--awb-bg-blend:overlay;--awb-bg-size:cover;width:16.666666666667%;width:calc(16.666666666667% - ( ( 1% ) * 0.16666666666667 ) );margin-right: 1%;\"><div class=\"fusion-column-wrapper fusion-column-has-shadow fusion-flex-column-wrapper-legacy\"><div class=\"fusion-image-element fusion-image-align-right in-legacy-container\" style=\"text-align:right;--awb-max-width:200px;--awb-caption-title-font-family:var(--h2_typography-font-family);--awb-caption-title-font-weight:var(--h2_typography-font-weight);--awb-caption-title-font-style:var(--h2_typography-font-style);--awb-caption-title-size:var(--h2_typography-font-size);--awb-caption-title-transform:var(--h2_typography-text-transform);--awb-caption-title-line-height:var(--h2_typography-line-height);--awb-caption-title-letter-spacing:var(--h2_typography-letter-spacing);\"><span class=\" fusion-imageframe imageframe-none imageframe-6 hover-type-none\" style=\"margin-left:25px;float:right;\"><img decoding=\"async\" width=\"512\" height=\"512\" title=\"International\" src=\"https:\/\/www.michaud-export.com\/group\/wp-content\/uploads\/2021\/03\/International.png\" data-orig-src=\"https:\/\/www.michaud-export.com\/group\/wp-content\/uploads\/2021\/03\/International.png\" alt class=\"lazyload img-responsive wp-image-4381\" srcset=\"data:image\/svg+xml,%3Csvg%20xmlns%3D%27http%3A%2F%2Fwww.w3.org%2F2000%2Fsvg%27%20width%3D%27512%27%20height%3D%27512%27%20viewBox%3D%270%200%20512%20512%27%3E%3Crect%20width%3D%27512%27%20height%3D%27512%27%20fill-opacity%3D%220%22%2F%3E%3C%2Fsvg%3E\" data-srcset=\"https:\/\/www.michaud-export.com\/group\/wp-content\/uploads\/2021\/03\/International-200x200.png 200w, https:\/\/www.michaud-export.com\/group\/wp-content\/uploads\/2021\/03\/International-400x400.png 400w, https:\/\/www.michaud-export.com\/group\/wp-content\/uploads\/2021\/03\/International.png 512w\" data-sizes=\"auto\" data-orig-sizes=\"(max-width: 1160px) 100vw, 512px\" \/><\/span><\/div><div class=\"fusion-clearfix\"><\/div><\/div><\/div><div class=\"fusion-layout-column fusion_builder_column fusion-builder-column-10 fusion_builder_column_3_4 3_4 fusion-three-fourth fusion-column-last\" style=\"--awb-bg-blend:overlay;--awb-bg-size:cover;width:75%;width:calc(75% - ( ( 1% ) * 0.75 ) );\"><div class=\"fusion-column-wrapper fusion-column-has-shadow fusion-flex-column-wrapper-legacy\"><div class=\"fusion-title title fusion-title-6 fusion-sep-none fusion-title-text fusion-title-size-two\" style=\"--awb-margin-top-small:0px;--awb-margin-right-small:0px;--awb-margin-bottom-small:20px;--awb-margin-left-small:0px;--awb-font-size:25px;\"><h2 class=\"fusion-title-heading title-heading-left fusion-responsive-typography-calculated\" style=\"margin:0;font-size:1em;--fontSize:25;--minFontSize:25;line-height:1.28;\"><h2><strong>R\u00e9activit\u00e9 et souplesse<\/strong><\/h2><\/h2><\/div><div class=\"fusion-text fusion-text-6\"><p>Avec une entit\u00e9 d\u00e9di\u00e9 \u00e0 l\u2019international, l&rsquo;expertise pointue des d\u00e9partements ing\u00e9nierie, logistique, commercial offre un service r\u00e9actif et flexible \u00e0 nos clients.<\/p>\n<\/div><div class=\"fusion-clearfix\"><\/div><\/div><\/div><\/div><\/div><div class=\"fusion-fullwidth fullwidth-box fusion-builder-row-3 nonhundred-percent-fullwidth non-hundred-percent-height-scrolling\" style=\"--awb-border-radius-top-left:0px;--awb-border-radius-top-right:0px;--awb-border-radius-bottom-right:0px;--awb-border-radius-bottom-left:0px;--awb-flex-wrap:wrap;\" ><div class=\"fusion-builder-row fusion-row\"><div class=\"fusion-layout-column fusion_builder_column fusion-builder-column-11 fusion_builder_column_1_1 1_1 fusion-one-full fusion-column-first fusion-column-last\" style=\"--awb-bg-blend:overlay;--awb-bg-size:cover;\"><div class=\"fusion-column-wrapper fusion-column-has-shadow fusion-flex-column-wrapper-legacy\"><div class=\"fusion-text fusion-text-7\" style=\"--awb-margin-right:50px;--awb-margin-left:50px;\"><p>La capacit\u00e9 d\u2019innovation et d\u2019accompagnement de MICHAUD a amen\u00e9 l\u2019entreprise \u00e0 s\u2019orienter vers une approche projet en int\u00e9grant des syst\u00e8mes et un service complet. L\u2019aptitude \u00e0 transformer chaque requ\u00eate en une r\u00e9ponse technique globale d\u00e9montre la valeur ajout\u00e9e de l\u2019\u00e9quipe et son savoir-faire.<\/p>\n<div class=\"comment\">\n<p>De la R&amp;D au service apr\u00e8s-vente, MICHAUD ma\u00eetrise sa cha\u00eene de valeurs, assurant une qualit\u00e9 et un service de haut niveau \u00e0 l\u2019\u00e9chelle mondiale.<\/p>\n<\/div>\n<\/div><div class=\"fusion-clearfix\"><\/div><\/div><\/div><\/div><\/div><\/p>\n","protected":false},"excerpt":{"rendered":"","protected":false},"author":7,"featured_media":0,"parent":0,"menu_order":0,"comment_status":"closed","ping_status":"closed","template":"100-width.php","meta":{"footnotes":""},"class_list":["post-2150","page","type-page","status-publish","hentry"],"aioseo_notices":[],"_links":{"self":[{"href":"https:\/\/www.michaud-export.com\/group\/wp-json\/wp\/v2\/pages\/2150","targetHints":{"allow":["GET"]}}],"collection":[{"href":"https:\/\/www.michaud-export.com\/group\/wp-json\/wp\/v2\/pages"}],"about":[{"href":"https:\/\/www.michaud-export.com\/group\/wp-json\/wp\/v2\/types\/page"}],"author":[{"embeddable":true,"href":"https:\/\/www.michaud-export.com\/group\/wp-json\/wp\/v2\/users\/7"}],"replies":[{"embeddable":true,"href":"https:\/\/www.michaud-export.com\/group\/wp-json\/wp\/v2\/comments?post=2150"}],"version-history":[{"count":47,"href":"https:\/\/www.michaud-export.com\/group\/wp-json\/wp\/v2\/pages\/2150\/revisions"}],"predecessor-version":[{"id":122558,"href":"https:\/\/www.michaud-export.com\/group\/wp-json\/wp\/v2\/pages\/2150\/revisions\/122558"}],"wp:attachment":[{"href":"https:\/\/www.michaud-export.com\/group\/wp-json\/wp\/v2\/media?parent=2150"}],"curies":[{"name":"wp","href":"https:\/\/api.w.org\/{rel}","templated":true}]}}