{"id":2125,"date":"2020-03-25T06:02:06","date_gmt":"2020-03-25T06:02:06","guid":{"rendered":"https:\/\/www.michaud-export.com\/group?page_id=2125"},"modified":"2025-04-18T10:38:33","modified_gmt":"2025-04-18T08:38:33","slug":"politique-qualite","status":"publish","type":"page","link":"https:\/\/www.michaud-export.com\/group\/politique-qualite","title":{"rendered":"Politique qualit\u00e9"},"content":{"rendered":"<p><div class=\"fusion-fullwidth fullwidth-box fusion-builder-row-1 nonhundred-percent-fullwidth non-hundred-percent-height-scrolling\" style=\"--awb-border-radius-top-left:0px;--awb-border-radius-top-right:0px;--awb-border-radius-bottom-right:0px;--awb-border-radius-bottom-left:0px;--awb-flex-wrap:wrap;\" ><div class=\"fusion-builder-row fusion-row\"><div class=\"fusion-layout-column fusion_builder_column fusion-builder-column-0 fusion_builder_column_1_1 1_1 fusion-one-full fusion-column-first fusion-column-last\" style=\"--awb-padding-top:22px;--awb-bg-size:cover;--awb-margin-top:0px;\"><div class=\"fusion-column-wrapper fusion-column-has-shadow fusion-flex-column-wrapper-legacy\"><div class=\"fusion-text fusion-text-1\" style=\"--awb-margin-right:50px;--awb-margin-left:50px;\"><p>Gr\u00e2ce aux ann\u00e9es de recherche, aux process de fabrication ma\u00eetris\u00e9s et aboutis, \u00e0 la mise en place de plans de qualit\u00e9 et \u00e0 la volont\u00e9 d\u2019am\u00e9lioration continue, <strong>MICHAUD<\/strong> con\u00e7oit, fabrique et distribue des produits dont la qualit\u00e9 et la fiabilit\u00e9 ont fait depuis longtemps sa renomm\u00e9e.<\/p>\n<\/div><div class=\"fusion-clearfix\"><\/div><\/div><\/div><\/div><\/div><div class=\"fusion-fullwidth fullwidth-box fusion-builder-row-2 nonhundred-percent-fullwidth non-hundred-percent-height-scrolling\" style=\"--awb-border-radius-top-left:0px;--awb-border-radius-top-right:0px;--awb-border-radius-bottom-right:0px;--awb-border-radius-bottom-left:0px;--awb-flex-wrap:wrap;\" ><div class=\"fusion-builder-row fusion-row\"><div class=\"fusion-layout-column fusion_builder_column fusion-builder-column-1 fusion_builder_column_1_3 1_3 fusion-one-third fusion-column-first\" style=\"--awb-bg-size:cover;width:33.333333333333%;width:calc(33.333333333333% - ( ( 4% + 4% ) * 0.33333333333333 ) );margin-right: 4%;\"><div class=\"fusion-column-wrapper fusion-column-has-shadow fusion-flex-column-wrapper-legacy\"><div class=\"fusion-image-element fusion-image-align-right in-legacy-container\" style=\"text-align:right;--awb-caption-title-font-family:var(--h2_typography-font-family);--awb-caption-title-font-weight:var(--h2_typography-font-weight);--awb-caption-title-font-style:var(--h2_typography-font-style);--awb-caption-title-size:var(--h2_typography-font-size);--awb-caption-title-transform:var(--h2_typography-text-transform);--awb-caption-title-line-height:var(--h2_typography-line-height);--awb-caption-title-letter-spacing:var(--h2_typography-letter-spacing);\"><span class=\" fusion-imageframe imageframe-none imageframe-1 hover-type-none\" style=\"margin-left:25px;float:right;\"><img decoding=\"async\" width=\"116\" height=\"110\" title=\"afaq-9001-1\" src=\"data:image\/svg+xml,%3Csvg%20xmlns%3D%27http%3A%2F%2Fwww.w3.org%2F2000%2Fsvg%27%20width%3D%27116%27%20height%3D%27110%27%20viewBox%3D%270%200%20116%20110%27%3E%3Crect%20width%3D%27116%27%20height%3D%27110%27%20fill-opacity%3D%220%22%2F%3E%3C%2Fsvg%3E\" data-orig-src=\"https:\/\/www.michaud-export.com\/group\/wp-content\/uploads\/2020\/02\/afaq-9001-1.jpg\" alt class=\"lazyload img-responsive wp-image-2154\"\/><\/span><\/div><div class=\"fusion-clearfix\"><\/div><\/div><\/div><div class=\"fusion-layout-column fusion_builder_column fusion-builder-column-2 fusion_builder_column_1_3 1_3 fusion-one-third\" style=\"--awb-bg-size:cover;width:33.333333333333%;width:calc(33.333333333333% - ( ( 4% + 4% ) * 0.33333333333333 ) );margin-right: 4%;\"><div class=\"fusion-column-wrapper fusion-column-has-shadow fusion-flex-column-wrapper-legacy\"><div class=\"fusion-image-element fusion-image-align-center in-legacy-container\" style=\"text-align:center;--awb-caption-title-font-family:var(--h2_typography-font-family);--awb-caption-title-font-weight:var(--h2_typography-font-weight);--awb-caption-title-font-style:var(--h2_typography-font-style);--awb-caption-title-size:var(--h2_typography-font-size);--awb-caption-title-transform:var(--h2_typography-text-transform);--awb-caption-title-line-height:var(--h2_typography-line-height);--awb-caption-title-letter-spacing:var(--h2_typography-letter-spacing);\"><div class=\"imageframe-align-center\"><span class=\" fusion-imageframe imageframe-none imageframe-2 hover-type-none\"><img decoding=\"async\" width=\"120\" height=\"113\" title=\"afaq-14001-1\" src=\"data:image\/svg+xml,%3Csvg%20xmlns%3D%27http%3A%2F%2Fwww.w3.org%2F2000%2Fsvg%27%20width%3D%27120%27%20height%3D%27113%27%20viewBox%3D%270%200%20120%20113%27%3E%3Crect%20width%3D%27120%27%20height%3D%27113%27%20fill-opacity%3D%220%22%2F%3E%3C%2Fsvg%3E\" data-orig-src=\"https:\/\/www.michaud-export.com\/group\/wp-content\/uploads\/2020\/02\/afaq-14001-1.jpg\" alt class=\"lazyload img-responsive wp-image-2156\"\/><\/span><\/div><\/div><div class=\"fusion-clearfix\"><\/div><\/div><\/div><div class=\"fusion-layout-column fusion_builder_column fusion-builder-column-3 fusion_builder_column_1_3 1_3 fusion-one-third fusion-column-last\" style=\"--awb-bg-size:cover;width:33.333333333333%;width:calc(33.333333333333% - ( ( 4% + 4% ) * 0.33333333333333 ) );\"><div class=\"fusion-column-wrapper fusion-column-has-shadow fusion-flex-column-wrapper-legacy\"><div class=\"fusion-image-element fusion-image-align-left in-legacy-container\" style=\"text-align:left;--awb-caption-title-font-family:var(--h2_typography-font-family);--awb-caption-title-font-weight:var(--h2_typography-font-weight);--awb-caption-title-font-style:var(--h2_typography-font-style);--awb-caption-title-size:var(--h2_typography-font-size);--awb-caption-title-transform:var(--h2_typography-text-transform);--awb-caption-title-line-height:var(--h2_typography-line-height);--awb-caption-title-letter-spacing:var(--h2_typography-letter-spacing);\"><span class=\" fusion-imageframe imageframe-none imageframe-3 hover-type-none\" style=\"margin-right:25px;float:left;\"><img decoding=\"async\" width=\"150\" height=\"150\" alt=\"Notre laboratoire d&#039;essai est accr\u00e9dit\u00e9 par la COFRAC\" title=\"logo Cofrac Essais\" src=\"https:\/\/www.michaud-export.com\/group\/wp-content\/uploads\/2023\/02\/logo-Cofrac-Essais.png\" data-orig-src=\"https:\/\/www.michaud-export.com\/group\/wp-content\/uploads\/2023\/02\/logo-Cofrac-Essais-150x150.png\" class=\"lazyload img-responsive wp-image-121518\" srcset=\"data:image\/svg+xml,%3Csvg%20xmlns%3D%27http%3A%2F%2Fwww.w3.org%2F2000%2Fsvg%27%20width%3D%27600%27%20height%3D%27600%27%20viewBox%3D%270%200%20600%20600%27%3E%3Crect%20width%3D%27600%27%20height%3D%27600%27%20fill-opacity%3D%220%22%2F%3E%3C%2Fsvg%3E\" data-srcset=\"https:\/\/www.michaud-export.com\/group\/wp-content\/uploads\/2023\/02\/logo-Cofrac-Essais-200x200.png 200w, https:\/\/www.michaud-export.com\/group\/wp-content\/uploads\/2023\/02\/logo-Cofrac-Essais-400x400.png 400w, https:\/\/www.michaud-export.com\/group\/wp-content\/uploads\/2023\/02\/logo-Cofrac-Essais.png 600w\" data-sizes=\"auto\" data-orig-sizes=\"(max-width: 1160px) 100vw, 150px\" \/><\/span><\/div><div class=\"fusion-text fusion-text-2\"><p>* accr\u00e9ditation n\u00b01-0579 port\u00e9e disponible sur www.cofrac.fr<\/p>\n<\/div><div class=\"fusion-clearfix\"><\/div><\/div><\/div><\/div><\/div><div class=\"fusion-fullwidth fullwidth-box fusion-builder-row-3 nonhundred-percent-fullwidth non-hundred-percent-height-scrolling\" style=\"--awb-border-radius-top-left:0px;--awb-border-radius-top-right:0px;--awb-border-radius-bottom-right:0px;--awb-border-radius-bottom-left:0px;--awb-flex-wrap:wrap;\" ><div class=\"fusion-builder-row fusion-row\"><div class=\"fusion-layout-column fusion_builder_column fusion-builder-column-4 fusion_builder_column_1_1 1_1 fusion-one-full fusion-column-first fusion-column-last\" style=\"--awb-bg-size:cover;\"><div class=\"fusion-column-wrapper fusion-column-has-shadow fusion-flex-column-wrapper-legacy\"><div class=\"fusion-text fusion-text-3\" style=\"--awb-margin-right:50px;--awb-margin-left:50px;\"><p>Le groupe a \u00e9t\u00e9 l\u2019un des premiers en France \u00e0 \u00eatre certifi\u00e9 selon la norme ISO 9001 et a obtenu, pour la protection de l\u2019environnement, la certification ISO 14001.<\/p>\n<p>Enfin, le groupe <strong>MICHAUD<\/strong> est un des rares fabricants \u00e0 avoir investi, pour la satisfaction qualit\u00e9 de ses clients, dans un laboratoire d\u2019essais, accr\u00e9dit\u00e9 par le <strong>COFRAC<\/strong> depuis 1995. Le <strong>COFRAC<\/strong> permet aux laboratoires et organismes qu\u2019il accr\u00e9dite d\u2019apporter la preuve de leurs comp\u00e9tences et de leur impartialit\u00e9. Il offre aux entreprises une r\u00e9elle garantie de confiance dans les prestations. L\u2019accr\u00e9ditation <strong>COFRAC<\/strong>, reconnue en France, l\u2019est \u00e9galement au niveau europ\u00e9en et mondial gr\u00e2ce \u00e0 des accords multilat\u00e9raux.<\/p>\n<div class=\"comment\">\n<p><strong>Notre objectif : donner la priorit\u00e9 \u00e0 la satisfaction du client en r\u00e9pondant aux exigences des march\u00e9s fran\u00e7ais et internationaux.<\/strong><\/p>\n<\/div>\n<\/div><div class=\"fusion-clearfix\"><\/div><\/div><\/div><\/div><\/div><\/p>\n","protected":false},"excerpt":{"rendered":"","protected":false},"author":7,"featured_media":0,"parent":0,"menu_order":0,"comment_status":"closed","ping_status":"closed","template":"100-width.php","meta":{"footnotes":""},"class_list":["post-2125","page","type-page","status-publish","hentry"],"aioseo_notices":[],"_links":{"self":[{"href":"https:\/\/www.michaud-export.com\/group\/wp-json\/wp\/v2\/pages\/2125","targetHints":{"allow":["GET"]}}],"collection":[{"href":"https:\/\/www.michaud-export.com\/group\/wp-json\/wp\/v2\/pages"}],"about":[{"href":"https:\/\/www.michaud-export.com\/group\/wp-json\/wp\/v2\/types\/page"}],"author":[{"embeddable":true,"href":"https:\/\/www.michaud-export.com\/group\/wp-json\/wp\/v2\/users\/7"}],"replies":[{"embeddable":true,"href":"https:\/\/www.michaud-export.com\/group\/wp-json\/wp\/v2\/comments?post=2125"}],"version-history":[{"count":34,"href":"https:\/\/www.michaud-export.com\/group\/wp-json\/wp\/v2\/pages\/2125\/revisions"}],"predecessor-version":[{"id":122596,"href":"https:\/\/www.michaud-export.com\/group\/wp-json\/wp\/v2\/pages\/2125\/revisions\/122596"}],"wp:attachment":[{"href":"https:\/\/www.michaud-export.com\/group\/wp-json\/wp\/v2\/media?parent=2125"}],"curies":[{"name":"wp","href":"https:\/\/api.w.org\/{rel}","templated":true}]}}