{"id":20,"date":"2018-09-10T09:35:12","date_gmt":"2018-09-10T09:35:12","guid":{"rendered":"http:\/\/modele.guigout.fr\/?page_id=20"},"modified":"2022-04-19T10:46:29","modified_gmt":"2022-04-19T08:46:29","slug":"donnees-personnelles","status":"publish","type":"page","link":"https:\/\/www.michaud-export.com\/group\/donnees-personnelles","title":{"rendered":"Donn\u00e9es personnelles"},"content":{"rendered":"<div class=\"fusion-fullwidth fullwidth-box fusion-builder-row-1 nonhundred-percent-fullwidth non-hundred-percent-height-scrolling\" style=\"--awb-border-radius-top-left:0px;--awb-border-radius-top-right:0px;--awb-border-radius-bottom-right:0px;--awb-border-radius-bottom-left:0px;--awb-flex-wrap:wrap;\" ><div class=\"fusion-builder-row fusion-row\"><div class=\"fusion-layout-column fusion_builder_column fusion-builder-column-0 fusion_builder_column_1_1 1_1 fusion-one-full fusion-column-first fusion-column-last\" style=\"--awb-bg-size:cover;\"><div class=\"fusion-column-wrapper fusion-flex-column-wrapper-legacy\"><div class=\"fusion-text fusion-text-1\"><h2 style=\"text-align: center;\"><b>Donn\u00e9es personnelles<\/b><\/h2>\n<p><span style=\"font-weight: 400;\">Les bases de donn\u00e9es de <span style=\"color: #000080;\">https:\/\/www.michaud-export.com<\/span> ont fait l\u2019objet d\u2019une d\u00e9claration \u00e0 la CNIL.<\/span><\/p>\n<p><span style=\"font-weight: 400;\"><span style=\"color: #000080;\">https:\/\/www.michaud-export.com<\/span> se r\u00e9serve le droit de collecter des donn\u00e9es sur le Client, notamment par l\u2019emploi de cookies. Pour en savoir plus consulter la section COOKIE<\/span><\/p>\n<p><span style=\"font-weight: 400;\">Au travers de l\u2019exploitation du Site, le Client consent \u00e0 l\u2019utilisation de ses donn\u00e9es personnelles, donn\u00e9es communiqu\u00e9es lors de son inscription, par les services de<span style=\"color: #000080;\"> https:\/\/www.michaud-export.com<\/span> en charge du traitement des commandes. Ces donn\u00e9es sont n\u00e9cessaires au traitement de ses commandes.<\/span><\/p>\n<p><span style=\"font-weight: 400;\">Conform\u00e9ment \u00e0 la loi \u00ab\u00a0Informatique et Libert\u00e9s\u00a0\u00bb n\u00b078-17 du 6 janvier 1978 modifi\u00e9e en 2004 et le R\u00e8glement G\u00e9n\u00e9ral sur la Protection des Donn\u00e9es, RGPD, le 25 mai 2018, le Client dispose d\u2019un droit d\u2019acc\u00e8s, de rectification et de suppression des donn\u00e9es le concernant. Il peut \u00e9galement s\u2019opposer \u00e0 ce que ses donn\u00e9es soient transmises \u00e0 des tiers.<\/span><\/p>\n<p><span style=\"font-weight: 400;\">Ces droits peuvent \u00eatre exerc\u00e9s par courrier adress\u00e9 \u00e0\u00a0:<\/span><\/p>\n<p><span style=\"font-weight: 400;\"> MICHAUD EXPORT<\/span><br \/>\n<span style=\"font-weight: 400;\"> 499, Rue du Revermont<\/BR>ZAC La Cambuse<\/BR>01440 Viriat, FRANCE<\/span><\/p>\n<h3><b>1. A quelles occasions collectons-nous vos donn\u00e9es personnelles ?<\/b><\/h3>\n<p><span style=\"font-weight: 400;\">Nous pouvons recueillir vos Donn\u00e9es lorsque vous visitez le Site <span style=\"color: #000080;\">https:\/\/www.michaud-export.com<\/span> qui utilise des cookies, vous cr\u00e9ez un compte sur le site <span style=\"color: #000080;\">https:\/\/www.michaud-export.com<\/span>, vous achetez nos produits, vous adh\u00e9rez \u00e0 nos newsletters (mail, sms).<\/span><\/p>\n<p><span style=\"font-weight: 400;\">Nous traitons vos Donn\u00e9es afin de vous proposer une exp\u00e9rience de navigation la plus fluide et la plus pertinente possible sur le site <span style=\"color: #000080;\">https:\/\/www.michaud-export.com<\/span>, traiter vos commandes, g\u00e9rer vos avis clients et recouvrer les paiements et lutter contre la fraude.<\/span><\/p>\n<h3><b>2. Navigation sur le Site <\/b><\/h3>\n<p><span style=\"font-weight: 400;\">Nous traitons vos Donn\u00e9es afin de vous permettre de naviguer sur le Site <span style=\"color: #000080;\">https:\/\/www.michaud-export.com<\/span>. La base juridique de ce traitement est votre consentement.<\/span><\/p>\n<h3><b>3. Qui sont les destinataires de vos donn\u00e9es ?<\/b><\/h3>\n<p><span style=\"font-weight: 400;\">Diff\u00e9rents services internes de <span style=\"color: #000080;\">https:\/\/www.michaud-export.com<\/span> peuvent avoir acc\u00e8s \u00e0 vos Donn\u00e9es. Nous ne partageons pas vos Donn\u00e9es avec des tiers (hors des services internes de<span style=\"color: #000080;\"> https:\/\/www.michaud-export.com<\/span> en relation avec les traitements) sauf dans les circonstances pr\u00e9cises suivantes.<\/span><\/p>\n<h3><b>4. Combien de temps conservons-nous vos donn\u00e9es ?<\/b><\/h3>\n<p><span style=\"font-weight: 400;\">Vos Donn\u00e9es sont recueillies par<span style=\"color: #000080;\"> https:\/\/www.michaud-export.com<\/span> pour le temps n\u00e9cessaire \u00e0 la r\u00e9alisation des traitements de vos commandes. Les grandes cat\u00e9gories de Donn\u00e9es collect\u00e9es par <span style=\"color: #000080;\">https:\/\/www.michaud-export.com<\/span> sont conserv\u00e9es pour les dur\u00e9es suivantes.<\/span><\/p>\n<p><span style=\"font-weight: 400;\">Pour les prospects (contact client par le biais des formulaires) les donn\u00e9es ne sont conserv\u00e9es que pendant la dur\u00e9e de la r\u00e9alisation du devis.<\/span><\/p>\n<p><span style=\"font-weight: 400;\">Pour les commandes, les donn\u00e9es sont conserv\u00e9es en archives courantes pendant 5 ans \u00e0 compter de la fin de l\u2019utilisation des commandes du client, et en archives interm\u00e9diaires pendant 5 ans \u00e0 compter de la fin de la conservation en archives courantes.<\/span><\/p>\n<p><span style=\"font-weight: 400;\">Pour les clients, les donn\u00e9es sont conserv\u00e9es en archives courantes pendant 5 ans \u00e0 compter de la fin de la relation commerciale, et en archives interm\u00e9diaires pendant 5 ans \u00e0 compter de la fin de la conservation en archives courantes.<\/span><\/p>\n<p><span style=\"font-weight: 400;\">Pour les donn\u00e9es de carte bancaire, aucune stockage n\u2019est r\u00e9alis\u00e9 pour ces donn\u00e9es par nos soins.<\/span><\/p>\n<h3><b>5. Vos droits ?<\/b><\/h3>\n<p><b>5.1<\/b><span style=\"font-weight: 400;\">\u00a0Vous avez le droit de demander l\u2019acc\u00e8s et la rectification de vos donn\u00e9es, Vous avez le droit de demander la limitation du traitement de vos Donn\u00e9es.<\/span><\/p>\n<p><span style=\"font-weight: 400;\">Il est important de noter que ce droit ne s\u2019applique que si vous contestez l\u2019exactitude de vos donn\u00e9es pendant la dur\u00e9e nous permettant de v\u00e9ri\ufb01er l\u2019exactitude de ces derni\u00e8res, vous consid\u00e9rez que nous traitons illicitement vos donn\u00e9es et que vous exigez une limitation de leur utilisation plut\u00f4t qu\u2019un effacement, nous n\u2019avons plus besoin de vos donn\u00e9es au regard des finalit\u00e9s de la gestion de vos commandes mais que celles-ci sont encore n\u00e9cessaires pour la constatation, l\u2019exercice ou la d\u00e9fense de vos droits en justice, en cas d\u2019exercice de votre droit d\u2019opposition pendant la dur\u00e9e de v\u00e9ri\ufb01cation portant sur le point de savoir si les motifs l\u00e9gitimes que nous poursuivons pr\u00e9valent sur les v\u00f4tres.<\/span><\/p>\n<p><b>5.2<\/b><span style=\"font-weight: 400;\">\u00a0Demander la suppression de vos Donn\u00e9es.<\/span><\/p>\n<p><span style=\"font-weight: 400;\">En cas de demande de suppression de vos Donn\u00e9es,<span style=\"color: #000080;\"> https:\/\/www.michaud-export.com<\/span> pourra n\u00e9anmoins les conserver sous forme d\u2019archivage interm\u00e9diaire, et ce pour la dur\u00e9e n\u00e9cessaire \u00e0 la satisfaction de ses obligations l\u00e9gales, comptables et fiscales.<\/span><\/p>\n<p><b>5.3<\/b><span style=\"font-weight: 400;\">\u00a0Droit de formuler des directives post-mortem sp\u00e9cifiques et g\u00e9n\u00e9rales concernant la conservation, l\u2019effacement et la communication de vos Donn\u00e9es.<\/span><\/p>\n<p><span style=\"font-weight: 400;\">En l\u2019absence de toute directive, vos h\u00e9ritiers peuvent s\u2019adresser \u00e0<span style=\"color: #000080;\"> https:\/\/www.michaud-export.com<\/span> afin d\u2019acc\u00e9der aux traitements de Donn\u00e9es permettant \u00ab l\u2019organisation et le r\u00e8glement de la succession du d\u00e9funt \u00bb et\/ou de faire proc\u00e9der \u00e0 la cl\u00f4ture de votre Compte sur le Site et\/ou de s\u2019opposer \u00e0 la poursuite du traitement de vos Donn\u00e9es.<\/span><\/p>\n<p><span style=\"font-weight: 400;\">En tout \u00e9tat de cause, vous avez la possibilit\u00e9 de nous indiquer, \u00e0 tout moment, que vous ne souhaitez pas, en cas de d\u00e9c\u00e8s, que vos Donn\u00e9es soient communiqu\u00e9es \u00e0 un tiers.<\/span><\/p>\n<p><b>5.4<\/b><span style=\"font-weight: 400;\">\u00a0Vous avez le droit d\u2019exercer votre droit \u00e0 la portabilit\u00e9.<\/span><\/p>\n<p><b>5.5<\/b><span style=\"font-weight: 400;\">\u00a0Vous avez le droit de retirer votre consentement \u00e0 la r\u00e9alisation des traitements fond\u00e9s sur cette base juridique.<\/span><\/p>\n<p><span style=\"font-weight: 400;\">Veuillez noter que le retrait de votre consentement ne portera pas atteinte \u00e0 la lic\u00e9it\u00e9 des traitements r\u00e9alis\u00e9s avant le retrait de celui-ci.<\/span><\/p>\n<p><b>5.6<\/b><span style=\"font-weight: 400;\">\u00a0Vous pouvez, \u00e0 tout moment, porter r\u00e9clamation devant l\u2019autorit\u00e9 de contr\u00f4le comp\u00e9tente (en France, la CNIL : www.cnil.fr)<\/span><\/p>\n<p><strong>5.7<\/strong> Vous avez la possibilit\u00e9 de vous inscrire sur la liste d\u2019opposition au d\u00e9marchage BLOCTEL.<\/p>\n<p>Article L 223-2 du code de la consommation \u00a0\u00bb Lorsqu\u2019un professionnel est amen\u00e9 \u00e0 recueillir aupr\u00e8s d\u2019un consommateur des donn\u00e9es t\u00e9l\u00e9phoniques, il l\u2019informe de son droit \u00e0 s\u2019inscrire sur la liste d\u2019opposition au d\u00e9marchage t\u00e9l\u00e9phonique. Lorsque ce recueil se fait \u00e0 l\u2019occasion de la conclusion d\u2019un contrat, le contrat mentionne de mani\u00e8re claire et compr\u00e9hensible l\u2019existence de ce droit pour le consommateur. \u00a0\u00bb<\/p>\n<p><span style=\"font-weight: 400;\">De mani\u00e8re g\u00e9n\u00e9rale, pour exercer vos droits, veuillez adresser votre demande (en indiquant votre adresse \u00e9lectronique, nom, pr\u00e9nom, adresse postale et une copie de votre pi\u00e8ce d\u2019identit\u00e9) \u00e0 <span style=\"color: #000080;\">contact@michaud-export.com<\/span> par email ou par courrier postal adress\u00e9 \u00e0 :<\/span><\/p>\n<p><span style=\"font-weight: 400;\">MICHAUD EXPORT,<\/span><\/p>\n<p><span style=\"font-weight: 400;\"> 499, Rue du Revermont<\/BR>ZAC La Cambuse<\/BR>01440 Viriat, FRANCE.<\/span><\/p>\n<p><span style=\"font-weight: 400;\">Nous vous adresserons une r\u00e9ponse dans un d\u00e9lai d\u2019un 1 mois maximum suivant la date de r\u00e9ception de votre demande.<\/span><\/p>\n<\/div><div class=\"fusion-clearfix\"><\/div><\/div><\/div><\/div><\/div>\n","protected":false},"excerpt":{"rendered":"","protected":false},"author":1,"featured_media":0,"parent":0,"menu_order":0,"comment_status":"closed","ping_status":"closed","template":"","meta":{"footnotes":""},"class_list":["post-20","page","type-page","status-publish","hentry"],"aioseo_notices":[],"_links":{"self":[{"href":"https:\/\/www.michaud-export.com\/group\/wp-json\/wp\/v2\/pages\/20","targetHints":{"allow":["GET"]}}],"collection":[{"href":"https:\/\/www.michaud-export.com\/group\/wp-json\/wp\/v2\/pages"}],"about":[{"href":"https:\/\/www.michaud-export.com\/group\/wp-json\/wp\/v2\/types\/page"}],"author":[{"embeddable":true,"href":"https:\/\/www.michaud-export.com\/group\/wp-json\/wp\/v2\/users\/1"}],"replies":[{"embeddable":true,"href":"https:\/\/www.michaud-export.com\/group\/wp-json\/wp\/v2\/comments?post=20"}],"version-history":[{"count":10,"href":"https:\/\/www.michaud-export.com\/group\/wp-json\/wp\/v2\/pages\/20\/revisions"}],"predecessor-version":[{"id":116531,"href":"https:\/\/www.michaud-export.com\/group\/wp-json\/wp\/v2\/pages\/20\/revisions\/116531"}],"wp:attachment":[{"href":"https:\/\/www.michaud-export.com\/group\/wp-json\/wp\/v2\/media?parent=20"}],"curies":[{"name":"wp","href":"https:\/\/api.w.org\/{rel}","templated":true}]}}