{"id":15,"date":"2018-09-10T09:20:54","date_gmt":"2018-09-10T09:20:54","guid":{"rendered":"http:\/\/modele.guigout.fr\/?page_id=15"},"modified":"2022-12-21T15:39:58","modified_gmt":"2022-12-21T13:39:58","slug":"mentions-legales","status":"publish","type":"page","link":"https:\/\/www.michaud-export.com\/group\/mentions-legales","title":{"rendered":"Mentions l\u00e9gales"},"content":{"rendered":"<p><div class=\"fusion-fullwidth fullwidth-box fusion-builder-row-1 nonhundred-percent-fullwidth non-hundred-percent-height-scrolling\" style=\"--awb-border-radius-top-left:0px;--awb-border-radius-top-right:0px;--awb-border-radius-bottom-right:0px;--awb-border-radius-bottom-left:0px;--awb-flex-wrap:wrap;\" ><div class=\"fusion-builder-row fusion-row\"><div class=\"fusion-layout-column fusion_builder_column fusion-builder-column-0 fusion_builder_column_1_1 1_1 fusion-one-full fusion-column-first fusion-column-last\" style=\"--awb-bg-size:cover;--awb-margin-top:0px;--awb-margin-bottom:0px;\"><div class=\"fusion-column-wrapper fusion-flex-column-wrapper-legacy\"><div class=\"fusion-title title fusion-title-1 fusion-sep-none fusion-title-text fusion-title-size-one\" style=\"--awb-margin-top-small:0px;--awb-margin-right-small:0px;--awb-margin-bottom-small:20px;--awb-margin-left-small:0px;\"><h1 class=\"fusion-title-heading title-heading-left fusion-responsive-typography-calculated\" style=\"margin:0;--fontSize:60;line-height:1.2;\"><h1 style=\"text-align: center;\">MENTIONS L\u00c9GALES<\/h1><\/h1><\/div><div class=\"fusion-text fusion-text-1\"><p><span style=\"font-weight: 400;\"><strong>MICHAUD EXPORT<\/strong>,\u00a0 Commerce de gros (commerce interentreprises) de mat\u00e9riel \u00e9lectrique est une soci\u00e9t\u00e9 repr\u00e9sent\u00e9e par\u00a0 <strong>MICHAUD SAS<\/strong><\/span>;<br \/><span style=\"font-weight: 400;\">Au capital de 1 000 000\u20ac<br \/><\/span><span style=\"font-weight: 400;\">Dont le si\u00e8ge est situ\u00e9 :<\/span><br \/><span style=\"font-weight: 400;\"><strong>499, Rue du Revermont<\/BR>ZAC La Cambuse<\/BR>01440 Viriat, FRANCE<\/strong><\/span><br \/><span style=\"font-weight: 400;\">E-mail\u00a0:\u00a0<strong>contact@michaud-export.com<\/strong><\/span><br \/><span style=\"font-weight: 400;\">T\u00e9l\u00e9phone\u00a0:\u00a0<strong>+33 (0)9 70 75 50 24<\/strong><\/span><br \/><span style=\"font-weight: 400;\">N\u00b0 de Siret\u00a0:\u00a0<strong>40959038700026<\/strong><\/span><br \/><span style=\"font-weight: 400;\">Site internet : <a href=\"https:\/\/www.michaud-export.com\">https:\/\/www.michaud-export.com<\/a><\/span><br \/><span style=\"font-weight: 400;\">Directeur de la publication\u00a0: <strong>MICHAUD SAS<br \/><\/strong><\/span><\/p>\n<\/div><div class=\"fusion-clearfix\"><\/div><\/div><\/div><\/div><\/div><div class=\"fusion-fullwidth fullwidth-box fusion-builder-row-2 nonhundred-percent-fullwidth non-hundred-percent-height-scrolling\" style=\"--awb-border-radius-top-left:0px;--awb-border-radius-top-right:0px;--awb-border-radius-bottom-right:0px;--awb-border-radius-bottom-left:0px;--awb-flex-wrap:wrap;\" ><div class=\"fusion-builder-row fusion-row\"><div class=\"fusion-layout-column fusion_builder_column fusion-builder-column-1 fusion_builder_column_1_1 1_1 fusion-one-full fusion-column-first fusion-column-last\" style=\"--awb-bg-size:cover;\"><div class=\"fusion-column-wrapper fusion-flex-column-wrapper-legacy\"><div class=\"fusion-text fusion-text-2\"><h2>CONCEPTION ET R\u00c9ALISATION\u00a0DU SITE<\/h2>\n<p><a href=\"https:\/\/www.guigout.com\/\"><span style=\"font-weight: 400;\">GUIGOUT SAS<\/span><\/a><br \/>\n<span style=\"font-weight: 400;\">9 Rue de la fraternit\u00e9<\/span><br \/>\n<span style=\"font-weight: 400;\">01000 Bourg en Bresse<\/span><\/p>\n<\/div><div class=\"fusion-text fusion-text-3\"><h2>H\u00c9BERGEMENT DU SITE<\/h2>\n<p><span style=\"font-weight: 400;\">OVH<\/span><br \/>\n2 rue Kellermann<br \/>\n59100 Roubaix<br \/>\nFrance<\/p>\n<\/div><div class=\"fusion-clearfix\"><\/div><\/div><\/div><\/div><\/div><div class=\"fusion-fullwidth fullwidth-box fusion-builder-row-3 nonhundred-percent-fullwidth non-hundred-percent-height-scrolling\" style=\"--awb-border-radius-top-left:0px;--awb-border-radius-top-right:0px;--awb-border-radius-bottom-right:0px;--awb-border-radius-bottom-left:0px;--awb-flex-wrap:wrap;\" ><div class=\"fusion-builder-row fusion-row\"><div class=\"fusion-layout-column fusion_builder_column fusion-builder-column-2 fusion_builder_column_1_1 1_1 fusion-one-full fusion-column-first fusion-column-last\" style=\"--awb-bg-size:cover;\"><div class=\"fusion-column-wrapper fusion-flex-column-wrapper-legacy\"><div class=\"fusion-text fusion-text-4\"><h2>DROITS DE PROPRI\u00c9T\u00c9\u00a0INTELLECTUELLE<\/h2>\n<p style=\"text-align: justify;\"><span style=\"font-weight: 400;\">Les logos et images sont la propri\u00e9t\u00e9 exclusive de la soci\u00e9t\u00e9\u00a0 MICHAUD EXPORT<\/span><\/p>\n<p style=\"text-align: justify;\"><span style=\"font-weight: 400;\">L\u2019utilisation du site <a href=\"http:\/\/https:\/\/www.michaud-export.com\">https:\/\/www.michaud-export.com<\/a><\/span><span style=\"font-weight: 400;\">\u00a0ne conf\u00e8re aucun droit de propri\u00e9t\u00e9 intellectuelle sur le site et son contenu.<\/span><\/p>\n<\/div><div class=\"fusion-text fusion-text-5\"><h2>COOKIES<\/h2>\n<p style=\"text-align: justify;\"><span style=\"font-weight: 400;\">Le client a la possibilit\u00e9 de refuser les cookies en configurant son navigateur personnel.<\/span><\/p>\n<p style=\"text-align: justify;\"><span style=\"font-weight: 400;\">L\u2019utilisateur est inform\u00e9 lors de ses visites sur le site\u00a0<a href=\"http:\/\/https:\/\/www.michaud-export.com\">https:\/\/www.michaud-export.com<\/a> <\/span><span style=\"font-weight: 400;\">que des cookies peuvent s\u2019installer sur son logiciel de navigation. Ces cookies facilitent la navigation sur le site et permettent de reconna\u00eetre le navigateur des clients.<\/span><\/p>\n<\/div><div class=\"fusion-button-wrapper\"><a class=\"fusion-button button-flat fusion-button-default-size button-default fusion-button-default button-1 fusion-button-default-span fusion-button-default-type\" target=\"_blank\" rel=\"noopener noreferrer\" href=\"https:\/\/www.michaud-export.com\/group\/cookie\"><span class=\"fusion-button-text awb-button__text awb-button__text--default\">Cookies<\/span><\/a><\/div><div class=\"fusion-text fusion-text-6\"><h2>DONN\u00c9ES PERSONNELLES<\/h2>\n<\/div><div class=\"fusion-button-wrapper\"><a class=\"fusion-button button-flat fusion-button-default-size button-default fusion-button-default button-2 fusion-button-default-span fusion-button-default-type\" target=\"_blank\" rel=\"noopener noreferrer\" href=\"\/group\/donnees-personnelles\/\"><span class=\"fusion-button-text awb-button__text awb-button__text--default\">Donn\u00e9es personnelles<\/span><\/a><\/div><div class=\"fusion-clearfix\"><\/div><\/div><\/div><\/div><\/div><\/p>\n","protected":false},"excerpt":{"rendered":"","protected":false},"author":1,"featured_media":0,"parent":0,"menu_order":0,"comment_status":"closed","ping_status":"closed","template":"","meta":{"footnotes":""},"class_list":["post-15","page","type-page","status-publish","hentry"],"aioseo_notices":[],"_links":{"self":[{"href":"https:\/\/www.michaud-export.com\/group\/wp-json\/wp\/v2\/pages\/15","targetHints":{"allow":["GET"]}}],"collection":[{"href":"https:\/\/www.michaud-export.com\/group\/wp-json\/wp\/v2\/pages"}],"about":[{"href":"https:\/\/www.michaud-export.com\/group\/wp-json\/wp\/v2\/types\/page"}],"author":[{"embeddable":true,"href":"https:\/\/www.michaud-export.com\/group\/wp-json\/wp\/v2\/users\/1"}],"replies":[{"embeddable":true,"href":"https:\/\/www.michaud-export.com\/group\/wp-json\/wp\/v2\/comments?post=15"}],"version-history":[{"count":13,"href":"https:\/\/www.michaud-export.com\/group\/wp-json\/wp\/v2\/pages\/15\/revisions"}],"predecessor-version":[{"id":121456,"href":"https:\/\/www.michaud-export.com\/group\/wp-json\/wp\/v2\/pages\/15\/revisions\/121456"}],"wp:attachment":[{"href":"https:\/\/www.michaud-export.com\/group\/wp-json\/wp\/v2\/media?parent=15"}],"curies":[{"name":"wp","href":"https:\/\/api.w.org\/{rel}","templated":true}]}}