{"id":4243,"date":"2021-03-25T11:47:12","date_gmt":"2021-03-25T09:47:12","guid":{"rendered":"https:\/\/www.michaud-export.com\/group\/ca-ta-lo"},"modified":"2022-04-20T17:02:42","modified_gmt":"2022-04-20T15:02:42","slug":"ca-ta-lo","status":"publish","type":"page","link":"https:\/\/www.michaud-export.com\/group\/vi\/ca-ta-lo","title":{"rendered":"Ca ta l\u00f4"},"content":{"rendered":"<p><div class=\"fusion-fullwidth fullwidth-box fusion-builder-row-1 nonhundred-percent-fullwidth non-hundred-percent-height-scrolling\" style=\"--awb-border-radius-top-left:0px;--awb-border-radius-top-right:0px;--awb-border-radius-bottom-right:0px;--awb-border-radius-bottom-left:0px;--awb-flex-wrap:wrap;\" ><div class=\"fusion-builder-row fusion-row\"><div class=\"fusion-layout-column fusion_builder_column fusion-builder-column-0 fusion_builder_column_1_1 1_1 fusion-one-full fusion-column-first fusion-column-last\" style=\"--awb-bg-size:cover;--awb-margin-top:0px;--awb-margin-bottom:0px;\"><div class=\"fusion-column-wrapper fusion-flex-column-wrapper-legacy\"><div class=\"fusion-text fusion-text-1\"><h3>T\u1ea3i xu\u1ed1ng ca ta l\u00f4 c\u1ee7a ch\u00fang t\u00f4i<\/h3>\n<\/div><div class=\"fusion-text fusion-text-2\"><p>T\u00ecm ra th\u00f4ng tin v\u1ec1 s\u1ea3n ph\u1ea9m c\u1ee7a ch\u00fang t\u00f4i, m\u00f4 t\u1ea3 k\u1ef9 thu\u1eadt, s\u01a1 \u0111\u1ed3 v\u00e0 k\u00edch th\u01b0\u1edbc, m\u00e3 s\u1ea3n&#8230;<\/p>\n<\/div><div class=\"fusion-clearfix\"><\/div><\/div><\/div><\/div><\/div><div class=\"fusion-fullwidth fullwidth-box fusion-builder-row-2 nonhundred-percent-fullwidth non-hundred-percent-height-scrolling\" style=\"--awb-border-radius-top-left:0px;--awb-border-radius-top-right:0px;--awb-border-radius-bottom-right:0px;--awb-border-radius-bottom-left:0px;--awb-flex-wrap:wrap;\" ><div class=\"fusion-builder-row fusion-row\"><div class=\"fusion-layout-column fusion_builder_column fusion-builder-column-1 fusion_builder_column_1_3 1_3 fusion-one-third fusion-column-first\" style=\"--awb-bg-size:cover;width:33.333333333333%;width:calc(33.333333333333% - ( ( 4% ) * 0.33333333333333 ) );margin-right: 4%;\"><div class=\"fusion-column-wrapper fusion-column-has-shadow fusion-flex-column-wrapper-legacy\"><div class=\"fusion-image-element fusion-image-align-center in-legacy-container\" style=\"text-align:center;--awb-caption-title-font-family:var(--h2_typography-font-family);--awb-caption-title-font-weight:var(--h2_typography-font-weight);--awb-caption-title-font-style:var(--h2_typography-font-style);--awb-caption-title-size:var(--h2_typography-font-size);--awb-caption-title-transform:var(--h2_typography-text-transform);--awb-caption-title-line-height:var(--h2_typography-line-height);--awb-caption-title-letter-spacing:var(--h2_typography-letter-spacing);\"><div class=\"imageframe-align-center\"><span class=\" fusion-imageframe imageframe-none imageframe-1 hover-type-none fusion-animated\" data-animationType=\"slideInDown\" data-animationDuration=\"0.5\" data-animationOffset=\"top-into-view\"><img decoding=\"async\" width=\"5000\" height=\"3333\" alt=\"MICHAUD Catalogue low voltage energy\" title=\"Mockup catalogues BT EN\" src=\"https:\/\/www.michaud-export.com\/group\/wp-content\/uploads\/2022\/04\/Mockup-catalogues-BT-EN.png\" data-orig-src=\"https:\/\/www.michaud-export.com\/group\/wp-content\/uploads\/2022\/04\/Mockup-catalogues-BT-EN.png\" class=\"lazyload img-responsive wp-image-116556\" srcset=\"data:image\/svg+xml,%3Csvg%20xmlns%3D%27http%3A%2F%2Fwww.w3.org%2F2000%2Fsvg%27%20width%3D%275000%27%20height%3D%273333%27%20viewBox%3D%270%200%205000%203333%27%3E%3Crect%20width%3D%275000%27%20height%3D%273333%27%20fill-opacity%3D%220%22%2F%3E%3C%2Fsvg%3E\" data-srcset=\"https:\/\/www.michaud-export.com\/group\/wp-content\/uploads\/2022\/04\/Mockup-catalogues-BT-EN-200x133.png 200w, https:\/\/www.michaud-export.com\/group\/wp-content\/uploads\/2022\/04\/Mockup-catalogues-BT-EN-400x267.png 400w, https:\/\/www.michaud-export.com\/group\/wp-content\/uploads\/2022\/04\/Mockup-catalogues-BT-EN-600x400.png 600w, https:\/\/www.michaud-export.com\/group\/wp-content\/uploads\/2022\/04\/Mockup-catalogues-BT-EN-800x533.png 800w, https:\/\/www.michaud-export.com\/group\/wp-content\/uploads\/2022\/04\/Mockup-catalogues-BT-EN-1200x800.png 1200w, https:\/\/www.michaud-export.com\/group\/wp-content\/uploads\/2022\/04\/Mockup-catalogues-BT-EN.png 5000w\" data-sizes=\"auto\" data-orig-sizes=\"(max-width: 1160px) 100vw, 600px\" \/><\/span><\/div><\/div><div class=\"fusion-button-wrapper fusion-aligncenter\"><a class=\"fusion-button button-flat fusion-button-default-size button-default fusion-button-default button-1 fusion-button-default-span fusion-button-default-type\" target=\"_blank\" rel=\"noopener noreferrer\" href=\"https:\/\/www.michaud-export.com\/group\/wp-content\/uploads\/2022\/04\/General-Catalogue-Michaud-LV-2022_BD.pdf\"><i class=\"fa-download fas awb-button__icon awb-button__icon--default button-icon-left\" aria-hidden=\"true\"><\/i><span class=\"fusion-button-text awb-button__text awb-button__text--default\">T\u1ea3i xu\u1ed1ng<\/span><\/a><\/div><div class=\"fusion-clearfix\"><\/div><\/div><\/div><div class=\"fusion-layout-column fusion_builder_column fusion-builder-column-2 fusion_builder_column_1_3 1_3 fusion-one-third fusion-column-last\" style=\"--awb-bg-size:cover;width:33.333333333333%;width:calc(33.333333333333% - ( ( 4% ) * 0.33333333333333 ) );\"><div class=\"fusion-column-wrapper fusion-column-has-shadow fusion-flex-column-wrapper-legacy\"><div class=\"fusion-image-element fusion-image-align-center in-legacy-container\" style=\"text-align:center;--awb-caption-title-font-family:var(--h2_typography-font-family);--awb-caption-title-font-weight:var(--h2_typography-font-weight);--awb-caption-title-font-style:var(--h2_typography-font-style);--awb-caption-title-size:var(--h2_typography-font-size);--awb-caption-title-transform:var(--h2_typography-text-transform);--awb-caption-title-line-height:var(--h2_typography-line-height);--awb-caption-title-letter-spacing:var(--h2_typography-letter-spacing);\"><div class=\"imageframe-align-center\"><span class=\" fusion-imageframe imageframe-none imageframe-2 hover-type-none fusion-animated\" data-animationType=\"slideInDown\" data-animationDuration=\"0.5\" data-animationOffset=\"top-into-view\"><img decoding=\"async\" width=\"5000\" height=\"3333\" alt=\"Michaud catalogue Energy controlling\" title=\"Mockup catalogues &#8211; Mdle EN\" src=\"https:\/\/www.michaud-export.com\/group\/wp-content\/uploads\/2022\/04\/Mockup-catalogues-Mdle-EN-1.png\" data-orig-src=\"https:\/\/www.michaud-export.com\/group\/wp-content\/uploads\/2022\/04\/Mockup-catalogues-Mdle-EN-1.png\" class=\"lazyload img-responsive wp-image-116566\" srcset=\"data:image\/svg+xml,%3Csvg%20xmlns%3D%27http%3A%2F%2Fwww.w3.org%2F2000%2Fsvg%27%20width%3D%275000%27%20height%3D%273333%27%20viewBox%3D%270%200%205000%203333%27%3E%3Crect%20width%3D%275000%27%20height%3D%273333%27%20fill-opacity%3D%220%22%2F%3E%3C%2Fsvg%3E\" data-srcset=\"https:\/\/www.michaud-export.com\/group\/wp-content\/uploads\/2022\/04\/Mockup-catalogues-Mdle-EN-1-200x133.png 200w, https:\/\/www.michaud-export.com\/group\/wp-content\/uploads\/2022\/04\/Mockup-catalogues-Mdle-EN-1-400x267.png 400w, https:\/\/www.michaud-export.com\/group\/wp-content\/uploads\/2022\/04\/Mockup-catalogues-Mdle-EN-1-600x400.png 600w, https:\/\/www.michaud-export.com\/group\/wp-content\/uploads\/2022\/04\/Mockup-catalogues-Mdle-EN-1-800x533.png 800w, https:\/\/www.michaud-export.com\/group\/wp-content\/uploads\/2022\/04\/Mockup-catalogues-Mdle-EN-1-1200x800.png 1200w, https:\/\/www.michaud-export.com\/group\/wp-content\/uploads\/2022\/04\/Mockup-catalogues-Mdle-EN-1.png 5000w\" data-sizes=\"auto\" data-orig-sizes=\"(max-width: 1160px) 100vw, 600px\" \/><\/span><\/div><\/div><div class=\"fusion-button-wrapper fusion-aligncenter\"><a class=\"fusion-button button-flat fusion-button-default-size button-default fusion-button-default button-2 fusion-button-default-span fusion-button-default-type\" target=\"_blank\" rel=\"noopener noreferrer\" href=\"https:\/\/www.michaud-export.com\/group\/wp-content\/uploads\/2022\/01\/MICHAUD-Catalogue-Energy-Controlling-EN-2022-2023.pdf\"><i class=\"fa-download fas awb-button__icon awb-button__icon--default button-icon-left\" aria-hidden=\"true\"><\/i><span class=\"fusion-button-text awb-button__text awb-button__text--default\">T\u1ea3i xu\u1ed1ng<\/span><\/a><\/div><div class=\"fusion-clearfix\"><\/div><\/div><\/div><\/div><\/div><\/p>\n","protected":false},"excerpt":{"rendered":"","protected":false},"author":1,"featured_media":0,"parent":0,"menu_order":0,"comment_status":"closed","ping_status":"closed","template":"","meta":{"footnotes":""},"class_list":["post-4243","page","type-page","status-publish","hentry"],"aioseo_notices":[],"_links":{"self":[{"href":"https:\/\/www.michaud-export.com\/group\/vi\/wp-json\/wp\/v2\/pages\/4243","targetHints":{"allow":["GET"]}}],"collection":[{"href":"https:\/\/www.michaud-export.com\/group\/vi\/wp-json\/wp\/v2\/pages"}],"about":[{"href":"https:\/\/www.michaud-export.com\/group\/vi\/wp-json\/wp\/v2\/types\/page"}],"author":[{"embeddable":true,"href":"https:\/\/www.michaud-export.com\/group\/vi\/wp-json\/wp\/v2\/users\/1"}],"replies":[{"embeddable":true,"href":"https:\/\/www.michaud-export.com\/group\/vi\/wp-json\/wp\/v2\/comments?post=4243"}],"version-history":[{"count":18,"href":"https:\/\/www.michaud-export.com\/group\/vi\/wp-json\/wp\/v2\/pages\/4243\/revisions"}],"predecessor-version":[{"id":120992,"href":"https:\/\/www.michaud-export.com\/group\/vi\/wp-json\/wp\/v2\/pages\/4243\/revisions\/120992"}],"wp:attachment":[{"href":"https:\/\/www.michaud-export.com\/group\/vi\/wp-json\/wp\/v2\/media?parent=4243"}],"curies":[{"name":"wp","href":"https:\/\/api.w.org\/{rel}","templated":true}]}}