{"id":4226,"date":"2021-03-25T09:18:13","date_gmt":"2021-03-25T07:18:13","guid":{"rendered":"https:\/\/www.michaud-export.com\/group\/gia-tri"},"modified":"2021-06-09T10:44:29","modified_gmt":"2021-06-09T08:44:29","slug":"gia-tri","status":"publish","type":"page","link":"https:\/\/www.michaud-export.com\/group\/vi\/gia-tri","title":{"rendered":"Gi\u00e1 tr\u1ecb"},"content":{"rendered":"<p><div class=\"fusion-fullwidth fullwidth-box fusion-builder-row-1 nonhundred-percent-fullwidth non-hundred-percent-height-scrolling\" style=\"--awb-border-radius-top-left:0px;--awb-border-radius-top-right:0px;--awb-border-radius-bottom-right:0px;--awb-border-radius-bottom-left:0px;--awb-flex-wrap:wrap;\" ><div class=\"fusion-builder-row fusion-row\"><div class=\"fusion-layout-column fusion_builder_column fusion-builder-column-0 fusion_builder_column_1_1 1_1 fusion-one-full fusion-column-first fusion-column-last\" style=\"--awb-bg-size:cover;\"><div class=\"fusion-column-wrapper fusion-column-has-shadow fusion-flex-column-wrapper-legacy\"><div class=\"fusion-image-element fusion-image-align-center in-legacy-container\" style=\"text-align:center;--awb-caption-title-font-family:var(--h2_typography-font-family);--awb-caption-title-font-weight:var(--h2_typography-font-weight);--awb-caption-title-font-style:var(--h2_typography-font-style);--awb-caption-title-size:var(--h2_typography-font-size);--awb-caption-title-transform:var(--h2_typography-text-transform);--awb-caption-title-line-height:var(--h2_typography-line-height);--awb-caption-title-letter-spacing:var(--h2_typography-letter-spacing);\"><div class=\"imageframe-align-center\"><span class=\" fusion-imageframe imageframe-dropshadow imageframe-1 hover-type-zoomin\" style=\"-webkit-box-shadow: 3px 3px 7px rgba(0,0,0,0.3);box-shadow: 3px 3px 7px rgba(0,0,0,0.3);\"><img decoding=\"async\" width=\"2560\" height=\"691\" title=\"support our customers\" src=\"data:image\/svg+xml,%3Csvg%20xmlns%3D%27http%3A%2F%2Fwww.w3.org%2F2000%2Fsvg%27%20width%3D%272560%27%20height%3D%27691%27%20viewBox%3D%270%200%202560%20691%27%3E%3Crect%20width%3D%272560%27%20height%3D%27691%27%20fill-opacity%3D%220%22%2F%3E%3C%2Fsvg%3E\" data-orig-src=\"https:\/\/www.michaud-export.com\/group\/wp-content\/uploads\/2020\/03\/DSC_1040-Copie-e1595930133143.jpg\" alt class=\"lazyload img-responsive wp-image-4229\"\/><\/span><\/div><\/div><div class=\"fusion-text fusion-text-1\"><h2>Y\u00eau c\u1ea7u c\u1ee7a ch\u00fang t\u00f4i: Mang \u0111\u1ebfn cho b\u1ea1n nh\u1eefng g\u00ec t\u1ed1t nh\u1ea5t<\/h2>\n<p>M\u1ed9t doanh nghi\u1ec7p d\u1ef1a tr\u00ean quy m\u00f4 con ng\u01b0\u1eddi, ch\u00fang t\u00f4i t\u00ecm ki\u1ebfm s\u1ef1 h\u00e0i l\u00f2ng c\u1ee7a kh\u00e1ch h\u00e0ng th\u00f4ng qua m\u1ed9t d\u1ecbch v\u1ee5 ch\u1ea5t l\u01b0\u1ee3ng ph\u00f9 h\u1ee3p v\u1edbi nhu c\u1ea7u c\u1ee7a b\u1ea1n. V\u0103n h\u00f3a c\u1ee7a ch\u00fang t\u00f4i t\u1eadp trung v\u00e0o ch\u1ea5t l\u01b0\u1ee3ng, \u0111\u1ed5i m\u1edbi, l\u1eafng nghe v\u00e0 trao \u0111\u1ed5i gi\u00fap ch\u00fang t\u00f4i g\u1ea7n g\u0169i nh\u1ea5t c\u00f3 th\u1ec3 v\u1edbi c\u00e1c \u0111\u1ed1i t\u00e1c, \u0111\u1ea3m b\u1ea3o m\u1ed9t gi\u1ea3i ph\u00e1p to\u00e0n di\u1ec7n v\u00e0 mang t\u00ednh c\u00e1 nh\u00e2n.<\/p>\n<\/div><div class=\"fusion-clearfix\"><\/div><\/div><\/div><\/div><\/div><div class=\"fusion-fullwidth fullwidth-box fusion-builder-row-2 nonhundred-percent-fullwidth non-hundred-percent-height-scrolling\" style=\"--awb-border-radius-top-left:0px;--awb-border-radius-top-right:0px;--awb-border-radius-bottom-right:0px;--awb-border-radius-bottom-left:0px;--awb-flex-wrap:wrap;\" ><div class=\"fusion-builder-row fusion-row\"><div class=\"fusion-layout-column fusion_builder_column fusion-builder-column-1 fusion_builder_column_1_6 1_6 fusion-one-sixth fusion-column-first\" style=\"--awb-bg-size:cover;width:16.666666666667%;width:calc(16.666666666667% - ( ( 4% ) * 0.16666666666667 ) );margin-right: 4%;\"><div class=\"fusion-column-wrapper fusion-column-has-shadow fusion-flex-column-wrapper-legacy\"><div class=\"fusion-image-element in-legacy-container\" style=\"--awb-caption-title-font-family:var(--h2_typography-font-family);--awb-caption-title-font-weight:var(--h2_typography-font-weight);--awb-caption-title-font-style:var(--h2_typography-font-style);--awb-caption-title-size:var(--h2_typography-font-size);--awb-caption-title-transform:var(--h2_typography-text-transform);--awb-caption-title-line-height:var(--h2_typography-line-height);--awb-caption-title-letter-spacing:var(--h2_typography-letter-spacing);\"><span class=\" fusion-imageframe imageframe-none imageframe-2 hover-type-none\"><img decoding=\"async\" width=\"512\" height=\"512\" title=\"Innovation\" src=\"https:\/\/www.michaud-export.com\/group\/wp-content\/uploads\/2021\/03\/lamp2.png\" data-orig-src=\"https:\/\/www.michaud-export.com\/group\/wp-content\/uploads\/2021\/03\/lamp2.png\" alt class=\"lazyload img-responsive wp-image-4390\" srcset=\"data:image\/svg+xml,%3Csvg%20xmlns%3D%27http%3A%2F%2Fwww.w3.org%2F2000%2Fsvg%27%20width%3D%27512%27%20height%3D%27512%27%20viewBox%3D%270%200%20512%20512%27%3E%3Crect%20width%3D%27512%27%20height%3D%27512%27%20fill-opacity%3D%220%22%2F%3E%3C%2Fsvg%3E\" data-srcset=\"https:\/\/www.michaud-export.com\/group\/wp-content\/uploads\/2021\/03\/lamp2-200x200.png 200w, https:\/\/www.michaud-export.com\/group\/wp-content\/uploads\/2021\/03\/lamp2-400x400.png 400w, https:\/\/www.michaud-export.com\/group\/wp-content\/uploads\/2021\/03\/lamp2.png 512w\" data-sizes=\"auto\" data-orig-sizes=\"(max-width: 1160px) 100vw, 512px\" \/><\/span><\/div><div class=\"fusion-clearfix\"><\/div><\/div><\/div><div class=\"fusion-layout-column fusion_builder_column fusion-builder-column-2 fusion_builder_column_3_4 3_4 fusion-three-fourth fusion-column-last\" style=\"--awb-bg-size:cover;width:75%;width:calc(75% - ( ( 4% ) * 0.75 ) );\"><div class=\"fusion-column-wrapper fusion-column-has-shadow fusion-flex-column-wrapper-legacy\"><div class=\"fusion-text fusion-text-2\"><h2 style=\"text-align: left;\"><strong>\u0110\u1ed5i m\u1edbi v\u00e0 s\u00e1ng t\u1ea1o<\/strong><\/h2>\n<p>\u0110\u01b0\u1ee3c trang b\u1ecb m\u1ed9t b\u1ed9 ph\u1eadn R&amp;D hi\u1ec7u qu\u1ea3, c\u00f4ng ty lu\u00f4n d\u1ef1a v\u00e0o \u0111\u1ed9ng l\u1ef1c s\u00e1ng t\u1ea1o c\u1ee7a c\u00e1c nh\u00f3m \u0111\u1ec3 \u0111\u00e1p \u1ee9ng nhu c\u1ea7u th\u1ecb tr\u01b0\u1eddng v\u00e0 ph\u00e1t tri\u1ec3n s\u1ea3n ph\u1ea9m c\u1ee7a m\u00ecnh. V\u1edbi n\u0103ng l\u1ef1c k\u1ef9 thu\u1eadt cao<strong>, MICHAUD Export<\/strong> \u0111ang \u0111\u1ed3ng h\u00e0nh c\u00f9ng kh\u00e1ch h\u00e0ng \u0111\u1ec3 \u0111\u01b0a ra gi\u1ea3i ph\u00e1p ph\u00f9 h\u1ee3p.<\/p>\n<\/div><div class=\"fusion-clearfix\"><\/div><\/div><\/div><div class=\"fusion-layout-column fusion_builder_column fusion-builder-column-3 fusion_builder_column_1_6 1_6 fusion-one-sixth fusion-column-first\" style=\"--awb-bg-size:cover;width:16.666666666667%;width:calc(16.666666666667% - ( ( 4% ) * 0.16666666666667 ) );margin-right: 4%;\"><div class=\"fusion-column-wrapper fusion-column-has-shadow fusion-flex-column-wrapper-legacy\"><div class=\"fusion-image-element in-legacy-container\" style=\"--awb-caption-title-font-family:var(--h2_typography-font-family);--awb-caption-title-font-weight:var(--h2_typography-font-weight);--awb-caption-title-font-style:var(--h2_typography-font-style);--awb-caption-title-size:var(--h2_typography-font-size);--awb-caption-title-transform:var(--h2_typography-text-transform);--awb-caption-title-line-height:var(--h2_typography-line-height);--awb-caption-title-letter-spacing:var(--h2_typography-letter-spacing);\"><span class=\" fusion-imageframe imageframe-none imageframe-3 hover-type-none\"><img decoding=\"async\" width=\"512\" height=\"512\" title=\"Collaboration\" src=\"https:\/\/www.michaud-export.com\/group\/wp-content\/uploads\/2021\/03\/hand-shake2.png\" data-orig-src=\"https:\/\/www.michaud-export.com\/group\/wp-content\/uploads\/2021\/03\/hand-shake2.png\" alt class=\"lazyload img-responsive wp-image-4380\" srcset=\"data:image\/svg+xml,%3Csvg%20xmlns%3D%27http%3A%2F%2Fwww.w3.org%2F2000%2Fsvg%27%20width%3D%27512%27%20height%3D%27512%27%20viewBox%3D%270%200%20512%20512%27%3E%3Crect%20width%3D%27512%27%20height%3D%27512%27%20fill-opacity%3D%220%22%2F%3E%3C%2Fsvg%3E\" data-srcset=\"https:\/\/www.michaud-export.com\/group\/wp-content\/uploads\/2021\/03\/hand-shake2-200x200.png 200w, https:\/\/www.michaud-export.com\/group\/wp-content\/uploads\/2021\/03\/hand-shake2-400x400.png 400w, https:\/\/www.michaud-export.com\/group\/wp-content\/uploads\/2021\/03\/hand-shake2.png 512w\" data-sizes=\"auto\" data-orig-sizes=\"(max-width: 1160px) 100vw, 512px\" \/><\/span><\/div><div class=\"fusion-clearfix\"><\/div><\/div><\/div><div class=\"fusion-layout-column fusion_builder_column fusion-builder-column-4 fusion_builder_column_3_4 3_4 fusion-three-fourth fusion-column-last\" style=\"--awb-bg-size:cover;width:75%;width:calc(75% - ( ( 4% ) * 0.75 ) );\"><div class=\"fusion-column-wrapper fusion-column-has-shadow fusion-flex-column-wrapper-legacy\"><div class=\"fusion-text fusion-text-3\"><h2><strong>D\u1ecbch v\u1ee5 c\u00e1 nh\u00e2n<\/strong><\/h2>\n<p>V\u00ec m\u1ed7i d\u1ef1 \u00e1n c\u00f3 nh\u1eefng \u0111\u1eb7c \u0111i\u1ec3m c\u1ee5 th\u1ec3 v\u00e0 kh\u00e1c nhau theo ti\u00eau chu\u1ea9n qu\u1ed1c gia, c\u00f4ng ty <strong>MICHAUD Export<\/strong> t\u1ef1 coi m\u00ecnh l\u00e0 ki\u1ebfn \u200b\u200btr\u00fac s\u01b0 gi\u1ea3i ph\u00e1p c\u1ee7a b\u1ea1n. T\u1eeb thi\u1ebft k\u1ebf \u0111\u1ebfn giao h\u00e0ng, c\u00f4ng ty h\u1ed7 tr\u1ee3 kh\u00e1ch h\u00e0ng v\u00e0 cung c\u1ea5p d\u1ecbch v\u1ee5 mang t\u00ednh c\u00e1 nh\u00e2n.<\/p>\n<\/div><div class=\"fusion-clearfix\"><\/div><\/div><\/div><div class=\"fusion-layout-column fusion_builder_column fusion-builder-column-5 fusion_builder_column_1_6 1_6 fusion-one-sixth fusion-column-first\" style=\"--awb-bg-size:cover;width:16.666666666667%;width:calc(16.666666666667% - ( ( 4% ) * 0.16666666666667 ) );margin-right: 4%;\"><div class=\"fusion-column-wrapper fusion-column-has-shadow fusion-flex-column-wrapper-legacy\"><div class=\"fusion-image-element in-legacy-container\" style=\"--awb-caption-title-font-family:var(--h2_typography-font-family);--awb-caption-title-font-weight:var(--h2_typography-font-weight);--awb-caption-title-font-style:var(--h2_typography-font-style);--awb-caption-title-size:var(--h2_typography-font-size);--awb-caption-title-transform:var(--h2_typography-text-transform);--awb-caption-title-line-height:var(--h2_typography-line-height);--awb-caption-title-letter-spacing:var(--h2_typography-letter-spacing);\"><span class=\" fusion-imageframe imageframe-none imageframe-4 hover-type-none\"><img decoding=\"async\" width=\"512\" height=\"512\" title=\"Quality\" src=\"https:\/\/www.michaud-export.com\/group\/wp-content\/uploads\/2021\/03\/Approuve2.png\" data-orig-src=\"https:\/\/www.michaud-export.com\/group\/wp-content\/uploads\/2021\/03\/Approuve2.png\" alt class=\"lazyload img-responsive wp-image-4370\" srcset=\"data:image\/svg+xml,%3Csvg%20xmlns%3D%27http%3A%2F%2Fwww.w3.org%2F2000%2Fsvg%27%20width%3D%27512%27%20height%3D%27512%27%20viewBox%3D%270%200%20512%20512%27%3E%3Crect%20width%3D%27512%27%20height%3D%27512%27%20fill-opacity%3D%220%22%2F%3E%3C%2Fsvg%3E\" data-srcset=\"https:\/\/www.michaud-export.com\/group\/wp-content\/uploads\/2021\/03\/Approuve2-200x200.png 200w, https:\/\/www.michaud-export.com\/group\/wp-content\/uploads\/2021\/03\/Approuve2-400x400.png 400w, https:\/\/www.michaud-export.com\/group\/wp-content\/uploads\/2021\/03\/Approuve2.png 512w\" data-sizes=\"auto\" data-orig-sizes=\"(max-width: 1160px) 100vw, 512px\" \/><\/span><\/div><div class=\"fusion-clearfix\"><\/div><\/div><\/div><div class=\"fusion-layout-column fusion_builder_column fusion-builder-column-6 fusion_builder_column_3_4 3_4 fusion-three-fourth fusion-column-last\" style=\"--awb-bg-size:cover;width:75%;width:calc(75% - ( ( 4% ) * 0.75 ) );\"><div class=\"fusion-column-wrapper fusion-column-has-shadow fusion-flex-column-wrapper-legacy\"><div class=\"fusion-text fusion-text-4\"><h2><strong>Ch\u1ea5t l\u01b0\u1ee3ng<\/strong><\/h2>\n<p>Ng\u00e0y nay, T\u1eadp \u0111o\u00e0n \u0111\u00e3 \u0111\u01b0\u1ee3c c\u00f4ng nh\u1eadn gi\u00e1 tr\u1ecb cao tr\u00ean th\u1ecb tr\u01b0\u1eddng qu\u1ed1c t\u1ebf v\u00e0 \u00a0vi\u1ec7c ph\u00e1t tri\u1ec3n trong l\u0129nh v\u1ef1c n\u00e0y l\u00e0 m\u1ed9t \u01b0u ti\u00ean h\u00e0ng \u0111\u1ea7u. Trong m\u1ed9t l\u0129nh v\u1ef1c m\u00e0 an to\u00e0n l\u00e0 tr\u00ean h\u1ebft, c\u00f4ng ty Michaud Export \u0111\u1eb7c bi\u1ec7t coi tr\u1ecdng vi\u1ec7c thi\u1ebft k\u1ebf c\u00e1c s\u1ea3n ph\u1ea9m ch\u1ea5t l\u01b0\u1ee3ng v\u00e0 l\u1ef1a ch\u1ecdn c\u1ea9n th\u1eadn c\u00e1c nh\u00e0 s\u1ea3n xu\u1ea5t.<\/p>\n<\/div><div class=\"fusion-clearfix\"><\/div><\/div><\/div><div class=\"fusion-layout-column fusion_builder_column fusion-builder-column-7 fusion_builder_column_1_6 1_6 fusion-one-sixth fusion-column-first\" style=\"--awb-bg-size:cover;width:16.666666666667%;width:calc(16.666666666667% - ( ( 4% ) * 0.16666666666667 ) );margin-right: 4%;\"><div class=\"fusion-column-wrapper fusion-column-has-shadow fusion-flex-column-wrapper-legacy\"><div class=\"fusion-image-element in-legacy-container\" style=\"--awb-caption-title-font-family:var(--h2_typography-font-family);--awb-caption-title-font-weight:var(--h2_typography-font-weight);--awb-caption-title-font-style:var(--h2_typography-font-style);--awb-caption-title-size:var(--h2_typography-font-size);--awb-caption-title-transform:var(--h2_typography-text-transform);--awb-caption-title-line-height:var(--h2_typography-line-height);--awb-caption-title-letter-spacing:var(--h2_typography-letter-spacing);\"><span class=\" fusion-imageframe imageframe-none imageframe-5 hover-type-none\"><img decoding=\"async\" width=\"512\" height=\"512\" title=\"Discussion\" src=\"https:\/\/www.michaud-export.com\/group\/wp-content\/uploads\/2021\/03\/chat2.png\" data-orig-src=\"https:\/\/www.michaud-export.com\/group\/wp-content\/uploads\/2021\/03\/chat2.png\" alt class=\"lazyload img-responsive wp-image-4375\" srcset=\"data:image\/svg+xml,%3Csvg%20xmlns%3D%27http%3A%2F%2Fwww.w3.org%2F2000%2Fsvg%27%20width%3D%27512%27%20height%3D%27512%27%20viewBox%3D%270%200%20512%20512%27%3E%3Crect%20width%3D%27512%27%20height%3D%27512%27%20fill-opacity%3D%220%22%2F%3E%3C%2Fsvg%3E\" data-srcset=\"https:\/\/www.michaud-export.com\/group\/wp-content\/uploads\/2021\/03\/chat2-200x200.png 200w, https:\/\/www.michaud-export.com\/group\/wp-content\/uploads\/2021\/03\/chat2-400x400.png 400w, https:\/\/www.michaud-export.com\/group\/wp-content\/uploads\/2021\/03\/chat2.png 512w\" data-sizes=\"auto\" data-orig-sizes=\"(max-width: 1160px) 100vw, 512px\" \/><\/span><\/div><div class=\"fusion-clearfix\"><\/div><\/div><\/div><div class=\"fusion-layout-column fusion_builder_column fusion-builder-column-8 fusion_builder_column_3_4 3_4 fusion-three-fourth fusion-column-last\" style=\"--awb-bg-size:cover;width:75%;width:calc(75% - ( ( 4% ) * 0.75 ) );\"><div class=\"fusion-column-wrapper fusion-column-has-shadow fusion-flex-column-wrapper-legacy\"><div class=\"fusion-text fusion-text-5\"><h2><strong>L\u1eafng nghe<\/strong><\/h2>\n<p>V\u1edbi \u0111\u1ed9i ng\u0169 b\u00e1n h\u00e0ng n\u0103ng \u0111\u1ed9ng c\u00f3 m\u1eb7t t\u1ea1i c\u00e1c ch\u00e2u l\u1ee5c kh\u00e1c nhau, c\u00f4ng ty <strong>MICHAUD Export<\/strong> s\u1edf h\u1eefu kh\u1ea3 n\u0103ng l\u1eafng nghe v\u00e0 th\u1ea5u hi\u1ec3u t\u1eeb b\u1ed1i c\u1ea3nh \u0111\u1ecba ph\u01b0\u01a1ng \u0111\u1ec3 \u0111\u01b0a ra \u0111\u00e1p \u1ee9ng t\u1ed1t nh\u1ea5t theo nhu c\u1ea7u.<\/p>\n<\/div><div class=\"fusion-clearfix\"><\/div><\/div><\/div><div class=\"fusion-layout-column fusion_builder_column fusion-builder-column-9 fusion_builder_column_1_6 1_6 fusion-one-sixth fusion-column-first\" style=\"--awb-bg-size:cover;width:16.666666666667%;width:calc(16.666666666667% - ( ( 4% ) * 0.16666666666667 ) );margin-right: 4%;\"><div class=\"fusion-column-wrapper fusion-column-has-shadow fusion-flex-column-wrapper-legacy\"><div class=\"fusion-image-element in-legacy-container\" style=\"--awb-caption-title-font-family:var(--h2_typography-font-family);--awb-caption-title-font-weight:var(--h2_typography-font-weight);--awb-caption-title-font-style:var(--h2_typography-font-style);--awb-caption-title-size:var(--h2_typography-font-size);--awb-caption-title-transform:var(--h2_typography-text-transform);--awb-caption-title-line-height:var(--h2_typography-line-height);--awb-caption-title-letter-spacing:var(--h2_typography-letter-spacing);\"><span class=\" fusion-imageframe imageframe-none imageframe-6 hover-type-none\"><img decoding=\"async\" width=\"512\" height=\"512\" title=\"International\" src=\"https:\/\/www.michaud-export.com\/group\/wp-content\/uploads\/2021\/03\/International.png\" data-orig-src=\"https:\/\/www.michaud-export.com\/group\/wp-content\/uploads\/2021\/03\/International.png\" alt class=\"lazyload img-responsive wp-image-4385\" srcset=\"data:image\/svg+xml,%3Csvg%20xmlns%3D%27http%3A%2F%2Fwww.w3.org%2F2000%2Fsvg%27%20width%3D%27512%27%20height%3D%27512%27%20viewBox%3D%270%200%20512%20512%27%3E%3Crect%20width%3D%27512%27%20height%3D%27512%27%20fill-opacity%3D%220%22%2F%3E%3C%2Fsvg%3E\" data-srcset=\"https:\/\/www.michaud-export.com\/group\/wp-content\/uploads\/2021\/03\/International-200x200.png 200w, https:\/\/www.michaud-export.com\/group\/wp-content\/uploads\/2021\/03\/International-400x400.png 400w, https:\/\/www.michaud-export.com\/group\/wp-content\/uploads\/2021\/03\/International.png 512w\" data-sizes=\"auto\" data-orig-sizes=\"(max-width: 1160px) 100vw, 512px\" \/><\/span><\/div><div class=\"fusion-clearfix\"><\/div><\/div><\/div><div class=\"fusion-layout-column fusion_builder_column fusion-builder-column-10 fusion_builder_column_3_4 3_4 fusion-three-fourth fusion-column-last\" style=\"--awb-bg-size:cover;width:75%;width:calc(75% - ( ( 4% ) * 0.75 ) );\"><div class=\"fusion-column-wrapper fusion-column-has-shadow fusion-flex-column-wrapper-legacy\"><div class=\"fusion-text fusion-text-6\"><h2>Kh\u1ea3 n\u0103ng \u0111\u00e1p \u1ee9ng v\u00e0linh ho\u1ea1t<\/h2>\n<p>V\u1edbi \u0111\u1ed9i ng\u0169 qu\u1ed1c t\u1ebf t\u1eadn t\u00e2m, t\u1eeb ph\u00f2ng nghi\u00ean c\u1ee9u v\u00e0 ph\u00e1t tri\u1ec3n \u0111\u1ebfn h\u1eadu c\u1ea7n v\u00e0 b\u00e1n h\u00e0ng, c\u00f4ng ty cung c\u1ea5p kh\u1ea3 n\u0103ng \u0111\u00e1p \u1ee9ng v\u00e0 linh ho\u1ea1t \u0111\u1ed1i v\u1edbi d\u1ecbch v\u1ee5 ch\u1ea5t l\u01b0\u1ee3ng.<\/p>\n<\/div><div class=\"fusion-clearfix\"><\/div><\/div><\/div><\/div><\/div><div class=\"fusion-fullwidth fullwidth-box fusion-builder-row-3 nonhundred-percent-fullwidth non-hundred-percent-height-scrolling\" style=\"--awb-border-radius-top-left:0px;--awb-border-radius-top-right:0px;--awb-border-radius-bottom-right:0px;--awb-border-radius-bottom-left:0px;--awb-flex-wrap:wrap;\" ><div class=\"fusion-builder-row fusion-row\"><div class=\"fusion-layout-column fusion_builder_column fusion-builder-column-11 fusion_builder_column_1_1 1_1 fusion-one-full fusion-column-first fusion-column-last\" style=\"--awb-bg-size:cover;\"><div class=\"fusion-column-wrapper fusion-column-has-shadow fusion-flex-column-wrapper-legacy\"><div class=\"fusion-text fusion-text-7\"><p>N\u0103ng l\u1ef1c \u0111\u1ed5i m\u1edbi v\u00e0 h\u1ed7 tr\u1ee3 c\u1ee7a c\u00f4ng ty <strong>MICHAUD Export<\/strong> \u0111\u00e3 gi\u00fap c\u00f4ng ty h\u01b0\u1edbng t\u1edbi vi\u1ec7c ti\u1ebfp c\u1eadn d\u1ef1 \u00e1n b\u1eb1ng c\u00e1ch t\u00edch h\u1ee3p c\u00e1c h\u1ec7 th\u1ed1ng v\u00e0 d\u1ecbch v\u1ee5 tr\u1ecdn g\u00f3i. Kh\u1ea3 n\u0103ng bi\u1ebfn t\u1eebng y\u00eau c\u1ea7u th\u00e0nh ph\u1ea3n h\u1ed3i k\u1ef9 thu\u1eadt to\u00e0n di\u1ec7n c\u1ee7a c\u00f4ng ty <strong>MICHAUD Export<\/strong> th\u1ec3 hi\u1ec7n gi\u00e1 tr\u1ecb gia t\u0103ng c\u1ee7a \u0111\u1ed9i ng\u0169 nh\u00e2n vi\u00ean v\u00e0 k\u1ef9 n\u0103ng c\u1ee7a m\u00ecnh.<\/p>\n<div class=\"comment\">\n<p>T\u1eeb ph\u00f2ng nghi\u00ean c\u1ee9u v\u00e0 ph\u00e1t tri\u1ec3n \u0111\u1ebfn d\u1ecbch v\u1ee5 h\u1eadu m\u00e3i, c\u00f4ng ty<strong> MICHAUD Export<\/strong> lu\u00f4n l\u00e0m ch\u1ee7 chu\u1ed7i gi\u00e1 tr\u1ecb c\u1ee7a m\u00ecnh, \u0111\u1ea3m b\u1ea3o ch\u1ea5t l\u01b0\u1ee3ng v\u00e0 d\u1ecbch v\u1ee5 cao c\u1ea5p tr\u00ean quy m\u00f4 to\u00e0n c\u1ea7u.<\/p>\n<\/div>\n<\/div><div class=\"fusion-clearfix\"><\/div><\/div><\/div><\/div><\/div><\/p>\n","protected":false},"excerpt":{"rendered":"","protected":false},"author":7,"featured_media":0,"parent":0,"menu_order":0,"comment_status":"closed","ping_status":"closed","template":"100-width.php","meta":{"footnotes":""},"class_list":["post-4226","page","type-page","status-publish","hentry"],"aioseo_notices":[],"_links":{"self":[{"href":"https:\/\/www.michaud-export.com\/group\/vi\/wp-json\/wp\/v2\/pages\/4226","targetHints":{"allow":["GET"]}}],"collection":[{"href":"https:\/\/www.michaud-export.com\/group\/vi\/wp-json\/wp\/v2\/pages"}],"about":[{"href":"https:\/\/www.michaud-export.com\/group\/vi\/wp-json\/wp\/v2\/types\/page"}],"author":[{"embeddable":true,"href":"https:\/\/www.michaud-export.com\/group\/vi\/wp-json\/wp\/v2\/users\/7"}],"replies":[{"embeddable":true,"href":"https:\/\/www.michaud-export.com\/group\/vi\/wp-json\/wp\/v2\/comments?post=4226"}],"version-history":[{"count":16,"href":"https:\/\/www.michaud-export.com\/group\/vi\/wp-json\/wp\/v2\/pages\/4226\/revisions"}],"predecessor-version":[{"id":6288,"href":"https:\/\/www.michaud-export.com\/group\/vi\/wp-json\/wp\/v2\/pages\/4226\/revisions\/6288"}],"wp:attachment":[{"href":"https:\/\/www.michaud-export.com\/group\/vi\/wp-json\/wp\/v2\/media?parent=4226"}],"curies":[{"name":"wp","href":"https:\/\/api.w.org\/{rel}","templated":true}]}}