{"id":4216,"date":"2021-03-25T09:17:34","date_gmt":"2021-03-25T07:17:34","guid":{"rendered":"https:\/\/www.michaud-export.com\/group\/cong-viec-cua-chung-toi"},"modified":"2021-06-09T10:26:25","modified_gmt":"2021-06-09T08:26:25","slug":"cong-viec-cua-chung-toi","status":"publish","type":"page","link":"https:\/\/www.michaud-export.com\/group\/vi\/cong-viec-cua-chung-toi","title":{"rendered":"C\u00f4ng vi\u1ec7c c\u1ee7a ch\u00fang t\u00f4i"},"content":{"rendered":"<p><div class=\"fusion-fullwidth fullwidth-box fusion-builder-row-1 nonhundred-percent-fullwidth non-hundred-percent-height-scrolling\" style=\"--awb-border-radius-top-left:0px;--awb-border-radius-top-right:0px;--awb-border-radius-bottom-right:0px;--awb-border-radius-bottom-left:0px;--awb-flex-wrap:wrap;\" ><div class=\"fusion-builder-row fusion-row\"><div class=\"fusion-layout-column fusion_builder_column fusion-builder-column-0 fusion_builder_column_1_1 1_1 fusion-one-full fusion-column-first fusion-column-last\" style=\"--awb-bg-size:cover;\"><div class=\"fusion-column-wrapper fusion-column-has-shadow fusion-flex-column-wrapper-legacy\"><div class=\"fusion-text fusion-text-1\"><h2><strong>Gi\u1ea3i ph\u00e1p cho \u0111i\u1ec7n \u00e1p th\u1ea5p\u2026<\/strong><\/h2>\n<p>Chuy\u00ean gia qu\u1ed1c t\u1ebf trong l\u0129nh v\u1ef1c ph\u00e2n ph\u1ed1i \u0111i\u1ec7n, <strong>MICHAUD<\/strong> l\u00e0 m\u1ed9t doanh nghi\u1ec7p Ph\u00e1p chuy\u00ean v\u1ec1 thi\u1ebft k\u1ebf, ph\u00e1t tri\u1ec3n v\u00e0 tri\u1ec3n khai h\u1ec7 th\u1ed1ng \u0111\u00e1ng tin c\u1eady l\u00e0m gi\u1ea3m b\u1ea3o tr\u00ec tr\u00ean m\u1ea1ng l\u01b0\u1edbi ph\u00e2n ph\u1ed1i.<\/p>\n<p>Xu\u1ea5t ph\u00e1t \u0111i\u1ec3m ch\u1ee7 y\u1ebfu t\u1eadp trung v\u00ea\u0340 ph\u00e2n ph\u1ed1i thi\u1ebft b\u1ecb \u0111i\u1ec7n h\u1ea1 th\u1ebf, chuy\u00ean m\u00f4n c\u1ee7a c\u00f4ng ty <strong>MICHAUD<\/strong> l\u00e0 ph\u00e1t tri\u1ec3n h\u1ec7 th\u1ed1ng \u0111\u1ed5i m\u1edbi cho \u0111i\u1ec7n kh\u00ed h\u00f3a n\u00f4ng th\u00f4n, v\u00f9ng ven v\u00e0 \u0111\u00f4 th\u1ecb, cho c\u00e1c n\u01b0\u1edbc \u0111ang ph\u00e1t tri\u1ec3n. Ng\u00e0y nay, to\u00e0n b\u1ed9 ph\u1ea1m vi c\u00f3 m\u1eb7t trong hai l\u0129nh v\u1ef1c kinh doanh, M\u1ea1ng \u0111i\u1ec7n h\u1ea1 th\u1ebf v\u00e0 Qu\u1ea3n l\u00fd n\u0103ng l\u01b0\u1ee3ng:<\/p>\n<\/div><div class=\"fusion-clearfix\"><\/div><\/div><\/div><\/div><\/div><div class=\"fusion-fullwidth fullwidth-box fusion-builder-row-2 nonhundred-percent-fullwidth non-hundred-percent-height-scrolling\" style=\"--awb-border-radius-top-left:0px;--awb-border-radius-top-right:0px;--awb-border-radius-bottom-right:0px;--awb-border-radius-bottom-left:0px;--awb-flex-wrap:wrap;\" ><div class=\"fusion-builder-row fusion-row\"><div class=\"fusion-layout-column fusion_builder_column fusion-builder-column-1 fusion_builder_column_1_1 1_1 fusion-one-full fusion-column-first fusion-column-last\" style=\"--awb-bg-size:cover;\"><div class=\"fusion-column-wrapper fusion-column-has-shadow fusion-flex-column-wrapper-legacy\"><div class=\"fusion-image-element fusion-image-align-center in-legacy-container\" style=\"text-align:center;--awb-caption-title-font-family:var(--h2_typography-font-family);--awb-caption-title-font-weight:var(--h2_typography-font-weight);--awb-caption-title-font-style:var(--h2_typography-font-style);--awb-caption-title-size:var(--h2_typography-font-size);--awb-caption-title-transform:var(--h2_typography-text-transform);--awb-caption-title-line-height:var(--h2_typography-line-height);--awb-caption-title-letter-spacing:var(--h2_typography-letter-spacing);\"><div class=\"imageframe-align-center\"><span class=\" fusion-imageframe imageframe-none imageframe-1 hover-type-none\"><img decoding=\"async\" width=\"1200\" height=\"404\" title=\"domaines-activite-basse-tension\" src=\"https:\/\/www.michaud-export.com\/group\/wp-content\/uploads\/2020\/02\/domaines-activite-basse-tension.jpg\" data-orig-src=\"https:\/\/www.michaud-export.com\/group\/wp-content\/uploads\/2020\/02\/domaines-activite-basse-tension-1200x404.jpg\" alt class=\"lazyload img-responsive wp-image-4228\" srcset=\"data:image\/svg+xml,%3Csvg%20xmlns%3D%27http%3A%2F%2Fwww.w3.org%2F2000%2Fsvg%27%20width%3D%271754%27%20height%3D%27591%27%20viewBox%3D%270%200%201754%20591%27%3E%3Crect%20width%3D%271754%27%20height%3D%27591%27%20fill-opacity%3D%220%22%2F%3E%3C%2Fsvg%3E\" data-srcset=\"https:\/\/www.michaud-export.com\/group\/wp-content\/uploads\/2020\/02\/domaines-activite-basse-tension-200x67.jpg 200w, https:\/\/www.michaud-export.com\/group\/wp-content\/uploads\/2020\/02\/domaines-activite-basse-tension-400x135.jpg 400w, https:\/\/www.michaud-export.com\/group\/wp-content\/uploads\/2020\/02\/domaines-activite-basse-tension-600x202.jpg 600w, https:\/\/www.michaud-export.com\/group\/wp-content\/uploads\/2020\/02\/domaines-activite-basse-tension-800x270.jpg 800w, https:\/\/www.michaud-export.com\/group\/wp-content\/uploads\/2020\/02\/domaines-activite-basse-tension-1200x404.jpg 1200w, https:\/\/www.michaud-export.com\/group\/wp-content\/uploads\/2020\/02\/domaines-activite-basse-tension.jpg 1754w\" data-sizes=\"auto\" data-orig-sizes=\"(max-width: 1160px) 100vw, 1200px\" \/><\/span><\/div><\/div><div class=\"fusion-text fusion-text-2\"><p>T\u1eeb m\u1ea1ng ng\u1ea7m \u0111\u1ebfn m\u1ea1ng tr\u00ean kh\u00f4ng, c\u00f4ng ty <strong>MICHAUD<\/strong> cung c\u1ea5p cho kh\u00e1ch h\u00e0ng h\u1ec7 th\u1ed1ng \u0111\u00e1ng tin c\u1eady v\u00e0 hi\u1ec7u qu\u1ea3, bao g\u1ed3m gi\u1ea3i ph\u00e1p b\u1ea3o v\u1ec7 v\u00e0 thi\u1ebft b\u1ecb \u0111i\u1ec7n cho n\u1ed1i \u0111\u1ea5t v\u00e0 v\u1eadt li\u1ec7u l\u1eafp \u0111\u1eb7t. C\u00f4ng ty <strong>MICHAUD<\/strong> c\u0169ng kh\u1eb3ng \u0111\u1ecbnh b\u00ed quy\u1ebft c\u1ee7a c\u00f4ng ty b\u1eb1ng ph\u00e1t tri\u1ec3n gi\u1ea3i ph\u00e1p nh\u1eb1m \u0111\u01a1n gi\u1ea3n h\u00f3a vi\u1ec7c ti\u1ebfp c\u1eadn n\u0103ng l\u01b0\u1ee3ng v\u00e0 \u0111\u1ea3m b\u1ea3o vi\u1ec7c ph\u00e2n ph\u1ed1i \u0111i\u1ec7n ch\u1ed1ng gian l\u1eadn.<\/p>\n<\/div><div class=\"fusion-clearfix\"><\/div><\/div><\/div><\/div><\/div><div class=\"fusion-fullwidth fullwidth-box fusion-builder-row-3 nonhundred-percent-fullwidth non-hundred-percent-height-scrolling\" style=\"--awb-border-radius-top-left:0px;--awb-border-radius-top-right:0px;--awb-border-radius-bottom-right:0px;--awb-border-radius-bottom-left:0px;--awb-flex-wrap:wrap;\" ><div class=\"fusion-builder-row fusion-row\"><div class=\"fusion-layout-column fusion_builder_column fusion-builder-column-2 fusion_builder_column_1_1 1_1 fusion-one-full fusion-column-first fusion-column-last\" style=\"--awb-bg-size:cover;\"><div class=\"fusion-column-wrapper fusion-column-has-shadow fusion-flex-column-wrapper-legacy\"><div class=\"fusion-title title fusion-title-1 fusion-sep-none fusion-title-text fusion-title-size-one\" style=\"--awb-margin-top-small:0px;--awb-margin-right-small:0px;--awb-margin-bottom-small:20px;--awb-margin-left-small:0px;\"><h1 class=\"fusion-title-heading title-heading-left fusion-responsive-typography-calculated\" style=\"margin:0;--fontSize:70;line-height:1.2;\"><h2><strong>&#8230; t\u00edch h\u1ee3p m\u1ed9t t\u1eadp h\u1ee3p c\u00e1c d\u1ecbch v\u1ee5.<\/strong><\/h2>\n<p>Trong m\u1ed9t m\u00f4i tr\u01b0\u1eddng ng\u00e0y c\u00e0ng \u0111\u01b0\u1ee3c k\u1ef9 thu\u1eadt h\u00f3a v\u00e0 b\u00ean c\u1ea1nh chuy\u00ean m\u00f4n c\u1ee7a minh, <strong>MICHAUD<\/strong> c\u00f2nc\u1ea5p ph\u01b0\u01a1ng ph\u00e1p h\u1ed7 tr\u1ee3 v\u00e0 t\u01b0 v\u1ea5n c\u00e1 nh\u00e2n nh\u1eb1m \u0111\u00e1nh gi\u00e1 t\u00ecnh h\u00ecnh, \u0111i\u1ec1u ch\u1ec9nh gi\u1ea3i ph\u00e1p cho kh\u00e1ch h\u00e0ng v\u00e0 cung c\u1ea5p cho kh\u00e1ch h\u00e0ng h\u1ec7 th\u1ed1ng t\u1ed1t nh\u1ea5t. C\u00f4ng ty <strong>MICHAUD<\/strong> t\u00edch h\u1ee3p m\u1ed9t b\u1ed9 ph\u1eadn d\u1ecbch v\u1ee5 theo y\u00eau c\u1ea7u c\u1ee7a kh\u00e1ch h\u00e0ng:<\/p><\/h1><\/div><div class=\"fusion-clearfix\"><\/div><\/div><\/div><\/div><\/div><div class=\"fusion-fullwidth fullwidth-box fusion-builder-row-4 nonhundred-percent-fullwidth non-hundred-percent-height-scrolling\" style=\"--awb-border-radius-top-left:0px;--awb-border-radius-top-right:0px;--awb-border-radius-bottom-right:0px;--awb-border-radius-bottom-left:0px;--awb-flex-wrap:wrap;\" ><div class=\"fusion-builder-row fusion-row\"><div class=\"fusion-layout-column fusion_builder_column fusion-builder-column-3 fusion_builder_column_1_6 1_6 fusion-one-sixth fusion-column-first\" style=\"--awb-bg-size:cover;width:16.666666666667%;width:calc(16.666666666667% - ( ( 4% ) * 0.16666666666667 ) );margin-right: 4%;\"><div class=\"fusion-column-wrapper fusion-column-has-shadow fusion-flex-column-wrapper-legacy\"><div class=\"fusion-clearfix\"><\/div><\/div><\/div><div class=\"fusion-layout-column fusion_builder_column fusion-builder-column-4 fusion_builder_column_5_6 5_6 fusion-five-sixth fusion-column-last\" style=\"--awb-bg-size:cover;width:83.333333333333%;width:calc(83.333333333333% - ( ( 4% ) * 0.83333333333333 ) );\"><div class=\"fusion-column-wrapper fusion-column-has-shadow fusion-flex-column-wrapper-legacy\"><div class=\"fusion-content-boxes content-boxes columns row fusion-columns-1 fusion-columns-total-5 fusion-content-boxes-1 content-boxes-timeline-vertical content-left content-boxes-timeline-layout content-boxes-icon-with-title fusion-delayed-animation\" style=\"--awb-hover-accent-color:rgba(2,2,2,0.2);--awb-circle-hover-accent-color:rgba(2,2,2,0.2);--awb-item-margin-bottom:40px;\" data-animation-delay=\"350\" data-animationOffset=\"top-into-view\"><div style=\"--awb-backgroundcolor:rgba(255,255,255,0);--awb-iconcolor:#52b243;--awb-content-padding-left:72px;\" class=\"fusion-column content-box-column content-box-column content-box-column-1 col-lg-12 col-md-12 col-sm-12 fusion-content-box-hover content-box-column-last-in-row\"><div class=\"col content-box-wrapper content-wrapper link-area-link-icon icon-hover-animation-fade fusion-animated\" data-animationType=\"fadeIn\" data-animationDuration=\"0.25\" data-animationOffset=\"top-into-view\"><div class=\"heading heading-with-icon icon-left\" style=\"margin-top:17px;\"><div class=\"icon\" style=\"margin-top:-17px;margin-bottom:-17px;-webkit-animation-duration: 350ms;animation-duration: 350ms;\"><i style=\"border-color:rgba(0,0,0,0.23);border-width:1px;background-color:#f6f6f6;box-sizing:content-box;height:50px;width:50px;line-height:50px;border-radius:50%;font-size:25px;\" aria-hidden=\"true\" class=\"fontawesome-icon fa-hand-holding-usd fas circle-yes\"><\/i><\/div><h2 class=\"content-box-heading fusion-responsive-typography-calculated\" style=\"--h2_typography-font-size:18px;--fontSize:18;line-height:1.28;\">T\u00ecm ki\u1ebfm t\u00e0i tr\u1ee3, trong m\u1ed1i quan h\u1ec7 v\u1edbi c\u00e1c t\u1ed5 ch\u1ee9c qu\u1ed1c t\u1ebf<\/h2><\/div><div class=\"content-box-shortcode-timeline-vertical\" style=\"border-color:rgba(0,0,0,0.23);left:40px;top:25px;-webkit-transition-duration: 350ms;animation-duration: 350ms;\"><\/div><\/div><\/div><div style=\"--awb-backgroundcolor:rgba(255,255,255,0);--awb-iconcolor:#ffc107;--awb-content-padding-left:72px;\" class=\"fusion-column content-box-column content-box-column content-box-column-2 col-lg-12 col-md-12 col-sm-12 fusion-content-box-hover content-box-column-last-in-row\"><div class=\"col content-box-wrapper content-wrapper link-area-link-icon icon-hover-animation-fade fusion-animated\" data-animationType=\"fadeIn\" data-animationDuration=\"0.25\" data-animationOffset=\"top-into-view\"><div class=\"heading heading-with-icon icon-left\" style=\"margin-top:17px;\"><div class=\"icon\" style=\"margin-top:-17px;margin-bottom:-17px;-webkit-animation-duration: 350ms;animation-duration: 350ms;\"><i style=\"border-color:rgba(0,0,0,0.23);border-width:1px;background-color:#f6f6f6;box-sizing:content-box;height:50px;width:50px;line-height:50px;border-radius:50%;font-size:25px;\" aria-hidden=\"true\" class=\"fontawesome-icon fa-bullseye fas circle-yes\"><\/i><\/div><h2 class=\"content-box-heading fusion-responsive-typography-calculated\" style=\"--h2_typography-font-size:18px;--fontSize:18;line-height:1.28;\">Chuy\u00ean m\u00f4n, khuy\u1ebfn ngh\u1ecb<\/h2><\/div><div class=\"content-box-shortcode-timeline-vertical\" style=\"border-color:rgba(0,0,0,0.23);left:40px;top:25px;-webkit-transition-duration: 350ms;animation-duration: 350ms;\"><\/div><\/div><\/div><div style=\"--awb-backgroundcolor:rgba(255,255,255,0);--awb-iconcolor:#00bcd4;--awb-content-padding-left:72px;\" class=\"fusion-column content-box-column content-box-column content-box-column-3 col-lg-12 col-md-12 col-sm-12 fusion-content-box-hover content-box-column-last-in-row\"><div class=\"col content-box-wrapper content-wrapper link-area-link-icon icon-hover-animation-fade fusion-animated\" data-animationType=\"fadeIn\" data-animationDuration=\"0.25\" data-animationOffset=\"top-into-view\"><div class=\"heading heading-with-icon icon-left\" style=\"margin-top:17px;\"><div class=\"icon\" style=\"margin-top:-17px;margin-bottom:-17px;-webkit-animation-duration: 350ms;animation-duration: 350ms;\"><i style=\"border-color:rgba(0,0,0,0.23);border-width:1px;background-color:#f6f6f6;box-sizing:content-box;height:50px;width:50px;line-height:50px;border-radius:50%;font-size:25px;\" aria-hidden=\"true\" class=\"fontawesome-icon fa-envelope-open-text fas circle-yes\"><\/i><\/div><h2 class=\"content-box-heading fusion-responsive-typography-calculated\" style=\"--h2_typography-font-size:18px;--fontSize:18;line-height:1.28;\">So\u1ea1n th\u1ea3o c\u00e1c th\u00f4ng s\u1ed1 k\u1ef9 thu\u1eadt<\/h2><\/div><div class=\"content-box-shortcode-timeline-vertical\" style=\"border-color:rgba(0,0,0,0.23);left:40px;top:25px;-webkit-transition-duration: 350ms;animation-duration: 350ms;\"><\/div><\/div><\/div><div style=\"--awb-backgroundcolor:rgba(255,255,255,0);--awb-iconcolor:#018dad;--awb-content-padding-left:72px;\" class=\"fusion-column content-box-column content-box-column content-box-column-4 col-lg-12 col-md-12 col-sm-12 fusion-content-box-hover content-box-column-last-in-row\"><div class=\"col content-box-wrapper content-wrapper link-area-link-icon icon-hover-animation-fade fusion-animated\" data-animationType=\"fadeIn\" data-animationDuration=\"0.25\" data-animationOffset=\"top-into-view\"><div class=\"heading heading-with-icon icon-left\" style=\"margin-top:17px;\"><div class=\"icon\" style=\"margin-top:-17px;margin-bottom:-17px;-webkit-animation-duration: 350ms;animation-duration: 350ms;\"><i style=\"border-color:rgba(0,0,0,0.23);border-width:1px;background-color:#f6f6f6;box-sizing:content-box;height:50px;width:50px;line-height:50px;border-radius:50%;font-size:25px;\" aria-hidden=\"true\" class=\"fontawesome-icon fa-laptop fas circle-yes\"><\/i><\/div><h2 class=\"content-box-heading fusion-responsive-typography-calculated\" style=\"--h2_typography-font-size:18px;--fontSize:18;line-height:1.28;\">Thi\u1ebft k\u1ebf v\u00e0 ph\u00e1t tri\u1ec3n s\u1ea3n ph\u1ea9m may \u0111o<\/h2><\/div><div class=\"content-box-shortcode-timeline-vertical\" style=\"border-color:rgba(0,0,0,0.23);left:40px;top:25px;-webkit-transition-duration: 350ms;animation-duration: 350ms;\"><\/div><\/div><\/div><div style=\"--awb-backgroundcolor:rgba(255,255,255,0);--awb-iconcolor:#f44336;--awb-content-padding-left:72px;\" class=\"fusion-column content-box-column content-box-column content-box-column-5 col-lg-12 col-md-12 col-sm-12 fusion-content-box-hover content-box-column-last content-box-column-last-in-row\"><div class=\"col content-box-wrapper content-wrapper link-area-link-icon icon-hover-animation-fade fusion-animated\" data-animationType=\"fadeIn\" data-animationDuration=\"0.25\" data-animationOffset=\"top-into-view\"><div class=\"heading heading-with-icon icon-left\" style=\"margin-top:17px;\"><div class=\"icon\" style=\"margin-top:-17px;margin-bottom:-17px;-webkit-animation-duration: 350ms;animation-duration: 350ms;\"><i style=\"border-color:rgba(0,0,0,0.23);border-width:1px;background-color:#f6f6f6;box-sizing:content-box;height:50px;width:50px;line-height:50px;border-radius:50%;font-size:25px;\" aria-hidden=\"true\" class=\"fontawesome-icon fa-clock far circle-yes\"><\/i><\/div><h2 class=\"content-box-heading fusion-responsive-typography-calculated\" style=\"--h2_typography-font-size:18px;--fontSize:18;line-height:1.28;\">H\u1ed7 tr\u1ee3 thi\u1ebft l\u1eadp g\u1ecdi th\u1ea7u<\/h2><\/div><div class=\"content-box-shortcode-timeline-vertical\" style=\"border-color:rgba(0,0,0,0.23);left:40px;top:25px;-webkit-transition-duration: 350ms;animation-duration: 350ms;\"><\/div><\/div><\/div><div class=\"fusion-clearfix\"><\/div><\/div><div class=\"fusion-clearfix\"><\/div><\/div><\/div><\/div><\/div><\/p>\n","protected":false},"excerpt":{"rendered":"","protected":false},"author":7,"featured_media":0,"parent":0,"menu_order":0,"comment_status":"closed","ping_status":"closed","template":"100-width.php","meta":{"footnotes":""},"class_list":["post-4216","page","type-page","status-publish","hentry"],"aioseo_notices":[],"_links":{"self":[{"href":"https:\/\/www.michaud-export.com\/group\/vi\/wp-json\/wp\/v2\/pages\/4216","targetHints":{"allow":["GET"]}}],"collection":[{"href":"https:\/\/www.michaud-export.com\/group\/vi\/wp-json\/wp\/v2\/pages"}],"about":[{"href":"https:\/\/www.michaud-export.com\/group\/vi\/wp-json\/wp\/v2\/types\/page"}],"author":[{"embeddable":true,"href":"https:\/\/www.michaud-export.com\/group\/vi\/wp-json\/wp\/v2\/users\/7"}],"replies":[{"embeddable":true,"href":"https:\/\/www.michaud-export.com\/group\/vi\/wp-json\/wp\/v2\/comments?post=4216"}],"version-history":[{"count":11,"href":"https:\/\/www.michaud-export.com\/group\/vi\/wp-json\/wp\/v2\/pages\/4216\/revisions"}],"predecessor-version":[{"id":6287,"href":"https:\/\/www.michaud-export.com\/group\/vi\/wp-json\/wp\/v2\/pages\/4216\/revisions\/6287"}],"wp:attachment":[{"href":"https:\/\/www.michaud-export.com\/group\/vi\/wp-json\/wp\/v2\/media?parent=4216"}],"curies":[{"name":"wp","href":"https:\/\/api.w.org\/{rel}","templated":true}]}}