{"id":4202,"date":"2021-03-25T09:16:52","date_gmt":"2021-03-25T07:16:52","guid":{"rendered":"https:\/\/www.michaud-export.com\/group\/chinh-sach-chat-luong"},"modified":"2021-06-09T10:14:57","modified_gmt":"2021-06-09T08:14:57","slug":"chinh-sach-chat-luong","status":"publish","type":"page","link":"https:\/\/www.michaud-export.com\/group\/vi\/chinh-sach-chat-luong","title":{"rendered":"Ch\u00ednh s\u00e1ch ch\u1ea5t l\u01b0\u1ee3ng"},"content":{"rendered":"<p><div class=\"fusion-fullwidth fullwidth-box fusion-builder-row-1 nonhundred-percent-fullwidth non-hundred-percent-height-scrolling\" style=\"--awb-border-radius-top-left:0px;--awb-border-radius-top-right:0px;--awb-border-radius-bottom-right:0px;--awb-border-radius-bottom-left:0px;--awb-flex-wrap:wrap;\" ><div class=\"fusion-builder-row fusion-row\"><div class=\"fusion-layout-column fusion_builder_column fusion-builder-column-0 fusion_builder_column_1_1 1_1 fusion-one-full fusion-column-first fusion-column-last\" style=\"--awb-bg-size:cover;\"><div class=\"fusion-column-wrapper fusion-column-has-shadow fusion-flex-column-wrapper-legacy\"><div class=\"fusion-clearfix\"><\/div><\/div><\/div><div class=\"fusion-layout-column fusion_builder_column fusion-builder-column-1 fusion_builder_column_1_1 1_1 fusion-one-full fusion-column-first fusion-column-last\" style=\"--awb-bg-size:cover;\"><div class=\"fusion-column-wrapper fusion-column-has-shadow fusion-flex-column-wrapper-legacy\"><div class=\"fusion-text fusion-text-1\"><p>Nh\u1edd nhi\u1ec1u n\u0103m nghi\u00ean c\u1ee9u, quy tr\u00ecnh s\u1ea3n xu\u1ea5t th\u00e0nh th\u1ea1o v\u00e0 th\u00e0nh c\u00f4ng, vi\u1ec7c \u0111\u01b0a v\u00e0o th\u1ef1c th\u1ef1c hi\u1ec7n k\u1ebf ho\u1ea1ch ch\u1ea5t l\u01b0\u1ee3ng v\u00e0 mong mu\u1ed1n c\u1ea3i ti\u1ebfn li\u00ean t\u1ee5c, <strong>MICHAUD<\/strong> thi\u1ebft k\u1ebf, s\u1ea3n xu\u1ea5t v\u00e0 ph\u00e2n ph\u1ed1i s\u1ea3n ph\u1ea9m ch\u1ea5t l\u01b0\u1ee3ng v\u00e0 \u0111\u00e1ng tin c\u1eady t\u1ea1o n\u00ean danh ti\u1ebfng c\u1ee7a t\u1eadp \u0111o\u00e0n.<\/p>\n<\/div><div class=\"fusion-clearfix\"><\/div><\/div><\/div><\/div><\/div><div class=\"fusion-fullwidth fullwidth-box fusion-builder-row-2 nonhundred-percent-fullwidth non-hundred-percent-height-scrolling\" style=\"--awb-border-radius-top-left:0px;--awb-border-radius-top-right:0px;--awb-border-radius-bottom-right:0px;--awb-border-radius-bottom-left:0px;--awb-flex-wrap:wrap;\" ><div class=\"fusion-builder-row fusion-row\"><div class=\"fusion-layout-column fusion_builder_column fusion-builder-column-2 fusion_builder_column_1_3 1_3 fusion-one-third fusion-column-first\" style=\"--awb-bg-size:cover;width:33.333333333333%;width:calc(33.333333333333% - ( ( 4% + 4% ) * 0.33333333333333 ) );margin-right: 4%;\"><div class=\"fusion-column-wrapper fusion-column-has-shadow fusion-flex-column-wrapper-legacy\"><div class=\"fusion-image-element fusion-image-align-right in-legacy-container\" style=\"text-align:right;--awb-caption-title-font-family:var(--h2_typography-font-family);--awb-caption-title-font-weight:var(--h2_typography-font-weight);--awb-caption-title-font-style:var(--h2_typography-font-style);--awb-caption-title-size:var(--h2_typography-font-size);--awb-caption-title-transform:var(--h2_typography-text-transform);--awb-caption-title-line-height:var(--h2_typography-line-height);--awb-caption-title-letter-spacing:var(--h2_typography-letter-spacing);\"><span class=\" fusion-imageframe imageframe-none imageframe-1 hover-type-none\" style=\"margin-left:25px;float:right;\"><img decoding=\"async\" width=\"116\" height=\"110\" title=\"afaq-9001-1\" src=\"data:image\/svg+xml,%3Csvg%20xmlns%3D%27http%3A%2F%2Fwww.w3.org%2F2000%2Fsvg%27%20width%3D%27116%27%20height%3D%27110%27%20viewBox%3D%270%200%20116%20110%27%3E%3Crect%20width%3D%27116%27%20height%3D%27110%27%20fill-opacity%3D%220%22%2F%3E%3C%2Fsvg%3E\" data-orig-src=\"https:\/\/www.michaud-export.com\/group\/wp-content\/uploads\/2020\/02\/afaq-9001-1.jpg\" alt class=\"lazyload img-responsive wp-image-4204\"\/><\/span><\/div><div class=\"fusion-clearfix\"><\/div><\/div><\/div><div class=\"fusion-layout-column fusion_builder_column fusion-builder-column-3 fusion_builder_column_1_3 1_3 fusion-one-third\" style=\"--awb-bg-size:cover;width:33.333333333333%;width:calc(33.333333333333% - ( ( 4% + 4% ) * 0.33333333333333 ) );margin-right: 4%;\"><div class=\"fusion-column-wrapper fusion-column-has-shadow fusion-flex-column-wrapper-legacy\"><div class=\"fusion-image-element fusion-image-align-center in-legacy-container\" style=\"text-align:center;--awb-caption-title-font-family:var(--h2_typography-font-family);--awb-caption-title-font-weight:var(--h2_typography-font-weight);--awb-caption-title-font-style:var(--h2_typography-font-style);--awb-caption-title-size:var(--h2_typography-font-size);--awb-caption-title-transform:var(--h2_typography-text-transform);--awb-caption-title-line-height:var(--h2_typography-line-height);--awb-caption-title-letter-spacing:var(--h2_typography-letter-spacing);\"><div class=\"imageframe-align-center\"><span class=\" fusion-imageframe imageframe-none imageframe-2 hover-type-none\"><img decoding=\"async\" width=\"120\" height=\"113\" title=\"afaq-14001-1\" src=\"data:image\/svg+xml,%3Csvg%20xmlns%3D%27http%3A%2F%2Fwww.w3.org%2F2000%2Fsvg%27%20width%3D%27120%27%20height%3D%27113%27%20viewBox%3D%270%200%20120%20113%27%3E%3Crect%20width%3D%27120%27%20height%3D%27113%27%20fill-opacity%3D%220%22%2F%3E%3C%2Fsvg%3E\" data-orig-src=\"https:\/\/www.michaud-export.com\/group\/wp-content\/uploads\/2020\/02\/afaq-14001-1.jpg\" alt class=\"lazyload img-responsive wp-image-4205\"\/><\/span><\/div><\/div><div class=\"fusion-clearfix\"><\/div><\/div><\/div><div class=\"fusion-layout-column fusion_builder_column fusion-builder-column-4 fusion_builder_column_1_3 1_3 fusion-one-third fusion-column-last\" style=\"--awb-bg-size:cover;width:33.333333333333%;width:calc(33.333333333333% - ( ( 4% + 4% ) * 0.33333333333333 ) );\"><div class=\"fusion-column-wrapper fusion-column-has-shadow fusion-flex-column-wrapper-legacy\"><div class=\"fusion-image-element fusion-image-align-left in-legacy-container\" style=\"text-align:left;--awb-caption-title-font-family:var(--h2_typography-font-family);--awb-caption-title-font-weight:var(--h2_typography-font-weight);--awb-caption-title-font-style:var(--h2_typography-font-style);--awb-caption-title-size:var(--h2_typography-font-size);--awb-caption-title-transform:var(--h2_typography-text-transform);--awb-caption-title-line-height:var(--h2_typography-line-height);--awb-caption-title-letter-spacing:var(--h2_typography-letter-spacing);\"><span class=\" fusion-imageframe imageframe-none imageframe-3 hover-type-none\" style=\"margin-right:25px;float:left;\"><img decoding=\"async\" width=\"131\" height=\"117\" title=\"cofrac-1\" src=\"data:image\/svg+xml,%3Csvg%20xmlns%3D%27http%3A%2F%2Fwww.w3.org%2F2000%2Fsvg%27%20width%3D%27131%27%20height%3D%27117%27%20viewBox%3D%270%200%20131%20117%27%3E%3Crect%20width%3D%27131%27%20height%3D%27117%27%20fill-opacity%3D%220%22%2F%3E%3C%2Fsvg%3E\" data-orig-src=\"https:\/\/www.michaud-export.com\/group\/wp-content\/uploads\/2020\/02\/cofrac-1.jpg\" alt class=\"lazyload img-responsive wp-image-4206\"\/><\/span><\/div><div class=\"fusion-text fusion-text-2\"><p>*s\u1ed1 c\u00f4ng nh\u1eadn 1-0579 c\u00f3 s\u1eb5n tr\u00ean www.cofrac.fr<\/p>\n<\/div><div class=\"fusion-clearfix\"><\/div><\/div><\/div><\/div><\/div><div class=\"fusion-fullwidth fullwidth-box fusion-builder-row-3 nonhundred-percent-fullwidth non-hundred-percent-height-scrolling\" style=\"--awb-border-radius-top-left:0px;--awb-border-radius-top-right:0px;--awb-border-radius-bottom-right:0px;--awb-border-radius-bottom-left:0px;--awb-flex-wrap:wrap;\" ><div class=\"fusion-builder-row fusion-row\"><div class=\"fusion-layout-column fusion_builder_column fusion-builder-column-5 fusion_builder_column_1_1 1_1 fusion-one-full fusion-column-first fusion-column-last\" style=\"--awb-bg-size:cover;\"><div class=\"fusion-column-wrapper fusion-column-has-shadow fusion-flex-column-wrapper-legacy\"><div class=\"fusion-text fusion-text-3\"><p>T\u1eadp \u0111o\u00e0n l\u00e0 m\u1ed9t trong nh\u1eefng t\u1eadp \u0111o\u00e0n \u0111\u1ea7u ti\u00ean t\u1ea1i Ph\u00e1p \u0111\u01b0\u1ee3c ch\u1ee9ng nh\u1eadn theo ti\u00eau chu\u1ea9n ISO 9001 v\u00e0 \u0111\u1ea1t ch\u1ee9ng ch\u1ec9 ISO 14001 v\u1ec1 b\u1ea3o v\u1ec7 m\u00f4i tr\u01b0\u1eddng.<\/p>\n<p>Cu\u1ed1i c\u00f9ng, t\u1eadp \u0111o\u00e0n <strong>MICHAUD<\/strong> l\u00e0 m\u1ed9t trong s\u1ed1 \u00edt c\u00e1c nh\u00e0 s\u1ea3n xu\u1ea5t \u0111\u00e3 \u0111\u1ea7u t\u01b0 cho s\u1ef1 h\u00e0i l\u00f2ng v\u1ec1 ch\u1ea5t l\u01b0\u1ee3ng c\u1ee7a kh\u00e1ch h\u00e0ng, v\u00e0o ph\u00f2ng th\u00ed nghi\u1ec7m th\u1eed nghi\u1ec7m \u0111\u01b0\u1ee3c c\u00f4ng nh\u1eadn b\u1edfi <strong>COFRAC<\/strong> t\u1eeb n\u0103m 1995.<\/p>\n<p><strong>COFRAC<\/strong> cho ph\u00e9p c\u00e1c ph\u00f2ng th\u00ed nghi\u1ec7m v\u00e0 c\u01a1 quan m\u00e0 m\u00ecnh c\u00f4ng nh\u1eadn \u00a0mang \u0111\u00ea\u0341n b\u1eb1ng ch\u1ee9ng v\u1ec1 k\u1ef9 n\u0103ng v\u00e0 s\u1ef1 c\u00f4ng minh.<\/p>\n<p>Cung c\u1ea5p cho c\u00e1c c\u00f4ng ty m\u1ed9t s\u1ef1 \u0111\u1ea3m b\u1ea3o th\u1ef1c s\u1ef1 v\u1ec1 ni\u1ec1m tin trong c\u00e1c d\u1ecbch v\u1ee5. Ch\u1ee9ng nh\u1eadn <strong>COFRAC<\/strong>, \u0111\u01b0\u1ee3c c\u00f4ng nh\u1eadn \u1edf Ph\u00e1p, c\u0169ng nh\u01b0 \u1edf ch\u00e2u \u00c2u v\u00e0 tr\u00ean to\u00e0n th\u1ebf gi\u1edbi \u00a0nh\u1edd c\u00e1c hi\u1ec7p \u0111\u1ecbnh \u0111a ph\u01b0\u01a1ng.<\/p>\n<p><strong>M\u1ee5c ti\u00eau c\u1ee7a ch\u00fang t\u00f4i: \u01b0u ti\u00ean s\u1ef1 h\u00e0i l\u00f2ng c\u1ee7a kh\u00e1ch h\u00e0ng b\u1eb1ng vi\u1ec7c \u0111\u00e1p \u1ee9ng c\u00e1c y\u00eau c\u1ea7u c\u1ee7a th\u1ecb tr\u01b0\u1eddng Ph\u00e1p v\u00e0 qu\u1ed1c t\u1ebf.<\/strong><\/p>\n<p><strong>\u00a0<\/strong><\/p>\n<\/div><div class=\"fusion-clearfix\"><\/div><\/div><\/div><\/div><\/div><\/p>\n","protected":false},"excerpt":{"rendered":"","protected":false},"author":7,"featured_media":0,"parent":0,"menu_order":0,"comment_status":"closed","ping_status":"closed","template":"100-width.php","meta":{"footnotes":""},"class_list":["post-4202","page","type-page","status-publish","hentry"],"aioseo_notices":[],"_links":{"self":[{"href":"https:\/\/www.michaud-export.com\/group\/vi\/wp-json\/wp\/v2\/pages\/4202","targetHints":{"allow":["GET"]}}],"collection":[{"href":"https:\/\/www.michaud-export.com\/group\/vi\/wp-json\/wp\/v2\/pages"}],"about":[{"href":"https:\/\/www.michaud-export.com\/group\/vi\/wp-json\/wp\/v2\/types\/page"}],"author":[{"embeddable":true,"href":"https:\/\/www.michaud-export.com\/group\/vi\/wp-json\/wp\/v2\/users\/7"}],"replies":[{"embeddable":true,"href":"https:\/\/www.michaud-export.com\/group\/vi\/wp-json\/wp\/v2\/comments?post=4202"}],"version-history":[{"count":8,"href":"https:\/\/www.michaud-export.com\/group\/vi\/wp-json\/wp\/v2\/pages\/4202\/revisions"}],"predecessor-version":[{"id":6286,"href":"https:\/\/www.michaud-export.com\/group\/vi\/wp-json\/wp\/v2\/pages\/4202\/revisions\/6286"}],"wp:attachment":[{"href":"https:\/\/www.michaud-export.com\/group\/vi\/wp-json\/wp\/v2\/media?parent=4202"}],"curies":[{"name":"wp","href":"https:\/\/api.w.org\/{rel}","templated":true}]}}