{"id":4192,"date":"2021-03-25T09:16:26","date_gmt":"2021-03-25T07:16:26","guid":{"rendered":"https:\/\/www.michaud-export.com\/group\/lich-su"},"modified":"2021-06-09T09:50:46","modified_gmt":"2021-06-09T07:50:46","slug":"lich-su","status":"publish","type":"page","link":"https:\/\/www.michaud-export.com\/group\/vi\/lich-su","title":{"rendered":"L\u1ecaCH S\u1eec"},"content":{"rendered":"<p><div class=\"fusion-fullwidth fullwidth-box fusion-builder-row-1 nonhundred-percent-fullwidth non-hundred-percent-height-scrolling\" style=\"--awb-border-radius-top-left:0px;--awb-border-radius-top-right:0px;--awb-border-radius-bottom-right:0px;--awb-border-radius-bottom-left:0px;--awb-flex-wrap:wrap;\" ><div class=\"fusion-builder-row fusion-row\"><div class=\"fusion-layout-column fusion_builder_column fusion-builder-column-0 fusion_builder_column_1_1 1_1 fusion-one-full fusion-column-first fusion-column-last\" style=\"--awb-bg-size:cover;--awb-margin-top:0px;--awb-margin-bottom:0px;\"><div class=\"fusion-column-wrapper fusion-flex-column-wrapper-legacy\"><div class=\"fusion-title title fusion-title-1 fusion-sep-none fusion-title-text fusion-title-size-one\" style=\"--awb-margin-top-small:0px;--awb-margin-right-small:0px;--awb-margin-bottom-small:20px;--awb-margin-left-small:0px;\"><h1 class=\"fusion-title-heading title-heading-left fusion-responsive-typography-calculated\" style=\"margin:0;--fontSize:70;line-height:1.2;\">L\u1ecbch s\u1eed c\u1ee7a t\u1eadp \u0111o\u00e0n michaud&#8230;<\/h1><\/div><div class=\"fusion-clearfix\"><\/div><\/div><\/div><\/div><\/div><div class=\"fusion-fullwidth fullwidth-box fusion-builder-row-2 nonhundred-percent-fullwidth non-hundred-percent-height-scrolling\" style=\"--awb-border-radius-top-left:0px;--awb-border-radius-top-right:0px;--awb-border-radius-bottom-right:0px;--awb-border-radius-bottom-left:0px;--awb-flex-wrap:wrap;\" ><div class=\"fusion-builder-row fusion-row\"><div class=\"fusion-layout-column fusion_builder_column fusion-builder-column-1 fusion_builder_column_1_5 1_5 fusion-one-fifth fusion-column-first\" style=\"--awb-bg-size:cover;width:20%;width:calc(20% - ( ( 4% + 4% ) * 0.2 ) );margin-right: 4%;\"><div class=\"fusion-column-wrapper fusion-column-has-shadow fusion-flex-column-wrapper-legacy\"><div class=\"fusion-clearfix\"><\/div><\/div><\/div><div class=\"fusion-layout-column fusion_builder_column fusion-builder-column-2 fusion_builder_column_3_5 3_5 fusion-three-fifth\" style=\"--awb-bg-size:cover;width:60%;width:calc(60% - ( ( 4% + 4% ) * 0.6 ) );margin-right: 4%;\"><div class=\"fusion-column-wrapper fusion-column-has-shadow fusion-flex-column-wrapper-legacy\"><div class=\"fusion-image-carousel fusion-image-carousel-auto fusion-image-carousel-1 fusion-carousel-border\"><div class=\"awb-carousel awb-swiper awb-swiper-carousel awb-carousel--carousel awb-swiper-dots-position-bottom\" data-layout=\"carousel\" data-autoplay=\"no\" data-autoplayspeed=\"2500\" data-autoplaypause=\"no\" data-columns=\"1\" data-columnsmedium=\"1\" data-columnssmall=\"1\" data-itemmargin=\"13\" data-itemwidth=\"180\" data-touchscroll=\"no\" data-freemode=\"no\" data-imagesize=\"auto\" data-scrollitems=\"0\" data-centeredslides=\"no\" data-rotationangle=\"50\" data-depth=\"100\" data-speed=\"500\" data-shadow=\"no\" data-pagination=\"bullets\" style=\"--awb-columns:1;--awb-border-width:1px;--awb-border-color:#e9eaee;\"><div class=\"swiper-wrapper awb-image-carousel-wrapper fusion-flex-align-items-center\"><div class=\"swiper-slide\"><div class=\"fusion-carousel-item-wrapper\"><div class=\"fusion-image-wrapper hover-type-zoomin\"><img decoding=\"async\" width=\"564\" height=\"162\" src=\"https:\/\/www.michaud-export.com\/group\/wp-content\/uploads\/2020\/03\/michaud-histoire.jpg\" class=\"attachment-full size-full lazyload\" alt=\"\" srcset=\"data:image\/svg+xml,%3Csvg%20xmlns%3D%27http%3A%2F%2Fwww.w3.org%2F2000%2Fsvg%27%20width%3D%27564%27%20height%3D%27162%27%20viewBox%3D%270%200%20564%20162%27%3E%3Crect%20width%3D%27564%27%20height%3D%27162%27%20fill-opacity%3D%220%22%2F%3E%3C%2Fsvg%3E\" data-orig-src=\"https:\/\/www.michaud-export.com\/group\/wp-content\/uploads\/2020\/03\/michaud-histoire.jpg\" data-srcset=\"https:\/\/www.michaud-export.com\/group\/wp-content\/uploads\/2020\/03\/michaud-histoire-500x144.jpg 500w, https:\/\/www.michaud-export.com\/group\/wp-content\/uploads\/2020\/03\/michaud-histoire.jpg 564w\" data-sizes=\"auto\" \/><\/div><\/div><\/div><div class=\"swiper-slide\"><div class=\"fusion-carousel-item-wrapper\"><div class=\"fusion-image-wrapper hover-type-zoomin\"><img decoding=\"async\" width=\"400\" height=\"160\" src=\"data:image\/svg+xml,%3Csvg%20xmlns%3D%27http%3A%2F%2Fwww.w3.org%2F2000%2Fsvg%27%20width%3D%27400%27%20height%3D%27160%27%20viewBox%3D%270%200%20400%20160%27%3E%3Crect%20width%3D%27400%27%20height%3D%27160%27%20fill-opacity%3D%220%22%2F%3E%3C%2Fsvg%3E\" class=\"attachment-full size-full lazyload\" alt=\"\" data-orig-src=\"https:\/\/www.michaud-export.com\/group\/wp-content\/uploads\/2020\/03\/MICHAUD-UPP-CMJN-e1585703928137.jpg\" \/><\/div><\/div><\/div><\/div><div class=\"awb-swiper-button awb-swiper-button-prev\"><i class=\"awb-icon-angle-left\" aria-hidden=\"true\"><\/i><\/div><div class=\"awb-swiper-button awb-swiper-button-next\"><i class=\"awb-icon-angle-right\" aria-hidden=\"true\"><\/i><\/div><\/div><\/div><div class=\"fusion-clearfix\"><\/div><\/div><\/div><div class=\"fusion-layout-column fusion_builder_column fusion-builder-column-3 fusion_builder_column_1_5 1_5 fusion-one-fifth fusion-column-last\" style=\"--awb-bg-size:cover;width:20%;width:calc(20% - ( ( 4% + 4% ) * 0.2 ) );\"><div class=\"fusion-column-wrapper fusion-column-has-shadow fusion-flex-column-wrapper-legacy\"><div class=\"fusion-clearfix\"><\/div><\/div><\/div><\/div><\/div><div class=\"fusion-fullwidth fullwidth-box fusion-builder-row-3 nonhundred-percent-fullwidth non-hundred-percent-height-scrolling\" style=\"--awb-border-radius-top-left:0px;--awb-border-radius-top-right:0px;--awb-border-radius-bottom-right:0px;--awb-border-radius-bottom-left:0px;--awb-flex-wrap:wrap;\" ><div class=\"fusion-builder-row fusion-row\"><div class=\"fusion-layout-column fusion_builder_column fusion-builder-column-4 fusion_builder_column_1_1 1_1 fusion-one-full fusion-column-first fusion-column-last\" style=\"--awb-bg-size:cover;\"><div class=\"fusion-column-wrapper fusion-column-has-shadow fusion-flex-column-wrapper-legacy\"><div class=\"fusion-text fusion-text-1\"><p>L\u1ecbch s\u1eed c\u1ee7a t\u1eadp \u0111o\u00e0n MICHAUD b\u1eaft \u0111\u1ea7u v\u00e0o nh\u1eefng n\u0103m 1950, \u1edf ph\u00eda \u0111\u00f4ng nam n\u01b0\u1edbc Ph\u00e1p. V\u00e0o th\u1eddi \u0111i\u1ec3m \u0111\u00f3, hai anh em s\u1edf h\u1eefu \u0111\u1ea5t tr\u1ed3ng c\u00e2y \u0111\u00e3 quy\u1ebft \u0111\u1ecbnh s\u1eed d\u1ee5ng gia s\u1ea3n n\u00e0y c\u1ee7a m\u00ecnh \u0111\u1ec3 s\u1ea3n xu\u1ea5t d\u1ea7m cho c\u00f4ng nghi\u1ec7p x\u00e2y d\u1ef1ng.<\/p>\n<p>S\u1ef1 g\u1ea7n g\u0169i v\u1ec1 \u0111\u1ecba l\u00fd c\u1ee7a t\u1eadp \u0111o\u00e0n v\u1edbi trung t\u00e2m EDF \u1edf Bourg-en-Bresse t\u1ea1o ra m\u1ed9t quan h\u1ec7 ch\u1eb7t ch\u1ebd v\u00e0 l\u00e2u d\u00e0i..<\/p>\n<\/div><div class=\"fusion-clearfix\"><\/div><\/div><\/div><\/div><\/div><div class=\"fusion-fullwidth fullwidth-box fusion-builder-row-4 nonhundred-percent-fullwidth non-hundred-percent-height-scrolling\" style=\"--awb-border-radius-top-left:0px;--awb-border-radius-top-right:0px;--awb-border-radius-bottom-right:0px;--awb-border-radius-bottom-left:0px;--awb-flex-wrap:wrap;\" ><div class=\"fusion-builder-row fusion-row\"><div class=\"fusion-layout-column fusion_builder_column fusion-builder-column-5 fusion_builder_column_1_6 1_6 fusion-one-sixth fusion-column-first\" style=\"--awb-bg-size:cover;width:16.666666666667%;width:calc(16.666666666667% - ( ( 4% ) * 0.16666666666667 ) );margin-right: 4%;\"><div class=\"fusion-column-wrapper fusion-column-has-shadow fusion-flex-column-wrapper-legacy\"><div class=\"fusion-clearfix\"><\/div><\/div><\/div><div class=\"fusion-layout-column fusion_builder_column fusion-builder-column-6 fusion_builder_column_5_6 5_6 fusion-five-sixth fusion-column-last\" style=\"--awb-bg-size:cover;width:83.333333333333%;width:calc(83.333333333333% - ( ( 4% ) * 0.83333333333333 ) );\"><div class=\"fusion-column-wrapper fusion-column-has-shadow fusion-flex-column-wrapper-legacy\"><div class=\"fusion-content-boxes content-boxes columns row fusion-columns-1 fusion-columns-total-11 fusion-content-boxes-1 content-boxes-timeline-vertical content-left content-boxes-timeline-layout content-boxes-icon-with-title fusion-delayed-animation\" style=\"--awb-hover-accent-color:rgba(2,2,2,0.2);--awb-circle-hover-accent-color:rgba(2,2,2,0.2);--awb-item-margin-bottom:40px;\" data-animation-delay=\"350\" data-animationOffset=\"top-into-view\"><div style=\"--awb-backgroundcolor:rgba(255,255,255,0);--awb-iconcolor:#ff4c00;--awb-content-padding-left:72px;\" class=\"fusion-column content-box-column content-box-column content-box-column-1 col-lg-12 col-md-12 col-sm-12 fusion-content-box-hover content-box-column-last-in-row\"><div class=\"col content-box-wrapper content-wrapper link-area-link-icon icon-hover-animation-fade fusion-animated\" data-animationType=\"fadeIn\" data-animationDuration=\"0.25\" data-animationOffset=\"top-into-view\"><div class=\"heading heading-with-icon icon-left\" style=\"margin-top:17px;\"><div class=\"icon\" style=\"margin-top:-17px;margin-bottom:-17px;-webkit-animation-duration: 350ms;animation-duration: 350ms;\"><i style=\"border-color:rgba(0,0,0,0.23);border-width:1px;background-color:#f6f6f6;box-sizing:content-box;height:50px;width:50px;line-height:50px;border-radius:50%;font-size:25px;\" aria-hidden=\"true\" class=\"fontawesome-icon fa-home fas circle-yes\"><\/i><\/div><h2 class=\"content-box-heading fusion-responsive-typography-calculated\" style=\"--h2_typography-font-size:18px;--fontSize:18;line-height:1.28;\">1956 : Th\u00e0nh l\u1eadp b\u1edfi Louis MICHAUD<\/h2><\/div><div class=\"content-box-shortcode-timeline-vertical\" style=\"border-color:rgba(0,0,0,0.23);left:40px;top:25px;-webkit-transition-duration: 350ms;animation-duration: 350ms;\"><\/div><\/div><\/div><div style=\"--awb-backgroundcolor:rgba(255,255,255,0);--awb-iconcolor:#ff4c00;--awb-content-padding-left:72px;\" class=\"fusion-column content-box-column content-box-column content-box-column-2 col-lg-12 col-md-12 col-sm-12 fusion-content-box-hover content-box-column-last-in-row\"><div class=\"col content-box-wrapper content-wrapper link-area-link-icon icon-hover-animation-fade fusion-animated\" data-animationType=\"fadeIn\" data-animationDuration=\"0.25\" data-animationOffset=\"top-into-view\"><div class=\"heading heading-with-icon icon-left\" style=\"margin-top:17px;\"><div class=\"icon\" style=\"margin-top:-17px;margin-bottom:-17px;-webkit-animation-duration: 350ms;animation-duration: 350ms;\"><i style=\"border-color:rgba(0,0,0,0.23);border-width:1px;background-color:#f6f6f6;box-sizing:content-box;height:50px;width:50px;line-height:50px;border-radius:50%;font-size:25px;\" aria-hidden=\"true\" class=\"fontawesome-icon fa-circle-notch fas circle-yes\"><\/i><\/div><h2 class=\"content-box-heading fusion-responsive-typography-calculated\" style=\"--h2_typography-font-size:18px;--fontSize:18;line-height:1.28;\">1976 : Thi\u1ebft k\u1ebf thi\u1ebft b\u1ecb \u0111i\u1ec7n cho h\u1ed9p c\u00f4ng t\u01a1<\/h2><\/div><div class=\"content-box-shortcode-timeline-vertical\" style=\"border-color:rgba(0,0,0,0.23);left:40px;top:25px;-webkit-transition-duration: 350ms;animation-duration: 350ms;\"><\/div><\/div><\/div><div style=\"--awb-backgroundcolor:rgba(255,255,255,0);--awb-iconcolor:#ff4c00;--awb-content-padding-left:72px;\" class=\"fusion-column content-box-column content-box-column content-box-column-3 col-lg-12 col-md-12 col-sm-12 fusion-content-box-hover content-box-column-last-in-row\"><div class=\"col content-box-wrapper content-wrapper link-area-link-icon icon-hover-animation-fade fusion-animated\" data-animationType=\"fadeIn\" data-animationDuration=\"0.25\" data-animationOffset=\"top-into-view\"><div class=\"heading heading-with-icon icon-left\" style=\"margin-top:17px;\"><div class=\"icon\" style=\"margin-top:-17px;margin-bottom:-17px;-webkit-animation-duration: 350ms;animation-duration: 350ms;\"><i style=\"border-color:rgba(0,0,0,0.23);border-width:1px;background-color:#f6f6f6;box-sizing:content-box;height:50px;width:50px;line-height:50px;border-radius:50%;font-size:25px;\" aria-hidden=\"true\" class=\"fontawesome-icon fa-circle-notch fas circle-yes\"><\/i><\/div><h2 class=\"content-box-heading fusion-responsive-typography-calculated\" style=\"--h2_typography-font-size:18px;--fontSize:18;line-height:1.28;\">1980 : T\u1eadp \u0111o\u00e0n MICHAUD ph\u00e1t tri\u1ec3n \u1ed1ng n\u1ed1i b\u1ecdc c\u00e1ch \u0111i\u1ec7n MJPB v\u00e0 MJPT \u0111\u1ea7u ti\u00ean v\u1edbi kh\u1ea3 n\u0103ng ch\u1ecbu n\u01b0\u1edbc 6 kV c\u00f9ng v\u1edbi v\u00e0 d\u00e0nh cho EDF <\/h2><\/div><div class=\"content-box-shortcode-timeline-vertical\" style=\"border-color:rgba(0,0,0,0.23);left:40px;top:25px;-webkit-transition-duration: 350ms;animation-duration: 350ms;\"><\/div><\/div><\/div><div style=\"--awb-backgroundcolor:rgba(255,255,255,0);--awb-iconcolor:#ff4c00;--awb-content-padding-left:72px;\" class=\"fusion-column content-box-column content-box-column content-box-column-4 col-lg-12 col-md-12 col-sm-12 fusion-content-box-hover content-box-column-last-in-row\"><div class=\"col content-box-wrapper content-wrapper link-area-link-icon icon-hover-animation-fade fusion-animated\" data-animationType=\"fadeIn\" data-animationDuration=\"0.25\" data-animationOffset=\"top-into-view\"><div class=\"heading heading-with-icon icon-left\" style=\"margin-top:17px;\"><div class=\"icon\" style=\"margin-top:-17px;margin-bottom:-17px;-webkit-animation-duration: 350ms;animation-duration: 350ms;\"><i style=\"border-color:rgba(0,0,0,0.23);border-width:1px;background-color:#f6f6f6;box-sizing:content-box;height:50px;width:50px;line-height:50px;border-radius:50%;font-size:25px;\" aria-hidden=\"true\" class=\"fontawesome-icon fa-circle-notch fas circle-yes\"><\/i><\/div><h2 class=\"content-box-heading fusion-responsive-typography-calculated\" style=\"--h2_typography-font-size:18px;--fontSize:18;line-height:1.28;\">1986 : Ph\u00e1t tri\u1ec3n n\u1ed1i b\u1ecdc c\u00e1ch \u0111i\u1ec7n (k\u1eb9p r\u0103ng \/ gh\u00edp) IPC h\u1ea1 th\u1ebf \u0111\u1ea7u ti\u00ean.<\/h2><\/div><div class=\"content-box-shortcode-timeline-vertical\" style=\"border-color:rgba(0,0,0,0.23);left:40px;top:25px;-webkit-transition-duration: 350ms;animation-duration: 350ms;\"><\/div><\/div><\/div><div style=\"--awb-backgroundcolor:rgba(255,255,255,0);--awb-iconcolor:#ff4c00;--awb-content-padding-left:72px;\" class=\"fusion-column content-box-column content-box-column content-box-column-5 col-lg-12 col-md-12 col-sm-12 fusion-content-box-hover content-box-column-last-in-row\"><div class=\"col content-box-wrapper content-wrapper link-area-link-icon icon-hover-animation-fade fusion-animated\" data-animationType=\"fadeIn\" data-animationDuration=\"0.25\" data-animationOffset=\"top-into-view\"><div class=\"heading heading-with-icon icon-left\" style=\"margin-top:17px;\"><div class=\"icon\" style=\"margin-top:-17px;margin-bottom:-17px;-webkit-animation-duration: 350ms;animation-duration: 350ms;\"><i style=\"border-color:rgba(0,0,0,0.23);border-width:1px;background-color:#f6f6f6;box-sizing:content-box;height:50px;width:50px;line-height:50px;border-radius:50%;font-size:25px;\" aria-hidden=\"true\" class=\"fontawesome-icon fa-spinner fas circle-yes\"><\/i><\/div><h2 class=\"content-box-heading fusion-responsive-typography-calculated\" style=\"--h2_typography-font-size:18px;--fontSize:18;line-height:1.28;\">1996 : Th\u00e0nh l\u1eadp c\u00f4ng ty con MICHAUD EXPORT \u0111\u1ec3 b\u00e1n c\u00e1c s\u1ea3n ph\u1ea9m c\u1ee7a MICHAUD tr\u00ean th\u1ecb tr\u01b0\u1eddng qu\u1ed1c t\u1ebf<\/h2><\/div><div class=\"content-box-shortcode-timeline-vertical\" style=\"border-color:rgba(0,0,0,0.23);left:40px;top:25px;-webkit-transition-duration: 350ms;animation-duration: 350ms;\"><\/div><\/div><\/div><div style=\"--awb-backgroundcolor:rgba(255,255,255,0);--awb-iconcolor:#ff4c00;--awb-content-padding-left:72px;\" class=\"fusion-column content-box-column content-box-column content-box-column-6 col-lg-12 col-md-12 col-sm-12 fusion-content-box-hover content-box-column-last-in-row\"><div class=\"col content-box-wrapper content-wrapper link-area-link-icon icon-hover-animation-fade fusion-animated\" data-animationType=\"fadeIn\" data-animationDuration=\"0.25\" data-animationOffset=\"top-into-view\"><div class=\"heading heading-with-icon icon-left\" style=\"margin-top:17px;\"><div class=\"icon\" style=\"margin-top:-17px;margin-bottom:-17px;-webkit-animation-duration: 350ms;animation-duration: 350ms;\"><i style=\"border-color:rgba(0,0,0,0.23);border-width:1px;background-color:#f6f6f6;box-sizing:content-box;height:50px;width:50px;line-height:50px;border-radius:50%;font-size:25px;\" aria-hidden=\"true\" class=\"fontawesome-icon fa-spinner fas circle-yes\"><\/i><\/div><h2 class=\"content-box-heading fusion-responsive-typography-calculated\" style=\"--h2_typography-font-size:18px;--fontSize:18;line-height:1.28;\">1999 : X\u00e2y d\u1ef1ng nh\u00e0 m\u00e1y MICHAUD t\u1ea1i Tunisia<\/h2><\/div><div class=\"content-box-shortcode-timeline-vertical\" style=\"border-color:rgba(0,0,0,0.23);left:40px;top:25px;-webkit-transition-duration: 350ms;animation-duration: 350ms;\"><\/div><\/div><\/div><div style=\"--awb-backgroundcolor:rgba(255,255,255,0);--awb-iconcolor:#ff4c00;--awb-content-padding-left:72px;\" class=\"fusion-column content-box-column content-box-column content-box-column-7 col-lg-12 col-md-12 col-sm-12 fusion-content-box-hover content-box-column-last-in-row\"><div class=\"col content-box-wrapper content-wrapper link-area-link-icon icon-hover-animation-fade fusion-animated\" data-animationType=\"fadeIn\" data-animationDuration=\"0.25\" data-animationOffset=\"top-into-view\"><div class=\"heading heading-with-icon icon-left\" style=\"margin-top:17px;\"><div class=\"icon\" style=\"margin-top:-17px;margin-bottom:-17px;-webkit-animation-duration: 350ms;animation-duration: 350ms;\"><i style=\"border-color:rgba(0,0,0,0.23);border-width:1px;background-color:#f6f6f6;box-sizing:content-box;height:50px;width:50px;line-height:50px;border-radius:50%;font-size:25px;\" aria-hidden=\"true\" class=\"fontawesome-icon fa-circle-notch fas circle-yes\"><\/i><\/div><h2 class=\"content-box-heading fusion-responsive-typography-calculated\" style=\"--h2_typography-font-size:18px;--fontSize:18;line-height:1.28;\">2006 : Ph\u00e1t tri\u1ec3n ph\u00e2n ph\u1ed1i \u0111i\u1ec7n d\u00e2n d\u1ee5ng<\/h2><\/div><div class=\"content-box-shortcode-timeline-vertical\" style=\"border-color:rgba(0,0,0,0.23);left:40px;top:25px;-webkit-transition-duration: 350ms;animation-duration: 350ms;\"><\/div><\/div><\/div><div style=\"--awb-backgroundcolor:rgba(255,255,255,0);--awb-iconcolor:#ff4c00;--awb-content-padding-left:72px;\" class=\"fusion-column content-box-column content-box-column content-box-column-8 col-lg-12 col-md-12 col-sm-12 fusion-content-box-hover content-box-column-last-in-row\"><div class=\"col content-box-wrapper content-wrapper link-area-link-icon icon-hover-animation-fade fusion-animated\" data-animationType=\"fadeIn\" data-animationDuration=\"0.25\" data-animationOffset=\"top-into-view\"><div class=\"heading heading-with-icon icon-left\" style=\"margin-top:17px;\"><div class=\"icon\" style=\"margin-top:-17px;margin-bottom:-17px;-webkit-animation-duration: 350ms;animation-duration: 350ms;\"><i style=\"border-color:rgba(0,0,0,0.23);border-width:1px;background-color:#f6f6f6;box-sizing:content-box;height:50px;width:50px;line-height:50px;border-radius:50%;font-size:25px;\" aria-hidden=\"true\" class=\"fontawesome-icon fa-circle-notch fas circle-yes\"><\/i><\/div><h2 class=\"content-box-heading fusion-responsive-typography-calculated\" style=\"--h2_typography-font-size:18px;--fontSize:18;line-height:1.28;\">2008 : C\u00f4ng ty MICHAUD EXPORT \u0111\u1ed5i m\u1edbi qu\u1ea3n l\u00fd n\u0103ng l\u01b0\u1ee3ng<\/h2><\/div><div class=\"content-box-shortcode-timeline-vertical\" style=\"border-color:rgba(0,0,0,0.23);left:40px;top:25px;-webkit-transition-duration: 350ms;animation-duration: 350ms;\"><\/div><\/div><\/div><div style=\"--awb-backgroundcolor:rgba(255,255,255,0);--awb-iconcolor:#ff4c00;--awb-content-padding-left:72px;\" class=\"fusion-column content-box-column content-box-column content-box-column-9 col-lg-12 col-md-12 col-sm-12 fusion-content-box-hover content-box-column-last-in-row\"><div class=\"col content-box-wrapper content-wrapper link-area-link-icon icon-hover-animation-fade fusion-animated\" data-animationType=\"fadeIn\" data-animationDuration=\"0.25\" data-animationOffset=\"top-into-view\"><div class=\"heading heading-with-icon icon-left\" style=\"margin-top:17px;\"><div class=\"icon\" style=\"margin-top:-17px;margin-bottom:-17px;-webkit-animation-duration: 350ms;animation-duration: 350ms;\"><i style=\"border-color:rgba(0,0,0,0.23);border-width:1px;background-color:#f6f6f6;box-sizing:content-box;height:50px;width:50px;line-height:50px;border-radius:50%;font-size:25px;\" aria-hidden=\"true\" class=\"fontawesome-icon fa-circle-notch fas circle-yes\"><\/i><\/div><h2 class=\"content-box-heading fusion-responsive-typography-calculated\" style=\"--h2_typography-font-size:18px;--fontSize:18;line-height:1.28;\">2011 : Ra m\u1eaft ph\u1ea1m vi h\u1ed9p CIBE v\u00e0 CGV<\/h2><\/div><div class=\"content-box-shortcode-timeline-vertical\" style=\"border-color:rgba(0,0,0,0.23);left:40px;top:25px;-webkit-transition-duration: 350ms;animation-duration: 350ms;\"><\/div><\/div><\/div><div style=\"--awb-backgroundcolor:rgba(255,255,255,0);--awb-iconcolor:#ff4c00;--awb-content-padding-left:72px;\" class=\"fusion-column content-box-column content-box-column content-box-column-10 col-lg-12 col-md-12 col-sm-12 fusion-content-box-hover content-box-column-last-in-row\"><div class=\"col content-box-wrapper content-wrapper link-area-link-icon icon-hover-animation-fade fusion-animated\" data-animationType=\"fadeIn\" data-animationDuration=\"0.25\" data-animationOffset=\"top-into-view\"><div class=\"heading heading-with-icon icon-left\" style=\"margin-top:17px;\"><div class=\"icon\" style=\"margin-top:-17px;margin-bottom:-17px;-webkit-animation-duration: 350ms;animation-duration: 350ms;\"><i style=\"border-color:rgba(0,0,0,0.23);border-width:1px;background-color:#f6f6f6;box-sizing:content-box;height:50px;width:50px;line-height:50px;border-radius:50%;font-size:25px;\" aria-hidden=\"true\" class=\"fontawesome-icon fa-circle-notch fas circle-yes\"><\/i><\/div><h2 class=\"content-box-heading fusion-responsive-typography-calculated\" style=\"--h2_typography-font-size:18px;--fontSize:18;line-height:1.28;\">2014 : Thi\u1ebft k\u1ebf \u0111\u1ea7u n\u1ed1i m\u1ed9t c\u1ef1c cho h\u1ed9p ng\u1ea7m<\/h2><\/div><div class=\"content-box-shortcode-timeline-vertical\" style=\"border-color:rgba(0,0,0,0.23);left:40px;top:25px;-webkit-transition-duration: 350ms;animation-duration: 350ms;\"><\/div><\/div><\/div><div style=\"--awb-backgroundcolor:rgba(255,255,255,0);--awb-iconcolor:#ff4c00;--awb-content-padding-left:72px;\" class=\"fusion-column content-box-column content-box-column content-box-column-11 col-lg-12 col-md-12 col-sm-12 fusion-content-box-hover content-box-column-last content-box-column-last-in-row\"><div class=\"col content-box-wrapper content-wrapper link-area-link-icon icon-hover-animation-fade fusion-animated\" data-animationType=\"fadeIn\" data-animationDuration=\"0.25\" data-animationOffset=\"top-into-view\"><div class=\"heading heading-with-icon icon-left\" style=\"margin-top:17px;\"><div class=\"icon\" style=\"margin-top:-17px;margin-bottom:-17px;-webkit-animation-duration: 350ms;animation-duration: 350ms;\"><i style=\"border-color:rgba(0,0,0,0.23);border-width:1px;background-color:#f6f6f6;box-sizing:content-box;height:50px;width:50px;line-height:50px;border-radius:50%;font-size:25px;\" aria-hidden=\"true\" class=\"fontawesome-icon fa-circle-notch fas circle-yes\"><\/i><\/div><h2 class=\"content-box-heading fusion-responsive-typography-calculated\" style=\"--h2_typography-font-size:18px;--fontSize:18;line-height:1.28;\">2016 : MICHAUD EXPORT th\u00eam ph\u1ea1m vi n\u1ed1i \u0111\u1ea5t<\/h2><\/div><div class=\"content-box-shortcode-timeline-vertical\" style=\"border-color:rgba(0,0,0,0.23);left:40px;top:25px;-webkit-transition-duration: 350ms;animation-duration: 350ms;\"><\/div><\/div><\/div><div class=\"fusion-clearfix\"><\/div><\/div><div class=\"fusion-clearfix\"><\/div><\/div><\/div><div class=\"fusion-layout-column fusion_builder_column fusion-builder-column-7 fusion_builder_column_1_1 1_1 fusion-one-full fusion-column-first fusion-column-last\" style=\"--awb-bg-size:cover;\"><div class=\"fusion-column-wrapper fusion-column-has-shadow fusion-flex-column-wrapper-legacy\"><div class=\"fusion-text fusion-text-2\"><p>Ng\u00e0y nay, t\u1eadp \u0111o\u00e0n c\u00f3 5 nh\u00e0 m\u00e1y s\u1ea3n xu\u1ea5t \u1edf Ph\u00e1p, 2 nh\u00e0 m\u00e1y \u1edf n\u01b0\u1edbc ngo\u00e0i v\u00e0 m\u1ed9t h\u1ec7 th\u1ed1ng b\u00e1n h\u00e0ng \u1edf Ch\u00e2u \u00c2u, Ch\u00e2u Phi, Trung \u0110\u00f4ng, Ch\u00e2u \u00c1 v\u00e0 Ch\u00e2u \u0110\u1ea1i D\u01b0\u01a1ng.<\/p>\n<div class=\"comment\">\n<p>L\u00e0 m\u1ed9t doanh nghi\u1ec7p d\u1ef1a tr\u00ean quy m\u00f4 con ng\u01b0\u1eddi, MICHAUD bi\u1ebft l\u1eafng nghe kh\u00e1ch h\u00e0ng \u0111\u1ec3 \u0111i\u1ec1u ch\u1ec9nh, thay \u0111\u1ed5i ho\u1eb7c sa\u0341ng l\u1eadp gi\u1ea3i ph\u00e1p trong t\u01b0\u01a1ng lai.<\/p>\n<\/div>\n<\/div><div class=\"fusion-clearfix\"><\/div><\/div><\/div><\/div><\/div><\/p>\n","protected":false},"excerpt":{"rendered":"","protected":false},"author":7,"featured_media":0,"parent":0,"menu_order":0,"comment_status":"closed","ping_status":"closed","template":"","meta":{"footnotes":""},"class_list":["post-4192","page","type-page","status-publish","hentry"],"aioseo_notices":[],"_links":{"self":[{"href":"https:\/\/www.michaud-export.com\/group\/vi\/wp-json\/wp\/v2\/pages\/4192","targetHints":{"allow":["GET"]}}],"collection":[{"href":"https:\/\/www.michaud-export.com\/group\/vi\/wp-json\/wp\/v2\/pages"}],"about":[{"href":"https:\/\/www.michaud-export.com\/group\/vi\/wp-json\/wp\/v2\/types\/page"}],"author":[{"embeddable":true,"href":"https:\/\/www.michaud-export.com\/group\/vi\/wp-json\/wp\/v2\/users\/7"}],"replies":[{"embeddable":true,"href":"https:\/\/www.michaud-export.com\/group\/vi\/wp-json\/wp\/v2\/comments?post=4192"}],"version-history":[{"count":6,"href":"https:\/\/www.michaud-export.com\/group\/vi\/wp-json\/wp\/v2\/pages\/4192\/revisions"}],"predecessor-version":[{"id":6285,"href":"https:\/\/www.michaud-export.com\/group\/vi\/wp-json\/wp\/v2\/pages\/4192\/revisions\/6285"}],"wp:attachment":[{"href":"https:\/\/www.michaud-export.com\/group\/vi\/wp-json\/wp\/v2\/media?parent=4192"}],"curies":[{"name":"wp","href":"https:\/\/api.w.org\/{rel}","templated":true}]}}