{"id":4187,"date":"2021-03-25T09:15:14","date_gmt":"2021-03-25T07:15:14","guid":{"rendered":"https:\/\/www.michaud-export.com\/group\/thu-vien-bai-bao"},"modified":"2021-03-25T09:15:17","modified_gmt":"2021-03-25T07:15:17","slug":"thu-vien-bai-bao","status":"publish","type":"page","link":"https:\/\/www.michaud-export.com\/group\/vi\/thu-vien-bai-bao","title":{"rendered":"TH\u01af VI\u1ec6N B\u00c0I B\u00c1O"},"content":{"rendered":"<div class=\"fusion-fullwidth fullwidth-box fusion-builder-row-1 nonhundred-percent-fullwidth non-hundred-percent-height-scrolling\" style=\"--awb-border-radius-top-left:0px;--awb-border-radius-top-right:0px;--awb-border-radius-bottom-right:0px;--awb-border-radius-bottom-left:0px;--awb-flex-wrap:wrap;\" ><div class=\"fusion-builder-row fusion-row\"><div class=\"fusion-layout-column fusion_builder_column fusion-builder-column-0 fusion_builder_column_1_1 1_1 fusion-one-full fusion-column-first fusion-column-last\" style=\"--awb-bg-size:cover;\"><div class=\"fusion-column-wrapper fusion-column-has-shadow fusion-flex-column-wrapper-legacy\"><div class=\"fusion-blog-shortcode fusion-blog-shortcode-1 fusion-blog-archive fusion-blog-layout-grid-wrapper fusion-blog-infinite\"><style type=\"text\/css\">.fusion-blog-shortcode-1 .fusion-blog-layout-grid .fusion-post-grid{padding:30px;}.fusion-blog-shortcode-1 .fusion-posts-container{margin-left: -30px !important; margin-right:-30px !important;}<\/style><div class=\"fusion-posts-container fusion-posts-container-infinite fusion-posts-container-load-more fusion-blog-rollover fusion-blog-layout-grid fusion-blog-layout-grid-3 isotope\" data-pages=\"1\" data-grid-col-space=\"60\" style=\"margin: -30px -30px 0;min-height:500px;\"><article id=\"blog-1-post-104182\" class=\"fusion-post-grid post-104182 post type-post status-publish format-standard has-post-thumbnail hentry category-accueil-vn\">\n<div class=\"fusion-post-wrapper\" style=\"background-color:rgba(255,255,255,0);border:none;\">\n\n\t\t\t<div class=\"fusion-flexslider flexslider fusion-flexslider-loading fusion-post-slideshow\" style=\"border-color:rgba(235,234,234,0);\">\n\t\t<ul class=\"slides\">\n\t\t\t\n\t\t\t\t\t\t\t\t\t\t\t\t\t\t<li><div  class=\"fusion-image-wrapper\" aria-haspopup=\"true\">\n\t\t\t\t<img decoding=\"async\" width=\"1774\" height=\"672\" src=\"data:image\/svg+xml,%3Csvg%20xmlns%3D%27http%3A%2F%2Fwww.w3.org%2F2000%2Fsvg%27%20width%3D%271774%27%20height%3D%27672%27%20viewBox%3D%270%200%201774%20672%27%3E%3Crect%20width%3D%271774%27%20height%3D%27672%27%20fill-opacity%3D%220%22%2F%3E%3C%2Fsvg%3E\" class=\"attachment-full size-full lazyload wp-post-image\" alt=\"\" data-orig-src=\"https:\/\/www.michaud-export.com\/group\/wp-content\/uploads\/2021\/10\/Aerien-boucle-SMART-MICHAUD-installation-e1633617904694.jpg\" \/><div class=\"fusion-rollover\">\n\t<div class=\"fusion-rollover-content\">\n\n\t\t\t\t\n\t\t\n\t\t\t\t\t\t\t\t\n\t\t\t\t\t\t\t\t\n\t\t\n\t\t\t\t\t\t<a class=\"fusion-link-wrapper\" href=\"https:\/\/www.michaud-export.com\/group\/vi\/dai-thep-khong-gi-duoc-lap-dat-khong-can-may-dong-dai\" aria-label=\"\u0110ai th\u00e9p kh\u00f4ng g\u1ec9 \u0111\u01b0\u1ee3c l\u1eafp \u0111\u1eb7t kh\u00f4ng c\u1ea7n m\u00e1y \u0111\u00f3ng \u0111ai\"><\/a>\n\t<\/div>\n<\/div>\n<\/div>\n<\/li>\n\t\t\t\n\t\t\t\n\t\t\t\t\t\t\t\t\t\t\t\t\t\t\t\t\t\t\t\t\t\t\t\t\t\t\t\t\t\t\t\t\t\t\t\t\t\t\t\t\t\t\t\t\t\t\t\t\t\t\t\t\t\t\t\t\t\t\t\t\t\t\t\t\t\t\t\t<\/ul>\n\t<\/div>\n\t<div class=\"fusion-post-content-wrapper\" style=\"padding:30px 0px 0px 0px;\"><div class=\"fusion-post-content post-content\"><h2 class=\"blog-shortcode-post-title entry-title\"><a href=\"https:\/\/www.michaud-export.com\/group\/vi\/dai-thep-khong-gi-duoc-lap-dat-khong-can-may-dong-dai\">\u0110ai th\u00e9p kh\u00f4ng g\u1ec9 \u0111\u01b0\u1ee3c l\u1eafp \u0111\u1eb7t kh\u00f4ng c\u1ea7n m\u00e1y \u0111\u00f3ng \u0111ai<\/a><\/h2><div class=\"fusion-content-sep sep-single sep-solid\"><\/div><div class=\"fusion-post-content-container\"><p> \u0110\u01b0\u1ee3c s\u1eed d\u1ee5ng ph\u1ed5 bi\u1ebfn \u0111\u1ec3 duy tr\u00ec t\u1ea3i<\/p><\/div><\/div><div class=\"fusion-meta-info\"><div class=\"fusion-alignleft\"><a class=\"fusion-read-more\" href=\"https:\/\/www.michaud-export.com\/group\/vi\/dai-thep-khong-gi-duoc-lap-dat-khong-can-may-dong-dai\" aria-label=\"More on \u0110ai th\u00e9p kh\u00f4ng g\u1ec9 \u0111\u01b0\u1ee3c l\u1eafp \u0111\u1eb7t kh\u00f4ng c\u1ea7n m\u00e1y \u0111\u00f3ng \u0111ai\">Read More<\/a><\/div><\/div><\/div><div class=\"fusion-clearfix\"><\/div><\/div>\n<\/article>\n<article id=\"blog-1-post-5752\" class=\"fusion-post-grid post-5752 post type-post status-publish format-standard has-post-thumbnail hentry category-accueil-vn category-vietnam\">\n<div class=\"fusion-post-wrapper\" style=\"background-color:rgba(255,255,255,0);border:none;\">\n\n\t\t\t<div class=\"fusion-flexslider flexslider fusion-flexslider-loading fusion-post-slideshow\" style=\"border-color:rgba(235,234,234,0);\">\n\t\t<ul class=\"slides\">\n\t\t\t\n\t\t\t\t\t\t\t\t\t\t\t\t\t\t<li><div  class=\"fusion-image-wrapper\" aria-haspopup=\"true\">\n\t\t\t\t<img decoding=\"async\" width=\"1658\" height=\"686\" src=\"https:\/\/www.michaud-export.com\/group\/wp-content\/uploads\/2023\/09\/FR-Juillet-1.png\" class=\"attachment-full size-full lazyload wp-post-image\" alt=\"Le r\u00e9seau \u00e9lectrique souterrain : int\u00e9r\u00eats et enjeux\" srcset=\"data:image\/svg+xml,%3Csvg%20xmlns%3D%27http%3A%2F%2Fwww.w3.org%2F2000%2Fsvg%27%20width%3D%271658%27%20height%3D%27686%27%20viewBox%3D%270%200%201658%20686%27%3E%3Crect%20width%3D%271658%27%20height%3D%27686%27%20fill-opacity%3D%220%22%2F%3E%3C%2Fsvg%3E\" data-orig-src=\"https:\/\/www.michaud-export.com\/group\/wp-content\/uploads\/2023\/09\/FR-Juillet-1.png\" data-srcset=\"https:\/\/www.michaud-export.com\/group\/wp-content\/uploads\/2023\/09\/FR-Juillet-1-200x83.png 200w, https:\/\/www.michaud-export.com\/group\/wp-content\/uploads\/2023\/09\/FR-Juillet-1-400x166.png 400w, https:\/\/www.michaud-export.com\/group\/wp-content\/uploads\/2023\/09\/FR-Juillet-1-600x248.png 600w, https:\/\/www.michaud-export.com\/group\/wp-content\/uploads\/2023\/09\/FR-Juillet-1-800x331.png 800w, https:\/\/www.michaud-export.com\/group\/wp-content\/uploads\/2023\/09\/FR-Juillet-1-1200x497.png 1200w, https:\/\/www.michaud-export.com\/group\/wp-content\/uploads\/2023\/09\/FR-Juillet-1.png 1658w\" data-sizes=\"auto\" \/><div class=\"fusion-rollover\">\n\t<div class=\"fusion-rollover-content\">\n\n\t\t\t\t\n\t\t\n\t\t\t\t\t\t\t\t\n\t\t\t\t\t\t\t\t\n\t\t\n\t\t\t\t\t\t<a class=\"fusion-link-wrapper\" href=\"https:\/\/www.michaud-export.com\/group\/vi\/mang-ngam-duoi-dat-ha-the-muc-dich-va-van-de\" aria-label=\"M\u1ea1ng l\u01b0\u1edbi ng\u1ea7m h\u1ea1 th\u1ebf: l\u1ee3i \u00edch v\u00e0 th\u00e1ch th\u1ee9c\"><\/a>\n\t<\/div>\n<\/div>\n<\/div>\n<\/li>\n\t\t\t\n\t\t\t\n\t\t\t\t\t\t\t\t\t\t\t\t\t\t\t\t\t\t\t\t\t\t\t\t\t\t\t\t\t\t\t\t\t\t\t\t\t\t\t\t\t\t\t\t\t\t\t\t\t\t\t\t\t\t\t\t\t\t\t\t\t\t\t\t\t\t\t\t<\/ul>\n\t<\/div>\n\t<div class=\"fusion-post-content-wrapper\" style=\"padding:30px 0px 0px 0px;\"><div class=\"fusion-post-content post-content\"><h2 class=\"blog-shortcode-post-title entry-title\"><a href=\"https:\/\/www.michaud-export.com\/group\/vi\/mang-ngam-duoi-dat-ha-the-muc-dich-va-van-de\">M\u1ea1ng l\u01b0\u1edbi ng\u1ea7m h\u1ea1 th\u1ebf: l\u1ee3i \u00edch v\u00e0 th\u00e1ch th\u1ee9c<\/a><\/h2><div class=\"fusion-content-sep sep-single sep-solid\"><\/div><div class=\"fusion-post-content-container\"><p>    C\u00f3 hai ki\u1ec3u l\u1eafp \u0111\u1eb7t m\u1ea1ng<\/p><\/div><\/div><div class=\"fusion-meta-info\"><div class=\"fusion-alignleft\"><a class=\"fusion-read-more\" href=\"https:\/\/www.michaud-export.com\/group\/vi\/mang-ngam-duoi-dat-ha-the-muc-dich-va-van-de\" aria-label=\"More on M\u1ea1ng l\u01b0\u1edbi ng\u1ea7m h\u1ea1 th\u1ebf: l\u1ee3i \u00edch v\u00e0 th\u00e1ch th\u1ee9c\">Read More<\/a><\/div><\/div><\/div><div class=\"fusion-clearfix\"><\/div><\/div>\n<\/article>\n<article id=\"blog-1-post-5742\" class=\"fusion-post-grid post-5742 post type-post status-publish format-standard has-post-thumbnail hentry category-vietnam\">\n<div class=\"fusion-post-wrapper\" style=\"background-color:rgba(255,255,255,0);border:none;\">\n\n\t\t\t<div class=\"fusion-flexslider flexslider fusion-flexslider-loading fusion-post-slideshow\" style=\"border-color:rgba(235,234,234,0);\">\n\t\t<ul class=\"slides\">\n\t\t\t\n\t\t\t\t\t\t\t\t\t\t\t\t\t\t<li><div  class=\"fusion-image-wrapper\" aria-haspopup=\"true\">\n\t\t\t\t<img decoding=\"async\" width=\"1000\" height=\"667\" src=\"data:image\/svg+xml,%3Csvg%20xmlns%3D%27http%3A%2F%2Fwww.w3.org%2F2000%2Fsvg%27%20width%3D%271000%27%20height%3D%27667%27%20viewBox%3D%270%200%201000%20667%27%3E%3Crect%20width%3D%271000%27%20height%3D%27667%27%20fill-opacity%3D%220%22%2F%3E%3C%2Fsvg%3E\" class=\"attachment-full size-full lazyload wp-post-image\" alt=\"\" data-orig-src=\"https:\/\/www.michaud-export.com\/group\/wp-content\/uploads\/2021\/04\/ho-chi-minh-3039579_1920-e1619418424250.jpg\" \/><div class=\"fusion-rollover\">\n\t<div class=\"fusion-rollover-content\">\n\n\t\t\t\t\n\t\t\n\t\t\t\t\t\t\t\t\n\t\t\t\t\t\t\t\t\n\t\t\n\t\t\t\t\t\t<a class=\"fusion-link-wrapper\" href=\"https:\/\/www.michaud-export.com\/group\/vi\/tap-doan-michaud-co-mat-tai-viet-nam\" aria-label=\"T\u1eadp \u0111o\u00e0n MICHAUD c\u00f3 m\u1eb7t t\u1ea1i Vi\u1ec7t Nam !\"><\/a>\n\t<\/div>\n<\/div>\n<\/div>\n<\/li>\n\t\t\t\n\t\t\t\n\t\t\t\t\t\t\t\t\t\t\t\t\t\t\t\t\t\t\t\t\t\t\t\t\t\t\t\t\t\t\t\t\t\t\t\t\t\t\t\t\t\t\t\t\t\t\t\t\t\t\t\t\t\t\t\t\t\t\t\t\t\t\t\t\t\t\t\t<\/ul>\n\t<\/div>\n\t<div class=\"fusion-post-content-wrapper\" style=\"padding:30px 0px 0px 0px;\"><div class=\"fusion-post-content post-content\"><h2 class=\"blog-shortcode-post-title entry-title\"><a href=\"https:\/\/www.michaud-export.com\/group\/vi\/tap-doan-michaud-co-mat-tai-viet-nam\">T\u1eadp \u0111o\u00e0n MICHAUD c\u00f3 m\u1eb7t t\u1ea1i Vi\u1ec7t Nam !<\/a><\/h2><div class=\"fusion-content-sep sep-single sep-solid\"><\/div><div class=\"fusion-post-content-container\"><p> T\u1eeb \u0111\u1ea7u n\u0103m nay, t\u1eadp \u0111o\u00e0n MICHAUD c\u00f3 v\u0103n<\/p><\/div><\/div><div class=\"fusion-meta-info\"><div class=\"fusion-alignleft\"><a class=\"fusion-read-more\" href=\"https:\/\/www.michaud-export.com\/group\/vi\/tap-doan-michaud-co-mat-tai-viet-nam\" aria-label=\"More on T\u1eadp \u0111o\u00e0n MICHAUD c\u00f3 m\u1eb7t t\u1ea1i Vi\u1ec7t Nam !\">Read More<\/a><\/div><\/div><\/div><div class=\"fusion-clearfix\"><\/div><\/div>\n<\/article>\n<article id=\"blog-1-post-5727\" class=\"fusion-post-grid post-5727 post type-post status-publish format-standard has-post-thumbnail hentry category-accueil-vn category-uncategorized-vi category-vietnam\">\n<div class=\"fusion-post-wrapper\" style=\"background-color:rgba(255,255,255,0);border:none;\">\n\n\t\t\t<div class=\"fusion-flexslider flexslider fusion-flexslider-loading fusion-post-slideshow\" style=\"border-color:rgba(235,234,234,0);\">\n\t\t<ul class=\"slides\">\n\t\t\t\n\t\t\t\t\t\t\t\t\t\t\t\t\t\t<li><div  class=\"fusion-image-wrapper\" aria-haspopup=\"true\">\n\t\t\t\t<img decoding=\"async\" width=\"2560\" height=\"844\" src=\"https:\/\/www.michaud-export.com\/group\/wp-content\/uploads\/2020\/04\/Panoramique2-scaled.jpg\" class=\"attachment-full size-full lazyload wp-post-image\" alt=\"\" srcset=\"data:image\/svg+xml,%3Csvg%20xmlns%3D%27http%3A%2F%2Fwww.w3.org%2F2000%2Fsvg%27%20width%3D%272560%27%20height%3D%27844%27%20viewBox%3D%270%200%202560%20844%27%3E%3Crect%20width%3D%272560%27%20height%3D%27844%27%20fill-opacity%3D%220%22%2F%3E%3C%2Fsvg%3E\" data-orig-src=\"https:\/\/www.michaud-export.com\/group\/wp-content\/uploads\/2020\/04\/Panoramique2-scaled.jpg\" data-srcset=\"https:\/\/www.michaud-export.com\/group\/wp-content\/uploads\/2020\/04\/Panoramique2-200x66.jpg 200w, https:\/\/www.michaud-export.com\/group\/wp-content\/uploads\/2020\/04\/Panoramique2-400x132.jpg 400w, https:\/\/www.michaud-export.com\/group\/wp-content\/uploads\/2020\/04\/Panoramique2-600x198.jpg 600w, https:\/\/www.michaud-export.com\/group\/wp-content\/uploads\/2020\/04\/Panoramique2-800x264.jpg 800w, https:\/\/www.michaud-export.com\/group\/wp-content\/uploads\/2020\/04\/Panoramique2-1200x396.jpg 1200w, https:\/\/www.michaud-export.com\/group\/wp-content\/uploads\/2020\/04\/Panoramique2-scaled.jpg 2560w\" data-sizes=\"auto\" \/><div class=\"fusion-rollover\">\n\t<div class=\"fusion-rollover-content\">\n\n\t\t\t\t\n\t\t\n\t\t\t\t\t\t\t\t\n\t\t\t\t\t\t\t\t\n\t\t\n\t\t\t\t\t\t<a class=\"fusion-link-wrapper\" href=\"https:\/\/www.michaud-export.com\/group\/vi\/khai-truong-showroom-michaud-dau-tien-tai-viriat-o-phap\" aria-label=\"Khai tr\u01b0\u01a1ng Showroom MICHAUD \u0111\u1ea7u ti\u00ean t\u1ea1i Viriat \u1edf PH\u00c1P\"><\/a>\n\t<\/div>\n<\/div>\n<\/div>\n<\/li>\n\t\t\t\n\t\t\t\n\t\t\t\t\t\t\t\t\t\t\t\t\t\t\t\t\t\t\t\t\t\t\t\t\t\t\t\t\t\t\t\t\t\t\t\t\t\t\t\t\t\t\t\t\t\t\t\t\t\t\t\t\t\t\t\t\t\t\t\t\t\t\t\t\t\t\t\t<\/ul>\n\t<\/div>\n\t<div class=\"fusion-post-content-wrapper\" style=\"padding:30px 0px 0px 0px;\"><div class=\"fusion-post-content post-content\"><h2 class=\"blog-shortcode-post-title entry-title\"><a href=\"https:\/\/www.michaud-export.com\/group\/vi\/khai-truong-showroom-michaud-dau-tien-tai-viriat-o-phap\">Khai tr\u01b0\u01a1ng Showroom MICHAUD \u0111\u1ea7u ti\u00ean t\u1ea1i Viriat \u1edf PH\u00c1P<\/a><\/h2><div class=\"fusion-content-sep sep-single sep-solid\"><\/div><div class=\"fusion-post-content-container\"><p> Quan t\u00e2m v\u1ec1 kinh nghi\u1ec7m kh\u00e1ch h\u00e0ng v\u00e0 ng\u01b0\u1eddi<\/p><\/div><\/div><div class=\"fusion-meta-info\"><div class=\"fusion-alignleft\"><a class=\"fusion-read-more\" href=\"https:\/\/www.michaud-export.com\/group\/vi\/khai-truong-showroom-michaud-dau-tien-tai-viriat-o-phap\" aria-label=\"More on Khai tr\u01b0\u01a1ng Showroom MICHAUD \u0111\u1ea7u ti\u00ean t\u1ea1i Viriat \u1edf PH\u00c1P\">Read More<\/a><\/div><\/div><\/div><div class=\"fusion-clearfix\"><\/div><\/div>\n<\/article>\n<div class=\"fusion-clearfix\"><\/div><\/div><\/div><div class=\"fusion-clearfix\"><\/div><\/div><\/div><\/div><\/div>\n","protected":false},"excerpt":{"rendered":"","protected":false},"author":1,"featured_media":0,"parent":0,"menu_order":0,"comment_status":"closed","ping_status":"closed","template":"","meta":{"footnotes":""},"class_list":["post-4187","page","type-page","status-publish","hentry"],"aioseo_notices":[],"_links":{"self":[{"href":"https:\/\/www.michaud-export.com\/group\/vi\/wp-json\/wp\/v2\/pages\/4187","targetHints":{"allow":["GET"]}}],"collection":[{"href":"https:\/\/www.michaud-export.com\/group\/vi\/wp-json\/wp\/v2\/pages"}],"about":[{"href":"https:\/\/www.michaud-export.com\/group\/vi\/wp-json\/wp\/v2\/types\/page"}],"author":[{"embeddable":true,"href":"https:\/\/www.michaud-export.com\/group\/vi\/wp-json\/wp\/v2\/users\/1"}],"replies":[{"embeddable":true,"href":"https:\/\/www.michaud-export.com\/group\/vi\/wp-json\/wp\/v2\/comments?post=4187"}],"version-history":[{"count":4,"href":"https:\/\/www.michaud-export.com\/group\/vi\/wp-json\/wp\/v2\/pages\/4187\/revisions"}],"predecessor-version":[{"id":5144,"href":"https:\/\/www.michaud-export.com\/group\/vi\/wp-json\/wp\/v2\/pages\/4187\/revisions\/5144"}],"wp:attachment":[{"href":"https:\/\/www.michaud-export.com\/group\/vi\/wp-json\/wp\/v2\/media?parent=4187"}],"curies":[{"name":"wp","href":"https:\/\/api.w.org\/{rel}","templated":true}]}}