{"id":4180,"date":"2021-03-25T09:13:49","date_gmt":"2021-03-25T07:13:49","guid":{"rendered":"https:\/\/www.michaud-export.com\/group\/nghe-nghiep"},"modified":"2021-04-16T10:56:22","modified_gmt":"2021-04-16T08:56:22","slug":"nghe-nghiep","status":"publish","type":"page","link":"https:\/\/www.michaud-export.com\/group\/vi\/nghe-nghiep","title":{"rendered":"Ngh\u1ec1 nghi\u1ec7p"},"content":{"rendered":"<p><div class=\"fusion-fullwidth fullwidth-box fusion-builder-row-1 nonhundred-percent-fullwidth non-hundred-percent-height-scrolling\" style=\"--awb-border-radius-top-left:0px;--awb-border-radius-top-right:0px;--awb-border-radius-bottom-right:0px;--awb-border-radius-bottom-left:0px;--awb-flex-wrap:wrap;\" ><div class=\"fusion-builder-row fusion-row\"><div class=\"fusion-layout-column fusion_builder_column fusion-builder-column-0 fusion_builder_column_1_1 1_1 fusion-one-full fusion-column-first fusion-column-last\" style=\"--awb-bg-size:cover;\"><div class=\"fusion-column-wrapper fusion-column-has-shadow fusion-flex-column-wrapper-legacy\"><div class=\"fusion-blog-shortcode fusion-blog-shortcode-1 fusion-blog-archive fusion-blog-layout-grid-wrapper fusion-blog-infinite\"><style type=\"text\/css\">.fusion-blog-shortcode-1 .fusion-blog-layout-grid .fusion-post-grid{padding:30px;}.fusion-blog-shortcode-1 .fusion-posts-container{margin-left: -30px !important; margin-right:-30px !important;}<\/style><div class=\"fusion-posts-container fusion-posts-container-infinite fusion-posts-container-load-more fusion-blog-rollover fusion-blog-layout-grid fusion-blog-layout-grid-3 isotope\" data-pages=\"1\" data-grid-col-space=\"60\" style=\"margin: -30px -30px 0;min-height:500px;\"><article id=\"blog-1-post-104182\" class=\"fusion-post-grid post-104182 post type-post status-publish format-standard has-post-thumbnail hentry category-accueil-vn\">\n<div class=\"fusion-post-wrapper\" style=\"background-color:rgba(255,255,255,0);border:none;\">\n\n\t\t\t<div class=\"fusion-flexslider flexslider fusion-flexslider-loading fusion-post-slideshow\" style=\"border-color:rgba(235,234,234,0);\">\n\t\t<ul class=\"slides\">\n\t\t\t\n\t\t\t\t\t\t\t\t\t\t\t\t\t\t<li><div  class=\"fusion-image-wrapper\" aria-haspopup=\"true\">\n\t\t\t\t<img decoding=\"async\" width=\"1774\" height=\"672\" src=\"data:image\/svg+xml,%3Csvg%20xmlns%3D%27http%3A%2F%2Fwww.w3.org%2F2000%2Fsvg%27%20width%3D%271774%27%20height%3D%27672%27%20viewBox%3D%270%200%201774%20672%27%3E%3Crect%20width%3D%271774%27%20height%3D%27672%27%20fill-opacity%3D%220%22%2F%3E%3C%2Fsvg%3E\" class=\"attachment-full size-full lazyload wp-post-image\" alt=\"\" data-orig-src=\"https:\/\/www.michaud-export.com\/group\/wp-content\/uploads\/2021\/10\/Aerien-boucle-SMART-MICHAUD-installation-e1633617904694.jpg\" \/><div class=\"fusion-rollover\">\n\t<div class=\"fusion-rollover-content\">\n\n\t\t\t\t\n\t\t\n\t\t\t\t\t\t\t\t\n\t\t\t\t\t\t\t\t\n\t\t\n\t\t\t\t\t\t<a class=\"fusion-link-wrapper\" href=\"https:\/\/www.michaud-export.com\/group\/vi\/dai-thep-khong-gi-duoc-lap-dat-khong-can-may-dong-dai\" aria-label=\"\u0110ai th\u00e9p kh\u00f4ng g\u1ec9 \u0111\u01b0\u1ee3c l\u1eafp \u0111\u1eb7t kh\u00f4ng c\u1ea7n m\u00e1y \u0111\u00f3ng \u0111ai\"><\/a>\n\t<\/div>\n<\/div>\n<\/div>\n<\/li>\n\t\t\t\n\t\t\t\n\t\t\t\t\t\t\t\t\t\t\t\t\t\t\t\t\t\t\t\t\t\t\t\t\t\t\t\t\t\t\t\t\t\t\t\t\t\t\t\t\t\t\t\t\t\t\t\t\t\t\t\t\t\t\t\t\t\t\t\t\t\t\t\t\t\t\t\t<\/ul>\n\t<\/div>\n\t<div class=\"fusion-post-content-wrapper\" style=\"padding:30px 0px 0px 0px;\"><div class=\"fusion-post-content post-content\"><h2 class=\"blog-shortcode-post-title entry-title\"><a href=\"https:\/\/www.michaud-export.com\/group\/vi\/dai-thep-khong-gi-duoc-lap-dat-khong-can-may-dong-dai\">\u0110ai th\u00e9p kh\u00f4ng g\u1ec9 \u0111\u01b0\u1ee3c l\u1eafp \u0111\u1eb7t kh\u00f4ng c\u1ea7n m\u00e1y \u0111\u00f3ng \u0111ai<\/a><\/h2><div class=\"fusion-content-sep sep-single sep-solid\"><\/div><div class=\"fusion-post-content-container\"><p> \u0110\u01b0\u1ee3c s\u1eed d\u1ee5ng ph\u1ed5 bi\u1ebfn \u0111\u1ec3 duy tr\u00ec t\u1ea3i<\/p><\/div><\/div><div class=\"fusion-meta-info\"><div class=\"fusion-alignleft\"><a class=\"fusion-read-more\" href=\"https:\/\/www.michaud-export.com\/group\/vi\/dai-thep-khong-gi-duoc-lap-dat-khong-can-may-dong-dai\" aria-label=\"More on \u0110ai th\u00e9p kh\u00f4ng g\u1ec9 \u0111\u01b0\u1ee3c l\u1eafp \u0111\u1eb7t kh\u00f4ng c\u1ea7n m\u00e1y \u0111\u00f3ng \u0111ai\">Read More<\/a><\/div><\/div><\/div><div class=\"fusion-clearfix\"><\/div><\/div>\n<\/article>\n<article id=\"blog-1-post-5752\" class=\"fusion-post-grid post-5752 post type-post status-publish format-standard has-post-thumbnail hentry category-accueil-vn category-vietnam\">\n<div class=\"fusion-post-wrapper\" style=\"background-color:rgba(255,255,255,0);border:none;\">\n\n\t\t\t<div class=\"fusion-flexslider flexslider fusion-flexslider-loading fusion-post-slideshow\" style=\"border-color:rgba(235,234,234,0);\">\n\t\t<ul class=\"slides\">\n\t\t\t\n\t\t\t\t\t\t\t\t\t\t\t\t\t\t<li><div  class=\"fusion-image-wrapper\" aria-haspopup=\"true\">\n\t\t\t\t<img decoding=\"async\" width=\"1658\" height=\"686\" src=\"https:\/\/www.michaud-export.com\/group\/wp-content\/uploads\/2023\/09\/FR-Juillet-1.png\" class=\"attachment-full size-full lazyload wp-post-image\" alt=\"Le r\u00e9seau \u00e9lectrique souterrain : int\u00e9r\u00eats et enjeux\" srcset=\"data:image\/svg+xml,%3Csvg%20xmlns%3D%27http%3A%2F%2Fwww.w3.org%2F2000%2Fsvg%27%20width%3D%271658%27%20height%3D%27686%27%20viewBox%3D%270%200%201658%20686%27%3E%3Crect%20width%3D%271658%27%20height%3D%27686%27%20fill-opacity%3D%220%22%2F%3E%3C%2Fsvg%3E\" data-orig-src=\"https:\/\/www.michaud-export.com\/group\/wp-content\/uploads\/2023\/09\/FR-Juillet-1.png\" data-srcset=\"https:\/\/www.michaud-export.com\/group\/wp-content\/uploads\/2023\/09\/FR-Juillet-1-200x83.png 200w, https:\/\/www.michaud-export.com\/group\/wp-content\/uploads\/2023\/09\/FR-Juillet-1-400x166.png 400w, https:\/\/www.michaud-export.com\/group\/wp-content\/uploads\/2023\/09\/FR-Juillet-1-600x248.png 600w, https:\/\/www.michaud-export.com\/group\/wp-content\/uploads\/2023\/09\/FR-Juillet-1-800x331.png 800w, https:\/\/www.michaud-export.com\/group\/wp-content\/uploads\/2023\/09\/FR-Juillet-1-1200x497.png 1200w, https:\/\/www.michaud-export.com\/group\/wp-content\/uploads\/2023\/09\/FR-Juillet-1.png 1658w\" data-sizes=\"auto\" \/><div class=\"fusion-rollover\">\n\t<div class=\"fusion-rollover-content\">\n\n\t\t\t\t\n\t\t\n\t\t\t\t\t\t\t\t\n\t\t\t\t\t\t\t\t\n\t\t\n\t\t\t\t\t\t<a class=\"fusion-link-wrapper\" href=\"https:\/\/www.michaud-export.com\/group\/vi\/mang-ngam-duoi-dat-ha-the-muc-dich-va-van-de\" aria-label=\"M\u1ea1ng l\u01b0\u1edbi ng\u1ea7m h\u1ea1 th\u1ebf: l\u1ee3i \u00edch v\u00e0 th\u00e1ch th\u1ee9c\"><\/a>\n\t<\/div>\n<\/div>\n<\/div>\n<\/li>\n\t\t\t\n\t\t\t\n\t\t\t\t\t\t\t\t\t\t\t\t\t\t\t\t\t\t\t\t\t\t\t\t\t\t\t\t\t\t\t\t\t\t\t\t\t\t\t\t\t\t\t\t\t\t\t\t\t\t\t\t\t\t\t\t\t\t\t\t\t\t\t\t\t\t\t\t<\/ul>\n\t<\/div>\n\t<div class=\"fusion-post-content-wrapper\" style=\"padding:30px 0px 0px 0px;\"><div class=\"fusion-post-content post-content\"><h2 class=\"blog-shortcode-post-title entry-title\"><a href=\"https:\/\/www.michaud-export.com\/group\/vi\/mang-ngam-duoi-dat-ha-the-muc-dich-va-van-de\">M\u1ea1ng l\u01b0\u1edbi ng\u1ea7m h\u1ea1 th\u1ebf: l\u1ee3i \u00edch v\u00e0 th\u00e1ch th\u1ee9c<\/a><\/h2><div class=\"fusion-content-sep sep-single sep-solid\"><\/div><div class=\"fusion-post-content-container\"><p>    C\u00f3 hai ki\u1ec3u l\u1eafp \u0111\u1eb7t m\u1ea1ng<\/p><\/div><\/div><div class=\"fusion-meta-info\"><div class=\"fusion-alignleft\"><a class=\"fusion-read-more\" href=\"https:\/\/www.michaud-export.com\/group\/vi\/mang-ngam-duoi-dat-ha-the-muc-dich-va-van-de\" aria-label=\"More on M\u1ea1ng l\u01b0\u1edbi ng\u1ea7m h\u1ea1 th\u1ebf: l\u1ee3i \u00edch v\u00e0 th\u00e1ch th\u1ee9c\">Read More<\/a><\/div><\/div><\/div><div class=\"fusion-clearfix\"><\/div><\/div>\n<\/article>\n<article id=\"blog-1-post-5742\" class=\"fusion-post-grid post-5742 post type-post status-publish format-standard has-post-thumbnail hentry category-vietnam\">\n<div class=\"fusion-post-wrapper\" style=\"background-color:rgba(255,255,255,0);border:none;\">\n\n\t\t\t<div class=\"fusion-flexslider flexslider fusion-flexslider-loading fusion-post-slideshow\" style=\"border-color:rgba(235,234,234,0);\">\n\t\t<ul class=\"slides\">\n\t\t\t\n\t\t\t\t\t\t\t\t\t\t\t\t\t\t<li><div  class=\"fusion-image-wrapper\" aria-haspopup=\"true\">\n\t\t\t\t<img decoding=\"async\" width=\"1000\" height=\"667\" src=\"data:image\/svg+xml,%3Csvg%20xmlns%3D%27http%3A%2F%2Fwww.w3.org%2F2000%2Fsvg%27%20width%3D%271000%27%20height%3D%27667%27%20viewBox%3D%270%200%201000%20667%27%3E%3Crect%20width%3D%271000%27%20height%3D%27667%27%20fill-opacity%3D%220%22%2F%3E%3C%2Fsvg%3E\" class=\"attachment-full size-full lazyload wp-post-image\" alt=\"\" data-orig-src=\"https:\/\/www.michaud-export.com\/group\/wp-content\/uploads\/2021\/04\/ho-chi-minh-3039579_1920-e1619418424250.jpg\" \/><div class=\"fusion-rollover\">\n\t<div class=\"fusion-rollover-content\">\n\n\t\t\t\t\n\t\t\n\t\t\t\t\t\t\t\t\n\t\t\t\t\t\t\t\t\n\t\t\n\t\t\t\t\t\t<a class=\"fusion-link-wrapper\" href=\"https:\/\/www.michaud-export.com\/group\/vi\/tap-doan-michaud-co-mat-tai-viet-nam\" aria-label=\"T\u1eadp \u0111o\u00e0n MICHAUD c\u00f3 m\u1eb7t t\u1ea1i Vi\u1ec7t Nam !\"><\/a>\n\t<\/div>\n<\/div>\n<\/div>\n<\/li>\n\t\t\t\n\t\t\t\n\t\t\t\t\t\t\t\t\t\t\t\t\t\t\t\t\t\t\t\t\t\t\t\t\t\t\t\t\t\t\t\t\t\t\t\t\t\t\t\t\t\t\t\t\t\t\t\t\t\t\t\t\t\t\t\t\t\t\t\t\t\t\t\t\t\t\t\t<\/ul>\n\t<\/div>\n\t<div class=\"fusion-post-content-wrapper\" style=\"padding:30px 0px 0px 0px;\"><div class=\"fusion-post-content post-content\"><h2 class=\"blog-shortcode-post-title entry-title\"><a href=\"https:\/\/www.michaud-export.com\/group\/vi\/tap-doan-michaud-co-mat-tai-viet-nam\">T\u1eadp \u0111o\u00e0n MICHAUD c\u00f3 m\u1eb7t t\u1ea1i Vi\u1ec7t Nam !<\/a><\/h2><div class=\"fusion-content-sep sep-single sep-solid\"><\/div><div class=\"fusion-post-content-container\"><p> T\u1eeb \u0111\u1ea7u n\u0103m nay, t\u1eadp \u0111o\u00e0n MICHAUD c\u00f3 v\u0103n<\/p><\/div><\/div><div class=\"fusion-meta-info\"><div class=\"fusion-alignleft\"><a class=\"fusion-read-more\" href=\"https:\/\/www.michaud-export.com\/group\/vi\/tap-doan-michaud-co-mat-tai-viet-nam\" aria-label=\"More on T\u1eadp \u0111o\u00e0n MICHAUD c\u00f3 m\u1eb7t t\u1ea1i Vi\u1ec7t Nam !\">Read More<\/a><\/div><\/div><\/div><div class=\"fusion-clearfix\"><\/div><\/div>\n<\/article>\n<article id=\"blog-1-post-5727\" class=\"fusion-post-grid post-5727 post type-post status-publish format-standard has-post-thumbnail hentry category-accueil-vn category-uncategorized-vi category-vietnam\">\n<div class=\"fusion-post-wrapper\" style=\"background-color:rgba(255,255,255,0);border:none;\">\n\n\t\t\t<div class=\"fusion-flexslider flexslider fusion-flexslider-loading fusion-post-slideshow\" style=\"border-color:rgba(235,234,234,0);\">\n\t\t<ul class=\"slides\">\n\t\t\t\n\t\t\t\t\t\t\t\t\t\t\t\t\t\t<li><div  class=\"fusion-image-wrapper\" aria-haspopup=\"true\">\n\t\t\t\t<img decoding=\"async\" width=\"2560\" height=\"844\" src=\"https:\/\/www.michaud-export.com\/group\/wp-content\/uploads\/2020\/04\/Panoramique2-scaled.jpg\" class=\"attachment-full size-full lazyload wp-post-image\" alt=\"\" srcset=\"data:image\/svg+xml,%3Csvg%20xmlns%3D%27http%3A%2F%2Fwww.w3.org%2F2000%2Fsvg%27%20width%3D%272560%27%20height%3D%27844%27%20viewBox%3D%270%200%202560%20844%27%3E%3Crect%20width%3D%272560%27%20height%3D%27844%27%20fill-opacity%3D%220%22%2F%3E%3C%2Fsvg%3E\" data-orig-src=\"https:\/\/www.michaud-export.com\/group\/wp-content\/uploads\/2020\/04\/Panoramique2-scaled.jpg\" data-srcset=\"https:\/\/www.michaud-export.com\/group\/wp-content\/uploads\/2020\/04\/Panoramique2-200x66.jpg 200w, https:\/\/www.michaud-export.com\/group\/wp-content\/uploads\/2020\/04\/Panoramique2-400x132.jpg 400w, https:\/\/www.michaud-export.com\/group\/wp-content\/uploads\/2020\/04\/Panoramique2-600x198.jpg 600w, https:\/\/www.michaud-export.com\/group\/wp-content\/uploads\/2020\/04\/Panoramique2-800x264.jpg 800w, https:\/\/www.michaud-export.com\/group\/wp-content\/uploads\/2020\/04\/Panoramique2-1200x396.jpg 1200w, https:\/\/www.michaud-export.com\/group\/wp-content\/uploads\/2020\/04\/Panoramique2-scaled.jpg 2560w\" data-sizes=\"auto\" \/><div class=\"fusion-rollover\">\n\t<div class=\"fusion-rollover-content\">\n\n\t\t\t\t\n\t\t\n\t\t\t\t\t\t\t\t\n\t\t\t\t\t\t\t\t\n\t\t\n\t\t\t\t\t\t<a class=\"fusion-link-wrapper\" href=\"https:\/\/www.michaud-export.com\/group\/vi\/khai-truong-showroom-michaud-dau-tien-tai-viriat-o-phap\" aria-label=\"Khai tr\u01b0\u01a1ng Showroom MICHAUD \u0111\u1ea7u ti\u00ean t\u1ea1i Viriat \u1edf PH\u00c1P\"><\/a>\n\t<\/div>\n<\/div>\n<\/div>\n<\/li>\n\t\t\t\n\t\t\t\n\t\t\t\t\t\t\t\t\t\t\t\t\t\t\t\t\t\t\t\t\t\t\t\t\t\t\t\t\t\t\t\t\t\t\t\t\t\t\t\t\t\t\t\t\t\t\t\t\t\t\t\t\t\t\t\t\t\t\t\t\t\t\t\t\t\t\t\t<\/ul>\n\t<\/div>\n\t<div class=\"fusion-post-content-wrapper\" style=\"padding:30px 0px 0px 0px;\"><div class=\"fusion-post-content post-content\"><h2 class=\"blog-shortcode-post-title entry-title\"><a href=\"https:\/\/www.michaud-export.com\/group\/vi\/khai-truong-showroom-michaud-dau-tien-tai-viriat-o-phap\">Khai tr\u01b0\u01a1ng Showroom MICHAUD \u0111\u1ea7u ti\u00ean t\u1ea1i Viriat \u1edf PH\u00c1P<\/a><\/h2><div class=\"fusion-content-sep sep-single sep-solid\"><\/div><div class=\"fusion-post-content-container\"><p> Quan t\u00e2m v\u1ec1 kinh nghi\u1ec7m kh\u00e1ch h\u00e0ng v\u00e0 ng\u01b0\u1eddi<\/p><\/div><\/div><div class=\"fusion-meta-info\"><div class=\"fusion-alignleft\"><a class=\"fusion-read-more\" href=\"https:\/\/www.michaud-export.com\/group\/vi\/khai-truong-showroom-michaud-dau-tien-tai-viriat-o-phap\" aria-label=\"More on Khai tr\u01b0\u01a1ng Showroom MICHAUD \u0111\u1ea7u ti\u00ean t\u1ea1i Viriat \u1edf PH\u00c1P\">Read More<\/a><\/div><\/div><\/div><div class=\"fusion-clearfix\"><\/div><\/div>\n<\/article>\n<article id=\"blog-1-post-4278\" class=\"fusion-post-grid post-4278 post type-post status-publish format-standard has-post-thumbnail hentry category-nghe-nghiep\">\n<div class=\"fusion-post-wrapper\" style=\"background-color:rgba(255,255,255,0);border:none;\">\n\n\t\t\t<div class=\"fusion-flexslider flexslider fusion-flexslider-loading fusion-post-slideshow\" style=\"border-color:rgba(235,234,234,0);\">\n\t\t<ul class=\"slides\">\n\t\t\t\n\t\t\t\t\t\t\t\t\t\t\t\t\t\t<li><div  class=\"fusion-image-wrapper\" aria-haspopup=\"true\">\n\t\t\t\t<img decoding=\"async\" width=\"1772\" height=\"1299\" src=\"https:\/\/www.michaud-export.com\/group\/wp-content\/uploads\/2021\/03\/Candidature-spontanee-VN.jpg\" class=\"attachment-full size-full lazyload wp-post-image\" alt=\"\" srcset=\"data:image\/svg+xml,%3Csvg%20xmlns%3D%27http%3A%2F%2Fwww.w3.org%2F2000%2Fsvg%27%20width%3D%271772%27%20height%3D%271299%27%20viewBox%3D%270%200%201772%201299%27%3E%3Crect%20width%3D%271772%27%20height%3D%271299%27%20fill-opacity%3D%220%22%2F%3E%3C%2Fsvg%3E\" data-orig-src=\"https:\/\/www.michaud-export.com\/group\/wp-content\/uploads\/2021\/03\/Candidature-spontanee-VN.jpg\" data-srcset=\"https:\/\/www.michaud-export.com\/group\/wp-content\/uploads\/2021\/03\/Candidature-spontanee-VN-200x147.jpg 200w, https:\/\/www.michaud-export.com\/group\/wp-content\/uploads\/2021\/03\/Candidature-spontanee-VN-400x293.jpg 400w, https:\/\/www.michaud-export.com\/group\/wp-content\/uploads\/2021\/03\/Candidature-spontanee-VN-600x440.jpg 600w, https:\/\/www.michaud-export.com\/group\/wp-content\/uploads\/2021\/03\/Candidature-spontanee-VN-800x586.jpg 800w, https:\/\/www.michaud-export.com\/group\/wp-content\/uploads\/2021\/03\/Candidature-spontanee-VN-1200x880.jpg 1200w, https:\/\/www.michaud-export.com\/group\/wp-content\/uploads\/2021\/03\/Candidature-spontanee-VN.jpg 1772w\" data-sizes=\"auto\" \/><div class=\"fusion-rollover\">\n\t<div class=\"fusion-rollover-content\">\n\n\t\t\t\t\n\t\t\n\t\t\t\t\t\t\t\t\n\t\t\t\t\t\t\t\t\n\t\t\n\t\t\t\t\t\t<a class=\"fusion-link-wrapper\" href=\"https:\/\/www.michaud-export.com\/group\/vi\/gui-ho-so\" aria-label=\"G\u1eedi h\u1ed3 s\u01a1\"><\/a>\n\t<\/div>\n<\/div>\n<\/div>\n<\/li>\n\t\t\t\n\t\t\t\n\t\t\t\t\t\t\t\t\t\t\t\t\t\t\t\t\t\t\t\t\t\t\t\t\t\t\t\t\t\t\t\t\t\t\t\t\t\t\t\t\t\t\t\t\t\t\t\t\t\t\t\t\t\t\t\t\t\t\t\t\t\t\t\t\t\t\t\t<\/ul>\n\t<\/div>\n\t<div class=\"fusion-post-content-wrapper\" style=\"padding:30px 0px 0px 0px;\"><div class=\"fusion-post-content post-content\"><h2 class=\"blog-shortcode-post-title entry-title\"><a href=\"https:\/\/www.michaud-export.com\/group\/vi\/gui-ho-so\">G\u1eedi h\u1ed3 s\u01a1<\/a><\/h2><div class=\"fusion-content-sep sep-single sep-solid\"><\/div><div class=\"fusion-post-content-container\"><p> Hi\u1ec7n t\u1ea1i ch\u01b0a c\u00f3 v\u1ecb tr\u00ed nh\u01b0ng b\u1ea1n vui<\/p><\/div><\/div><div class=\"fusion-meta-info\"><div class=\"fusion-alignleft\"><a class=\"fusion-read-more\" href=\"https:\/\/www.michaud-export.com\/group\/vi\/gui-ho-so\" aria-label=\"More on G\u1eedi h\u1ed3 s\u01a1\">Read More<\/a><\/div><\/div><\/div><div class=\"fusion-clearfix\"><\/div><\/div>\n<\/article>\n<div class=\"fusion-clearfix\"><\/div><\/div><\/div><div class=\"fusion-clearfix\"><\/div><\/div><\/div><\/div><\/div><div class=\"fusion-fullwidth fullwidth-box fusion-builder-row-2 hundred-percent-fullwidth non-hundred-percent-height-scrolling\" style=\"--awb-border-radius-top-left:0px;--awb-border-radius-top-right:0px;--awb-border-radius-bottom-right:0px;--awb-border-radius-bottom-left:0px;--awb-margin-bottom:-80px;--awb-flex-wrap:wrap;\" ><div class=\"fusion-builder-row fusion-row\"><div class=\"fusion-layout-column fusion_builder_column fusion-builder-column-1 fusion_builder_column_1_1 1_1 fusion-one-full fusion-column-first fusion-column-last\" style=\"--awb-bg-size:cover;\"><div class=\"fusion-column-wrapper fusion-column-has-shadow fusion-flex-column-wrapper-legacy\"><div class=\"fusion-builder-row fusion-builder-row-inner fusion-row\"><div class=\"fusion-layout-column fusion_builder_column_inner fusion-builder-nested-column-0 fusion_builder_column_inner_1_1 1_1 fusion-one-full fusion-column-first fusion-column-last fusion-column-no-min-height\" style=\"--awb-padding-top:30px;--awb-padding-right:12%;--awb-padding-bottom:30px;--awb-padding-left:12%;--awb-bg-color:#272727;--awb-bg-color-hover:#272727;--awb-bg-size:cover;--awb-border-color:#272727;--awb-border-top:3px;--awb-border-right:3px;--awb-border-bottom:3px;--awb-border-left:3px;--awb-border-style:solid;--awb-margin-top:0px;--awb-margin-bottom:0px;\"><div class=\"fusion-column-wrapper fusion-column-has-shadow fusion-flex-column-wrapper-legacy\"><div class=\"fusion-title title fusion-title-1 fusion-sep-none fusion-title-center fusion-title-text fusion-title-size-four\" style=\"--awb-margin-top-small:0px;--awb-margin-right-small:0px;--awb-margin-bottom-small:20px;--awb-margin-left-small:0px;\"><h4 class=\"fusion-title-heading title-heading-center fusion-responsive-typography-calculated\" style=\"margin:0;--fontSize:26;--minFontSize:26;line-height:1.5;\"><span style=\"color: #ffffff;\">Li\u00ean H\u1ec7<\/span><\/h4><\/div>\n<div class=\"wpcf7 no-js\" id=\"wpcf7-f3031-o1\" lang=\"fr-FR\" dir=\"ltr\" data-wpcf7-id=\"3031\">\n<div class=\"screen-reader-response\"><p role=\"status\" aria-live=\"polite\" aria-atomic=\"true\"><\/p> <ul><\/ul><\/div>\n<form action=\"\/group\/vi\/wp-json\/wp\/v2\/pages\/4180#wpcf7-f3031-o1\" method=\"post\" class=\"wpcf7-form init\" aria-label=\"Contact form\" enctype=\"multipart\/form-data\" novalidate=\"novalidate\" data-status=\"init\">\n<fieldset class=\"hidden-fields-container\"><input type=\"hidden\" name=\"_wpcf7\" value=\"3031\" \/><input type=\"hidden\" name=\"_wpcf7_version\" value=\"6.1.5\" \/><input type=\"hidden\" name=\"_wpcf7_locale\" value=\"fr_FR\" \/><input type=\"hidden\" name=\"_wpcf7_unit_tag\" value=\"wpcf7-f3031-o1\" \/><input type=\"hidden\" name=\"_wpcf7_container_post\" value=\"0\" \/><input type=\"hidden\" name=\"_wpcf7_posted_data_hash\" value=\"\" \/><input type=\"hidden\" name=\"_wpcf7_recaptcha_response\" value=\"\" \/>\n<\/fieldset>\n<div class=\"fusion-columns fusion-clearfix\" style=\"margin-bottom: 20px;\">\n\t<div class=\"col-lg-6 col-md-6 col-sm-12\">\n\t\t<p>Nom Pr\u00e9nom *\n\t\t<\/p>\n\t\t<p><span class=\"wpcf7-form-control-wrap\" data-name=\"prenom-nom\"><input size=\"40\" maxlength=\"400\" class=\"wpcf7-form-control wpcf7-text wpcf7-validates-as-required\" aria-required=\"true\" aria-invalid=\"false\" value=\"\" type=\"text\" name=\"prenom-nom\" \/><\/span>\n\t\t<\/p>\n\t<\/div>\n\t<div class=\"col-lg-6 col-md-6 col-sm-12\">\n\t\t<p>Pays *\n\t\t<\/p>\n\t\t<p><span class=\"wpcf7-form-control-wrap\" data-name=\"pays\"><input size=\"40\" maxlength=\"400\" class=\"wpcf7-form-control wpcf7-text wpcf7-validates-as-required\" aria-required=\"true\" aria-invalid=\"false\" value=\"\" type=\"text\" name=\"pays\" \/><\/span>\n\t\t<\/p>\n\t<\/div>\n<\/div>\n<div class=\"fusion-columns fusion-clearfix\" style=\"margin-bottom: 20px;\">\n\t<div class=\"col-lg-6 col-md-6 col-sm-12\">\n\t\t<p>Email *\n\t\t<\/p>\n\t\t<p><span class=\"wpcf7-form-control-wrap\" data-name=\"your-email\"><input size=\"40\" maxlength=\"400\" class=\"wpcf7-form-control wpcf7-email wpcf7-validates-as-required wpcf7-text wpcf7-validates-as-email\" aria-required=\"true\" aria-invalid=\"false\" value=\"\" type=\"email\" name=\"your-email\" \/><\/span>\n\t\t<\/p>\n\t<\/div>\n\t<div class=\"col-lg-6 col-md-6 col-sm-12\">\n\t\t<p>T\u00e9l\u00e9phone *\n\t\t<\/p>\n\t\t<p><span class=\"wpcf7-form-control-wrap\" data-name=\"phone-number\"><input size=\"40\" maxlength=\"400\" class=\"wpcf7-form-control wpcf7-text wpcf7-validates-as-required\" aria-required=\"true\" aria-invalid=\"false\" value=\"\" type=\"text\" name=\"phone-number\" \/><\/span>\n\t\t<\/p>\n\t<\/div>\n<\/div>\n<p style=\"margin-bottom: 30px;\">Message *\n<\/p>\n<p><span class=\"wpcf7-form-control-wrap\" data-name=\"your-message\"><textarea cols=\"40\" rows=\"10\" maxlength=\"2000\" class=\"wpcf7-form-control wpcf7-textarea wpcf7-validates-as-required\" aria-required=\"true\" aria-invalid=\"false\" name=\"your-message\"><\/textarea><\/span>\n<\/p>\n<div class=\"fusion-columns fusion-clearfix\" style=\"margin-bottom: 20px;\">\n\t<div class=\"col-lg-6 col-md-6 col-sm-12\">\n\t\t<p>CV *\n\t\t<\/p>\n\t\t<p><span class=\"wpcf7-form-control-wrap\" data-name=\"CV\"><input size=\"40\" class=\"wpcf7-form-control wpcf7-file wpcf7-validates-as-required\" accept=\"audio\/*,video\/*,image\/*\" aria-required=\"true\" aria-invalid=\"false\" type=\"file\" name=\"CV\" \/><\/span>\n\t\t<\/p>\n\t<\/div>\n\t<div class=\"col-lg-6 col-md-6 col-sm-12\">\n\t\t<p>Lettre de motivation\n\t\t<\/p>\n\t\t<p><span class=\"wpcf7-form-control-wrap\" data-name=\"file-lettredemotivation\"><input size=\"40\" class=\"wpcf7-form-control wpcf7-file\" accept=\"audio\/*,video\/*,image\/*\" aria-invalid=\"false\" type=\"file\" name=\"file-lettredemotivation\" \/><\/span>\n\t\t<\/p>\n\t<\/div>\n<\/div>\n<p><span class=\"wpcf7-form-control-wrap\" data-name=\"checkbox-961\"><span class=\"wpcf7-form-control wpcf7-checkbox wpcf7-validates-as-required wpcf7-exclusive-checkbox\"><span class=\"wpcf7-list-item first last\"><input type=\"checkbox\" name=\"checkbox-961\" value=\"Par l\u2019envoi de ce formulaire de contact, vous acceptez nos mentions l\u00e9gales sur la collecte, l\u2019utilisation et le traitement de vos donn\u00e9es personnelles dans le cadre de nos activit\u00e9s.\" \/><span class=\"wpcf7-list-item-label\">Par l\u2019envoi de ce formulaire de contact, vous acceptez nos mentions l\u00e9gales sur la collecte, l\u2019utilisation et le traitement de vos donn\u00e9es personnelles dans le cadre de nos activit\u00e9s.<\/span><\/span><\/span><\/span>\n<\/p>\n\n<p>Vous avez la possibilit\u00e9 de vous inscrire sur la liste d\u2019opposition au d\u00e9marchage BLOCTEL.\n<\/p>\n<p>Article L 223-2 du code de la consommation \" Lorsqu\u2019un professionnel est amen\u00e9 \u00e0 recueillir aupr\u00e8s d\u2019un consommateur des donn\u00e9es t\u00e9l\u00e9phoniques, il l\u2019informe de son droit \u00e0 s\u2019inscrire sur la liste d\u2019opposition au d\u00e9marchage t\u00e9l\u00e9phonique. Lorsque ce recueil se fait \u00e0 l\u2019occasion de la conclusion d\u2019un contrat, le contrat mentionne de mani\u00e8re claire et compr\u00e9hensible l\u2019existence de ce droit pour le consommateur. \"\n<\/p>\n<p><input class=\"wpcf7-form-control wpcf7-submit has-spinner\" type=\"submit\" value=\"Envoyer\" \/>\n<\/p><div class=\"fusion-alert alert custom alert-custom fusion-alert-center wpcf7-response-output fusion-alert-capitalize awb-alert-native-link-color alert-dismissable awb-alert-close-boxed\" style=\"--awb-border-size:1px;--awb-border-top-left-radius:0px;--awb-border-top-right-radius:0px;--awb-border-bottom-left-radius:0px;--awb-border-bottom-right-radius:0px;\" role=\"alert\"><div class=\"fusion-alert-content-wrapper\"><span class=\"fusion-alert-content\"><\/span><\/div><button type=\"button\" class=\"close toggle-alert\" data-dismiss=\"alert\" aria-label=\"Close\">&times;<\/button><\/div>\n<\/form>\n<\/div>\n<div class=\"fusion-clearfix\"><\/div><\/div><\/div><\/div><div class=\"fusion-clearfix\"><\/div><\/div><\/div><\/div><\/div><\/p>\n","protected":false},"excerpt":{"rendered":"","protected":false},"author":7,"featured_media":0,"parent":0,"menu_order":0,"comment_status":"closed","ping_status":"closed","template":"100-width.php","meta":{"footnotes":""},"class_list":["post-4180","page","type-page","status-publish","hentry"],"aioseo_notices":[],"_links":{"self":[{"href":"https:\/\/www.michaud-export.com\/group\/vi\/wp-json\/wp\/v2\/pages\/4180","targetHints":{"allow":["GET"]}}],"collection":[{"href":"https:\/\/www.michaud-export.com\/group\/vi\/wp-json\/wp\/v2\/pages"}],"about":[{"href":"https:\/\/www.michaud-export.com\/group\/vi\/wp-json\/wp\/v2\/types\/page"}],"author":[{"embeddable":true,"href":"https:\/\/www.michaud-export.com\/group\/vi\/wp-json\/wp\/v2\/users\/7"}],"replies":[{"embeddable":true,"href":"https:\/\/www.michaud-export.com\/group\/vi\/wp-json\/wp\/v2\/comments?post=4180"}],"version-history":[{"count":6,"href":"https:\/\/www.michaud-export.com\/group\/vi\/wp-json\/wp\/v2\/pages\/4180\/revisions"}],"predecessor-version":[{"id":5153,"href":"https:\/\/www.michaud-export.com\/group\/vi\/wp-json\/wp\/v2\/pages\/4180\/revisions\/5153"}],"wp:attachment":[{"href":"https:\/\/www.michaud-export.com\/group\/vi\/wp-json\/wp\/v2\/media?parent=4180"}],"curies":[{"name":"wp","href":"https:\/\/api.w.org\/{rel}","templated":true}]}}