{"id":3510,"date":"2020-10-28T09:45:50","date_gmt":"2020-10-28T07:45:50","guid":{"rendered":"https:\/\/www.michaud-export.com\/group\/datos-personales"},"modified":"2020-10-28T09:45:52","modified_gmt":"2020-10-28T07:45:52","slug":"datos-personales","status":"publish","type":"page","link":"https:\/\/www.michaud-export.com\/group\/es\/datos-personales","title":{"rendered":"Datos personales"},"content":{"rendered":"<div class=\"fusion-fullwidth fullwidth-box fusion-builder-row-1 nonhundred-percent-fullwidth non-hundred-percent-height-scrolling\" style=\"--awb-border-radius-top-left:0px;--awb-border-radius-top-right:0px;--awb-border-radius-bottom-right:0px;--awb-border-radius-bottom-left:0px;--awb-flex-wrap:wrap;\" ><div class=\"fusion-builder-row fusion-row\"><div class=\"fusion-layout-column fusion_builder_column fusion-builder-column-0 fusion_builder_column_1_1 1_1 fusion-one-full fusion-column-first fusion-column-last\" style=\"--awb-bg-size:cover;\"><div class=\"fusion-column-wrapper fusion-flex-column-wrapper-legacy\"><div class=\"fusion-text fusion-text-1\"><h2 style=\"text-align: center;\">Datos personales<\/h2>\n<p>Las bases de datos de <span style=\"color: #000080;\">https:\/\/www.michaud-export.com<\/span> han sido declaradas a la CNIL.<\/p>\n<p><span style=\"color: #000080;\">https:\/\/www.michaud-export.com<\/span> se reserva el derecho de recopilar datos sobre el cliente, en particular mediante el uso de cookies. Para obtener m\u00e1s informaci\u00f3n, consulte la secci\u00f3n de COOKIES.<\/p>\n<p>Mediante el funcionamiento de esta p\u00e1gina web, el cliente consiente el uso de sus datos personales, datos comunicados durante su registro, por los servicios de <span style=\"color: #000080;\">https:\/\/www.michaud-export.com<\/span> encargados de tramitar pedidos.<\/p>\n<p>Estos datos son necesarios para el procesamiento de sus pedidos.<\/p>\n<p>De acuerdo con la ley \u201cInform\u00e1tica y Libertades\u201d n \u00b0 78-17 del 6 de enero de 1978 modificada en 2004 y el Reglamento General de Protecci\u00f3n de Datos, RGPD, el 25 de mayo de 2018, el cliente tiene derecho de acceso, rectificaci\u00f3n y supresi\u00f3n de los datos que le conciernen. Tambi\u00e9n podr\u00e1 oponerse a la transmisi\u00f3n de sus datos a terceros.<\/p>\n<p>Estos derechos pueden ejercitarse mediante correo dirigido a:<\/p>\n<p>MICHAUD EXPORT<br \/>\n499, Rue du Revermont<br \/>\nZAC La Cambuse<br \/>\n01440 Viriat, FRANCE<\/p>\n<p><strong>1.\u00bfEn qu\u00e9 ocasiones recopilamos sus datos personales?<\/strong><\/p>\n<p>Podemos recopilar sus datos cuando visita el sitio <span style=\"color: #000080;\">https:\/\/www.michaud-export.com<\/span> que utiliza cookies, crea una cuenta en el sitio <span style=\"color: #000080;\">https:\/\/www.michaud-export.com<\/span>, compra nuestros productos, o se suscribe a nuestras newsletters (correo, sms).<\/p>\n<p>Procesamos sus datos para ofrecerle la experiencia de navegaci\u00f3n m\u00e1s fluida y relevante posible en el sitio <span style=\"color: #000080;\">https:\/\/www.michaud-export.com<\/span>, procesar sus pedidos, administrar sus rese\u00f1as clientes , cobrar pagos y luchar contra el fraude.<\/p>\n<h3><strong>2.Navegaci\u00f3n en el sitio<\/strong><\/h3>\n<p>Procesamos sus datos para permitirle navegar por el sitio <span style=\"color: #000080;\">https:\/\/www.michaud-export.com<\/span>. La base legal para este procesamiento es su consentimiento.<\/p>\n<h3><strong>3.\u00bfQui\u00e9nes son los destinatarios de sus datos?<\/strong><\/h3>\n<p>Diferentes servicios internos de <span style=\"color: #000080;\">https:\/\/www.michaud-export.com<\/span> pueden tener acceso a sus datos. No compartimos sus datos con terceros (fuera de los servicios internos de <span style=\"color: #000080;\">https:\/\/www.michaud-export.com<\/span> en relaci\u00f3n con el procesamiento) excepto en las siguientes circunstancias espec\u00edficas.<\/p>\n<h3><strong>4.\u00bfCu\u00e1nto tiempo conservamos sus datos?<\/strong><\/h3>\n<p>Sus datos son recopilados por <span style=\"color: #000080;\">https:\/\/www.michaud-export.com<\/span> durante el tiempo necesario para llevar a cabo la tramitaci\u00f3n de sus pedidos. Las principales categor\u00edas de datos recopilados por <span style=\"color: #000080;\">https:\/\/www.michaud-export.com<\/span> se conservan durante los siguientes per\u00edodos:<\/p>\n<p>-Para los prospectos (contacto con el cliente a trav\u00e9s de formularios), los datos solo se conservan mientras dure la cotizaci\u00f3n.<\/p>\n<p>&#8211; Para los pedidos, los datos se mantienen en archivos corrientes durante 5 a\u00f1os desde el final de los pedidos del cliente, y en archivos intermedios durante 5 a\u00f1os desde el final de la conservaci\u00f3n en archivos corrientes.<\/p>\n<p>&#8211; Para los clientes, los datos se guardan en archivos corrientes durante 5 a\u00f1os desde el final de la relaci\u00f3n comercial, y en archivos intermedios durante 5 a\u00f1os desde el final de la conservaci\u00f3n en archivos corrientes.<\/p>\n<p>En el caso de datos de tarjeta de cr\u00e9dito, no almacenamos estos datos.<\/p>\n<h3><strong>5.Sus derechos?<\/strong><\/h3>\n<p><strong>5.1<\/strong> Tiene derecho a solicitar el acceso y rectificaci\u00f3n de sus datos, tiene derecho a solicitar la limitaci\u00f3n del tratamiento de sus datos.<\/p>\n<p>Es importante tener en cuenta que este derecho solo se aplica si impugna la veracidad de sus datos durante el per\u00edodo que nos permite verificar la veracidad de estos \u00faltimos, considera que estamos tratando sus datos de manera ilegal y que requiere una limitaci\u00f3n de su uso en lugar de su eliminaci\u00f3n, que ya no necesitamos sus datos con respecto a los fines de gesti\u00f3n de sus pedidos, pero que estos siguen siendo necesarios para el establecimiento, ejercicio o defensa de sus derechos en justicia, en caso de ejercicio de su derecho de oposici\u00f3n durante el plazo de verificaci\u00f3n relativo al punto de saber si los motivos leg\u00edtimos que perseguimos prevalecen sobre los suyos.<\/p>\n<p><strong>5.2<\/strong> Solicitar la eliminaci\u00f3n de sus datos.<\/p>\n<p>En el caso de una solicitud para eliminar sus datos, <span style=\"color: #000080;\">https:\/\/www.michaud-export.com<\/span> puede, no obstante, conservarlos en forma de archivo intermedio, durante el per\u00edodo necesario para cumplir con sus obligaciones legales, contables y fiscales.<\/p>\n<p><strong>5.3<\/strong> Derecho a formular directivas post mortem espec\u00edficas y generales sobre el almacenamiento, el borrado y la comunicaci\u00f3n de sus datos.<\/p>\n<p>A falta de directiva, sus herederos pueden contactar con <span style=\"color: #000080;\">https:\/\/www.michaud-export.com<\/span> para acceder al tratamiento de datos que permite \u00abla organizaci\u00f3n y liquidaci\u00f3n de la herencia del fallecido\u00bb y \/ o para que su cuenta se cierre en el sitio y \/ o para oponerse al procesamiento continuo de sus datos.<\/p>\n<p>En cualquier caso, tiene la posibilidad de comunicarnos, en cualquier momento, que no desea, en caso de fallecimiento, que sus datos sean comunicados a un tercero.<\/p>\n<p><strong>5.4<\/strong> Tiene derecho a ejercer su derecho a la portabilidad.<\/p>\n<p><strong>5.5<\/strong> Tiene derecho a retirar su consentimiento para la realizaci\u00f3n de operaciones de tratamiento en base a esta base jur\u00eddica.<\/p>\n<p>Tenga en cuenta que la retirada de su consentimiento no afectar\u00e1 a la licitud de las operaciones de tratamiento realizadas antes de la retirada del mismo.<\/p>\n<p><strong>5.6<\/strong> Puede, en cualquier momento, presentar una queja ante la autoridad de control competente (en Francia, la CNIL: <a href=\"http:\/\/www.cnil.fr\">www.cnil.fr<\/a>)<\/p>\n<p>Con car\u00e1cter general, para ejercitar sus derechos, le rogamos env\u00ede su solicitud (indicando su direcci\u00f3n de correo electr\u00f3nico, apellidos, nombre, direcci\u00f3n postal y copia de su documento de identidad) a <span style=\"color: #000080;\">contact@michaud-export.com<\/span> por correo electr\u00f3nico o por correo postal. dirigido a :<\/p>\n<p>MICHAUD EXPORT,<\/p>\n<p>499, Rue du Revermont<br \/>\nZAC La Cambuse<br \/>\n01440 Viriat, FRANCE<\/p>\n<p>Le enviaremos una respuesta en un plazo m\u00e1ximo de 1 mes a partir de la fecha de recepci\u00f3n de su solicitud.<\/p>\n<\/div><div class=\"fusion-clearfix\"><\/div><\/div><\/div><\/div><\/div>\n","protected":false},"excerpt":{"rendered":"","protected":false},"author":1,"featured_media":0,"parent":0,"menu_order":0,"comment_status":"closed","ping_status":"closed","template":"","meta":{"footnotes":""},"class_list":["post-3510","page","type-page","status-publish","hentry"],"aioseo_notices":[],"_links":{"self":[{"href":"https:\/\/www.michaud-export.com\/group\/es\/wp-json\/wp\/v2\/pages\/3510","targetHints":{"allow":["GET"]}}],"collection":[{"href":"https:\/\/www.michaud-export.com\/group\/es\/wp-json\/wp\/v2\/pages"}],"about":[{"href":"https:\/\/www.michaud-export.com\/group\/es\/wp-json\/wp\/v2\/types\/page"}],"author":[{"embeddable":true,"href":"https:\/\/www.michaud-export.com\/group\/es\/wp-json\/wp\/v2\/users\/1"}],"replies":[{"embeddable":true,"href":"https:\/\/www.michaud-export.com\/group\/es\/wp-json\/wp\/v2\/comments?post=3510"}],"version-history":[{"count":1,"href":"https:\/\/www.michaud-export.com\/group\/es\/wp-json\/wp\/v2\/pages\/3510\/revisions"}],"predecessor-version":[{"id":3512,"href":"https:\/\/www.michaud-export.com\/group\/es\/wp-json\/wp\/v2\/pages\/3510\/revisions\/3512"}],"wp:attachment":[{"href":"https:\/\/www.michaud-export.com\/group\/es\/wp-json\/wp\/v2\/media?parent=3510"}],"curies":[{"name":"wp","href":"https:\/\/api.w.org\/{rel}","templated":true}]}}