{"id":3507,"date":"2020-10-28T09:39:54","date_gmt":"2020-10-28T07:39:54","guid":{"rendered":"https:\/\/www.michaud-export.com\/group\/cookies"},"modified":"2020-10-28T09:39:56","modified_gmt":"2020-10-28T07:39:56","slug":"cookies","status":"publish","type":"page","link":"https:\/\/www.michaud-export.com\/group\/es\/cookies","title":{"rendered":"Cookies"},"content":{"rendered":"<p><div class=\"fusion-fullwidth fullwidth-box fusion-builder-row-1 nonhundred-percent-fullwidth non-hundred-percent-height-scrolling\" style=\"--awb-border-radius-top-left:0px;--awb-border-radius-top-right:0px;--awb-border-radius-bottom-right:0px;--awb-border-radius-bottom-left:0px;--awb-flex-wrap:wrap;\" ><div class=\"fusion-builder-row fusion-row\"><div class=\"fusion-layout-column fusion_builder_column fusion-builder-column-0 fusion_builder_column_1_1 1_1 fusion-one-full fusion-column-first fusion-column-last\" style=\"--awb-bg-size:cover;\"><div class=\"fusion-column-wrapper fusion-flex-column-wrapper-legacy\"><div class=\"fusion-text fusion-text-1\"><h3>Esta secci\u00f3n est\u00e1 dedicada a nuestra pol\u00edtica de gesti\u00f3n de cookies en nuestro sitio web MICHAUD EXPORT<\/h3>\n<p>Le permite conocer m\u00e1s sobre el origen y uso de la informaci\u00f3n de navegaci\u00f3n procesada cuando visita nuestro sitio web y sobre sus derechos.<\/p>\n<p>Una cookie es informaci\u00f3n colocada en el disco duro de un usuario de Internet, en forma de archivo, por el servidor del sitio que est\u00e1 visitando. Contiene varios datos:<\/p>\n<ul>\n<li>Un identificador en forma de cadena de caracteres<\/li>\n<li>La fecha de vencimiento de la cookie<\/li>\n<li>El nombre de dominio del servidor que lo registr\u00f3<\/li>\n<\/ul>\n<p>Este archivo de texto \u00abcookie\u00bb permitir\u00e1 a MICHAUD EXPORT, durante el per\u00edodo de validez o almacenamiento de la cookie, identificar su terminal durante sus pr\u00f3ximas visitas. Solo el emisor de una cookie puede leer o modificar la informaci\u00f3n contenida en esta cookie.<\/p>\n<p>A continuaci\u00f3n encontrar\u00e1 informaci\u00f3n relativa a las cookies que pueden colocarse en su terminal cuando visita p\u00e1ginas del sitio https:\/\/www.michaud-export.com, ya sea por MICHAUD EXPORT o por terceros, as\u00ed como significa permitirle eliminar \/ rechazar el registro de estas cookies en su terminal.<\/p>\n<\/div><div class=\"fusion-clearfix\"><\/div><\/div><\/div><\/div><\/div><div class=\"fusion-fullwidth fullwidth-box fusion-builder-row-2 nonhundred-percent-fullwidth non-hundred-percent-height-scrolling\" style=\"--awb-border-radius-top-left:0px;--awb-border-radius-top-right:0px;--awb-border-radius-bottom-right:0px;--awb-border-radius-bottom-left:0px;--awb-flex-wrap:wrap;\" ><div class=\"fusion-builder-row fusion-row\"><div class=\"fusion-layout-column fusion_builder_column fusion-builder-column-1 fusion_builder_column_1_1 1_1 fusion-one-full fusion-column-first fusion-column-last\" style=\"--awb-bg-size:cover;\"><div class=\"fusion-column-wrapper fusion-flex-column-wrapper-legacy\"><div class=\"fusion-text fusion-text-2\"><h3><strong>Hay varias categor\u00edas de cookies<\/strong><\/h3>\n<p><strong>Cookies \u00abesenciales\u00bb<\/strong><\/p>\n<p>Estas cookies son esenciales para navegar por nuestro sitio, en particular para la correcta ejecuci\u00f3n del proceso de pedido. Su eliminaci\u00f3n puede causar dificultades de navegaci\u00f3n en nuestro sitio, as\u00ed como la imposibilidad de realizar pedidos. Estas cookies tambi\u00e9n son necesarias para monitorear la actividad de MICHAUD EXPORT. Estas cookies pueden ser instaladas en su terminal por MICHAUD EXPORT o por sus proveedores de servicios.<\/p>\n<p><strong>Cookies \u00abanal\u00edticas\u00bb<\/strong><\/p>\n<p>Estas cookies no son esenciales para navegar por nuestro sitio, pero pueden permitir, por ejemplo, para usted: facilitar su investigaci\u00f3n, optimizar su experiencia de compra y para nosotros: orientar mejor sus expectativas, mejorar nuestras ofrecer, o para optimizar el funcionamiento de nuestro sitio.<\/p>\n<p><strong>Cookies de \u00abpublicidad\u00bb<\/strong><\/p>\n<p>Tambi\u00e9n es probable que se utilicen cookies en los espacios publicitarios de nuestro sitio. \u00bfQu\u00e9 sentido tiene ver ofertas promocionales y anuncios adaptados a su navegaci\u00f3n? Nuestro objetivo es presentarle las ofertas y anuncios m\u00e1s relevantes.<\/p>\n<p>Para ello, la tecnolog\u00eda de cookies hace posible mostrar, en tiempo real, el contenido m\u00e1s adecuado a sus \u00e1reas de inter\u00e9s derivado de su navegaci\u00f3n reciente en uno o m\u00e1s sitios. Probablemente prefiera ver ofertas y anuncios que le interesen en lugar de contenido que no le interesse. Asimismo, MICHAUD EXPORT, al igual que los anunciantes, desea que sus ofertas y anuncios se difundan a los usuarios de Internet que puedan estar interesados \u200b\u200ben ellos.<\/p>\n<p>Estos contenidos publicitarios (gr\u00e1ficos, animaciones, v\u00eddeos, etc.) pueden contener cookies emitidas por MICHAUD EXPORT, por sus proveedores de servicios o por terceros (para estos \u00faltimos) que han asociado una cookie al contenido publicitario de un anunciante.<\/p>\n<p>Cookies emitidas por aplicaciones de terceros integradas en nuestro sitio.<\/p>\n<p>Es probable que incluyamos en nuestro sitio, aplicaciones inform\u00e1ticas de terceros, que le permiten compartir contenido de nuestro sitio con otras personas o dar a conocer a estas otras personas su consulta o su opini\u00f3n sobre un contenido de nuestro sitio. Este es particularmente el caso de los botones \u00abCompartir\u00bb, \u00abMe gusta\u00bb de redes sociales como Facebook, \u00abTwitter\u00bb, Google +, etc.<\/p>\n<p>Es probable que la red social que proporciona dicho bot\u00f3n de aplicaci\u00f3n lo identifique a trav\u00e9s de este bot\u00f3n, incluso si no lo us\u00f3 cuando visit\u00f3 nuestro sitio.<\/p>\n<p>De hecho, este tipo de bot\u00f3n de aplicaci\u00f3n puede permitir que la red social en cuesti\u00f3n siga su navegaci\u00f3n en nuestro sitio, simplemente porque su cuenta en la red social en cuesti\u00f3n se activ\u00f3 en su terminal (sesi\u00f3n abierta) durante su navegaci\u00f3n en nuestro sitio.<\/p>\n<p>No controlamos el proceso utilizado por las redes sociales para recopilar informaci\u00f3n relacionada con su navegaci\u00f3n en nuestro sitio y asociada con los datos que tienen.<\/p>\n<p>Le invitamos a consultar las pol\u00edticas de protecci\u00f3n de la privacidad de estas redes sociales con el fin de conocer las finalidades de uso, en particular publicidad, de la informaci\u00f3n de navegaci\u00f3n que pueden recopilar mediante estos botones de aplicaci\u00f3n.<\/p>\n<p>Estas pol\u00edticas de protecci\u00f3n deben permitirle en particular ejercer sus opciones con estas redes sociales, en particular configurando sus cuentas de usuario para cada una de estas redes.<\/p>\n<p>Para conocer la pol\u00edtica de protecci\u00f3n de la privacidad de las redes sociales mencionadas, haga clic en el nombre de la red social de su elecci\u00f3n:<\/p>\n<ul>\n<li>Facebook<\/li>\n<li>Gorjeo<\/li>\n<li>Google +<\/li>\n<\/ul>\n<p>La emisi\u00f3n y uso de cookies por parte de terceros en nuestro sitio est\u00e1n sujetos a las pol\u00edticas de privacidad de estos terceros. Estas cookies no son esenciales para navegar por nuestro sitio.<\/p>\n<\/div><div class=\"fusion-clearfix\"><\/div><\/div><\/div><\/div><\/div><div class=\"fusion-fullwidth fullwidth-box fusion-builder-row-3 nonhundred-percent-fullwidth non-hundred-percent-height-scrolling\" style=\"--awb-border-radius-top-left:0px;--awb-border-radius-top-right:0px;--awb-border-radius-bottom-right:0px;--awb-border-radius-bottom-left:0px;--awb-flex-wrap:wrap;\" ><div class=\"fusion-builder-row fusion-row\"><div class=\"fusion-layout-column fusion_builder_column fusion-builder-column-2 fusion_builder_column_1_1 1_1 fusion-one-full fusion-column-first fusion-column-last\" style=\"--awb-bg-size:cover;\"><div class=\"fusion-column-wrapper fusion-flex-column-wrapper-legacy\"><div class=\"fusion-text fusion-text-3\"><h3><strong>\u00bfC\u00f3mo puedo gestionar o eliminar las cookies?<\/strong><\/h3>\n<p>Guardar una cookie en su terminal est\u00e1 sujeto a su voluntad. Gracias a la herramienta \u201cAviso de cookies disponible\u201d en la parte inferior de la p\u00e1gina o a la configuraci\u00f3n del software de su navegador, puede, en cualquier momento, de forma sencilla y gratuita, elegir si acepta o no el registro de cookies no esenciales en su terminal.<\/p>\n<h3><strong>\u00bfC\u00f3mo ejercer sus opciones seg\u00fan el navegador que utilice?<\/strong><\/h3>\n<p>La configuraci\u00f3n de cada software de navegaci\u00f3n es diferente. Generalmente se describe en el men\u00fa de ayuda del software de su navegador. Por eso le invitamos a leerlo. De esta forma, podr\u00e1 saber c\u00f3mo modificar sus deseos en t\u00e9rminos de cookies.<\/p>\n<p>Para Internet Explorer\u2122 : http:\/\/windows.microsoft.com\/fr-FR\/windows-vista\/Block-or-allow-cookies<\/p>\n<p>Para Safari\u2122 : https:\/\/support.apple.com\/kb\/PH19214?locale=fr_FR&amp;viewlocale=fr_FR<\/p>\n<p>Para Chrome\u2122 : http:\/\/support.google.com\/chrome\/bin\/answer.py?hl=fr&amp;hlrm=en&amp;answer=95647<\/p>\n<p>Para Firefox\u2122 : http:\/\/support.mozilla.org\/fr\/kb\/Activer%20et%20d%C3%A9sactiver%20les%20cookies<\/p>\n<p>Para Opera\u2122 : http:\/\/help.opera.com\/Windows\/10.20\/fr\/cookies.html<\/p>\n<\/div><div class=\"fusion-clearfix\"><\/div><\/div><\/div><\/div><\/div><\/p>\n","protected":false},"excerpt":{"rendered":"","protected":false},"author":1,"featured_media":0,"parent":0,"menu_order":0,"comment_status":"closed","ping_status":"closed","template":"","meta":{"footnotes":""},"class_list":["post-3507","page","type-page","status-publish","hentry"],"aioseo_notices":[],"_links":{"self":[{"href":"https:\/\/www.michaud-export.com\/group\/es\/wp-json\/wp\/v2\/pages\/3507","targetHints":{"allow":["GET"]}}],"collection":[{"href":"https:\/\/www.michaud-export.com\/group\/es\/wp-json\/wp\/v2\/pages"}],"about":[{"href":"https:\/\/www.michaud-export.com\/group\/es\/wp-json\/wp\/v2\/types\/page"}],"author":[{"embeddable":true,"href":"https:\/\/www.michaud-export.com\/group\/es\/wp-json\/wp\/v2\/users\/1"}],"replies":[{"embeddable":true,"href":"https:\/\/www.michaud-export.com\/group\/es\/wp-json\/wp\/v2\/comments?post=3507"}],"version-history":[{"count":1,"href":"https:\/\/www.michaud-export.com\/group\/es\/wp-json\/wp\/v2\/pages\/3507\/revisions"}],"predecessor-version":[{"id":3509,"href":"https:\/\/www.michaud-export.com\/group\/es\/wp-json\/wp\/v2\/pages\/3507\/revisions\/3509"}],"wp:attachment":[{"href":"https:\/\/www.michaud-export.com\/group\/es\/wp-json\/wp\/v2\/media?parent=3507"}],"curies":[{"name":"wp","href":"https:\/\/api.w.org\/{rel}","templated":true}]}}