{"id":3457,"date":"2020-10-23T11:51:11","date_gmt":"2020-10-23T09:51:11","guid":{"rendered":"https:\/\/www.michaud-export.com\/group\/biblioteca-de-articulos"},"modified":"2020-11-04T16:32:29","modified_gmt":"2020-11-04T14:32:29","slug":"biblioteca-de-articulos","status":"publish","type":"page","link":"https:\/\/www.michaud-export.com\/group\/es\/biblioteca-de-articulos","title":{"rendered":"Art\u00edculos"},"content":{"rendered":"<div class=\"fusion-fullwidth fullwidth-box fusion-builder-row-1 nonhundred-percent-fullwidth non-hundred-percent-height-scrolling\" style=\"--awb-border-radius-top-left:0px;--awb-border-radius-top-right:0px;--awb-border-radius-bottom-right:0px;--awb-border-radius-bottom-left:0px;--awb-flex-wrap:wrap;\" ><div class=\"fusion-builder-row fusion-row\"><div class=\"fusion-layout-column fusion_builder_column fusion-builder-column-0 fusion_builder_column_1_1 1_1 fusion-one-full fusion-column-first fusion-column-last\" style=\"--awb-bg-size:cover;\"><div class=\"fusion-column-wrapper fusion-column-has-shadow fusion-flex-column-wrapper-legacy\"><div class=\"fusion-blog-shortcode fusion-blog-shortcode-1 fusion-blog-archive fusion-blog-layout-grid-wrapper fusion-blog-infinite\"><style type=\"text\/css\">.fusion-blog-shortcode-1 .fusion-blog-layout-grid .fusion-post-grid{padding:30px;}.fusion-blog-shortcode-1 .fusion-posts-container{margin-left: -30px !important; margin-right:-30px !important;}<\/style><div class=\"fusion-posts-container fusion-posts-container-infinite fusion-posts-container-load-more fusion-blog-rollover fusion-blog-layout-grid fusion-blog-layout-grid-3 isotope\" data-pages=\"1\" data-grid-col-space=\"60\" style=\"margin: -30px -30px 0;min-height:500px;\"><article id=\"blog-1-post-106415\" class=\"fusion-post-grid post-106415 post type-post status-publish format-standard has-post-thumbnail hentry category-sin-categorizar\">\n<div class=\"fusion-post-wrapper\" style=\"background-color:rgba(255,255,255,0);border:none;\">\n\n\t\t\t<div class=\"fusion-flexslider flexslider fusion-flexslider-loading fusion-post-slideshow\" style=\"border-color:rgba(235,234,234,0);\">\n\t\t<ul class=\"slides\">\n\t\t\t\n\t\t\t\t\t\t\t\t\t\t\t\t\t\t<li><div  class=\"fusion-image-wrapper\" aria-haspopup=\"true\">\n\t\t\t\t<img decoding=\"async\" width=\"1200\" height=\"520\" src=\"https:\/\/www.michaud-export.com\/group\/wp-content\/uploads\/2021\/12\/Happy-New-Year.png\" class=\"attachment-full size-full lazyload wp-post-image\" alt=\"\" srcset=\"data:image\/svg+xml,%3Csvg%20xmlns%3D%27http%3A%2F%2Fwww.w3.org%2F2000%2Fsvg%27%20width%3D%271200%27%20height%3D%27520%27%20viewBox%3D%270%200%201200%20520%27%3E%3Crect%20width%3D%271200%27%20height%3D%27520%27%20fill-opacity%3D%220%22%2F%3E%3C%2Fsvg%3E\" data-orig-src=\"https:\/\/www.michaud-export.com\/group\/wp-content\/uploads\/2021\/12\/Happy-New-Year.png\" data-srcset=\"https:\/\/www.michaud-export.com\/group\/wp-content\/uploads\/2021\/12\/Happy-New-Year-200x87.png 200w, https:\/\/www.michaud-export.com\/group\/wp-content\/uploads\/2021\/12\/Happy-New-Year-400x173.png 400w, https:\/\/www.michaud-export.com\/group\/wp-content\/uploads\/2021\/12\/Happy-New-Year-600x260.png 600w, https:\/\/www.michaud-export.com\/group\/wp-content\/uploads\/2021\/12\/Happy-New-Year-800x347.png 800w, https:\/\/www.michaud-export.com\/group\/wp-content\/uploads\/2021\/12\/Happy-New-Year.png 1200w\" data-sizes=\"auto\" \/><div class=\"fusion-rollover\">\n\t<div class=\"fusion-rollover-content\">\n\n\t\t\t\t\n\t\t\n\t\t\t\t\t\t\t\t\n\t\t\t\t\t\t\t\t\n\t\t\n\t\t\t\t\t\t<a class=\"fusion-link-wrapper\" href=\"https:\/\/www.michaud-export.com\/group\/es\/feliz-ano-nuevo\" aria-label=\"Feliz a\u00f1o nuevo\"><\/a>\n\t<\/div>\n<\/div>\n<\/div>\n<\/li>\n\t\t\t\n\t\t\t\n\t\t\t\t\t\t\t\t\t\t\t\t\t\t\t\t\t\t\t\t\t\t\t\t\t\t\t\t\t\t\t\t\t\t\t\t\t\t\t\t\t\t\t\t\t\t\t\t\t\t\t\t\t\t\t\t\t\t\t\t\t\t\t\t\t\t\t\t<\/ul>\n\t<\/div>\n\t<div class=\"fusion-post-content-wrapper\" style=\"padding:30px 0px 0px 0px;\"><div class=\"fusion-post-content post-content\"><h2 class=\"blog-shortcode-post-title entry-title\"><a href=\"https:\/\/www.michaud-export.com\/group\/es\/feliz-ano-nuevo\">Feliz a\u00f1o nuevo<\/a><\/h2><div class=\"fusion-content-sep sep-single sep-solid\"><\/div><div class=\"fusion-post-content-container\"><p> Todo el equipo MICHAUD Export les agradece la confianza<\/p><\/div><\/div><div class=\"fusion-meta-info\"><div class=\"fusion-alignleft\"><a class=\"fusion-read-more\" href=\"https:\/\/www.michaud-export.com\/group\/es\/feliz-ano-nuevo\" aria-label=\"More on Feliz a\u00f1o nuevo\">Read More<\/a><\/div><\/div><\/div><div class=\"fusion-clearfix\"><\/div><\/div>\n<\/article>\n<article id=\"blog-1-post-100793\" class=\"fusion-post-grid post-100793 post type-post status-publish format-standard has-post-thumbnail hentry category-accueil-es\">\n<div class=\"fusion-post-wrapper\" style=\"background-color:rgba(255,255,255,0);border:none;\">\n\n\t\t\t<div class=\"fusion-flexslider flexslider fusion-flexslider-loading fusion-post-slideshow\" style=\"border-color:rgba(235,234,234,0);\">\n\t\t<ul class=\"slides\">\n\t\t\t\n\t\t\t\t\t\t\t\t\t\t\t\t\t\t<li><div  class=\"fusion-image-wrapper\" aria-haspopup=\"true\">\n\t\t\t\t<img decoding=\"async\" width=\"1774\" height=\"672\" src=\"data:image\/svg+xml,%3Csvg%20xmlns%3D%27http%3A%2F%2Fwww.w3.org%2F2000%2Fsvg%27%20width%3D%271774%27%20height%3D%27672%27%20viewBox%3D%270%200%201774%20672%27%3E%3Crect%20width%3D%271774%27%20height%3D%27672%27%20fill-opacity%3D%220%22%2F%3E%3C%2Fsvg%3E\" class=\"attachment-full size-full lazyload wp-post-image\" alt=\"\" data-orig-src=\"https:\/\/www.michaud-export.com\/group\/wp-content\/uploads\/2021\/10\/Aerien-boucle-SMART-MICHAUD-installation-e1633617904694.jpg\" \/><div class=\"fusion-rollover\">\n\t<div class=\"fusion-rollover-content\">\n\n\t\t\t\t\n\t\t\n\t\t\t\t\t\t\t\t\n\t\t\t\t\t\t\t\t\n\t\t\n\t\t\t\t\t\t<a class=\"fusion-link-wrapper\" href=\"https:\/\/www.michaud-export.com\/group\/es\/la-cinta-de-acero-inoxidable-que-se-puede-instalar-sin-una-maquina-flejadora\" aria-label=\"La cinta de acero inoxidable que se puede instalar sin una m\u00e1quina flejadora\"><\/a>\n\t<\/div>\n<\/div>\n<\/div>\n<\/li>\n\t\t\t\n\t\t\t\n\t\t\t\t\t\t\t\t\t\t\t\t\t\t\t\t\t\t\t\t\t\t\t\t\t\t\t\t\t\t\t\t\t\t\t\t\t\t\t\t\t\t\t\t\t\t\t\t\t\t\t\t\t\t\t\t\t\t\t\t\t\t\t\t\t\t\t\t<\/ul>\n\t<\/div>\n\t<div class=\"fusion-post-content-wrapper\" style=\"padding:30px 0px 0px 0px;\"><div class=\"fusion-post-content post-content\"><h2 class=\"blog-shortcode-post-title entry-title\"><a href=\"https:\/\/www.michaud-export.com\/group\/es\/la-cinta-de-acero-inoxidable-que-se-puede-instalar-sin-una-maquina-flejadora\">La cinta de acero inoxidable que se puede instalar sin una m\u00e1quina flejadora<\/a><\/h2><div class=\"fusion-content-sep sep-single sep-solid\"><\/div><div class=\"fusion-post-content-container\"><p> Usado universalmente para mantener cargas en poste, la cinta<\/p><\/div><\/div><div class=\"fusion-meta-info\"><div class=\"fusion-alignleft\"><a class=\"fusion-read-more\" href=\"https:\/\/www.michaud-export.com\/group\/es\/la-cinta-de-acero-inoxidable-que-se-puede-instalar-sin-una-maquina-flejadora\" aria-label=\"More on La cinta de acero inoxidable que se puede instalar sin una m\u00e1quina flejadora\">Read More<\/a><\/div><\/div><\/div><div class=\"fusion-clearfix\"><\/div><\/div>\n<\/article>\n<article id=\"blog-1-post-3642\" class=\"fusion-post-grid post-3642 post type-post status-publish format-standard has-post-thumbnail hentry category-eventos\">\n<div class=\"fusion-post-wrapper\" style=\"background-color:rgba(255,255,255,0);border:none;\">\n\n\t\t\t<div class=\"fusion-flexslider flexslider fusion-flexslider-loading fusion-post-slideshow\" style=\"border-color:rgba(235,234,234,0);\">\n\t\t<ul class=\"slides\">\n\t\t\t\n\t\t\t\t\t\t\t\t\t\t\t\t\t\t<li><div  class=\"fusion-image-wrapper\" aria-haspopup=\"true\">\n\t\t\t\t<img decoding=\"async\" width=\"950\" height=\"331\" src=\"https:\/\/www.michaud-export.com\/group\/wp-content\/uploads\/2020\/11\/tektonica-banner-950x330.jpg\" class=\"attachment-full size-full lazyload wp-post-image\" alt=\"\" srcset=\"data:image\/svg+xml,%3Csvg%20xmlns%3D%27http%3A%2F%2Fwww.w3.org%2F2000%2Fsvg%27%20width%3D%27950%27%20height%3D%27331%27%20viewBox%3D%270%200%20950%20331%27%3E%3Crect%20width%3D%27950%27%20height%3D%27331%27%20fill-opacity%3D%220%22%2F%3E%3C%2Fsvg%3E\" data-orig-src=\"https:\/\/www.michaud-export.com\/group\/wp-content\/uploads\/2020\/11\/tektonica-banner-950x330.jpg\" data-srcset=\"https:\/\/www.michaud-export.com\/group\/wp-content\/uploads\/2020\/11\/tektonica-banner-950x330-200x70.jpg 200w, https:\/\/www.michaud-export.com\/group\/wp-content\/uploads\/2020\/11\/tektonica-banner-950x330-400x139.jpg 400w, https:\/\/www.michaud-export.com\/group\/wp-content\/uploads\/2020\/11\/tektonica-banner-950x330-600x209.jpg 600w, https:\/\/www.michaud-export.com\/group\/wp-content\/uploads\/2020\/11\/tektonica-banner-950x330-800x279.jpg 800w\" data-sizes=\"auto\" \/><div class=\"fusion-rollover\">\n\t<div class=\"fusion-rollover-content\">\n\n\t\t\t\t\n\t\t\n\t\t\t\t\t\t\t\t\n\t\t\t\t\t\t\t\t\n\t\t\n\t\t\t\t\t\t<a class=\"fusion-link-wrapper\" href=\"https:\/\/www.michaud-export.com\/group\/es\/comentarios-sobre-nuestra-participacion-en-la-feria-tektonica\" aria-label=\"Comentarios sobre nuestra participaci\u00f3n en la feria Tekt\u00f3nica\"><\/a>\n\t<\/div>\n<\/div>\n<\/div>\n<\/li>\n\t\t\t\n\t\t\t\n\t\t\t\t\t\t\t\t\t\t\t\t\t\t\t\t\t\t\t\t\t\t\t\t\t\t\t\t\t\t\t\t\t\t\t\t\t\t\t\t\t\t\t\t\t\t\t\t\t\t\t\t\t\t\t\t\t\t\t\t\t\t\t\t\t\t\t\t<\/ul>\n\t<\/div>\n\t<div class=\"fusion-post-content-wrapper\" style=\"padding:30px 0px 0px 0px;\"><div class=\"fusion-post-content post-content\"><h2 class=\"blog-shortcode-post-title entry-title\"><a href=\"https:\/\/www.michaud-export.com\/group\/es\/comentarios-sobre-nuestra-participacion-en-la-feria-tektonica\">Comentarios sobre nuestra participaci\u00f3n en la feria Tekt\u00f3nica<\/a><\/h2><div class=\"fusion-content-sep sep-single sep-solid\"><\/div><div class=\"fusion-post-content-container\"><p> En mayo de 2019, nuestros representantes de ventas se<\/p><\/div><\/div><div class=\"fusion-meta-info\"><div class=\"fusion-alignleft\"><a class=\"fusion-read-more\" href=\"https:\/\/www.michaud-export.com\/group\/es\/comentarios-sobre-nuestra-participacion-en-la-feria-tektonica\" aria-label=\"More on Comentarios sobre nuestra participaci\u00f3n en la feria Tekt\u00f3nica\">Read More<\/a><\/div><\/div><\/div><div class=\"fusion-clearfix\"><\/div><\/div>\n<\/article>\n<article id=\"blog-1-post-3546\" class=\"fusion-post-grid post-3546 post type-post status-publish format-standard has-post-thumbnail hentry category-sin-categorizar\">\n<div class=\"fusion-post-wrapper\" style=\"background-color:rgba(255,255,255,0);border:none;\">\n\n\t\t\t<div class=\"fusion-flexslider flexslider fusion-flexslider-loading fusion-post-slideshow\" style=\"border-color:rgba(235,234,234,0);\">\n\t\t<ul class=\"slides\">\n\t\t\t\n\t\t\t\t\t\t\t\t\t\t\t\t\t\t<li><div  class=\"fusion-image-wrapper\" aria-haspopup=\"true\">\n\t\t\t\t<img decoding=\"async\" width=\"2560\" height=\"844\" src=\"https:\/\/www.michaud-export.com\/group\/wp-content\/uploads\/2020\/04\/Panoramique2-scaled.jpg\" class=\"attachment-full size-full lazyload wp-post-image\" alt=\"\" srcset=\"data:image\/svg+xml,%3Csvg%20xmlns%3D%27http%3A%2F%2Fwww.w3.org%2F2000%2Fsvg%27%20width%3D%272560%27%20height%3D%27844%27%20viewBox%3D%270%200%202560%20844%27%3E%3Crect%20width%3D%272560%27%20height%3D%27844%27%20fill-opacity%3D%220%22%2F%3E%3C%2Fsvg%3E\" data-orig-src=\"https:\/\/www.michaud-export.com\/group\/wp-content\/uploads\/2020\/04\/Panoramique2-scaled.jpg\" data-srcset=\"https:\/\/www.michaud-export.com\/group\/wp-content\/uploads\/2020\/04\/Panoramique2-200x66.jpg 200w, https:\/\/www.michaud-export.com\/group\/wp-content\/uploads\/2020\/04\/Panoramique2-400x132.jpg 400w, https:\/\/www.michaud-export.com\/group\/wp-content\/uploads\/2020\/04\/Panoramique2-600x198.jpg 600w, https:\/\/www.michaud-export.com\/group\/wp-content\/uploads\/2020\/04\/Panoramique2-800x264.jpg 800w, https:\/\/www.michaud-export.com\/group\/wp-content\/uploads\/2020\/04\/Panoramique2-1200x396.jpg 1200w, https:\/\/www.michaud-export.com\/group\/wp-content\/uploads\/2020\/04\/Panoramique2-scaled.jpg 2560w\" data-sizes=\"auto\" \/><div class=\"fusion-rollover\">\n\t<div class=\"fusion-rollover-content\">\n\n\t\t\t\t\n\t\t\n\t\t\t\t\t\t\t\t\n\t\t\t\t\t\t\t\t\n\t\t\n\t\t\t\t\t\t<a class=\"fusion-link-wrapper\" href=\"https:\/\/www.michaud-export.com\/group\/es\/el-showroom-recibe-a-sus-primeros-visitantes\" aria-label=\"\u00a1El showroom recibe a sus primeros visitantes!\"><\/a>\n\t<\/div>\n<\/div>\n<\/div>\n<\/li>\n\t\t\t\n\t\t\t\n\t\t\t\t\t\t\t\t\t\t\t\t\t\t\t\t\t\t\t\t\t\t\t\t\t\t\t\t\t\t\t\t\t\t\t\t\t\t\t\t\t\t\t\t\t\t\t\t\t\t\t\t\t\t\t\t\t\t\t\t\t\t\t\t\t\t\t\t<\/ul>\n\t<\/div>\n\t<div class=\"fusion-post-content-wrapper\" style=\"padding:30px 0px 0px 0px;\"><div class=\"fusion-post-content post-content\"><h2 class=\"blog-shortcode-post-title entry-title\"><a href=\"https:\/\/www.michaud-export.com\/group\/es\/el-showroom-recibe-a-sus-primeros-visitantes\">\u00a1El showroom recibe a sus primeros visitantes!<\/a><\/h2><div class=\"fusion-content-sep sep-single sep-solid\"><\/div><div class=\"fusion-post-content-container\"><p> Preocupados por mejorar la experiencia de sus clientes y<\/p><\/div><\/div><div class=\"fusion-meta-info\"><div class=\"fusion-alignleft\"><a class=\"fusion-read-more\" href=\"https:\/\/www.michaud-export.com\/group\/es\/el-showroom-recibe-a-sus-primeros-visitantes\" aria-label=\"More on \u00a1El showroom recibe a sus primeros visitantes!\">Read More<\/a><\/div><\/div><\/div><div class=\"fusion-clearfix\"><\/div><\/div>\n<\/article>\n<article id=\"blog-1-post-3540\" class=\"fusion-post-grid post-3540 post type-post status-publish format-standard has-post-thumbnail hentry category-sin-categorizar\">\n<div class=\"fusion-post-wrapper\" style=\"background-color:rgba(255,255,255,0);border:none;\">\n\n\t\t\t<div class=\"fusion-flexslider flexslider fusion-flexslider-loading fusion-post-slideshow\" style=\"border-color:rgba(235,234,234,0);\">\n\t\t<ul class=\"slides\">\n\t\t\t\n\t\t\t\t\t\t\t\t\t\t\t\t\t\t<li><div  class=\"fusion-image-wrapper\" aria-haspopup=\"true\">\n\t\t\t\t<img decoding=\"async\" width=\"2560\" height=\"915\" src=\"https:\/\/www.michaud-export.com\/group\/wp-content\/uploads\/2020\/04\/locaux-michaud-export-2018-e1595938541896-scaled.jpg\" class=\"attachment-full size-full lazyload wp-post-image\" alt=\"\" srcset=\"data:image\/svg+xml,%3Csvg%20xmlns%3D%27http%3A%2F%2Fwww.w3.org%2F2000%2Fsvg%27%20width%3D%272560%27%20height%3D%27915%27%20viewBox%3D%270%200%202560%20915%27%3E%3Crect%20width%3D%272560%27%20height%3D%27915%27%20fill-opacity%3D%220%22%2F%3E%3C%2Fsvg%3E\" data-orig-src=\"https:\/\/www.michaud-export.com\/group\/wp-content\/uploads\/2020\/04\/locaux-michaud-export-2018-e1595938541896-scaled.jpg\" data-srcset=\"https:\/\/www.michaud-export.com\/group\/wp-content\/uploads\/2020\/04\/locaux-michaud-export-2018-e1595938541896-200x71.jpg 200w, https:\/\/www.michaud-export.com\/group\/wp-content\/uploads\/2020\/04\/locaux-michaud-export-2018-e1595938541896-400x143.jpg 400w, https:\/\/www.michaud-export.com\/group\/wp-content\/uploads\/2020\/04\/locaux-michaud-export-2018-e1595938541896-600x214.jpg 600w, https:\/\/www.michaud-export.com\/group\/wp-content\/uploads\/2020\/04\/locaux-michaud-export-2018-e1595938541896-800x286.jpg 800w, https:\/\/www.michaud-export.com\/group\/wp-content\/uploads\/2020\/04\/locaux-michaud-export-2018-e1595938541896-1200x429.jpg 1200w, https:\/\/www.michaud-export.com\/group\/wp-content\/uploads\/2020\/04\/locaux-michaud-export-2018-e1595938541896-scaled.jpg 2560w\" data-sizes=\"auto\" \/><div class=\"fusion-rollover\">\n\t<div class=\"fusion-rollover-content\">\n\n\t\t\t\t\n\t\t\n\t\t\t\t\t\t\t\t\n\t\t\t\t\t\t\t\t\n\t\t\n\t\t\t\t\t\t<a class=\"fusion-link-wrapper\" href=\"https:\/\/www.michaud-export.com\/group\/es\/nuestras-instalaciones-estan-creciendo\" aria-label=\"\u00a1Nuestras instalaciones est\u00e1n creciendo!\"><\/a>\n\t<\/div>\n<\/div>\n<\/div>\n<\/li>\n\t\t\t\n\t\t\t\n\t\t\t\t\t\t\t\t\t\t\t\t\t\t\t\t\t\t\t\t\t\t\t\t\t\t\t\t\t\t\t\t\t\t\t\t\t\t\t\t\t\t\t\t\t\t\t\t\t\t\t\t\t\t\t\t\t\t\t\t\t\t\t\t\t\t\t\t<\/ul>\n\t<\/div>\n\t<div class=\"fusion-post-content-wrapper\" style=\"padding:30px 0px 0px 0px;\"><div class=\"fusion-post-content post-content\"><h2 class=\"blog-shortcode-post-title entry-title\"><a href=\"https:\/\/www.michaud-export.com\/group\/es\/nuestras-instalaciones-estan-creciendo\">\u00a1Nuestras instalaciones est\u00e1n creciendo!<\/a><\/h2><div class=\"fusion-content-sep sep-single sep-solid\"><\/div><div class=\"fusion-post-content-container\"><p> Instalados en VIRIAT (01) desde hace poco menos de<\/p><\/div><\/div><div class=\"fusion-meta-info\"><div class=\"fusion-alignleft\"><a class=\"fusion-read-more\" href=\"https:\/\/www.michaud-export.com\/group\/es\/nuestras-instalaciones-estan-creciendo\" aria-label=\"More on \u00a1Nuestras instalaciones est\u00e1n creciendo!\">Read More<\/a><\/div><\/div><\/div><div class=\"fusion-clearfix\"><\/div><\/div>\n<\/article>\n<article id=\"blog-1-post-3535\" class=\"fusion-post-grid post-3535 post type-post status-publish format-standard has-post-thumbnail hentry category-eventos\">\n<div class=\"fusion-post-wrapper\" style=\"background-color:rgba(255,255,255,0);border:none;\">\n\n\t\t\t<div class=\"fusion-flexslider flexslider fusion-flexslider-loading fusion-post-slideshow\" style=\"border-color:rgba(235,234,234,0);\">\n\t\t<ul class=\"slides\">\n\t\t\t\n\t\t\t\t\t\t\t\t\t\t\t\t\t\t<li><div  class=\"fusion-image-wrapper\" aria-haspopup=\"true\">\n\t\t\t\t<img decoding=\"async\" width=\"2560\" height=\"909\" src=\"https:\/\/www.michaud-export.com\/group\/wp-content\/uploads\/2020\/04\/DSC02029-e1595937013115-scaled.jpg\" class=\"attachment-full size-full lazyload wp-post-image\" alt=\"Stand Michaud salon Middle Electricty 2019\" srcset=\"data:image\/svg+xml,%3Csvg%20xmlns%3D%27http%3A%2F%2Fwww.w3.org%2F2000%2Fsvg%27%20width%3D%272560%27%20height%3D%27909%27%20viewBox%3D%270%200%202560%20909%27%3E%3Crect%20width%3D%272560%27%20height%3D%27909%27%20fill-opacity%3D%220%22%2F%3E%3C%2Fsvg%3E\" data-orig-src=\"https:\/\/www.michaud-export.com\/group\/wp-content\/uploads\/2020\/04\/DSC02029-e1595937013115-scaled.jpg\" data-srcset=\"https:\/\/www.michaud-export.com\/group\/wp-content\/uploads\/2020\/04\/DSC02029-e1595937013115-200x71.jpg 200w, https:\/\/www.michaud-export.com\/group\/wp-content\/uploads\/2020\/04\/DSC02029-e1595937013115-400x142.jpg 400w, https:\/\/www.michaud-export.com\/group\/wp-content\/uploads\/2020\/04\/DSC02029-e1595937013115-600x213.jpg 600w, https:\/\/www.michaud-export.com\/group\/wp-content\/uploads\/2020\/04\/DSC02029-e1595937013115-800x284.jpg 800w, https:\/\/www.michaud-export.com\/group\/wp-content\/uploads\/2020\/04\/DSC02029-e1595937013115-1200x426.jpg 1200w, https:\/\/www.michaud-export.com\/group\/wp-content\/uploads\/2020\/04\/DSC02029-e1595937013115-scaled.jpg 2560w\" data-sizes=\"auto\" \/><div class=\"fusion-rollover\">\n\t<div class=\"fusion-rollover-content\">\n\n\t\t\t\t\n\t\t\n\t\t\t\t\t\t\t\t\n\t\t\t\t\t\t\t\t\n\t\t\n\t\t\t\t\t\t<a class=\"fusion-link-wrapper\" href=\"https:\/\/www.michaud-export.com\/group\/es\/comentarios-sobre-nuestra-participacion-en-middle-east-electricity-2019\" aria-label=\"Comentarios sobre nuestra participaci\u00f3n en Middle East Electricity 2019\"><\/a>\n\t<\/div>\n<\/div>\n<\/div>\n<\/li>\n\t\t\t\n\t\t\t\n\t\t\t\t\t\t\t\t\t\t\t\t\t\t\t\t\t\t\t\t\t\t\t\t\t\t\t\t\t\t\t\t\t\t\t\t\t\t\t\t\t\t\t\t\t\t\t\t\t\t\t\t\t\t\t\t\t\t\t\t\t\t\t\t\t\t\t\t<\/ul>\n\t<\/div>\n\t<div class=\"fusion-post-content-wrapper\" style=\"padding:30px 0px 0px 0px;\"><div class=\"fusion-post-content post-content\"><h2 class=\"blog-shortcode-post-title entry-title\"><a href=\"https:\/\/www.michaud-export.com\/group\/es\/comentarios-sobre-nuestra-participacion-en-middle-east-electricity-2019\">Comentarios sobre nuestra participaci\u00f3n en Middle East Electricity 2019<\/a><\/h2><div class=\"fusion-content-sep sep-single sep-solid\"><\/div><div class=\"fusion-post-content-container\"><p> Presentes por primera vez en Middle East Electricity en<\/p><\/div><\/div><div class=\"fusion-meta-info\"><div class=\"fusion-alignleft\"><a class=\"fusion-read-more\" href=\"https:\/\/www.michaud-export.com\/group\/es\/comentarios-sobre-nuestra-participacion-en-middle-east-electricity-2019\" aria-label=\"More on Comentarios sobre nuestra participaci\u00f3n en Middle East Electricity 2019\">Read More<\/a><\/div><\/div><\/div><div class=\"fusion-clearfix\"><\/div><\/div>\n<\/article>\n<article id=\"blog-1-post-3516\" class=\"fusion-post-grid post-3516 post type-post status-publish format-standard has-post-thumbnail hentry category-accueil-es\">\n<div class=\"fusion-post-wrapper\" style=\"background-color:rgba(255,255,255,0);border:none;\">\n\n\t\t\t<div class=\"fusion-flexslider flexslider fusion-flexslider-loading fusion-post-slideshow\" style=\"border-color:rgba(235,234,234,0);\">\n\t\t<ul class=\"slides\">\n\t\t\t\n\t\t\t\t\t\t\t\t\t\t\t\t\t\t<li><div  class=\"fusion-image-wrapper\" aria-haspopup=\"true\">\n\t\t\t\t<img decoding=\"async\" width=\"866\" height=\"229\" src=\"https:\/\/www.michaud-export.com\/group\/wp-content\/uploads\/2019\/12\/Branchement-antifraude-1-e1591859154158.jpg\" class=\"attachment-full size-full lazyload wp-post-image\" alt=\"\" srcset=\"data:image\/svg+xml,%3Csvg%20xmlns%3D%27http%3A%2F%2Fwww.w3.org%2F2000%2Fsvg%27%20width%3D%27866%27%20height%3D%27229%27%20viewBox%3D%270%200%20866%20229%27%3E%3Crect%20width%3D%27866%27%20height%3D%27229%27%20fill-opacity%3D%220%22%2F%3E%3C%2Fsvg%3E\" data-orig-src=\"https:\/\/www.michaud-export.com\/group\/wp-content\/uploads\/2019\/12\/Branchement-antifraude-1-e1591859154158.jpg\" data-srcset=\"https:\/\/www.michaud-export.com\/group\/wp-content\/uploads\/2019\/12\/Branchement-antifraude-1-e1591859154158-200x53.jpg 200w, https:\/\/www.michaud-export.com\/group\/wp-content\/uploads\/2019\/12\/Branchement-antifraude-1-e1591859154158-400x106.jpg 400w, https:\/\/www.michaud-export.com\/group\/wp-content\/uploads\/2019\/12\/Branchement-antifraude-1-e1591859154158-600x159.jpg 600w, https:\/\/www.michaud-export.com\/group\/wp-content\/uploads\/2019\/12\/Branchement-antifraude-1-e1591859154158-800x212.jpg 800w, https:\/\/www.michaud-export.com\/group\/wp-content\/uploads\/2019\/12\/Branchement-antifraude-1-e1591859154158.jpg 866w\" data-sizes=\"auto\" \/><div class=\"fusion-rollover\">\n\t<div class=\"fusion-rollover-content\">\n\n\t\t\t\t\n\t\t\n\t\t\t\t\t\t\t\t\n\t\t\t\t\t\t\t\t\n\t\t\n\t\t\t\t\t\t<a class=\"fusion-link-wrapper\" href=\"https:\/\/www.michaud-export.com\/group\/es\/como-reducir-las-perdidas-tecnicas-y-no-tecnicas-en-las-redes-electricas\" aria-label=\"\u00bfC\u00f3mo reducir las p\u00e9rdidas t\u00e9cnicas y no t\u00e9cnicas en las redes el\u00e9ctricas?\"><\/a>\n\t<\/div>\n<\/div>\n<\/div>\n<\/li>\n\t\t\t\n\t\t\t\n\t\t\t\t\t\t\t\t\t\t\t\t\t\t\t\t\t\t\t\t\t\t\t\t\t\t\t\t\t\t\t\t\t\t\t\t\t\t\t\t\t\t\t\t\t\t\t\t\t\t\t\t\t\t\t\t\t\t\t\t\t\t\t\t\t\t\t\t<\/ul>\n\t<\/div>\n\t<div class=\"fusion-post-content-wrapper\" style=\"padding:30px 0px 0px 0px;\"><div class=\"fusion-post-content post-content\"><h2 class=\"blog-shortcode-post-title entry-title\"><a href=\"https:\/\/www.michaud-export.com\/group\/es\/como-reducir-las-perdidas-tecnicas-y-no-tecnicas-en-las-redes-electricas\">\u00bfC\u00f3mo reducir las p\u00e9rdidas t\u00e9cnicas y no t\u00e9cnicas en las redes el\u00e9ctricas?<\/a><\/h2><div class=\"fusion-content-sep sep-single sep-solid\"><\/div><div class=\"fusion-post-content-container\"><p>    Para cualquier operador de red, limitar<\/p><\/div><\/div><div class=\"fusion-meta-info\"><div class=\"fusion-alignleft\"><a class=\"fusion-read-more\" href=\"https:\/\/www.michaud-export.com\/group\/es\/como-reducir-las-perdidas-tecnicas-y-no-tecnicas-en-las-redes-electricas\" aria-label=\"More on \u00bfC\u00f3mo reducir las p\u00e9rdidas t\u00e9cnicas y no t\u00e9cnicas en las redes el\u00e9ctricas?\">Read More<\/a><\/div><\/div><\/div><div class=\"fusion-clearfix\"><\/div><\/div>\n<\/article>\n<div class=\"fusion-clearfix\"><\/div><\/div><\/div><div class=\"fusion-clearfix\"><\/div><\/div><\/div><\/div><\/div>\n","protected":false},"excerpt":{"rendered":"","protected":false},"author":1,"featured_media":0,"parent":0,"menu_order":0,"comment_status":"closed","ping_status":"closed","template":"","meta":{"footnotes":""},"class_list":["post-3457","page","type-page","status-publish","hentry"],"aioseo_notices":[],"_links":{"self":[{"href":"https:\/\/www.michaud-export.com\/group\/es\/wp-json\/wp\/v2\/pages\/3457","targetHints":{"allow":["GET"]}}],"collection":[{"href":"https:\/\/www.michaud-export.com\/group\/es\/wp-json\/wp\/v2\/pages"}],"about":[{"href":"https:\/\/www.michaud-export.com\/group\/es\/wp-json\/wp\/v2\/types\/page"}],"author":[{"embeddable":true,"href":"https:\/\/www.michaud-export.com\/group\/es\/wp-json\/wp\/v2\/users\/1"}],"replies":[{"embeddable":true,"href":"https:\/\/www.michaud-export.com\/group\/es\/wp-json\/wp\/v2\/comments?post=3457"}],"version-history":[{"count":2,"href":"https:\/\/www.michaud-export.com\/group\/es\/wp-json\/wp\/v2\/pages\/3457\/revisions"}],"predecessor-version":[{"id":3699,"href":"https:\/\/www.michaud-export.com\/group\/es\/wp-json\/wp\/v2\/pages\/3457\/revisions\/3699"}],"wp:attachment":[{"href":"https:\/\/www.michaud-export.com\/group\/es\/wp-json\/wp\/v2\/media?parent=3457"}],"curies":[{"name":"wp","href":"https:\/\/api.w.org\/{rel}","templated":true}]}}