{"id":3448,"date":"2020-10-23T11:37:13","date_gmt":"2020-10-23T09:37:13","guid":{"rendered":"https:\/\/www.michaud-export.com\/group\/nuestro-trabajo"},"modified":"2021-03-31T08:18:41","modified_gmt":"2021-03-31T06:18:41","slug":"nuestro-trabajo","status":"publish","type":"page","link":"https:\/\/www.michaud-export.com\/group\/es\/nuestro-trabajo","title":{"rendered":"Nuestro trabajo"},"content":{"rendered":"<p><div class=\"fusion-fullwidth fullwidth-box fusion-builder-row-1 nonhundred-percent-fullwidth non-hundred-percent-height-scrolling\" style=\"--awb-border-radius-top-left:0px;--awb-border-radius-top-right:0px;--awb-border-radius-bottom-right:0px;--awb-border-radius-bottom-left:0px;--awb-flex-wrap:wrap;\" ><div class=\"fusion-builder-row fusion-row\"><div class=\"fusion-layout-column fusion_builder_column fusion-builder-column-0 fusion_builder_column_1_1 1_1 fusion-one-full fusion-column-first fusion-column-last\" style=\"--awb-bg-size:cover;\"><div class=\"fusion-column-wrapper fusion-column-has-shadow fusion-flex-column-wrapper-legacy\"><div class=\"fusion-text fusion-text-1\"><h2><strong>Soluciones de baja tensi\u00f3n&#8230;<\/strong><\/h2>\n<p>Experto internacional en distribuci\u00f3n el\u00e9ctrica, <strong>MICHAUD<\/strong> es una empresa francesa que dise\u00f1a, desarrolla e implementa sistemas confiables que reducen las operaciones de mantenimiento en redes de distribuci\u00f3n.<\/p>\n<p>Originalmente orientada principalmente a equipos para distribuci\u00f3n de baja tensi\u00f3n, la experiencia de <strong>MICHAUD<\/strong>  ha llevado a la empresa a desarrollar sistemas innovadores de electrificaci\u00f3n rural, periurbana y urbana, destinados a pa\u00edses en desarrollo. Hoy, toda la gama se presenta en dos \u00e1reas de negocio, Red de baja tensi\u00f3n y Gesti\u00f3n de la energ\u00eda:<\/p>\n<\/div><div class=\"fusion-clearfix\"><\/div><\/div><\/div><\/div><\/div><div class=\"fusion-fullwidth fullwidth-box fusion-builder-row-2 nonhundred-percent-fullwidth non-hundred-percent-height-scrolling\" style=\"--awb-border-radius-top-left:0px;--awb-border-radius-top-right:0px;--awb-border-radius-bottom-right:0px;--awb-border-radius-bottom-left:0px;--awb-flex-wrap:wrap;\" ><div class=\"fusion-builder-row fusion-row\"><div class=\"fusion-layout-column fusion_builder_column fusion-builder-column-1 fusion_builder_column_1_1 1_1 fusion-one-full fusion-column-first fusion-column-last\" style=\"--awb-bg-size:cover;\"><div class=\"fusion-column-wrapper fusion-column-has-shadow fusion-flex-column-wrapper-legacy\"><div class=\"fusion-image-element fusion-image-align-center in-legacy-container\" style=\"text-align:center;--awb-caption-title-font-family:var(--h2_typography-font-family);--awb-caption-title-font-weight:var(--h2_typography-font-weight);--awb-caption-title-font-style:var(--h2_typography-font-style);--awb-caption-title-size:var(--h2_typography-font-size);--awb-caption-title-transform:var(--h2_typography-text-transform);--awb-caption-title-line-height:var(--h2_typography-line-height);--awb-caption-title-letter-spacing:var(--h2_typography-letter-spacing);\"><div class=\"imageframe-align-center\"><span class=\" fusion-imageframe imageframe-none imageframe-1 hover-type-none\"><img decoding=\"async\" width=\"1200\" height=\"404\" title=\"dominios-actividad-bajo voltaje\" src=\"https:\/\/www.michaud-export.com\/group\/wp-content\/uploads\/2020\/02\/domaines-activite-basse-tension.jpg\" data-orig-src=\"https:\/\/www.michaud-export.com\/group\/wp-content\/uploads\/2020\/02\/domaines-activite-basse-tension-1200x404.jpg\" alt class=\"lazyload img-responsive wp-image-3417\" srcset=\"data:image\/svg+xml,%3Csvg%20xmlns%3D%27http%3A%2F%2Fwww.w3.org%2F2000%2Fsvg%27%20width%3D%271754%27%20height%3D%27591%27%20viewBox%3D%270%200%201754%20591%27%3E%3Crect%20width%3D%271754%27%20height%3D%27591%27%20fill-opacity%3D%220%22%2F%3E%3C%2Fsvg%3E\" data-srcset=\"https:\/\/www.michaud-export.com\/group\/wp-content\/uploads\/2020\/02\/domaines-activite-basse-tension-200x67.jpg 200w, https:\/\/www.michaud-export.com\/group\/wp-content\/uploads\/2020\/02\/domaines-activite-basse-tension-400x135.jpg 400w, https:\/\/www.michaud-export.com\/group\/wp-content\/uploads\/2020\/02\/domaines-activite-basse-tension-600x202.jpg 600w, https:\/\/www.michaud-export.com\/group\/wp-content\/uploads\/2020\/02\/domaines-activite-basse-tension-800x270.jpg 800w, https:\/\/www.michaud-export.com\/group\/wp-content\/uploads\/2020\/02\/domaines-activite-basse-tension-1200x404.jpg 1200w, https:\/\/www.michaud-export.com\/group\/wp-content\/uploads\/2020\/02\/domaines-activite-basse-tension.jpg 1754w\" data-sizes=\"auto\" data-orig-sizes=\"(max-width: 1160px) 100vw, 1200px\" \/><\/span><\/div><\/div><div class=\"fusion-text fusion-text-2\"><p>Desde redes subterr\u00e1neas hasta redes a\u00e9reas, <strong>MICHAUD<\/strong> ofrece a sus clientes sistemas confiables y de alto rendimiento, incluidas soluciones para la protecci\u00f3n y puesta a tierra de equipos el\u00e9ctricos hasta material de instalaci\u00f3n. <strong>MICHAUD<\/strong> tambi\u00e9n afirma su experiencia al desarrollar soluciones para simplificar el acceso a la energ\u00eda y proteger la distribuci\u00f3n de electricidad contra el fraude.<\/p>\n<\/div><div class=\"fusion-clearfix\"><\/div><\/div><\/div><\/div><\/div><div class=\"fusion-fullwidth fullwidth-box fusion-builder-row-3 nonhundred-percent-fullwidth non-hundred-percent-height-scrolling\" style=\"--awb-border-radius-top-left:0px;--awb-border-radius-top-right:0px;--awb-border-radius-bottom-right:0px;--awb-border-radius-bottom-left:0px;--awb-flex-wrap:wrap;\" ><div class=\"fusion-builder-row fusion-row\"><div class=\"fusion-layout-column fusion_builder_column fusion-builder-column-2 fusion_builder_column_1_1 1_1 fusion-one-full fusion-column-first fusion-column-last\" style=\"--awb-bg-size:cover;\"><div class=\"fusion-column-wrapper fusion-column-has-shadow fusion-flex-column-wrapper-legacy\"><div class=\"fusion-title title fusion-title-1 fusion-sep-none fusion-title-text fusion-title-size-one\" style=\"--awb-margin-top-small:0px;--awb-margin-right-small:0px;--awb-margin-bottom-small:20px;--awb-margin-left-small:0px;\"><h1 class=\"fusion-title-heading title-heading-left fusion-responsive-typography-calculated\" style=\"margin:0;--fontSize:70;line-height:1.2;\"><h2><strong>&#8230; integrando un conjunto de servicios.<\/strong><\/h2>\n<p>En un entorno cada vez m\u00e1s t\u00e9cnico,<strong>MICHAUD<\/strong>  ofrece adem\u00e1s de su experiencia un enfoque real de soporte y asesoramiento personalizado para evaluar la situaci\u00f3n, adaptar soluciones para sus clientes y ofrecerles el mejor sistema. <strong>MICHAUD<\/strong>  integra un conjunto de servicios de acuerdo a la solicitud del cliente:<\/p><\/h1><\/div><div class=\"fusion-clearfix\"><\/div><\/div><\/div><\/div><\/div><div class=\"fusion-fullwidth fullwidth-box fusion-builder-row-4 nonhundred-percent-fullwidth non-hundred-percent-height-scrolling\" style=\"--awb-border-radius-top-left:0px;--awb-border-radius-top-right:0px;--awb-border-radius-bottom-right:0px;--awb-border-radius-bottom-left:0px;--awb-flex-wrap:wrap;\" ><div class=\"fusion-builder-row fusion-row\"><div class=\"fusion-layout-column fusion_builder_column fusion-builder-column-3 fusion_builder_column_1_6 1_6 fusion-one-sixth fusion-column-first\" style=\"--awb-bg-size:cover;width:16.666666666667%;width:calc(16.666666666667% - ( ( 4% ) * 0.16666666666667 ) );margin-right: 4%;\"><div class=\"fusion-column-wrapper fusion-column-has-shadow fusion-flex-column-wrapper-legacy\"><div class=\"fusion-clearfix\"><\/div><\/div><\/div><div class=\"fusion-layout-column fusion_builder_column fusion-builder-column-4 fusion_builder_column_5_6 5_6 fusion-five-sixth fusion-column-last\" style=\"--awb-bg-size:cover;width:83.333333333333%;width:calc(83.333333333333% - ( ( 4% ) * 0.83333333333333 ) );\"><div class=\"fusion-column-wrapper fusion-column-has-shadow fusion-flex-column-wrapper-legacy\"><div class=\"fusion-content-boxes content-boxes columns row fusion-columns-1 fusion-columns-total-5 fusion-content-boxes-1 content-boxes-timeline-vertical content-left content-boxes-timeline-layout content-boxes-icon-with-title fusion-delayed-animation\" style=\"--awb-hover-accent-color:rgba(2,2,2,0.2);--awb-circle-hover-accent-color:rgba(2,2,2,0.2);--awb-item-margin-bottom:40px;\" data-animation-delay=\"350\" data-animationOffset=\"top-into-view\"><div style=\"--awb-backgroundcolor:rgba(255,255,255,0);--awb-iconcolor:#52b243;--awb-content-padding-left:72px;\" class=\"fusion-column content-box-column content-box-column content-box-column-1 col-lg-12 col-md-12 col-sm-12 fusion-content-box-hover content-box-column-last-in-row\"><div class=\"col content-box-wrapper content-wrapper link-area-link-icon icon-hover-animation-fade fusion-animated\" data-animationType=\"fadeIn\" data-animationDuration=\"0.25\" data-animationOffset=\"top-into-view\"><div class=\"heading heading-with-icon icon-left\" style=\"margin-top:17px;\"><div class=\"icon\" style=\"margin-top:-17px;margin-bottom:-17px;-webkit-animation-duration: 350ms;animation-duration: 350ms;\"><i style=\"border-color:rgba(0,0,0,0.23);border-width:1px;background-color:#f6f6f6;box-sizing:content-box;height:50px;width:50px;line-height:50px;border-radius:50%;font-size:25px;\" aria-hidden=\"true\" class=\"fontawesome-icon fa-hand-holding-usd fas circle-yes\"><\/i><\/div><h2 class=\"content-box-heading fusion-responsive-typography-calculated\" style=\"--h2_typography-font-size:18px;--fontSize:18;line-height:1.28;\">B\u00fasqueda de financiaci\u00f3n, en relaci\u00f3n con instituciones internacionales<\/h2><\/div><div class=\"content-box-shortcode-timeline-vertical\" style=\"border-color:rgba(0,0,0,0.23);left:40px;top:25px;-webkit-transition-duration: 350ms;animation-duration: 350ms;\"><\/div><\/div><\/div><div style=\"--awb-backgroundcolor:rgba(255,255,255,0);--awb-iconcolor:#ffc107;--awb-content-padding-left:72px;\" class=\"fusion-column content-box-column content-box-column content-box-column-2 col-lg-12 col-md-12 col-sm-12 fusion-content-box-hover content-box-column-last-in-row\"><div class=\"col content-box-wrapper content-wrapper link-area-link-icon icon-hover-animation-fade fusion-animated\" data-animationType=\"fadeIn\" data-animationDuration=\"0.25\" data-animationOffset=\"top-into-view\"><div class=\"heading heading-with-icon icon-left\" style=\"margin-top:17px;\"><div class=\"icon\" style=\"margin-top:-17px;margin-bottom:-17px;-webkit-animation-duration: 350ms;animation-duration: 350ms;\"><i style=\"border-color:rgba(0,0,0,0.23);border-width:1px;background-color:#f6f6f6;box-sizing:content-box;height:50px;width:50px;line-height:50px;border-radius:50%;font-size:25px;\" aria-hidden=\"true\" class=\"fontawesome-icon fa-bullseye fas circle-yes\"><\/i><\/div><h2 class=\"content-box-heading fusion-responsive-typography-calculated\" style=\"--h2_typography-font-size:18px;--fontSize:18;line-height:1.28;\">Experiencia, recomendaciones<\/h2><\/div><div class=\"content-box-shortcode-timeline-vertical\" style=\"border-color:rgba(0,0,0,0.23);left:40px;top:25px;-webkit-transition-duration: 350ms;animation-duration: 350ms;\"><\/div><\/div><\/div><div style=\"--awb-backgroundcolor:rgba(255,255,255,0);--awb-iconcolor:#00bcd4;--awb-content-padding-left:72px;\" class=\"fusion-column content-box-column content-box-column content-box-column-3 col-lg-12 col-md-12 col-sm-12 fusion-content-box-hover content-box-column-last-in-row\"><div class=\"col content-box-wrapper content-wrapper link-area-link-icon icon-hover-animation-fade fusion-animated\" data-animationType=\"fadeIn\" data-animationDuration=\"0.25\" data-animationOffset=\"top-into-view\"><div class=\"heading heading-with-icon icon-left\" style=\"margin-top:17px;\"><div class=\"icon\" style=\"margin-top:-17px;margin-bottom:-17px;-webkit-animation-duration: 350ms;animation-duration: 350ms;\"><i style=\"border-color:rgba(0,0,0,0.23);border-width:1px;background-color:#f6f6f6;box-sizing:content-box;height:50px;width:50px;line-height:50px;border-radius:50%;font-size:25px;\" aria-hidden=\"true\" class=\"fontawesome-icon fa-envelope-open-text fas circle-yes\"><\/i><\/div><h2 class=\"content-box-heading fusion-responsive-typography-calculated\" style=\"--h2_typography-font-size:18px;--fontSize:18;line-height:1.28;\">Redacci\u00f3n de especificaciones<\/h2><\/div><div class=\"content-box-shortcode-timeline-vertical\" style=\"border-color:rgba(0,0,0,0.23);left:40px;top:25px;-webkit-transition-duration: 350ms;animation-duration: 350ms;\"><\/div><\/div><\/div><div style=\"--awb-backgroundcolor:rgba(255,255,255,0);--awb-iconcolor:#018dad;--awb-content-padding-left:72px;\" class=\"fusion-column content-box-column content-box-column content-box-column-4 col-lg-12 col-md-12 col-sm-12 fusion-content-box-hover content-box-column-last-in-row\"><div class=\"col content-box-wrapper content-wrapper link-area-link-icon icon-hover-animation-fade fusion-animated\" data-animationType=\"fadeIn\" data-animationDuration=\"0.25\" data-animationOffset=\"top-into-view\"><div class=\"heading heading-with-icon icon-left\" style=\"margin-top:17px;\"><div class=\"icon\" style=\"margin-top:-17px;margin-bottom:-17px;-webkit-animation-duration: 350ms;animation-duration: 350ms;\"><i style=\"border-color:rgba(0,0,0,0.23);border-width:1px;background-color:#f6f6f6;box-sizing:content-box;height:50px;width:50px;line-height:50px;border-radius:50%;font-size:25px;\" aria-hidden=\"true\" class=\"fontawesome-icon fa-laptop fas circle-yes\"><\/i><\/div><h2 class=\"content-box-heading fusion-responsive-typography-calculated\" style=\"--h2_typography-font-size:18px;--fontSize:18;line-height:1.28;\">Dise\u00f1o y desarrollo de productos a medida<\/h2><\/div><div class=\"content-box-shortcode-timeline-vertical\" style=\"border-color:rgba(0,0,0,0.23);left:40px;top:25px;-webkit-transition-duration: 350ms;animation-duration: 350ms;\"><\/div><\/div><\/div><div style=\"--awb-backgroundcolor:rgba(255,255,255,0);--awb-iconcolor:#f44336;--awb-content-padding-left:72px;\" class=\"fusion-column content-box-column content-box-column content-box-column-5 col-lg-12 col-md-12 col-sm-12 fusion-content-box-hover content-box-column-last content-box-column-last-in-row\"><div class=\"col content-box-wrapper content-wrapper link-area-link-icon icon-hover-animation-fade fusion-animated\" data-animationType=\"fadeIn\" data-animationDuration=\"0.25\" data-animationOffset=\"top-into-view\"><div class=\"heading heading-with-icon icon-left\" style=\"margin-top:17px;\"><div class=\"icon\" style=\"margin-top:-17px;margin-bottom:-17px;-webkit-animation-duration: 350ms;animation-duration: 350ms;\"><i style=\"border-color:rgba(0,0,0,0.23);border-width:1px;background-color:#f6f6f6;box-sizing:content-box;height:50px;width:50px;line-height:50px;border-radius:50%;font-size:25px;\" aria-hidden=\"true\" class=\"fontawesome-icon fa-clock far circle-yes\"><\/i><\/div><h2 class=\"content-box-heading fusion-responsive-typography-calculated\" style=\"--h2_typography-font-size:18px;--fontSize:18;line-height:1.28;\">Asistencia en la preparaci\u00f3n de una licitaci\u00f3n<\/h2><\/div><div class=\"content-box-shortcode-timeline-vertical\" style=\"border-color:rgba(0,0,0,0.23);left:40px;top:25px;-webkit-transition-duration: 350ms;animation-duration: 350ms;\"><\/div><\/div><\/div><div class=\"fusion-clearfix\"><\/div><\/div><div class=\"fusion-clearfix\"><\/div><\/div><\/div><\/div><\/div><\/p>\n","protected":false},"excerpt":{"rendered":"","protected":false},"author":7,"featured_media":0,"parent":0,"menu_order":0,"comment_status":"closed","ping_status":"closed","template":"100-width.php","meta":{"footnotes":""},"class_list":["post-3448","page","type-page","status-publish","hentry"],"aioseo_notices":[],"_links":{"self":[{"href":"https:\/\/www.michaud-export.com\/group\/es\/wp-json\/wp\/v2\/pages\/3448","targetHints":{"allow":["GET"]}}],"collection":[{"href":"https:\/\/www.michaud-export.com\/group\/es\/wp-json\/wp\/v2\/pages"}],"about":[{"href":"https:\/\/www.michaud-export.com\/group\/es\/wp-json\/wp\/v2\/types\/page"}],"author":[{"embeddable":true,"href":"https:\/\/www.michaud-export.com\/group\/es\/wp-json\/wp\/v2\/users\/7"}],"replies":[{"embeddable":true,"href":"https:\/\/www.michaud-export.com\/group\/es\/wp-json\/wp\/v2\/comments?post=3448"}],"version-history":[{"count":9,"href":"https:\/\/www.michaud-export.com\/group\/es\/wp-json\/wp\/v2\/pages\/3448\/revisions"}],"predecessor-version":[{"id":4566,"href":"https:\/\/www.michaud-export.com\/group\/es\/wp-json\/wp\/v2\/pages\/3448\/revisions\/4566"}],"wp:attachment":[{"href":"https:\/\/www.michaud-export.com\/group\/es\/wp-json\/wp\/v2\/media?parent=3448"}],"curies":[{"name":"wp","href":"https:\/\/api.w.org\/{rel}","templated":true}]}}