{"id":3444,"date":"2020-10-23T11:33:14","date_gmt":"2020-10-23T09:33:14","guid":{"rendered":"https:\/\/www.michaud-export.com\/group\/politica-de-calidad"},"modified":"2020-10-23T11:33:15","modified_gmt":"2020-10-23T09:33:15","slug":"politica-de-calidad","status":"publish","type":"page","link":"https:\/\/www.michaud-export.com\/group\/es\/politica-de-calidad","title":{"rendered":"Pol\u00edtica de calidad"},"content":{"rendered":"<p><div class=\"fusion-fullwidth fullwidth-box fusion-builder-row-1 nonhundred-percent-fullwidth non-hundred-percent-height-scrolling\" style=\"--awb-border-radius-top-left:0px;--awb-border-radius-top-right:0px;--awb-border-radius-bottom-right:0px;--awb-border-radius-bottom-left:0px;--awb-flex-wrap:wrap;\" ><div class=\"fusion-builder-row fusion-row\"><div class=\"fusion-layout-column fusion_builder_column fusion-builder-column-0 fusion_builder_column_1_1 1_1 fusion-one-full fusion-column-first fusion-column-last\" style=\"--awb-bg-size:cover;\"><div class=\"fusion-column-wrapper fusion-column-has-shadow fusion-flex-column-wrapper-legacy\"><div class=\"fusion-clearfix\"><\/div><\/div><\/div><div class=\"fusion-layout-column fusion_builder_column fusion-builder-column-1 fusion_builder_column_1_1 1_1 fusion-one-full fusion-column-first fusion-column-last\" style=\"--awb-bg-size:cover;\"><div class=\"fusion-column-wrapper fusion-column-has-shadow fusion-flex-column-wrapper-legacy\"><div class=\"fusion-text fusion-text-1\"><p>Gracias a a\u00f1os de investigaci\u00f3n, a los procesos de fabricaci\u00f3n controlados y exitosos, a la implementaci\u00f3n de planes de calidad y al deseo de mejora continua, MICHAUD dise\u00f1a, fabrica y distribuye productos cuya calidad y confiabilidad han construido su fama desde hace mucho tiempo.<\/p>\n<\/div><div class=\"fusion-clearfix\"><\/div><\/div><\/div><\/div><\/div><div class=\"fusion-fullwidth fullwidth-box fusion-builder-row-2 nonhundred-percent-fullwidth non-hundred-percent-height-scrolling\" style=\"--awb-border-radius-top-left:0px;--awb-border-radius-top-right:0px;--awb-border-radius-bottom-right:0px;--awb-border-radius-bottom-left:0px;--awb-flex-wrap:wrap;\" ><div class=\"fusion-builder-row fusion-row\"><div class=\"fusion-layout-column fusion_builder_column fusion-builder-column-2 fusion_builder_column_1_3 1_3 fusion-one-third fusion-column-first\" style=\"--awb-bg-size:cover;width:33.333333333333%;width:calc(33.333333333333% - ( ( 4% + 4% ) * 0.33333333333333 ) );margin-right: 4%;\"><div class=\"fusion-column-wrapper fusion-column-has-shadow fusion-flex-column-wrapper-legacy\"><div class=\"fusion-image-element fusion-image-align-right in-legacy-container\" style=\"text-align:right;--awb-caption-title-font-family:var(--h2_typography-font-family);--awb-caption-title-font-weight:var(--h2_typography-font-weight);--awb-caption-title-font-style:var(--h2_typography-font-style);--awb-caption-title-size:var(--h2_typography-font-size);--awb-caption-title-transform:var(--h2_typography-text-transform);--awb-caption-title-line-height:var(--h2_typography-line-height);--awb-caption-title-letter-spacing:var(--h2_typography-letter-spacing);\"><span class=\" fusion-imageframe imageframe-none imageframe-1 hover-type-none\" style=\"margin-left:25px;float:right;\"><img decoding=\"async\" width=\"116\" height=\"110\" title=\"afaq-9001-1\" src=\"data:image\/svg+xml,%3Csvg%20xmlns%3D%27http%3A%2F%2Fwww.w3.org%2F2000%2Fsvg%27%20width%3D%27116%27%20height%3D%27110%27%20viewBox%3D%270%200%20116%20110%27%3E%3Crect%20width%3D%27116%27%20height%3D%27110%27%20fill-opacity%3D%220%22%2F%3E%3C%2Fsvg%3E\" data-orig-src=\"https:\/\/www.michaud-export.com\/group\/wp-content\/uploads\/2020\/02\/afaq-9001-1.jpg\" alt class=\"lazyload img-responsive wp-image-3384\"\/><\/span><\/div><div class=\"fusion-clearfix\"><\/div><\/div><\/div><div class=\"fusion-layout-column fusion_builder_column fusion-builder-column-3 fusion_builder_column_1_3 1_3 fusion-one-third\" style=\"--awb-bg-size:cover;width:33.333333333333%;width:calc(33.333333333333% - ( ( 4% + 4% ) * 0.33333333333333 ) );margin-right: 4%;\"><div class=\"fusion-column-wrapper fusion-column-has-shadow fusion-flex-column-wrapper-legacy\"><div class=\"fusion-image-element fusion-image-align-center in-legacy-container\" style=\"text-align:center;--awb-caption-title-font-family:var(--h2_typography-font-family);--awb-caption-title-font-weight:var(--h2_typography-font-weight);--awb-caption-title-font-style:var(--h2_typography-font-style);--awb-caption-title-size:var(--h2_typography-font-size);--awb-caption-title-transform:var(--h2_typography-text-transform);--awb-caption-title-line-height:var(--h2_typography-line-height);--awb-caption-title-letter-spacing:var(--h2_typography-letter-spacing);\"><div class=\"imageframe-align-center\"><span class=\" fusion-imageframe imageframe-none imageframe-2 hover-type-none\"><img decoding=\"async\" width=\"120\" height=\"113\" title=\"afaq-14001-1\" src=\"data:image\/svg+xml,%3Csvg%20xmlns%3D%27http%3A%2F%2Fwww.w3.org%2F2000%2Fsvg%27%20width%3D%27120%27%20height%3D%27113%27%20viewBox%3D%270%200%20120%20113%27%3E%3Crect%20width%3D%27120%27%20height%3D%27113%27%20fill-opacity%3D%220%22%2F%3E%3C%2Fsvg%3E\" data-orig-src=\"https:\/\/www.michaud-export.com\/group\/wp-content\/uploads\/2020\/02\/afaq-14001-1.jpg\" alt class=\"lazyload img-responsive wp-image-3383\"\/><\/span><\/div><\/div><div class=\"fusion-clearfix\"><\/div><\/div><\/div><div class=\"fusion-layout-column fusion_builder_column fusion-builder-column-4 fusion_builder_column_1_3 1_3 fusion-one-third fusion-column-last\" style=\"--awb-bg-size:cover;width:33.333333333333%;width:calc(33.333333333333% - ( ( 4% + 4% ) * 0.33333333333333 ) );\"><div class=\"fusion-column-wrapper fusion-column-has-shadow fusion-flex-column-wrapper-legacy\"><div class=\"fusion-image-element fusion-image-align-left in-legacy-container\" style=\"text-align:left;--awb-caption-title-font-family:var(--h2_typography-font-family);--awb-caption-title-font-weight:var(--h2_typography-font-weight);--awb-caption-title-font-style:var(--h2_typography-font-style);--awb-caption-title-size:var(--h2_typography-font-size);--awb-caption-title-transform:var(--h2_typography-text-transform);--awb-caption-title-line-height:var(--h2_typography-line-height);--awb-caption-title-letter-spacing:var(--h2_typography-letter-spacing);\"><span class=\" fusion-imageframe imageframe-none imageframe-3 hover-type-none\" style=\"margin-right:25px;float:left;\"><img decoding=\"async\" width=\"131\" height=\"117\" title=\"cofrac-1\" src=\"data:image\/svg+xml,%3Csvg%20xmlns%3D%27http%3A%2F%2Fwww.w3.org%2F2000%2Fsvg%27%20width%3D%27131%27%20height%3D%27117%27%20viewBox%3D%270%200%20131%20117%27%3E%3Crect%20width%3D%27131%27%20height%3D%27117%27%20fill-opacity%3D%220%22%2F%3E%3C%2Fsvg%3E\" data-orig-src=\"https:\/\/www.michaud-export.com\/group\/wp-content\/uploads\/2020\/02\/cofrac-1.jpg\" alt class=\"lazyload img-responsive wp-image-3382\"\/><\/span><\/div><div class=\"fusion-text fusion-text-2\"><p>* acreditaci\u00f3n n \u00b0 1-0579 disponible en <a href=\"http:\/\/www.cofrac.fr\">www.cofrac.fr<\/a><\/p>\n<\/div><div class=\"fusion-clearfix\"><\/div><\/div><\/div><\/div><\/div><div class=\"fusion-fullwidth fullwidth-box fusion-builder-row-3 nonhundred-percent-fullwidth non-hundred-percent-height-scrolling\" style=\"--awb-border-radius-top-left:0px;--awb-border-radius-top-right:0px;--awb-border-radius-bottom-right:0px;--awb-border-radius-bottom-left:0px;--awb-flex-wrap:wrap;\" ><div class=\"fusion-builder-row fusion-row\"><div class=\"fusion-layout-column fusion_builder_column fusion-builder-column-5 fusion_builder_column_1_1 1_1 fusion-one-full fusion-column-first fusion-column-last\" style=\"--awb-bg-size:cover;\"><div class=\"fusion-column-wrapper fusion-column-has-shadow fusion-flex-column-wrapper-legacy\"><div class=\"fusion-text fusion-text-3\"><p>El grupo fue uno de los primeros en Francia en obtener la certificaci\u00f3n ISO 9001 y obtuvo la certificaci\u00f3n ISO 14001 para la protecci\u00f3n del medio ambiente.<\/p>\n<p>Finalmente, el grupo <strong>MICHAUD<\/strong> es uno de los pocos fabricantes que ha invertido, para la satisfacci\u00f3n de la calidad de sus clientes, en un laboratorio de ensayos, acreditado por <strong>COFRAC<\/strong> desde 1995. <strong>COFRAC<\/strong> permite a sus laboratorios y organizaciones aprobados de acreditar su competencia e imparcialidad. Ofrece a las empresas una garant\u00eda real de confianza en los servicios. La acreditaci\u00f3n <strong>COFRAC<\/strong>, reconocida en Francia, tambi\u00e9n es reconocida a nivel europeo y mundial gracias a acuerdos multilaterales.<\/p>\n<p><strong>Nuestro objetivo: dar prioridad a la satisfacci\u00f3n del cliente cumpliendo los requisitos del mercado franc\u00e9s e internacional.<\/strong><\/p>\n<\/div><div class=\"fusion-clearfix\"><\/div><\/div><\/div><\/div><\/div><\/p>\n","protected":false},"excerpt":{"rendered":"","protected":false},"author":7,"featured_media":0,"parent":0,"menu_order":0,"comment_status":"closed","ping_status":"closed","template":"100-width.php","meta":{"footnotes":""},"class_list":["post-3444","page","type-page","status-publish","hentry"],"aioseo_notices":[],"_links":{"self":[{"href":"https:\/\/www.michaud-export.com\/group\/es\/wp-json\/wp\/v2\/pages\/3444","targetHints":{"allow":["GET"]}}],"collection":[{"href":"https:\/\/www.michaud-export.com\/group\/es\/wp-json\/wp\/v2\/pages"}],"about":[{"href":"https:\/\/www.michaud-export.com\/group\/es\/wp-json\/wp\/v2\/types\/page"}],"author":[{"embeddable":true,"href":"https:\/\/www.michaud-export.com\/group\/es\/wp-json\/wp\/v2\/users\/7"}],"replies":[{"embeddable":true,"href":"https:\/\/www.michaud-export.com\/group\/es\/wp-json\/wp\/v2\/comments?post=3444"}],"version-history":[{"count":2,"href":"https:\/\/www.michaud-export.com\/group\/es\/wp-json\/wp\/v2\/pages\/3444\/revisions"}],"predecessor-version":[{"id":3447,"href":"https:\/\/www.michaud-export.com\/group\/es\/wp-json\/wp\/v2\/pages\/3444\/revisions\/3447"}],"wp:attachment":[{"href":"https:\/\/www.michaud-export.com\/group\/es\/wp-json\/wp\/v2\/media?parent=3444"}],"curies":[{"name":"wp","href":"https:\/\/api.w.org\/{rel}","templated":true}]}}