{"id":3441,"date":"2020-10-23T11:29:10","date_gmt":"2020-10-23T09:29:10","guid":{"rendered":"https:\/\/www.michaud-export.com\/group\/historico"},"modified":"2021-01-22T14:48:37","modified_gmt":"2021-01-22T12:48:37","slug":"historico","status":"publish","type":"page","link":"https:\/\/www.michaud-export.com\/group\/es\/historico","title":{"rendered":"Hist\u00f3rico"},"content":{"rendered":"<p><div class=\"fusion-fullwidth fullwidth-box fusion-builder-row-1 nonhundred-percent-fullwidth non-hundred-percent-height-scrolling\" style=\"--awb-border-radius-top-left:0px;--awb-border-radius-top-right:0px;--awb-border-radius-bottom-right:0px;--awb-border-radius-bottom-left:0px;--awb-flex-wrap:wrap;\" ><div class=\"fusion-builder-row fusion-row\"><div class=\"fusion-layout-column fusion_builder_column fusion-builder-column-0 fusion_builder_column_1_1 1_1 fusion-one-full fusion-column-first fusion-column-last\" style=\"--awb-bg-size:cover;--awb-margin-top:0px;--awb-margin-bottom:0px;\"><div class=\"fusion-column-wrapper fusion-flex-column-wrapper-legacy\"><div class=\"fusion-title title fusion-title-1 fusion-sep-none fusion-title-text fusion-title-size-one\" style=\"--awb-margin-top-small:0px;--awb-margin-right-small:0px;--awb-margin-bottom-small:20px;--awb-margin-left-small:0px;\"><h1 class=\"fusion-title-heading title-heading-left fusion-responsive-typography-calculated\" style=\"margin:0;--fontSize:70;line-height:1.2;\">La historia de Michaud a lo largo de los a\u00f1os &#8230;<\/h1><\/div><div class=\"fusion-clearfix\"><\/div><\/div><\/div><\/div><\/div><div class=\"fusion-fullwidth fullwidth-box fusion-builder-row-2 nonhundred-percent-fullwidth non-hundred-percent-height-scrolling\" style=\"--awb-border-radius-top-left:0px;--awb-border-radius-top-right:0px;--awb-border-radius-bottom-right:0px;--awb-border-radius-bottom-left:0px;--awb-flex-wrap:wrap;\" ><div class=\"fusion-builder-row fusion-row\"><div class=\"fusion-layout-column fusion_builder_column fusion-builder-column-1 fusion_builder_column_1_5 1_5 fusion-one-fifth fusion-column-first\" style=\"--awb-bg-size:cover;width:20%;width:calc(20% - ( ( 4% + 4% ) * 0.2 ) );margin-right: 4%;\"><div class=\"fusion-column-wrapper fusion-column-has-shadow fusion-flex-column-wrapper-legacy\"><div class=\"fusion-clearfix\"><\/div><\/div><\/div><div class=\"fusion-layout-column fusion_builder_column fusion-builder-column-2 fusion_builder_column_3_5 3_5 fusion-three-fifth\" style=\"--awb-bg-size:cover;width:60%;width:calc(60% - ( ( 4% + 4% ) * 0.6 ) );margin-right: 4%;\"><div class=\"fusion-column-wrapper fusion-column-has-shadow fusion-flex-column-wrapper-legacy\"><div class=\"fusion-image-carousel fusion-image-carousel-auto fusion-image-carousel-1 fusion-carousel-border\"><div class=\"awb-carousel awb-swiper awb-swiper-carousel awb-carousel--carousel awb-swiper-dots-position-bottom\" data-layout=\"carousel\" data-autoplay=\"no\" data-autoplayspeed=\"2500\" data-autoplaypause=\"no\" data-columns=\"1\" data-columnsmedium=\"1\" data-columnssmall=\"1\" data-itemmargin=\"13\" data-itemwidth=\"180\" data-touchscroll=\"no\" data-freemode=\"no\" data-imagesize=\"auto\" data-scrollitems=\"0\" data-centeredslides=\"no\" data-rotationangle=\"50\" data-depth=\"100\" data-speed=\"500\" data-shadow=\"no\" data-pagination=\"bullets\" style=\"--awb-columns:1;--awb-border-width:1px;--awb-border-color:#e9eaee;\"><div class=\"swiper-wrapper awb-image-carousel-wrapper fusion-flex-align-items-center\"><div class=\"swiper-slide\"><div class=\"fusion-carousel-item-wrapper\"><div class=\"fusion-image-wrapper hover-type-zoomin\"><img decoding=\"async\" width=\"564\" height=\"162\" src=\"https:\/\/www.michaud-export.com\/group\/wp-content\/uploads\/2020\/03\/michaud-histoire.jpg\" class=\"attachment-full size-full lazyload\" alt=\"\" srcset=\"data:image\/svg+xml,%3Csvg%20xmlns%3D%27http%3A%2F%2Fwww.w3.org%2F2000%2Fsvg%27%20width%3D%27564%27%20height%3D%27162%27%20viewBox%3D%270%200%20564%20162%27%3E%3Crect%20width%3D%27564%27%20height%3D%27162%27%20fill-opacity%3D%220%22%2F%3E%3C%2Fsvg%3E\" data-orig-src=\"https:\/\/www.michaud-export.com\/group\/wp-content\/uploads\/2020\/03\/michaud-histoire.jpg\" data-srcset=\"https:\/\/www.michaud-export.com\/group\/wp-content\/uploads\/2020\/03\/michaud-histoire-500x144.jpg 500w, https:\/\/www.michaud-export.com\/group\/wp-content\/uploads\/2020\/03\/michaud-histoire.jpg 564w\" data-sizes=\"auto\" \/><\/div><\/div><\/div><div class=\"swiper-slide\"><div class=\"fusion-carousel-item-wrapper\"><div class=\"fusion-image-wrapper hover-type-zoomin\"><img decoding=\"async\" width=\"400\" height=\"160\" src=\"data:image\/svg+xml,%3Csvg%20xmlns%3D%27http%3A%2F%2Fwww.w3.org%2F2000%2Fsvg%27%20width%3D%27400%27%20height%3D%27160%27%20viewBox%3D%270%200%20400%20160%27%3E%3Crect%20width%3D%27400%27%20height%3D%27160%27%20fill-opacity%3D%220%22%2F%3E%3C%2Fsvg%3E\" class=\"attachment-full size-full lazyload\" alt=\"\" data-orig-src=\"https:\/\/www.michaud-export.com\/group\/wp-content\/uploads\/2020\/03\/MICHAUD-UPP-CMJN-e1585703928137.jpg\" \/><\/div><\/div><\/div><\/div><div class=\"awb-swiper-button awb-swiper-button-prev\"><i class=\"awb-icon-angle-left\" aria-hidden=\"true\"><\/i><\/div><div class=\"awb-swiper-button awb-swiper-button-next\"><i class=\"awb-icon-angle-right\" aria-hidden=\"true\"><\/i><\/div><\/div><\/div><div class=\"fusion-clearfix\"><\/div><\/div><\/div><div class=\"fusion-layout-column fusion_builder_column fusion-builder-column-3 fusion_builder_column_1_5 1_5 fusion-one-fifth fusion-column-last\" style=\"--awb-bg-size:cover;width:20%;width:calc(20% - ( ( 4% + 4% ) * 0.2 ) );\"><div class=\"fusion-column-wrapper fusion-column-has-shadow fusion-flex-column-wrapper-legacy\"><div class=\"fusion-clearfix\"><\/div><\/div><\/div><\/div><\/div><div class=\"fusion-fullwidth fullwidth-box fusion-builder-row-3 nonhundred-percent-fullwidth non-hundred-percent-height-scrolling\" style=\"--awb-border-radius-top-left:0px;--awb-border-radius-top-right:0px;--awb-border-radius-bottom-right:0px;--awb-border-radius-bottom-left:0px;--awb-flex-wrap:wrap;\" ><div class=\"fusion-builder-row fusion-row\"><div class=\"fusion-layout-column fusion_builder_column fusion-builder-column-4 fusion_builder_column_1_1 1_1 fusion-one-full fusion-column-first fusion-column-last\" style=\"--awb-bg-size:cover;\"><div class=\"fusion-column-wrapper fusion-column-has-shadow fusion-flex-column-wrapper-legacy\"><div class=\"fusion-text fusion-text-1\"><p>La historia de MICHAUD comenz\u00f3 en la d\u00e9cada de 1950, en el sureste de Francia. En ese momento, dos hermanos con bosques decidieron utilizar este patrimonio para hacer vigas para el edificio. La proximidad geogr\u00e1fica de la empresa al centro EDF (electrica francesa) en Bourg-en-Bresse ha creado una relaci\u00f3n estrecha y duradera entre las dos entidades.<\/p>\n<\/div><div class=\"fusion-clearfix\"><\/div><\/div><\/div><\/div><\/div><div class=\"fusion-fullwidth fullwidth-box fusion-builder-row-4 nonhundred-percent-fullwidth non-hundred-percent-height-scrolling\" style=\"--awb-border-radius-top-left:0px;--awb-border-radius-top-right:0px;--awb-border-radius-bottom-right:0px;--awb-border-radius-bottom-left:0px;--awb-flex-wrap:wrap;\" ><div class=\"fusion-builder-row fusion-row\"><div class=\"fusion-layout-column fusion_builder_column fusion-builder-column-5 fusion_builder_column_1_6 1_6 fusion-one-sixth fusion-column-first\" style=\"--awb-bg-size:cover;width:16.666666666667%;width:calc(16.666666666667% - ( ( 4% ) * 0.16666666666667 ) );margin-right: 4%;\"><div class=\"fusion-column-wrapper fusion-column-has-shadow fusion-flex-column-wrapper-legacy\"><div class=\"fusion-clearfix\"><\/div><\/div><\/div><div class=\"fusion-layout-column fusion_builder_column fusion-builder-column-6 fusion_builder_column_5_6 5_6 fusion-five-sixth fusion-column-last\" style=\"--awb-bg-size:cover;width:83.333333333333%;width:calc(83.333333333333% - ( ( 4% ) * 0.83333333333333 ) );\"><div class=\"fusion-column-wrapper fusion-column-has-shadow fusion-flex-column-wrapper-legacy\"><div class=\"fusion-content-boxes content-boxes columns row fusion-columns-1 fusion-columns-total-11 fusion-content-boxes-1 content-boxes-timeline-vertical content-left content-boxes-timeline-layout content-boxes-icon-with-title fusion-delayed-animation\" style=\"--awb-hover-accent-color:rgba(2,2,2,0.2);--awb-circle-hover-accent-color:rgba(2,2,2,0.2);--awb-item-margin-bottom:40px;\" data-animation-delay=\"350\" data-animationOffset=\"top-into-view\"><div style=\"--awb-backgroundcolor:rgba(255,255,255,0);--awb-iconcolor:#ff4c00;--awb-content-padding-left:72px;\" class=\"fusion-column content-box-column content-box-column content-box-column-1 col-lg-12 col-md-12 col-sm-12 fusion-content-box-hover content-box-column-last-in-row\"><div class=\"col content-box-wrapper content-wrapper link-area-link-icon icon-hover-animation-fade fusion-animated\" data-animationType=\"fadeIn\" data-animationDuration=\"0.25\" data-animationOffset=\"top-into-view\"><div class=\"heading heading-with-icon icon-left\" style=\"margin-top:17px;\"><div class=\"icon\" style=\"margin-top:-17px;margin-bottom:-17px;-webkit-animation-duration: 350ms;animation-duration: 350ms;\"><i style=\"border-color:rgba(0,0,0,0.23);border-width:1px;background-color:#f6f6f6;box-sizing:content-box;height:50px;width:50px;line-height:50px;border-radius:50%;font-size:25px;\" aria-hidden=\"true\" class=\"fontawesome-icon fa-home fas circle-yes\"><\/i><\/div><h2 class=\"content-box-heading fusion-responsive-typography-calculated\" style=\"--h2_typography-font-size:18px;--fontSize:18;line-height:1.28;\">1956: creaci\u00f3n de la empresa por Louis MICHAUD<\/h2><\/div><div class=\"content-box-shortcode-timeline-vertical\" style=\"border-color:rgba(0,0,0,0.23);left:40px;top:25px;-webkit-transition-duration: 350ms;animation-duration: 350ms;\"><\/div><\/div><\/div><div style=\"--awb-backgroundcolor:rgba(255,255,255,0);--awb-iconcolor:#ff4c00;--awb-content-padding-left:72px;\" class=\"fusion-column content-box-column content-box-column content-box-column-2 col-lg-12 col-md-12 col-sm-12 fusion-content-box-hover content-box-column-last-in-row\"><div class=\"col content-box-wrapper content-wrapper link-area-link-icon icon-hover-animation-fade fusion-animated\" data-animationType=\"fadeIn\" data-animationDuration=\"0.25\" data-animationOffset=\"top-into-view\"><div class=\"heading heading-with-icon icon-left\" style=\"margin-top:17px;\"><div class=\"icon\" style=\"margin-top:-17px;margin-bottom:-17px;-webkit-animation-duration: 350ms;animation-duration: 350ms;\"><i style=\"border-color:rgba(0,0,0,0.23);border-width:1px;background-color:#f6f6f6;box-sizing:content-box;height:50px;width:50px;line-height:50px;border-radius:50%;font-size:25px;\" aria-hidden=\"true\" class=\"fontawesome-icon fa-circle-notch fas circle-yes\"><\/i><\/div><h2 class=\"content-box-heading fusion-responsive-typography-calculated\" style=\"--h2_typography-font-size:18px;--fontSize:18;line-height:1.28;\">1976: Dise\u00f1o de equipos el\u00e9ctricos para tableros de contadores.<\/h2><\/div><div class=\"content-box-shortcode-timeline-vertical\" style=\"border-color:rgba(0,0,0,0.23);left:40px;top:25px;-webkit-transition-duration: 350ms;animation-duration: 350ms;\"><\/div><\/div><\/div><div style=\"--awb-backgroundcolor:rgba(255,255,255,0);--awb-iconcolor:#ff4c00;--awb-content-padding-left:72px;\" class=\"fusion-column content-box-column content-box-column content-box-column-3 col-lg-12 col-md-12 col-sm-12 fusion-content-box-hover content-box-column-last-in-row\"><div class=\"col content-box-wrapper content-wrapper link-area-link-icon icon-hover-animation-fade fusion-animated\" data-animationType=\"fadeIn\" data-animationDuration=\"0.25\" data-animationOffset=\"top-into-view\"><div class=\"heading heading-with-icon icon-left\" style=\"margin-top:17px;\"><div class=\"icon\" style=\"margin-top:-17px;margin-bottom:-17px;-webkit-animation-duration: 350ms;animation-duration: 350ms;\"><i style=\"border-color:rgba(0,0,0,0.23);border-width:1px;background-color:#f6f6f6;box-sizing:content-box;height:50px;width:50px;line-height:50px;border-radius:50%;font-size:25px;\" aria-hidden=\"true\" class=\"fontawesome-icon fa-circle-notch fas circle-yes\"><\/i><\/div><h2 class=\"content-box-heading fusion-responsive-typography-calculated\" style=\"--h2_typography-font-size:18px;--fontSize:18;line-height:1.28;\">1980: Desarrollo del primer manguito de uni\u00f3n engarzado MJPB y MJPT preaislado, capaz de soportar 6 kV en agua, por MICHAUD, con y para EDF<\/h2><\/div><div class=\"content-box-shortcode-timeline-vertical\" style=\"border-color:rgba(0,0,0,0.23);left:40px;top:25px;-webkit-transition-duration: 350ms;animation-duration: 350ms;\"><\/div><\/div><\/div><div style=\"--awb-backgroundcolor:rgba(255,255,255,0);--awb-iconcolor:#ff4c00;--awb-content-padding-left:72px;\" class=\"fusion-column content-box-column content-box-column content-box-column-4 col-lg-12 col-md-12 col-sm-12 fusion-content-box-hover content-box-column-last-in-row\"><div class=\"col content-box-wrapper content-wrapper link-area-link-icon icon-hover-animation-fade fusion-animated\" data-animationType=\"fadeIn\" data-animationDuration=\"0.25\" data-animationOffset=\"top-into-view\"><div class=\"heading heading-with-icon icon-left\" style=\"margin-top:17px;\"><div class=\"icon\" style=\"margin-top:-17px;margin-bottom:-17px;-webkit-animation-duration: 350ms;animation-duration: 350ms;\"><i style=\"border-color:rgba(0,0,0,0.23);border-width:1px;background-color:#f6f6f6;box-sizing:content-box;height:50px;width:50px;line-height:50px;border-radius:50%;font-size:25px;\" aria-hidden=\"true\" class=\"fontawesome-icon fa-circle-notch fas circle-yes\"><\/i><\/div><h2 class=\"content-box-heading fusion-responsive-typography-calculated\" style=\"--h2_typography-font-size:18px;--fontSize:18;line-height:1.28;\">1986: Desarrollo de los primeros conectores perforadores de aislamiento de baja tensi\u00f3n<\/h2><\/div><div class=\"content-box-shortcode-timeline-vertical\" style=\"border-color:rgba(0,0,0,0.23);left:40px;top:25px;-webkit-transition-duration: 350ms;animation-duration: 350ms;\"><\/div><\/div><\/div><div style=\"--awb-backgroundcolor:rgba(255,255,255,0);--awb-iconcolor:#ff4c00;--awb-content-padding-left:72px;\" class=\"fusion-column content-box-column content-box-column content-box-column-5 col-lg-12 col-md-12 col-sm-12 fusion-content-box-hover content-box-column-last-in-row\"><div class=\"col content-box-wrapper content-wrapper link-area-link-icon icon-hover-animation-fade fusion-animated\" data-animationType=\"fadeIn\" data-animationDuration=\"0.25\" data-animationOffset=\"top-into-view\"><div class=\"heading heading-with-icon icon-left\" style=\"margin-top:17px;\"><div class=\"icon\" style=\"margin-top:-17px;margin-bottom:-17px;-webkit-animation-duration: 350ms;animation-duration: 350ms;\"><i style=\"border-color:rgba(0,0,0,0.23);border-width:1px;background-color:#f6f6f6;box-sizing:content-box;height:50px;width:50px;line-height:50px;border-radius:50%;font-size:25px;\" aria-hidden=\"true\" class=\"fontawesome-icon fa-spinner fas circle-yes\"><\/i><\/div><h2 class=\"content-box-heading fusion-responsive-typography-calculated\" style=\"--h2_typography-font-size:18px;--fontSize:18;line-height:1.28;\">1996: Creaci\u00f3n de la subsidiaria MICHAUD EXPORT para la comercializaci\u00f3n internacional de productos MICHAUD<\/h2><\/div><div class=\"content-box-shortcode-timeline-vertical\" style=\"border-color:rgba(0,0,0,0.23);left:40px;top:25px;-webkit-transition-duration: 350ms;animation-duration: 350ms;\"><\/div><\/div><\/div><div style=\"--awb-backgroundcolor:rgba(255,255,255,0);--awb-iconcolor:#ff4c00;--awb-content-padding-left:72px;\" class=\"fusion-column content-box-column content-box-column content-box-column-6 col-lg-12 col-md-12 col-sm-12 fusion-content-box-hover content-box-column-last-in-row\"><div class=\"col content-box-wrapper content-wrapper link-area-link-icon icon-hover-animation-fade fusion-animated\" data-animationType=\"fadeIn\" data-animationDuration=\"0.25\" data-animationOffset=\"top-into-view\"><div class=\"heading heading-with-icon icon-left\" style=\"margin-top:17px;\"><div class=\"icon\" style=\"margin-top:-17px;margin-bottom:-17px;-webkit-animation-duration: 350ms;animation-duration: 350ms;\"><i style=\"border-color:rgba(0,0,0,0.23);border-width:1px;background-color:#f6f6f6;box-sizing:content-box;height:50px;width:50px;line-height:50px;border-radius:50%;font-size:25px;\" aria-hidden=\"true\" class=\"fontawesome-icon fa-spinner fas circle-yes\"><\/i><\/div><h2 class=\"content-box-heading fusion-responsive-typography-calculated\" style=\"--h2_typography-font-size:18px;--fontSize:18;line-height:1.28;\">1999: Construcci\u00f3n de la f\u00e1brica MICHAUD TUNISIA en T\u00fanez<\/h2><\/div><div class=\"content-box-shortcode-timeline-vertical\" style=\"border-color:rgba(0,0,0,0.23);left:40px;top:25px;-webkit-transition-duration: 350ms;animation-duration: 350ms;\"><\/div><\/div><\/div><div style=\"--awb-backgroundcolor:rgba(255,255,255,0);--awb-iconcolor:#ff4c00;--awb-content-padding-left:72px;\" class=\"fusion-column content-box-column content-box-column content-box-column-7 col-lg-12 col-md-12 col-sm-12 fusion-content-box-hover content-box-column-last-in-row\"><div class=\"col content-box-wrapper content-wrapper link-area-link-icon icon-hover-animation-fade fusion-animated\" data-animationType=\"fadeIn\" data-animationDuration=\"0.25\" data-animationOffset=\"top-into-view\"><div class=\"heading heading-with-icon icon-left\" style=\"margin-top:17px;\"><div class=\"icon\" style=\"margin-top:-17px;margin-bottom:-17px;-webkit-animation-duration: 350ms;animation-duration: 350ms;\"><i style=\"border-color:rgba(0,0,0,0.23);border-width:1px;background-color:#f6f6f6;box-sizing:content-box;height:50px;width:50px;line-height:50px;border-radius:50%;font-size:25px;\" aria-hidden=\"true\" class=\"fontawesome-icon fa-circle-notch fas circle-yes\"><\/i><\/div><h2 class=\"content-box-heading fusion-responsive-typography-calculated\" style=\"--h2_typography-font-size:18px;--fontSize:18;line-height:1.28;\">2006: Desarrollo en la distribuci\u00f3n el\u00e9ctrica residencial<\/h2><\/div><div class=\"content-box-shortcode-timeline-vertical\" style=\"border-color:rgba(0,0,0,0.23);left:40px;top:25px;-webkit-transition-duration: 350ms;animation-duration: 350ms;\"><\/div><\/div><\/div><div style=\"--awb-backgroundcolor:rgba(255,255,255,0);--awb-iconcolor:#ff4c00;--awb-content-padding-left:72px;\" class=\"fusion-column content-box-column content-box-column content-box-column-8 col-lg-12 col-md-12 col-sm-12 fusion-content-box-hover content-box-column-last-in-row\"><div class=\"col content-box-wrapper content-wrapper link-area-link-icon icon-hover-animation-fade fusion-animated\" data-animationType=\"fadeIn\" data-animationDuration=\"0.25\" data-animationOffset=\"top-into-view\"><div class=\"heading heading-with-icon icon-left\" style=\"margin-top:17px;\"><div class=\"icon\" style=\"margin-top:-17px;margin-bottom:-17px;-webkit-animation-duration: 350ms;animation-duration: 350ms;\"><i style=\"border-color:rgba(0,0,0,0.23);border-width:1px;background-color:#f6f6f6;box-sizing:content-box;height:50px;width:50px;line-height:50px;border-radius:50%;font-size:25px;\" aria-hidden=\"true\" class=\"fontawesome-icon fa-circle-notch fas circle-yes\"><\/i><\/div><h2 class=\"content-box-heading fusion-responsive-typography-calculated\" style=\"--h2_typography-font-size:18px;--fontSize:18;line-height:1.28;\">2008: Innovaci\u00f3n en la gesti\u00f3n energ\u00e9tica por MICHAUD EXPORT<\/h2><\/div><div class=\"content-box-shortcode-timeline-vertical\" style=\"border-color:rgba(0,0,0,0.23);left:40px;top:25px;-webkit-transition-duration: 350ms;animation-duration: 350ms;\"><\/div><\/div><\/div><div style=\"--awb-backgroundcolor:rgba(255,255,255,0);--awb-iconcolor:#ff4c00;--awb-content-padding-left:72px;\" class=\"fusion-column content-box-column content-box-column content-box-column-9 col-lg-12 col-md-12 col-sm-12 fusion-content-box-hover content-box-column-last-in-row\"><div class=\"col content-box-wrapper content-wrapper link-area-link-icon icon-hover-animation-fade fusion-animated\" data-animationType=\"fadeIn\" data-animationDuration=\"0.25\" data-animationOffset=\"top-into-view\"><div class=\"heading heading-with-icon icon-left\" style=\"margin-top:17px;\"><div class=\"icon\" style=\"margin-top:-17px;margin-bottom:-17px;-webkit-animation-duration: 350ms;animation-duration: 350ms;\"><i style=\"border-color:rgba(0,0,0,0.23);border-width:1px;background-color:#f6f6f6;box-sizing:content-box;height:50px;width:50px;line-height:50px;border-radius:50%;font-size:25px;\" aria-hidden=\"true\" class=\"fontawesome-icon fa-circle-notch fas circle-yes\"><\/i><\/div><h2 class=\"content-box-heading fusion-responsive-typography-calculated\" style=\"--h2_typography-font-size:18px;--fontSize:18;line-height:1.28;\">2011: Lanzamiento de las gamas de cajas CIBE y CGV<\/h2><\/div><div class=\"content-box-shortcode-timeline-vertical\" style=\"border-color:rgba(0,0,0,0.23);left:40px;top:25px;-webkit-transition-duration: 350ms;animation-duration: 350ms;\"><\/div><\/div><\/div><div style=\"--awb-backgroundcolor:rgba(255,255,255,0);--awb-iconcolor:#ff4c00;--awb-content-padding-left:72px;\" class=\"fusion-column content-box-column content-box-column content-box-column-10 col-lg-12 col-md-12 col-sm-12 fusion-content-box-hover content-box-column-last-in-row\"><div class=\"col content-box-wrapper content-wrapper link-area-link-icon icon-hover-animation-fade fusion-animated\" data-animationType=\"fadeIn\" data-animationDuration=\"0.25\" data-animationOffset=\"top-into-view\"><div class=\"heading heading-with-icon icon-left\" style=\"margin-top:17px;\"><div class=\"icon\" style=\"margin-top:-17px;margin-bottom:-17px;-webkit-animation-duration: 350ms;animation-duration: 350ms;\"><i style=\"border-color:rgba(0,0,0,0.23);border-width:1px;background-color:#f6f6f6;box-sizing:content-box;height:50px;width:50px;line-height:50px;border-radius:50%;font-size:25px;\" aria-hidden=\"true\" class=\"fontawesome-icon fa-circle-notch fas circle-yes\"><\/i><\/div><h2 class=\"content-box-heading fusion-responsive-typography-calculated\" style=\"--h2_typography-font-size:18px;--fontSize:18;line-height:1.28;\">2014: Dise\u00f1o de conectores unipolares para cajas subterr\u00e1neas<\/h2><\/div><div class=\"content-box-shortcode-timeline-vertical\" style=\"border-color:rgba(0,0,0,0.23);left:40px;top:25px;-webkit-transition-duration: 350ms;animation-duration: 350ms;\"><\/div><\/div><\/div><div style=\"--awb-backgroundcolor:rgba(255,255,255,0);--awb-iconcolor:#ff4c00;--awb-content-padding-left:72px;\" class=\"fusion-column content-box-column content-box-column content-box-column-11 col-lg-12 col-md-12 col-sm-12 fusion-content-box-hover content-box-column-last content-box-column-last-in-row\"><div class=\"col content-box-wrapper content-wrapper link-area-link-icon icon-hover-animation-fade fusion-animated\" data-animationType=\"fadeIn\" data-animationDuration=\"0.25\" data-animationOffset=\"top-into-view\"><div class=\"heading heading-with-icon icon-left\" style=\"margin-top:17px;\"><div class=\"icon\" style=\"margin-top:-17px;margin-bottom:-17px;-webkit-animation-duration: 350ms;animation-duration: 350ms;\"><i style=\"border-color:rgba(0,0,0,0.23);border-width:1px;background-color:#f6f6f6;box-sizing:content-box;height:50px;width:50px;line-height:50px;border-radius:50%;font-size:25px;\" aria-hidden=\"true\" class=\"fontawesome-icon fa-circle-notch fas circle-yes\"><\/i><\/div><h2 class=\"content-box-heading fusion-responsive-typography-calculated\" style=\"--h2_typography-font-size:18px;--fontSize:18;line-height:1.28;\">2016: Ampliaci\u00f3n de la oferta MICHAUD EXPORT con una gama de sistemas de puesta a tierra<\/h2><\/div><div class=\"content-box-shortcode-timeline-vertical\" style=\"border-color:rgba(0,0,0,0.23);left:40px;top:25px;-webkit-transition-duration: 350ms;animation-duration: 350ms;\"><\/div><\/div><\/div><div class=\"fusion-clearfix\"><\/div><\/div><div class=\"fusion-clearfix\"><\/div><\/div><\/div><div class=\"fusion-layout-column fusion_builder_column fusion-builder-column-7 fusion_builder_column_1_1 1_1 fusion-one-full fusion-column-first fusion-column-last\" style=\"--awb-bg-size:cover;\"><div class=\"fusion-column-wrapper fusion-column-has-shadow fusion-flex-column-wrapper-legacy\"><div class=\"fusion-text fusion-text-2\"><p>Hoy el grupo tiene 5 plantas de producci\u00f3n en Francia y 2 en el extranjero como una red de ventas completa en Europa, \u00c1frica, Am\u00e9rica del sur y central, Medio Oriente y Asia-Ocean\u00eda.<\/p>\n<p>Empresa a escala humana, <strong>MICHAUD<\/strong> sabe escuchar a sus clientes para adaptar, modificar o construir las soluciones del ma\u00f1ana.<\/p>\n<\/div><div class=\"fusion-clearfix\"><\/div><\/div><\/div><\/div><\/div><\/p>\n","protected":false},"excerpt":{"rendered":"","protected":false},"author":7,"featured_media":0,"parent":0,"menu_order":0,"comment_status":"closed","ping_status":"closed","template":"","meta":{"footnotes":""},"class_list":["post-3441","page","type-page","status-publish","hentry"],"aioseo_notices":[],"_links":{"self":[{"href":"https:\/\/www.michaud-export.com\/group\/es\/wp-json\/wp\/v2\/pages\/3441","targetHints":{"allow":["GET"]}}],"collection":[{"href":"https:\/\/www.michaud-export.com\/group\/es\/wp-json\/wp\/v2\/pages"}],"about":[{"href":"https:\/\/www.michaud-export.com\/group\/es\/wp-json\/wp\/v2\/types\/page"}],"author":[{"embeddable":true,"href":"https:\/\/www.michaud-export.com\/group\/es\/wp-json\/wp\/v2\/users\/7"}],"replies":[{"embeddable":true,"href":"https:\/\/www.michaud-export.com\/group\/es\/wp-json\/wp\/v2\/comments?post=3441"}],"version-history":[{"count":2,"href":"https:\/\/www.michaud-export.com\/group\/es\/wp-json\/wp\/v2\/pages\/3441\/revisions"}],"predecessor-version":[{"id":3792,"href":"https:\/\/www.michaud-export.com\/group\/es\/wp-json\/wp\/v2\/pages\/3441\/revisions\/3792"}],"wp:attachment":[{"href":"https:\/\/www.michaud-export.com\/group\/es\/wp-json\/wp\/v2\/media?parent=3441"}],"curies":[{"name":"wp","href":"https:\/\/api.w.org\/{rel}","templated":true}]}}